{"id":1138,"date":"2023-12-16T15:50:39","date_gmt":"2023-12-16T12:50:39","guid":{"rendered":"https:\/\/pintest.com.tr\/?page_id=1138"},"modified":"2023-12-16T15:52:38","modified_gmt":"2023-12-16T12:52:38","slug":"jenerator-elektriksel-periyodik-kontrolu","status":"publish","type":"page","link":"https:\/\/pintest.com.tr\/index.php\/jenerator-elektriksel-periyodik-kontrolu\/","title":{"rendered":"JENERAT\u00d6R ELEKTR\u0130KSEL PER\u0130YOD\u0130K KONTROL\u00dc"},"content":{"rendered":"<p>Jenerat\u00f6r elektriksel periyodik kontrol\u00fc, Pintest Uygunluk De\u011ferlendirme Kurulu\u015fu olarak taraf\u0131m\u0131zca yap\u0131lmaktad\u0131r.<\/p>\n<p>Jenerat\u00f6r elektriksel periyodik muayenesi, jenerat\u00f6r\u00fcn elektrik aksan\u0131ndaki donan\u0131mlar\u0131n g\u00f6zle kontrol edilmesi ve jenerat\u00f6r\u00fcn koruma topraklamas\u0131n\u0131n, topraklama s\u00fcreklili\u011finin \u00f6l\u00e7\u00fclmesini i\u00e7ermektedir. G\u00f6zle kontrolde uyar\u0131c\u0131 i\u015faretler, baralar\u0131n izolat\u00f6r ve ba\u011flant\u0131 u\u00e7lar\u0131, ak\u00fc ve kutup ba\u015flar\u0131, tek hat \u015femas\u0131, pano i\u00e7i etiketleme, eri\u015fim kilidi, izolasyon paspas\u0131, termal kamera ile pano s\u0131cakl\u0131\u011f\u0131, radyat\u00f6r su seviyesi ve antifrize, ekipman g\u00f6stergeleri, sicil kart\u0131, bak\u0131m onar\u0131m defteri, egzoz sistemi susturucusu, y\u00fcks\u00fcz ve olanak varsa y\u00fckl\u00fc \u00e7al\u0131\u015f\u0131rken genel durumu, devre kesicinin etiket ak\u0131m\u0131 ile uyumu, topraklama iletkeninin kontrolleri yap\u0131lmaktad\u0131r. Jenerat\u00f6r \u00e7al\u0131\u015f\u0131r durumda iken jenerat\u00f6r plakas\u0131nda yer alan \u00e7\u0131k\u0131\u015f gerilimi ve frekans\u0131n de\u011ferlerinin jenerat\u00f6r kumanda panelinde yer alan de\u011ferler ile kar\u015f\u0131la\u015ft\u0131r\u0131lmas\u0131 yap\u0131lmaktad\u0131r. Ayr\u0131ca jenerat\u00f6r\u00fcn topraklama s\u00fcreklili\u011fi ve koruma topraklamas\u0131 \u00f6l\u00e7\u00fclmektedir. Jenerat\u00f6r elektriksel periyodik kontrol\u00fc Enerji ve Tabii Kaynaklar Bakanl\u0131\u011f\u0131n\u0131n yay\u0131nlam\u0131\u015f oldu\u011fu \u201cElektrik \u0130\u00e7 Tesisleri Y\u00f6netmeli\u011fi\u201d, \u201cElektrik Tesislerinde Topraklamalar Y\u00f6netmeli\u011fi\u201d; \u00c7al\u0131\u015fma ve Sosyal G\u00fcvenlik Bakanl\u0131\u011f\u0131n\u0131n yay\u0131nlam\u0131\u015f oldu\u011fu \u201c\u0130\u015f Ekipmanlar\u0131n\u0131n Kullan\u0131m\u0131nda Sa\u011fl\u0131k ve G\u00fcvenlik \u015eartlar\u0131 Y\u00f6netmeli\u011fi\u201d ve ilgili standartlara uygun bir \u015fekilde ger\u00e7ekle\u015ftirilmektedir.<\/p>\n","protected":false},"excerpt":{"rendered":"<p>Jenerat\u00f6r elektriksel periyodik kontrol\u00fc, Pintest Uygunluk De\u011ferlendirme Kurulu\u015fu olarak taraf\u0131m\u0131zca yap\u0131lmaktad\u0131r. Jenerat\u00f6r elektriksel periyodik muayenesi, jenerat\u00f6r\u00fcn elektrik aksan\u0131ndaki donan\u0131mlar\u0131n g\u00f6zle kontrol edilmesi ve jenerat\u00f6r\u00fcn koruma topraklamas\u0131n\u0131n, topraklama s\u00fcreklili\u011finin \u00f6l\u00e7\u00fclmesini i\u00e7ermektedir. G\u00f6zle kontrolde uyar\u0131c\u0131 i\u015faretler, baralar\u0131n izolat\u00f6r ve ba\u011flant\u0131 u\u00e7lar\u0131, ak\u00fc ve kutup ba\u015flar\u0131, tek hat \u015femas\u0131, pano i\u00e7i etiketleme, eri\u015fim kilidi, izolasyon paspas\u0131, termal kamera [&hellip;]<\/p>\n","protected":false},"author":1,"featured_media":0,"parent":0,"menu_order":0,"comment_status":"closed","ping_status":"closed","template":"","meta":{"om_disable_all_campaigns":false,"_monsterinsights_skip_tracking":false,"_monsterinsights_sitenote_active":false,"_monsterinsights_sitenote_note":"","_monsterinsights_sitenote_category":0,"footnotes":""},"class_list":["post-1138","page","type-page","status-publish","hentry"],"aioseo_notices":[],"aioseo_head":"\n\t\t<!-- All in One SEO Pro 4.9.6.2 - aioseo.com -->\n\t<meta name=\"description\" content=\"Jenerat\u00f6r elektriksel periyodik kontrol\u00fc, Pintest Uygunluk De\u011ferlendirme Kurulu\u015fu olarak taraf\u0131m\u0131zca yap\u0131lmaktad\u0131r. Jenerat\u00f6r elektriksel periyodik muayenesi, jenerat\u00f6r\u00fcn elektrik aksan\u0131ndaki donan\u0131mlar\u0131n g\u00f6zle kontrol edilmesi ve jenerat\u00f6r\u00fcn koruma topraklamas\u0131n\u0131n, topraklama s\u00fcreklili\u011finin \u00f6l\u00e7\u00fclmesini i\u00e7ermektedir. G\u00f6zle kontrolde uyar\u0131c\u0131 i\u015faretler, baralar\u0131n izolat\u00f6r ve ba\u011flant\u0131 u\u00e7lar\u0131, ak\u00fc ve kutup ba\u015flar\u0131, tek hat \u015femas\u0131, pano i\u00e7i etiketleme, eri\u015fim kilidi, izolasyon paspas\u0131, termal kamera\" \/>\n\t<meta name=\"robots\" content=\"max-image-preview:large\" \/>\n\t<meta name=\"google-site-verification\" content=\"Q4QTclIfGhhdyEzlAb1wftEv3qRfz1KW5mq8eV4NCpQ\" \/>\n\t<link rel=\"canonical\" href=\"https:\/\/pintest.com.tr\/index.php\/jenerator-elektriksel-periyodik-kontrolu\/\" \/>\n\t<meta name=\"generator\" content=\"All in One SEO Pro (AIOSEO) 4.9.6.2\" \/>\n\t\t<meta property=\"og:locale\" content=\"tr_TR\" \/>\n\t\t<meta property=\"og:site_name\" content=\"Pintest M\u00fchendislik - Uygunluk De\u011ferlendirme Kurulu\u015fu\" \/>\n\t\t<meta property=\"og:type\" content=\"article\" \/>\n\t\t<meta property=\"og:title\" content=\"JENERAT\u00d6R ELEKTR\u0130KSEL PER\u0130YOD\u0130K KONTROL\u00dc - Pintest M\u00fchendislik\" \/>\n\t\t<meta property=\"og:description\" content=\"Jenerat\u00f6r elektriksel periyodik kontrol\u00fc, Pintest Uygunluk De\u011ferlendirme Kurulu\u015fu olarak taraf\u0131m\u0131zca yap\u0131lmaktad\u0131r. Jenerat\u00f6r elektriksel periyodik muayenesi, jenerat\u00f6r\u00fcn elektrik aksan\u0131ndaki donan\u0131mlar\u0131n g\u00f6zle kontrol edilmesi ve jenerat\u00f6r\u00fcn koruma topraklamas\u0131n\u0131n, topraklama s\u00fcreklili\u011finin \u00f6l\u00e7\u00fclmesini i\u00e7ermektedir. G\u00f6zle kontrolde uyar\u0131c\u0131 i\u015faretler, baralar\u0131n izolat\u00f6r ve ba\u011flant\u0131 u\u00e7lar\u0131, ak\u00fc ve kutup ba\u015flar\u0131, tek hat \u015femas\u0131, pano i\u00e7i etiketleme, eri\u015fim kilidi, izolasyon paspas\u0131, termal kamera\" \/>\n\t\t<meta property=\"og:url\" content=\"https:\/\/pintest.com.tr\/index.php\/jenerator-elektriksel-periyodik-kontrolu\/\" \/>\n\t\t<meta property=\"og:image\" content=\"https:\/\/pintest.com.tr\/wp-content\/uploads\/2023\/12\/cropped-Pintest-Favicon.webp\" \/>\n\t\t<meta property=\"og:image:secure_url\" content=\"https:\/\/pintest.com.tr\/wp-content\/uploads\/2023\/12\/cropped-Pintest-Favicon.webp\" \/>\n\t\t<meta property=\"og:image:width\" content=\"512\" \/>\n\t\t<meta property=\"og:image:height\" content=\"512\" \/>\n\t\t<meta property=\"article:published_time\" content=\"2023-12-16T12:50:39+00:00\" \/>\n\t\t<meta property=\"article:modified_time\" content=\"2023-12-16T12:52:38+00:00\" \/>\n\t\t<meta property=\"article:publisher\" content=\"https:\/\/www.facebook.com\/profile.php?id=61572533822690\" \/>\n\t\t<meta name=\"twitter:card\" content=\"summary_large_image\" \/>\n\t\t<meta name=\"twitter:title\" content=\"JENERAT\u00d6R ELEKTR\u0130KSEL PER\u0130YOD\u0130K KONTROL\u00dc - Pintest M\u00fchendislik\" \/>\n\t\t<meta name=\"twitter:description\" content=\"Jenerat\u00f6r elektriksel periyodik kontrol\u00fc, Pintest Uygunluk De\u011ferlendirme Kurulu\u015fu olarak taraf\u0131m\u0131zca yap\u0131lmaktad\u0131r. Jenerat\u00f6r elektriksel periyodik muayenesi, jenerat\u00f6r\u00fcn elektrik aksan\u0131ndaki donan\u0131mlar\u0131n g\u00f6zle kontrol edilmesi ve jenerat\u00f6r\u00fcn koruma topraklamas\u0131n\u0131n, topraklama s\u00fcreklili\u011finin \u00f6l\u00e7\u00fclmesini i\u00e7ermektedir. G\u00f6zle kontrolde uyar\u0131c\u0131 i\u015faretler, baralar\u0131n izolat\u00f6r ve ba\u011flant\u0131 u\u00e7lar\u0131, ak\u00fc ve kutup ba\u015flar\u0131, tek hat \u015femas\u0131, pano i\u00e7i etiketleme, eri\u015fim kilidi, izolasyon paspas\u0131, termal kamera\" \/>\n\t\t<meta name=\"twitter:image\" content=\"https:\/\/pintest.com.tr\/wp-content\/uploads\/2023\/12\/cropped-Pintest-Favicon.webp\" \/>\n\t\t<script type=\"application\/ld+json\" class=\"aioseo-schema\">\n\t\t\t{\"@context\":\"https:\\\/\\\/schema.org\",\"@graph\":[{\"@type\":\"BreadcrumbList\",\"@id\":\"https:\\\/\\\/pintest.com.tr\\\/index.php\\\/jenerator-elektriksel-periyodik-kontrolu\\\/#breadcrumblist\",\"itemListElement\":[{\"@type\":\"ListItem\",\"@id\":\"https:\\\/\\\/pintest.com.tr#listItem\",\"position\":2,\"name\":\"Ana sayfa\",\"item\":\"https:\\\/\\\/pintest.com.tr\",\"nextItem\":{\"@type\":\"ListItem\",\"@id\":\"https:\\\/\\\/pintest.com.tr\\\/index.php\\\/jenerator-elektriksel-periyodik-kontrolu\\\/#listItem\",\"name\":\"JENERAT\\u00d6R ELEKTR\\u0130KSEL PER\\u0130YOD\\u0130K KONTROL\\u00dc\"},\"previousItem\":{\"@type\":\"ListItem\",\"@id\":\"#listItem\",\"name\":\"Pintest\"}},{\"@type\":\"ListItem\",\"@id\":\"https:\\\/\\\/pintest.com.tr\\\/index.php\\\/jenerator-elektriksel-periyodik-kontrolu\\\/#listItem\",\"position\":3,\"name\":\"JENERAT\\u00d6R ELEKTR\\u0130KSEL PER\\u0130YOD\\u0130K KONTROL\\u00dc\",\"previousItem\":{\"@type\":\"ListItem\",\"@id\":\"https:\\\/\\\/pintest.com.tr#listItem\",\"name\":\"Ana sayfa\"}}]},{\"@type\":\"Organization\",\"@id\":\"https:\\\/\\\/pintest.com.tr\\\/#organization\",\"name\":\"Pintest M\\u00fchendislik P\\u0130NTEST M\\u00dcHEND\\u0130SL\\u0130K\",\"description\":\"Uygunluk De\\u011ferlendirme Kurulu\\u015fu Firmam\\u0131z, i\\u015f d\\u00fcnyas\\u0131na att\\u0131\\u011f\\u0131 ilk ad\\u0131mlarla i\\u015f sa\\u011fl\\u0131\\u011f\\u0131 ve g\\u00fcvenli\\u011fi alan\\u0131nda uzman kadrosuyla \\u00f6nemli bir yer edinmi\\u015ftir. \\u015eirketimiz faaliyette bulundu\\u011fu periyodik kontrol\\\/muayene, Akustik rapor, i\\u015f hijyeni ve \\u00e7evresel g\\u00fcr\\u00fclt\\u00fc \\u00f6l\\u00e7\\u00fcmleri sekt\\u00f6rde rol \\u00fcstlenmektedir. Pintest M\\u00fchendislik olarak, faaliyet g\\u00f6sterdi\\u011fimiz alanda deneyimli kadrolar\\u0131m\\u0131zla beraber kurdu\\u011fumuz g\\u00fcvenilir ili\\u015fkilerimiz \\u00e7er\\u00e7evesinde faaliyetlerimizi verimli bir \\u015fekilde y\\u00fcr\\u00fct\\u00fcyoruz. Tercih edilir olmam\\u0131zdaki en \\u00f6nemli etken donan\\u0131ml\\u0131 ve yetkin insan kayna\\u011f\\u0131m\\u0131zd\\u0131r. \\u0130nsan ya\\u015fam\\u0131n\\u0131n de\\u011ferini benimseyen ve bu do\\u011frultuda sekt\\u00f6rlerde gerekli kontrol ve analizleri ger\\u00e7ekle\\u015ftirerek sa\\u011fl\\u0131kl\\u0131 ve g\\u00fcvenilir \\u00e7al\\u0131\\u015fma ortam\\u0131 olu\\u015fturmay\\u0131 ama\\u00e7l\\u0131yoruz.\",\"url\":\"https:\\\/\\\/pintest.com.tr\\\/\",\"telephone\":\"+905057458845\",\"logo\":{\"@type\":\"ImageObject\",\"url\":\"https:\\\/\\\/pintest.com.tr\\\/wp-content\\\/uploads\\\/2023\\\/12\\\/Pintest-Logo-Ana.png\",\"@id\":\"https:\\\/\\\/pintest.com.tr\\\/index.php\\\/jenerator-elektriksel-periyodik-kontrolu\\\/#organizationLogo\",\"width\":150,\"height\":113},\"image\":{\"@id\":\"https:\\\/\\\/pintest.com.tr\\\/index.php\\\/jenerator-elektriksel-periyodik-kontrolu\\\/#organizationLogo\"},\"sameAs\":[\"https:\\\/\\\/www.facebook.com\\\/profile.php?id=61572533822690\",\"https:\\\/\\\/www.instagram.com\\\/pintest.uygunluk.degerlendirme\\\/\",\"https:\\\/\\\/www.linkedin.com\\\/company\\\/101180367\\\/admin\\\/dashboard\\\/\"]},{\"@type\":\"WebPage\",\"@id\":\"https:\\\/\\\/pintest.com.tr\\\/index.php\\\/jenerator-elektriksel-periyodik-kontrolu\\\/#webpage\",\"url\":\"https:\\\/\\\/pintest.com.tr\\\/index.php\\\/jenerator-elektriksel-periyodik-kontrolu\\\/\",\"name\":\"JENERAT\\u00d6R ELEKTR\\u0130KSEL PER\\u0130YOD\\u0130K KONTROL\\u00dc - Pintest M\\u00fchendislik\",\"description\":\"Jenerat\\u00f6r elektriksel periyodik kontrol\\u00fc, Pintest Uygunluk De\\u011ferlendirme Kurulu\\u015fu olarak taraf\\u0131m\\u0131zca yap\\u0131lmaktad\\u0131r. Jenerat\\u00f6r elektriksel periyodik muayenesi, jenerat\\u00f6r\\u00fcn elektrik aksan\\u0131ndaki donan\\u0131mlar\\u0131n g\\u00f6zle kontrol edilmesi ve jenerat\\u00f6r\\u00fcn koruma topraklamas\\u0131n\\u0131n, topraklama s\\u00fcreklili\\u011finin \\u00f6l\\u00e7\\u00fclmesini i\\u00e7ermektedir. G\\u00f6zle kontrolde uyar\\u0131c\\u0131 i\\u015faretler, baralar\\u0131n izolat\\u00f6r ve ba\\u011flant\\u0131 u\\u00e7lar\\u0131, ak\\u00fc ve kutup ba\\u015flar\\u0131, tek hat \\u015femas\\u0131, pano i\\u00e7i etiketleme, eri\\u015fim kilidi, izolasyon paspas\\u0131, termal kamera\",\"inLanguage\":\"tr-TR\",\"isPartOf\":{\"@id\":\"https:\\\/\\\/pintest.com.tr\\\/#website\"},\"breadcrumb\":{\"@id\":\"https:\\\/\\\/pintest.com.tr\\\/index.php\\\/jenerator-elektriksel-periyodik-kontrolu\\\/#breadcrumblist\"},\"datePublished\":\"2023-12-16T15:50:39+03:00\",\"dateModified\":\"2023-12-16T15:52:38+03:00\"},{\"@type\":\"WebSite\",\"@id\":\"https:\\\/\\\/pintest.com.tr\\\/#website\",\"url\":\"https:\\\/\\\/pintest.com.tr\\\/\",\"name\":\"Pintest M\\u00fchendislik\",\"description\":\"Uygunluk De\\u011ferlendirme Kurulu\\u015fu\",\"inLanguage\":\"tr-TR\",\"publisher\":{\"@id\":\"https:\\\/\\\/pintest.com.tr\\\/#organization\"}}]}\n\t\t<\/script>\n\t\t<!-- All in One SEO Pro -->\r\n\t\t<title>JENERAT\u00d6R ELEKTR\u0130KSEL PER\u0130YOD\u0130K KONTROL\u00dc - Pintest M\u00fchendislik<\/title>\n\n","aioseo_head_json":{"title":"JENERAT\u00d6R ELEKTR\u0130KSEL PER\u0130YOD\u0130K KONTROL\u00dc - Pintest M\u00fchendislik","description":"Jenerat\u00f6r elektriksel periyodik kontrol\u00fc, Pintest Uygunluk De\u011ferlendirme Kurulu\u015fu olarak taraf\u0131m\u0131zca yap\u0131lmaktad\u0131r. Jenerat\u00f6r elektriksel periyodik muayenesi, jenerat\u00f6r\u00fcn elektrik aksan\u0131ndaki donan\u0131mlar\u0131n g\u00f6zle kontrol edilmesi ve jenerat\u00f6r\u00fcn koruma topraklamas\u0131n\u0131n, topraklama s\u00fcreklili\u011finin \u00f6l\u00e7\u00fclmesini i\u00e7ermektedir. G\u00f6zle kontrolde uyar\u0131c\u0131 i\u015faretler, baralar\u0131n izolat\u00f6r ve ba\u011flant\u0131 u\u00e7lar\u0131, ak\u00fc ve kutup ba\u015flar\u0131, tek hat \u015femas\u0131, pano i\u00e7i etiketleme, eri\u015fim kilidi, izolasyon paspas\u0131, termal kamera","canonical_url":"https:\/\/pintest.com.tr\/index.php\/jenerator-elektriksel-periyodik-kontrolu\/","robots":"max-image-preview:large","keywords":"","webmasterTools":{"google-site-verification":"Q4QTclIfGhhdyEzlAb1wftEv3qRfz1KW5mq8eV4NCpQ","miscellaneous":""},"schema":{"@context":"https:\/\/schema.org","@graph":[{"@type":"BreadcrumbList","@id":"https:\/\/pintest.com.tr\/index.php\/jenerator-elektriksel-periyodik-kontrolu\/#breadcrumblist","itemListElement":[{"@type":"ListItem","@id":"https:\/\/pintest.com.tr#listItem","position":2,"name":"Ana sayfa","item":"https:\/\/pintest.com.tr","nextItem":{"@type":"ListItem","@id":"https:\/\/pintest.com.tr\/index.php\/jenerator-elektriksel-periyodik-kontrolu\/#listItem","name":"JENERAT\u00d6R ELEKTR\u0130KSEL PER\u0130YOD\u0130K KONTROL\u00dc"},"previousItem":{"@type":"ListItem","@id":"#listItem","name":"Pintest"}},{"@type":"ListItem","@id":"https:\/\/pintest.com.tr\/index.php\/jenerator-elektriksel-periyodik-kontrolu\/#listItem","position":3,"name":"JENERAT\u00d6R ELEKTR\u0130KSEL PER\u0130YOD\u0130K KONTROL\u00dc","previousItem":{"@type":"ListItem","@id":"https:\/\/pintest.com.tr#listItem","name":"Ana sayfa"}}]},{"@type":"Organization","@id":"https:\/\/pintest.com.tr\/#organization","name":"Pintest M\u00fchendislik P\u0130NTEST M\u00dcHEND\u0130SL\u0130K","description":"Uygunluk De\u011ferlendirme Kurulu\u015fu Firmam\u0131z, i\u015f d\u00fcnyas\u0131na att\u0131\u011f\u0131 ilk ad\u0131mlarla i\u015f sa\u011fl\u0131\u011f\u0131 ve g\u00fcvenli\u011fi alan\u0131nda uzman kadrosuyla \u00f6nemli bir yer edinmi\u015ftir. \u015eirketimiz faaliyette bulundu\u011fu periyodik kontrol\/muayene, Akustik rapor, i\u015f hijyeni ve \u00e7evresel g\u00fcr\u00fclt\u00fc \u00f6l\u00e7\u00fcmleri sekt\u00f6rde rol \u00fcstlenmektedir. Pintest M\u00fchendislik olarak, faaliyet g\u00f6sterdi\u011fimiz alanda deneyimli kadrolar\u0131m\u0131zla beraber kurdu\u011fumuz g\u00fcvenilir ili\u015fkilerimiz \u00e7er\u00e7evesinde faaliyetlerimizi verimli bir \u015fekilde y\u00fcr\u00fct\u00fcyoruz. Tercih edilir olmam\u0131zdaki en \u00f6nemli etken donan\u0131ml\u0131 ve yetkin insan kayna\u011f\u0131m\u0131zd\u0131r. \u0130nsan ya\u015fam\u0131n\u0131n de\u011ferini benimseyen ve bu do\u011frultuda sekt\u00f6rlerde gerekli kontrol ve analizleri ger\u00e7ekle\u015ftirerek sa\u011fl\u0131kl\u0131 ve g\u00fcvenilir \u00e7al\u0131\u015fma ortam\u0131 olu\u015fturmay\u0131 ama\u00e7l\u0131yoruz.","url":"https:\/\/pintest.com.tr\/","telephone":"+905057458845","logo":{"@type":"ImageObject","url":"https:\/\/pintest.com.tr\/wp-content\/uploads\/2023\/12\/Pintest-Logo-Ana.png","@id":"https:\/\/pintest.com.tr\/index.php\/jenerator-elektriksel-periyodik-kontrolu\/#organizationLogo","width":150,"height":113},"image":{"@id":"https:\/\/pintest.com.tr\/index.php\/jenerator-elektriksel-periyodik-kontrolu\/#organizationLogo"},"sameAs":["https:\/\/www.facebook.com\/profile.php?id=61572533822690","https:\/\/www.instagram.com\/pintest.uygunluk.degerlendirme\/","https:\/\/www.linkedin.com\/company\/101180367\/admin\/dashboard\/"]},{"@type":"WebPage","@id":"https:\/\/pintest.com.tr\/index.php\/jenerator-elektriksel-periyodik-kontrolu\/#webpage","url":"https:\/\/pintest.com.tr\/index.php\/jenerator-elektriksel-periyodik-kontrolu\/","name":"JENERAT\u00d6R ELEKTR\u0130KSEL PER\u0130YOD\u0130K KONTROL\u00dc - Pintest M\u00fchendislik","description":"Jenerat\u00f6r elektriksel periyodik kontrol\u00fc, Pintest Uygunluk De\u011ferlendirme Kurulu\u015fu olarak taraf\u0131m\u0131zca yap\u0131lmaktad\u0131r. Jenerat\u00f6r elektriksel periyodik muayenesi, jenerat\u00f6r\u00fcn elektrik aksan\u0131ndaki donan\u0131mlar\u0131n g\u00f6zle kontrol edilmesi ve jenerat\u00f6r\u00fcn koruma topraklamas\u0131n\u0131n, topraklama s\u00fcreklili\u011finin \u00f6l\u00e7\u00fclmesini i\u00e7ermektedir. G\u00f6zle kontrolde uyar\u0131c\u0131 i\u015faretler, baralar\u0131n izolat\u00f6r ve ba\u011flant\u0131 u\u00e7lar\u0131, ak\u00fc ve kutup ba\u015flar\u0131, tek hat \u015femas\u0131, pano i\u00e7i etiketleme, eri\u015fim kilidi, izolasyon paspas\u0131, termal kamera","inLanguage":"tr-TR","isPartOf":{"@id":"https:\/\/pintest.com.tr\/#website"},"breadcrumb":{"@id":"https:\/\/pintest.com.tr\/index.php\/jenerator-elektriksel-periyodik-kontrolu\/#breadcrumblist"},"datePublished":"2023-12-16T15:50:39+03:00","dateModified":"2023-12-16T15:52:38+03:00"},{"@type":"WebSite","@id":"https:\/\/pintest.com.tr\/#website","url":"https:\/\/pintest.com.tr\/","name":"Pintest M\u00fchendislik","description":"Uygunluk De\u011ferlendirme Kurulu\u015fu","inLanguage":"tr-TR","publisher":{"@id":"https:\/\/pintest.com.tr\/#organization"}}]},"og:locale":"tr_TR","og:site_name":"Pintest M\u00fchendislik - Uygunluk De\u011ferlendirme Kurulu\u015fu","og:type":"article","og:title":"JENERAT\u00d6R ELEKTR\u0130KSEL PER\u0130YOD\u0130K KONTROL\u00dc - Pintest M\u00fchendislik","og:description":"Jenerat\u00f6r elektriksel periyodik kontrol\u00fc, Pintest Uygunluk De\u011ferlendirme Kurulu\u015fu olarak taraf\u0131m\u0131zca yap\u0131lmaktad\u0131r. Jenerat\u00f6r elektriksel periyodik muayenesi, jenerat\u00f6r\u00fcn elektrik aksan\u0131ndaki donan\u0131mlar\u0131n g\u00f6zle kontrol edilmesi ve jenerat\u00f6r\u00fcn koruma topraklamas\u0131n\u0131n, topraklama s\u00fcreklili\u011finin \u00f6l\u00e7\u00fclmesini i\u00e7ermektedir. G\u00f6zle kontrolde uyar\u0131c\u0131 i\u015faretler, baralar\u0131n izolat\u00f6r ve ba\u011flant\u0131 u\u00e7lar\u0131, ak\u00fc ve kutup ba\u015flar\u0131, tek hat \u015femas\u0131, pano i\u00e7i etiketleme, eri\u015fim kilidi, izolasyon paspas\u0131, termal kamera","og:url":"https:\/\/pintest.com.tr\/index.php\/jenerator-elektriksel-periyodik-kontrolu\/","og:image":"https:\/\/pintest.com.tr\/wp-content\/uploads\/2023\/12\/cropped-Pintest-Favicon.webp","og:image:secure_url":"https:\/\/pintest.com.tr\/wp-content\/uploads\/2023\/12\/cropped-Pintest-Favicon.webp","og:image:width":512,"og:image:height":512,"article:published_time":"2023-12-16T12:50:39+00:00","article:modified_time":"2023-12-16T12:52:38+00:00","article:publisher":"https:\/\/www.facebook.com\/profile.php?id=61572533822690","twitter:card":"summary_large_image","twitter:title":"JENERAT\u00d6R ELEKTR\u0130KSEL PER\u0130YOD\u0130K KONTROL\u00dc - Pintest M\u00fchendislik","twitter:description":"Jenerat\u00f6r elektriksel periyodik kontrol\u00fc, Pintest Uygunluk De\u011ferlendirme Kurulu\u015fu olarak taraf\u0131m\u0131zca yap\u0131lmaktad\u0131r. Jenerat\u00f6r elektriksel periyodik muayenesi, jenerat\u00f6r\u00fcn elektrik aksan\u0131ndaki donan\u0131mlar\u0131n g\u00f6zle kontrol edilmesi ve jenerat\u00f6r\u00fcn koruma topraklamas\u0131n\u0131n, topraklama s\u00fcreklili\u011finin \u00f6l\u00e7\u00fclmesini i\u00e7ermektedir. G\u00f6zle kontrolde uyar\u0131c\u0131 i\u015faretler, baralar\u0131n izolat\u00f6r ve ba\u011flant\u0131 u\u00e7lar\u0131, ak\u00fc ve kutup ba\u015flar\u0131, tek hat \u015femas\u0131, pano i\u00e7i etiketleme, eri\u015fim kilidi, izolasyon paspas\u0131, termal kamera","twitter:image":"https:\/\/pintest.com.tr\/wp-content\/uploads\/2023\/12\/cropped-Pintest-Favicon.webp"},"aioseo_meta_data":{"post_id":"1138","title":null,"description":null,"keywords":null,"keyphrases":null,"primary_term":null,"canonical_url":null,"og_title":null,"og_description":null,"og_object_type":"default","og_image_type":"default","og_image_url":null,"og_image_width":null,"og_image_height":null,"og_image_custom_url":null,"og_image_custom_fields":null,"og_video":null,"og_custom_url":null,"og_article_section":null,"og_article_tags":null,"twitter_use_og":false,"twitter_card":"default","twitter_image_type":"default","twitter_image_url":null,"twitter_image_custom_url":null,"twitter_image_custom_fields":null,"twitter_title":null,"twitter_description":null,"schema":{"blockGraphs":[],"customGraphs":[],"default":{"data":{"Article":[],"Course":[],"Dataset":[],"FAQPage":[],"Movie":[],"Person":[],"Product":[],"ProductReview":[],"Car":[],"Recipe":[],"Service":[],"SoftwareApplication":[],"WebPage":[]},"graphName":"","isEnabled":true},"graphs":[]},"schema_type":"default","schema_type_options":null,"pillar_content":false,"robots_default":true,"robots_noindex":false,"robots_noarchive":false,"robots_nosnippet":false,"robots_nofollow":false,"robots_noimageindex":false,"robots_noodp":false,"robots_notranslate":false,"robots_max_snippet":null,"robots_max_videopreview":null,"robots_max_imagepreview":"large","priority":null,"frequency":null,"local_seo":null,"seo_analyzer_scan_date":"2026-02-27 07:52:26","breadcrumb_settings":null,"limit_modified_date":false,"reviewed_by":null,"open_ai":null,"ai":null,"created":"2025-04-15 07:10:33","updated":"2026-02-27 09:15:52"},"aioseo_breadcrumb":"<div class=\"aioseo-breadcrumbs\"><span class=\"aioseo-breadcrumb\">\n\tPintest\n<\/span><span class=\"aioseo-breadcrumb-separator\">\u2192<\/span><span class=\"aioseo-breadcrumb\">\n\t<a href=\"https:\/\/pintest.com.tr\" title=\"Ana sayfa\">Ana sayfa<\/a>\n<\/span><span class=\"aioseo-breadcrumb-separator\">\u2192<\/span><span class=\"aioseo-breadcrumb\">\n\tJENERAT\u00d6R ELEKTR\u0130KSEL PER\u0130YOD\u0130K KONTROL\u00dc\n<\/span><\/div>","aioseo_breadcrumb_json":[{"label":"Pintest","link":""},{"label":"Ana sayfa","link":"https:\/\/pintest.com.tr"},{"label":"JENERAT\u00d6R ELEKTR\u0130KSEL PER\u0130YOD\u0130K KONTROL\u00dc","link":"https:\/\/pintest.com.tr\/index.php\/jenerator-elektriksel-periyodik-kontrolu\/"}],"_links":{"self":[{"href":"https:\/\/pintest.com.tr\/index.php\/wp-json\/wp\/v2\/pages\/1138","targetHints":{"allow":["GET"]}}],"collection":[{"href":"https:\/\/pintest.com.tr\/index.php\/wp-json\/wp\/v2\/pages"}],"about":[{"href":"https:\/\/pintest.com.tr\/index.php\/wp-json\/wp\/v2\/types\/page"}],"author":[{"embeddable":true,"href":"https:\/\/pintest.com.tr\/index.php\/wp-json\/wp\/v2\/users\/1"}],"replies":[{"embeddable":true,"href":"https:\/\/pintest.com.tr\/index.php\/wp-json\/wp\/v2\/comments?post=1138"}],"version-history":[{"count":1,"href":"https:\/\/pintest.com.tr\/index.php\/wp-json\/wp\/v2\/pages\/1138\/revisions"}],"predecessor-version":[{"id":1139,"href":"https:\/\/pintest.com.tr\/index.php\/wp-json\/wp\/v2\/pages\/1138\/revisions\/1139"}],"wp:attachment":[{"href":"https:\/\/pintest.com.tr\/index.php\/wp-json\/wp\/v2\/media?parent=1138"}],"curies":[{"name":"wp","href":"https:\/\/api.w.org\/{rel}","templated":true}]}}