{"id":1141,"date":"2023-12-16T15:53:11","date_gmt":"2023-12-16T12:53:11","guid":{"rendered":"https:\/\/pintest.com.tr\/?page_id=1141"},"modified":"2023-12-16T15:53:11","modified_gmt":"2023-12-16T12:53:11","slug":"yildirimdan-korunma-sistemlerinin-periyodik-kontrolu","status":"publish","type":"page","link":"https:\/\/pintest.com.tr\/index.php\/yildirimdan-korunma-sistemlerinin-periyodik-kontrolu\/","title":{"rendered":"YILDIRIMDAN KORUNMA S\u0130STEMLER\u0130N\u0130N PER\u0130YOD\u0130K KONTROL\u00dc"},"content":{"rendered":"<p>Y\u0131ld\u0131r\u0131mdan korunma sistemlerinin periyodik kontrol\u00fc, Pintest Uygunluk De\u011ferlendirme Kurulu\u015fu olarak taraf\u0131m\u0131zca yap\u0131lmaktad\u0131r.<\/p>\n<p>Y\u0131ld\u0131r\u0131mdan korunma sistemleri, y\u0131ld\u0131r\u0131mdan olu\u015fan y\u00fcksek gerilim ve ak\u0131m\u0131n tesise zarar vermesini \u00f6nlemek amac\u0131yla kullan\u0131lan sistemlerdir. Bu koruma mekaniksel ve elektrikseldir. Mekaniksel koruma Aktif paratoner, Franklin \u00e7ubu\u011fu, Faraday Kafesi y\u00f6ntemleriyle sa\u011flanmaktad\u0131r. Aktif paratoner i\u00e7erisinde bulundurdu\u011fu kristal yap\u0131 sayesinde y\u0131ld\u0131r\u0131m\u0131 kendine \u00e7ekip toprakta s\u00f6n\u00fcmlendirmeye \u00e7al\u0131\u015fan bir y\u00f6ntemdir. En s\u0131k rastlan\u0131lan y\u00f6ntem budur. Franklin \u00e7ubu\u011fu veya yakalama ucu basit bir metal ucun tesisin en y\u00fcksek noktas\u0131na yerle\u015ftirilerek dar a\u00e7\u0131l\u0131 bir koruma olana\u011f\u0131 sa\u011flamaktad\u0131r. Bu y\u00f6ntem kule tarz\u0131 yap\u0131larda etkili olsa da di\u011ferlerine g\u00f6re ilkel bir y\u00f6ntem olarak kar\u015f\u0131m\u0131za \u00e7\u0131kmaktad\u0131r. Faraday Kafesi tesisin en \u00fcst noktas\u0131n\u0131n belli aral\u0131klarla birden \u00e7ok iletken \u00e7ubuk ile korunmas\u0131n\u0131 sa\u011flamaktad\u0131r. En modern sistem budur. \u00c7\u00fcnk\u00fc y\u0131ld\u0131r\u0131m etkileri birden fazla ini\u015f iletkeniyle ger\u00e7ekle\u015fmektedir. Elektromanyetik alan\u0131 \u00f6nemli \u00f6l\u00e7\u00fcde azaltmaktad\u0131r. Elektriksel koruma T1 tipi parafudr ile sa\u011flanmaktad\u0131r. Topraklama hatt\u0131m\u0131zdan tesisimizin elektrik hatt\u0131na y\u0131ld\u0131r\u0131m darbesinden dolay\u0131 olu\u015fan enerji gelebilir. T1 tipi parafudr bu enerjiyi s\u00f6n\u00fcmlendirmektedir. Y\u0131ld\u0131r\u0131mdan korunma sistemlerinin periyodik muayenesi, genel kontrolleri ve topraklama direncinin \u00f6l\u00e7\u00fclmesini i\u00e7ermektedir. Genel kontrollerde ini\u015f iletkeninin koruma borusundan sonra zemin \u00fczerinde olmamas\u0131 i\u00e7in gereken tertibat\u0131n sa\u011flanmas\u0131n\u0131n, izolasyon k\u0131l\u0131f\u0131n\u0131n, y\u00fckseklik ve konumunun, keskin d\u00f6n\u00fc\u015fler yap\u0131lmadan tesis edilmesinin; muayene klemensinin konumunun, korumaya al\u0131nmas\u0131n\u0131n, koruma borusu aras\u0131ndaki mesafesinin; \u00e7at\u0131 dire\u011fi montaj\u0131n\u0131n ve boyunun kontrolleri yap\u0131lmaktad\u0131r. Ayr\u0131ca sistemin topraklamas\u0131 \u00f6l\u00e7\u00fclmektedir. Y\u0131ld\u0131r\u0131mdan korunma sisteminin topraklama de\u011feri 10 \u2126\u2019un \u00fczerinde olmamal\u0131d\u0131r. Y\u00f6netmeli\u011fe g\u00f6re y\u0131ld\u0131r\u0131mdan korunma sistemi olan bir tesiste parafudr kullan\u0131lmas\u0131 zorunludur. Y\u0131ld\u0131r\u0131mdan korunma sistemlerinin periyodik kontrol\u00fc Enerji ve Tabii Kaynaklar Bakanl\u0131\u011f\u0131n\u0131n yay\u0131nlam\u0131\u015f oldu\u011fu \u201cElektrik \u0130\u00e7 Tesisleri Y\u00f6netmeli\u011fi\u201d, \u201cElektrik Tesislerinde Topraklamalar Y\u00f6netmeli\u011fi\u201d; \u00c7al\u0131\u015fma ve Sosyal G\u00fcvenlik Bakanl\u0131\u011f\u0131n\u0131n yay\u0131nlam\u0131\u015f oldu\u011fu \u201c\u0130\u015f Ekipmanlar\u0131n\u0131n Kullan\u0131m\u0131nda Sa\u011fl\u0131k ve G\u00fcvenlik \u015eartlar\u0131 Y\u00f6netmeli\u011fi\u201d ve ilgili standartlara uygun bir \u015fekilde ger\u00e7ekle\u015ftirilmektedir.<\/p>\n","protected":false},"excerpt":{"rendered":"<p>Y\u0131ld\u0131r\u0131mdan korunma sistemlerinin periyodik kontrol\u00fc, Pintest Uygunluk De\u011ferlendirme Kurulu\u015fu olarak taraf\u0131m\u0131zca yap\u0131lmaktad\u0131r. Y\u0131ld\u0131r\u0131mdan korunma sistemleri, y\u0131ld\u0131r\u0131mdan olu\u015fan y\u00fcksek gerilim ve ak\u0131m\u0131n tesise zarar vermesini \u00f6nlemek amac\u0131yla kullan\u0131lan sistemlerdir. Bu koruma mekaniksel ve elektrikseldir. Mekaniksel koruma Aktif paratoner, Franklin \u00e7ubu\u011fu, Faraday Kafesi y\u00f6ntemleriyle sa\u011flanmaktad\u0131r. Aktif paratoner i\u00e7erisinde bulundurdu\u011fu kristal yap\u0131 sayesinde y\u0131ld\u0131r\u0131m\u0131 kendine \u00e7ekip toprakta s\u00f6n\u00fcmlendirmeye [&hellip;]<\/p>\n","protected":false},"author":1,"featured_media":0,"parent":0,"menu_order":0,"comment_status":"closed","ping_status":"closed","template":"","meta":{"om_disable_all_campaigns":false,"_monsterinsights_skip_tracking":false,"_monsterinsights_sitenote_active":false,"_monsterinsights_sitenote_note":"","_monsterinsights_sitenote_category":0,"footnotes":""},"class_list":["post-1141","page","type-page","status-publish","hentry"],"aioseo_notices":[],"aioseo_head":"\n\t\t<!-- All in One SEO Pro 4.9.6.2 - aioseo.com -->\n\t<meta name=\"description\" content=\"Y\u0131ld\u0131r\u0131mdan korunma sistemlerinin periyodik kontrol\u00fc, Pintest Uygunluk De\u011ferlendirme Kurulu\u015fu olarak taraf\u0131m\u0131zca yap\u0131lmaktad\u0131r. Y\u0131ld\u0131r\u0131mdan korunma sistemleri, y\u0131ld\u0131r\u0131mdan olu\u015fan y\u00fcksek gerilim ve ak\u0131m\u0131n tesise zarar vermesini \u00f6nlemek amac\u0131yla kullan\u0131lan sistemlerdir. Bu koruma mekaniksel ve elektrikseldir. Mekaniksel koruma Aktif paratoner, Franklin \u00e7ubu\u011fu, Faraday Kafesi y\u00f6ntemleriyle sa\u011flanmaktad\u0131r. Aktif paratoner i\u00e7erisinde bulundurdu\u011fu kristal yap\u0131 sayesinde y\u0131ld\u0131r\u0131m\u0131 kendine \u00e7ekip toprakta s\u00f6n\u00fcmlendirmeye\" \/>\n\t<meta name=\"robots\" content=\"max-image-preview:large\" \/>\n\t<meta name=\"google-site-verification\" content=\"Q4QTclIfGhhdyEzlAb1wftEv3qRfz1KW5mq8eV4NCpQ\" \/>\n\t<link rel=\"canonical\" href=\"https:\/\/pintest.com.tr\/index.php\/yildirimdan-korunma-sistemlerinin-periyodik-kontrolu\/\" \/>\n\t<meta name=\"generator\" content=\"All in One SEO Pro (AIOSEO) 4.9.6.2\" \/>\n\t\t<meta property=\"og:locale\" content=\"tr_TR\" \/>\n\t\t<meta property=\"og:site_name\" content=\"Pintest M\u00fchendislik - Uygunluk De\u011ferlendirme Kurulu\u015fu\" \/>\n\t\t<meta property=\"og:type\" content=\"article\" \/>\n\t\t<meta property=\"og:title\" content=\"YILDIRIMDAN KORUNMA S\u0130STEMLER\u0130N\u0130N PER\u0130YOD\u0130K KONTROL\u00dc - Pintest M\u00fchendislik\" \/>\n\t\t<meta property=\"og:description\" content=\"Y\u0131ld\u0131r\u0131mdan korunma sistemlerinin periyodik kontrol\u00fc, Pintest Uygunluk De\u011ferlendirme Kurulu\u015fu olarak taraf\u0131m\u0131zca yap\u0131lmaktad\u0131r. Y\u0131ld\u0131r\u0131mdan korunma sistemleri, y\u0131ld\u0131r\u0131mdan olu\u015fan y\u00fcksek gerilim ve ak\u0131m\u0131n tesise zarar vermesini \u00f6nlemek amac\u0131yla kullan\u0131lan sistemlerdir. Bu koruma mekaniksel ve elektrikseldir. Mekaniksel koruma Aktif paratoner, Franklin \u00e7ubu\u011fu, Faraday Kafesi y\u00f6ntemleriyle sa\u011flanmaktad\u0131r. Aktif paratoner i\u00e7erisinde bulundurdu\u011fu kristal yap\u0131 sayesinde y\u0131ld\u0131r\u0131m\u0131 kendine \u00e7ekip toprakta s\u00f6n\u00fcmlendirmeye\" \/>\n\t\t<meta property=\"og:url\" content=\"https:\/\/pintest.com.tr\/index.php\/yildirimdan-korunma-sistemlerinin-periyodik-kontrolu\/\" \/>\n\t\t<meta property=\"og:image\" content=\"https:\/\/pintest.com.tr\/wp-content\/uploads\/2023\/12\/cropped-Pintest-Favicon.webp\" \/>\n\t\t<meta property=\"og:image:secure_url\" content=\"https:\/\/pintest.com.tr\/wp-content\/uploads\/2023\/12\/cropped-Pintest-Favicon.webp\" \/>\n\t\t<meta property=\"og:image:width\" content=\"512\" \/>\n\t\t<meta property=\"og:image:height\" content=\"512\" \/>\n\t\t<meta property=\"article:published_time\" content=\"2023-12-16T12:53:11+00:00\" \/>\n\t\t<meta property=\"article:modified_time\" content=\"2023-12-16T12:53:11+00:00\" \/>\n\t\t<meta property=\"article:publisher\" content=\"https:\/\/www.facebook.com\/profile.php?id=61572533822690\" \/>\n\t\t<meta name=\"twitter:card\" content=\"summary_large_image\" \/>\n\t\t<meta name=\"twitter:title\" content=\"YILDIRIMDAN KORUNMA S\u0130STEMLER\u0130N\u0130N PER\u0130YOD\u0130K KONTROL\u00dc - Pintest M\u00fchendislik\" \/>\n\t\t<meta name=\"twitter:description\" content=\"Y\u0131ld\u0131r\u0131mdan korunma sistemlerinin periyodik kontrol\u00fc, Pintest Uygunluk De\u011ferlendirme Kurulu\u015fu olarak taraf\u0131m\u0131zca yap\u0131lmaktad\u0131r. Y\u0131ld\u0131r\u0131mdan korunma sistemleri, y\u0131ld\u0131r\u0131mdan olu\u015fan y\u00fcksek gerilim ve ak\u0131m\u0131n tesise zarar vermesini \u00f6nlemek amac\u0131yla kullan\u0131lan sistemlerdir. Bu koruma mekaniksel ve elektrikseldir. Mekaniksel koruma Aktif paratoner, Franklin \u00e7ubu\u011fu, Faraday Kafesi y\u00f6ntemleriyle sa\u011flanmaktad\u0131r. Aktif paratoner i\u00e7erisinde bulundurdu\u011fu kristal yap\u0131 sayesinde y\u0131ld\u0131r\u0131m\u0131 kendine \u00e7ekip toprakta s\u00f6n\u00fcmlendirmeye\" \/>\n\t\t<meta name=\"twitter:image\" content=\"https:\/\/pintest.com.tr\/wp-content\/uploads\/2023\/12\/cropped-Pintest-Favicon.webp\" \/>\n\t\t<script type=\"application\/ld+json\" class=\"aioseo-schema\">\n\t\t\t{\"@context\":\"https:\\\/\\\/schema.org\",\"@graph\":[{\"@type\":\"BreadcrumbList\",\"@id\":\"https:\\\/\\\/pintest.com.tr\\\/index.php\\\/yildirimdan-korunma-sistemlerinin-periyodik-kontrolu\\\/#breadcrumblist\",\"itemListElement\":[{\"@type\":\"ListItem\",\"@id\":\"https:\\\/\\\/pintest.com.tr#listItem\",\"position\":2,\"name\":\"Ana sayfa\",\"item\":\"https:\\\/\\\/pintest.com.tr\",\"nextItem\":{\"@type\":\"ListItem\",\"@id\":\"https:\\\/\\\/pintest.com.tr\\\/index.php\\\/yildirimdan-korunma-sistemlerinin-periyodik-kontrolu\\\/#listItem\",\"name\":\"YILDIRIMDAN KORUNMA S\\u0130STEMLER\\u0130N\\u0130N PER\\u0130YOD\\u0130K KONTROL\\u00dc\"},\"previousItem\":{\"@type\":\"ListItem\",\"@id\":\"#listItem\",\"name\":\"Pintest\"}},{\"@type\":\"ListItem\",\"@id\":\"https:\\\/\\\/pintest.com.tr\\\/index.php\\\/yildirimdan-korunma-sistemlerinin-periyodik-kontrolu\\\/#listItem\",\"position\":3,\"name\":\"YILDIRIMDAN KORUNMA S\\u0130STEMLER\\u0130N\\u0130N PER\\u0130YOD\\u0130K KONTROL\\u00dc\",\"previousItem\":{\"@type\":\"ListItem\",\"@id\":\"https:\\\/\\\/pintest.com.tr#listItem\",\"name\":\"Ana sayfa\"}}]},{\"@type\":\"Organization\",\"@id\":\"https:\\\/\\\/pintest.com.tr\\\/#organization\",\"name\":\"Pintest M\\u00fchendislik P\\u0130NTEST M\\u00dcHEND\\u0130SL\\u0130K\",\"description\":\"Uygunluk De\\u011ferlendirme Kurulu\\u015fu Firmam\\u0131z, i\\u015f d\\u00fcnyas\\u0131na att\\u0131\\u011f\\u0131 ilk ad\\u0131mlarla i\\u015f sa\\u011fl\\u0131\\u011f\\u0131 ve g\\u00fcvenli\\u011fi alan\\u0131nda uzman kadrosuyla \\u00f6nemli bir yer edinmi\\u015ftir. \\u015eirketimiz faaliyette bulundu\\u011fu periyodik kontrol\\\/muayene, Akustik rapor, i\\u015f hijyeni ve \\u00e7evresel g\\u00fcr\\u00fclt\\u00fc \\u00f6l\\u00e7\\u00fcmleri sekt\\u00f6rde rol \\u00fcstlenmektedir. Pintest M\\u00fchendislik olarak, faaliyet g\\u00f6sterdi\\u011fimiz alanda deneyimli kadrolar\\u0131m\\u0131zla beraber kurdu\\u011fumuz g\\u00fcvenilir ili\\u015fkilerimiz \\u00e7er\\u00e7evesinde faaliyetlerimizi verimli bir \\u015fekilde y\\u00fcr\\u00fct\\u00fcyoruz. Tercih edilir olmam\\u0131zdaki en \\u00f6nemli etken donan\\u0131ml\\u0131 ve yetkin insan kayna\\u011f\\u0131m\\u0131zd\\u0131r. \\u0130nsan ya\\u015fam\\u0131n\\u0131n de\\u011ferini benimseyen ve bu do\\u011frultuda sekt\\u00f6rlerde gerekli kontrol ve analizleri ger\\u00e7ekle\\u015ftirerek sa\\u011fl\\u0131kl\\u0131 ve g\\u00fcvenilir \\u00e7al\\u0131\\u015fma ortam\\u0131 olu\\u015fturmay\\u0131 ama\\u00e7l\\u0131yoruz.\",\"url\":\"https:\\\/\\\/pintest.com.tr\\\/\",\"telephone\":\"+905057458845\",\"logo\":{\"@type\":\"ImageObject\",\"url\":\"https:\\\/\\\/pintest.com.tr\\\/wp-content\\\/uploads\\\/2023\\\/12\\\/Pintest-Logo-Ana.png\",\"@id\":\"https:\\\/\\\/pintest.com.tr\\\/index.php\\\/yildirimdan-korunma-sistemlerinin-periyodik-kontrolu\\\/#organizationLogo\",\"width\":150,\"height\":113},\"image\":{\"@id\":\"https:\\\/\\\/pintest.com.tr\\\/index.php\\\/yildirimdan-korunma-sistemlerinin-periyodik-kontrolu\\\/#organizationLogo\"},\"sameAs\":[\"https:\\\/\\\/www.facebook.com\\\/profile.php?id=61572533822690\",\"https:\\\/\\\/www.instagram.com\\\/pintest.uygunluk.degerlendirme\\\/\",\"https:\\\/\\\/www.linkedin.com\\\/company\\\/101180367\\\/admin\\\/dashboard\\\/\"]},{\"@type\":\"WebPage\",\"@id\":\"https:\\\/\\\/pintest.com.tr\\\/index.php\\\/yildirimdan-korunma-sistemlerinin-periyodik-kontrolu\\\/#webpage\",\"url\":\"https:\\\/\\\/pintest.com.tr\\\/index.php\\\/yildirimdan-korunma-sistemlerinin-periyodik-kontrolu\\\/\",\"name\":\"YILDIRIMDAN KORUNMA S\\u0130STEMLER\\u0130N\\u0130N PER\\u0130YOD\\u0130K KONTROL\\u00dc - Pintest M\\u00fchendislik\",\"description\":\"Y\\u0131ld\\u0131r\\u0131mdan korunma sistemlerinin periyodik kontrol\\u00fc, Pintest Uygunluk De\\u011ferlendirme Kurulu\\u015fu olarak taraf\\u0131m\\u0131zca yap\\u0131lmaktad\\u0131r. Y\\u0131ld\\u0131r\\u0131mdan korunma sistemleri, y\\u0131ld\\u0131r\\u0131mdan olu\\u015fan y\\u00fcksek gerilim ve ak\\u0131m\\u0131n tesise zarar vermesini \\u00f6nlemek amac\\u0131yla kullan\\u0131lan sistemlerdir. Bu koruma mekaniksel ve elektrikseldir. Mekaniksel koruma Aktif paratoner, Franklin \\u00e7ubu\\u011fu, Faraday Kafesi y\\u00f6ntemleriyle sa\\u011flanmaktad\\u0131r. Aktif paratoner i\\u00e7erisinde bulundurdu\\u011fu kristal yap\\u0131 sayesinde y\\u0131ld\\u0131r\\u0131m\\u0131 kendine \\u00e7ekip toprakta s\\u00f6n\\u00fcmlendirmeye\",\"inLanguage\":\"tr-TR\",\"isPartOf\":{\"@id\":\"https:\\\/\\\/pintest.com.tr\\\/#website\"},\"breadcrumb\":{\"@id\":\"https:\\\/\\\/pintest.com.tr\\\/index.php\\\/yildirimdan-korunma-sistemlerinin-periyodik-kontrolu\\\/#breadcrumblist\"},\"datePublished\":\"2023-12-16T15:53:11+03:00\",\"dateModified\":\"2023-12-16T15:53:11+03:00\"},{\"@type\":\"WebSite\",\"@id\":\"https:\\\/\\\/pintest.com.tr\\\/#website\",\"url\":\"https:\\\/\\\/pintest.com.tr\\\/\",\"name\":\"Pintest M\\u00fchendislik\",\"description\":\"Uygunluk De\\u011ferlendirme Kurulu\\u015fu\",\"inLanguage\":\"tr-TR\",\"publisher\":{\"@id\":\"https:\\\/\\\/pintest.com.tr\\\/#organization\"}}]}\n\t\t<\/script>\n\t\t<!-- All in One SEO Pro -->\r\n\t\t<title>YILDIRIMDAN KORUNMA S\u0130STEMLER\u0130N\u0130N PER\u0130YOD\u0130K KONTROL\u00dc - Pintest M\u00fchendislik<\/title>\n\n","aioseo_head_json":{"title":"YILDIRIMDAN KORUNMA S\u0130STEMLER\u0130N\u0130N PER\u0130YOD\u0130K KONTROL\u00dc - Pintest M\u00fchendislik","description":"Y\u0131ld\u0131r\u0131mdan korunma sistemlerinin periyodik kontrol\u00fc, Pintest Uygunluk De\u011ferlendirme Kurulu\u015fu olarak taraf\u0131m\u0131zca yap\u0131lmaktad\u0131r. Y\u0131ld\u0131r\u0131mdan korunma sistemleri, y\u0131ld\u0131r\u0131mdan olu\u015fan y\u00fcksek gerilim ve ak\u0131m\u0131n tesise zarar vermesini \u00f6nlemek amac\u0131yla kullan\u0131lan sistemlerdir. Bu koruma mekaniksel ve elektrikseldir. Mekaniksel koruma Aktif paratoner, Franklin \u00e7ubu\u011fu, Faraday Kafesi y\u00f6ntemleriyle sa\u011flanmaktad\u0131r. Aktif paratoner i\u00e7erisinde bulundurdu\u011fu kristal yap\u0131 sayesinde y\u0131ld\u0131r\u0131m\u0131 kendine \u00e7ekip toprakta s\u00f6n\u00fcmlendirmeye","canonical_url":"https:\/\/pintest.com.tr\/index.php\/yildirimdan-korunma-sistemlerinin-periyodik-kontrolu\/","robots":"max-image-preview:large","keywords":"","webmasterTools":{"google-site-verification":"Q4QTclIfGhhdyEzlAb1wftEv3qRfz1KW5mq8eV4NCpQ","miscellaneous":""},"schema":{"@context":"https:\/\/schema.org","@graph":[{"@type":"BreadcrumbList","@id":"https:\/\/pintest.com.tr\/index.php\/yildirimdan-korunma-sistemlerinin-periyodik-kontrolu\/#breadcrumblist","itemListElement":[{"@type":"ListItem","@id":"https:\/\/pintest.com.tr#listItem","position":2,"name":"Ana sayfa","item":"https:\/\/pintest.com.tr","nextItem":{"@type":"ListItem","@id":"https:\/\/pintest.com.tr\/index.php\/yildirimdan-korunma-sistemlerinin-periyodik-kontrolu\/#listItem","name":"YILDIRIMDAN KORUNMA S\u0130STEMLER\u0130N\u0130N PER\u0130YOD\u0130K KONTROL\u00dc"},"previousItem":{"@type":"ListItem","@id":"#listItem","name":"Pintest"}},{"@type":"ListItem","@id":"https:\/\/pintest.com.tr\/index.php\/yildirimdan-korunma-sistemlerinin-periyodik-kontrolu\/#listItem","position":3,"name":"YILDIRIMDAN KORUNMA S\u0130STEMLER\u0130N\u0130N PER\u0130YOD\u0130K KONTROL\u00dc","previousItem":{"@type":"ListItem","@id":"https:\/\/pintest.com.tr#listItem","name":"Ana sayfa"}}]},{"@type":"Organization","@id":"https:\/\/pintest.com.tr\/#organization","name":"Pintest M\u00fchendislik P\u0130NTEST M\u00dcHEND\u0130SL\u0130K","description":"Uygunluk De\u011ferlendirme Kurulu\u015fu Firmam\u0131z, i\u015f d\u00fcnyas\u0131na att\u0131\u011f\u0131 ilk ad\u0131mlarla i\u015f sa\u011fl\u0131\u011f\u0131 ve g\u00fcvenli\u011fi alan\u0131nda uzman kadrosuyla \u00f6nemli bir yer edinmi\u015ftir. \u015eirketimiz faaliyette bulundu\u011fu periyodik kontrol\/muayene, Akustik rapor, i\u015f hijyeni ve \u00e7evresel g\u00fcr\u00fclt\u00fc \u00f6l\u00e7\u00fcmleri sekt\u00f6rde rol \u00fcstlenmektedir. Pintest M\u00fchendislik olarak, faaliyet g\u00f6sterdi\u011fimiz alanda deneyimli kadrolar\u0131m\u0131zla beraber kurdu\u011fumuz g\u00fcvenilir ili\u015fkilerimiz \u00e7er\u00e7evesinde faaliyetlerimizi verimli bir \u015fekilde y\u00fcr\u00fct\u00fcyoruz. Tercih edilir olmam\u0131zdaki en \u00f6nemli etken donan\u0131ml\u0131 ve yetkin insan kayna\u011f\u0131m\u0131zd\u0131r. \u0130nsan ya\u015fam\u0131n\u0131n de\u011ferini benimseyen ve bu do\u011frultuda sekt\u00f6rlerde gerekli kontrol ve analizleri ger\u00e7ekle\u015ftirerek sa\u011fl\u0131kl\u0131 ve g\u00fcvenilir \u00e7al\u0131\u015fma ortam\u0131 olu\u015fturmay\u0131 ama\u00e7l\u0131yoruz.","url":"https:\/\/pintest.com.tr\/","telephone":"+905057458845","logo":{"@type":"ImageObject","url":"https:\/\/pintest.com.tr\/wp-content\/uploads\/2023\/12\/Pintest-Logo-Ana.png","@id":"https:\/\/pintest.com.tr\/index.php\/yildirimdan-korunma-sistemlerinin-periyodik-kontrolu\/#organizationLogo","width":150,"height":113},"image":{"@id":"https:\/\/pintest.com.tr\/index.php\/yildirimdan-korunma-sistemlerinin-periyodik-kontrolu\/#organizationLogo"},"sameAs":["https:\/\/www.facebook.com\/profile.php?id=61572533822690","https:\/\/www.instagram.com\/pintest.uygunluk.degerlendirme\/","https:\/\/www.linkedin.com\/company\/101180367\/admin\/dashboard\/"]},{"@type":"WebPage","@id":"https:\/\/pintest.com.tr\/index.php\/yildirimdan-korunma-sistemlerinin-periyodik-kontrolu\/#webpage","url":"https:\/\/pintest.com.tr\/index.php\/yildirimdan-korunma-sistemlerinin-periyodik-kontrolu\/","name":"YILDIRIMDAN KORUNMA S\u0130STEMLER\u0130N\u0130N PER\u0130YOD\u0130K KONTROL\u00dc - Pintest M\u00fchendislik","description":"Y\u0131ld\u0131r\u0131mdan korunma sistemlerinin periyodik kontrol\u00fc, Pintest Uygunluk De\u011ferlendirme Kurulu\u015fu olarak taraf\u0131m\u0131zca yap\u0131lmaktad\u0131r. Y\u0131ld\u0131r\u0131mdan korunma sistemleri, y\u0131ld\u0131r\u0131mdan olu\u015fan y\u00fcksek gerilim ve ak\u0131m\u0131n tesise zarar vermesini \u00f6nlemek amac\u0131yla kullan\u0131lan sistemlerdir. Bu koruma mekaniksel ve elektrikseldir. Mekaniksel koruma Aktif paratoner, Franklin \u00e7ubu\u011fu, Faraday Kafesi y\u00f6ntemleriyle sa\u011flanmaktad\u0131r. Aktif paratoner i\u00e7erisinde bulundurdu\u011fu kristal yap\u0131 sayesinde y\u0131ld\u0131r\u0131m\u0131 kendine \u00e7ekip toprakta s\u00f6n\u00fcmlendirmeye","inLanguage":"tr-TR","isPartOf":{"@id":"https:\/\/pintest.com.tr\/#website"},"breadcrumb":{"@id":"https:\/\/pintest.com.tr\/index.php\/yildirimdan-korunma-sistemlerinin-periyodik-kontrolu\/#breadcrumblist"},"datePublished":"2023-12-16T15:53:11+03:00","dateModified":"2023-12-16T15:53:11+03:00"},{"@type":"WebSite","@id":"https:\/\/pintest.com.tr\/#website","url":"https:\/\/pintest.com.tr\/","name":"Pintest M\u00fchendislik","description":"Uygunluk De\u011ferlendirme Kurulu\u015fu","inLanguage":"tr-TR","publisher":{"@id":"https:\/\/pintest.com.tr\/#organization"}}]},"og:locale":"tr_TR","og:site_name":"Pintest M\u00fchendislik - Uygunluk De\u011ferlendirme Kurulu\u015fu","og:type":"article","og:title":"YILDIRIMDAN KORUNMA S\u0130STEMLER\u0130N\u0130N PER\u0130YOD\u0130K KONTROL\u00dc - Pintest M\u00fchendislik","og:description":"Y\u0131ld\u0131r\u0131mdan korunma sistemlerinin periyodik kontrol\u00fc, Pintest Uygunluk De\u011ferlendirme Kurulu\u015fu olarak taraf\u0131m\u0131zca yap\u0131lmaktad\u0131r. Y\u0131ld\u0131r\u0131mdan korunma sistemleri, y\u0131ld\u0131r\u0131mdan olu\u015fan y\u00fcksek gerilim ve ak\u0131m\u0131n tesise zarar vermesini \u00f6nlemek amac\u0131yla kullan\u0131lan sistemlerdir. Bu koruma mekaniksel ve elektrikseldir. Mekaniksel koruma Aktif paratoner, Franklin \u00e7ubu\u011fu, Faraday Kafesi y\u00f6ntemleriyle sa\u011flanmaktad\u0131r. Aktif paratoner i\u00e7erisinde bulundurdu\u011fu kristal yap\u0131 sayesinde y\u0131ld\u0131r\u0131m\u0131 kendine \u00e7ekip toprakta s\u00f6n\u00fcmlendirmeye","og:url":"https:\/\/pintest.com.tr\/index.php\/yildirimdan-korunma-sistemlerinin-periyodik-kontrolu\/","og:image":"https:\/\/pintest.com.tr\/wp-content\/uploads\/2023\/12\/cropped-Pintest-Favicon.webp","og:image:secure_url":"https:\/\/pintest.com.tr\/wp-content\/uploads\/2023\/12\/cropped-Pintest-Favicon.webp","og:image:width":512,"og:image:height":512,"article:published_time":"2023-12-16T12:53:11+00:00","article:modified_time":"2023-12-16T12:53:11+00:00","article:publisher":"https:\/\/www.facebook.com\/profile.php?id=61572533822690","twitter:card":"summary_large_image","twitter:title":"YILDIRIMDAN KORUNMA S\u0130STEMLER\u0130N\u0130N PER\u0130YOD\u0130K KONTROL\u00dc - Pintest M\u00fchendislik","twitter:description":"Y\u0131ld\u0131r\u0131mdan korunma sistemlerinin periyodik kontrol\u00fc, Pintest Uygunluk De\u011ferlendirme Kurulu\u015fu olarak taraf\u0131m\u0131zca yap\u0131lmaktad\u0131r. Y\u0131ld\u0131r\u0131mdan korunma sistemleri, y\u0131ld\u0131r\u0131mdan olu\u015fan y\u00fcksek gerilim ve ak\u0131m\u0131n tesise zarar vermesini \u00f6nlemek amac\u0131yla kullan\u0131lan sistemlerdir. Bu koruma mekaniksel ve elektrikseldir. Mekaniksel koruma Aktif paratoner, Franklin \u00e7ubu\u011fu, Faraday Kafesi y\u00f6ntemleriyle sa\u011flanmaktad\u0131r. Aktif paratoner i\u00e7erisinde bulundurdu\u011fu kristal yap\u0131 sayesinde y\u0131ld\u0131r\u0131m\u0131 kendine \u00e7ekip toprakta s\u00f6n\u00fcmlendirmeye","twitter:image":"https:\/\/pintest.com.tr\/wp-content\/uploads\/2023\/12\/cropped-Pintest-Favicon.webp"},"aioseo_meta_data":{"post_id":"1141","title":null,"description":null,"keywords":null,"keyphrases":null,"primary_term":null,"canonical_url":null,"og_title":null,"og_description":null,"og_object_type":"default","og_image_type":"default","og_image_url":null,"og_image_width":null,"og_image_height":null,"og_image_custom_url":null,"og_image_custom_fields":null,"og_video":null,"og_custom_url":null,"og_article_section":null,"og_article_tags":null,"twitter_use_og":false,"twitter_card":"default","twitter_image_type":"default","twitter_image_url":null,"twitter_image_custom_url":null,"twitter_image_custom_fields":null,"twitter_title":null,"twitter_description":null,"schema":{"blockGraphs":[],"customGraphs":[],"default":{"data":{"Article":[],"Course":[],"Dataset":[],"FAQPage":[],"Movie":[],"Person":[],"Product":[],"ProductReview":[],"Car":[],"Recipe":[],"Service":[],"SoftwareApplication":[],"WebPage":[]},"graphName":"","isEnabled":true},"graphs":[]},"schema_type":"default","schema_type_options":null,"pillar_content":false,"robots_default":true,"robots_noindex":false,"robots_noarchive":false,"robots_nosnippet":false,"robots_nofollow":false,"robots_noimageindex":false,"robots_noodp":false,"robots_notranslate":false,"robots_max_snippet":null,"robots_max_videopreview":null,"robots_max_imagepreview":"large","priority":null,"frequency":null,"local_seo":null,"seo_analyzer_scan_date":"2026-02-27 07:52:27","breadcrumb_settings":null,"limit_modified_date":false,"reviewed_by":null,"open_ai":null,"ai":null,"created":"2025-04-15 07:10:33","updated":"2026-02-27 09:15:52"},"aioseo_breadcrumb":"<div class=\"aioseo-breadcrumbs\"><span class=\"aioseo-breadcrumb\">\n\tPintest\n<\/span><span class=\"aioseo-breadcrumb-separator\">\u2192<\/span><span class=\"aioseo-breadcrumb\">\n\t<a href=\"https:\/\/pintest.com.tr\" title=\"Ana sayfa\">Ana sayfa<\/a>\n<\/span><span class=\"aioseo-breadcrumb-separator\">\u2192<\/span><span class=\"aioseo-breadcrumb\">\n\tYILDIRIMDAN KORUNMA S\u0130STEMLER\u0130N\u0130N PER\u0130YOD\u0130K KONTROL\u00dc\n<\/span><\/div>","aioseo_breadcrumb_json":[{"label":"Pintest","link":""},{"label":"Ana sayfa","link":"https:\/\/pintest.com.tr"},{"label":"YILDIRIMDAN KORUNMA S\u0130STEMLER\u0130N\u0130N PER\u0130YOD\u0130K KONTROL\u00dc","link":"https:\/\/pintest.com.tr\/index.php\/yildirimdan-korunma-sistemlerinin-periyodik-kontrolu\/"}],"_links":{"self":[{"href":"https:\/\/pintest.com.tr\/index.php\/wp-json\/wp\/v2\/pages\/1141","targetHints":{"allow":["GET"]}}],"collection":[{"href":"https:\/\/pintest.com.tr\/index.php\/wp-json\/wp\/v2\/pages"}],"about":[{"href":"https:\/\/pintest.com.tr\/index.php\/wp-json\/wp\/v2\/types\/page"}],"author":[{"embeddable":true,"href":"https:\/\/pintest.com.tr\/index.php\/wp-json\/wp\/v2\/users\/1"}],"replies":[{"embeddable":true,"href":"https:\/\/pintest.com.tr\/index.php\/wp-json\/wp\/v2\/comments?post=1141"}],"version-history":[{"count":1,"href":"https:\/\/pintest.com.tr\/index.php\/wp-json\/wp\/v2\/pages\/1141\/revisions"}],"predecessor-version":[{"id":1142,"href":"https:\/\/pintest.com.tr\/index.php\/wp-json\/wp\/v2\/pages\/1141\/revisions\/1142"}],"wp:attachment":[{"href":"https:\/\/pintest.com.tr\/index.php\/wp-json\/wp\/v2\/media?parent=1141"}],"curies":[{"name":"wp","href":"https:\/\/api.w.org\/{rel}","templated":true}]}}