{"id":1158,"date":"2023-12-16T16:38:49","date_gmt":"2023-12-16T13:38:49","guid":{"rendered":"https:\/\/pintest.com.tr\/?page_id=1158"},"modified":"2023-12-16T16:38:49","modified_gmt":"2023-12-16T13:38:49","slug":"elektrikli-arac-sarj-istasyonu-periyodik-kontrolu","status":"publish","type":"page","link":"https:\/\/pintest.com.tr\/index.php\/elektrikli-arac-sarj-istasyonu-periyodik-kontrolu\/","title":{"rendered":"ELEKTR\u0130KL\u0130 ARA\u00c7 \u015eARJ \u0130STASYONU PER\u0130YOD\u0130K KONTROL\u00dc"},"content":{"rendered":"<p>Elektrikli ara\u00e7 \u015farj istasyonlar\u0131n\u0131n periyodik kontrol\u00fc, Pintest Uygunluk De\u011ferlendirme Kurulu\u015fu olarak taraf\u0131m\u0131zca yap\u0131lmaktad\u0131r.<\/p>\n<p>Elektrikli ara\u00e7 \u015farj istasyonlar\u0131n\u0131n periyodik muayenesi y\u0131lda en az 1 kez yap\u0131lmal\u0131d\u0131r. Bu muayenede istasyonun elektrik panosunun i\u00e7 tesisat ve topraklama kontrol\u00fc, ba\u011flant\u0131 temas noktalar\u0131n\u0131n kontrol\u00fc, \u015farj kablosunun incelenmesi, ba\u011flant\u0131 ucunun incelenmesi, ba\u011flant\u0131 yuvas\u0131n\u0131n incelenmesi, \u015farj mod\u00fcl\u00fcn\u00fcn topraklamas\u0131, DC istasyonlar i\u00e7in filtrelerin kontrol\u00fc ger\u00e7ekle\u015ftirilir. \u201cYap\u0131 \u0130\u015fleri \u0130n\u015faat Makine ve Elektrik Tesisat\u0131 Genel Teknik \u015eartnameleri\u201d \u00f6l\u00e7\u00fcmler uygun olarak ger\u00e7ekle\u015ftirilir.<\/p>\n","protected":false},"excerpt":{"rendered":"<p>Elektrikli ara\u00e7 \u015farj istasyonlar\u0131n\u0131n periyodik kontrol\u00fc, Pintest Uygunluk De\u011ferlendirme Kurulu\u015fu olarak taraf\u0131m\u0131zca yap\u0131lmaktad\u0131r. Elektrikli ara\u00e7 \u015farj istasyonlar\u0131n\u0131n periyodik muayenesi y\u0131lda en az 1 kez yap\u0131lmal\u0131d\u0131r. Bu muayenede istasyonun elektrik panosunun i\u00e7 tesisat ve topraklama kontrol\u00fc, ba\u011flant\u0131 temas noktalar\u0131n\u0131n kontrol\u00fc, \u015farj kablosunun incelenmesi, ba\u011flant\u0131 ucunun incelenmesi, ba\u011flant\u0131 yuvas\u0131n\u0131n incelenmesi, \u015farj mod\u00fcl\u00fcn\u00fcn topraklamas\u0131, DC istasyonlar i\u00e7in filtrelerin [&hellip;]<\/p>\n","protected":false},"author":1,"featured_media":0,"parent":0,"menu_order":0,"comment_status":"closed","ping_status":"closed","template":"","meta":{"om_disable_all_campaigns":false,"_monsterinsights_skip_tracking":false,"_monsterinsights_sitenote_active":false,"_monsterinsights_sitenote_note":"","_monsterinsights_sitenote_category":0,"footnotes":""},"class_list":["post-1158","page","type-page","status-publish","hentry"],"aioseo_notices":[],"aioseo_head":"\n\t\t<!-- All in One SEO Pro 4.9.6.2 - aioseo.com -->\n\t<meta name=\"description\" content=\"Elektrikli ara\u00e7 \u015farj istasyonlar\u0131n\u0131n periyodik kontrol\u00fc, Pintest Uygunluk De\u011ferlendirme Kurulu\u015fu olarak taraf\u0131m\u0131zca yap\u0131lmaktad\u0131r. Elektrikli ara\u00e7 \u015farj istasyonlar\u0131n\u0131n periyodik muayenesi y\u0131lda en az 1 kez yap\u0131lmal\u0131d\u0131r. Bu muayenede istasyonun elektrik panosunun i\u00e7 tesisat ve topraklama kontrol\u00fc, ba\u011flant\u0131 temas noktalar\u0131n\u0131n kontrol\u00fc, \u015farj kablosunun incelenmesi, ba\u011flant\u0131 ucunun incelenmesi, ba\u011flant\u0131 yuvas\u0131n\u0131n incelenmesi, \u015farj mod\u00fcl\u00fcn\u00fcn topraklamas\u0131, DC istasyonlar i\u00e7in filtrelerin\" \/>\n\t<meta name=\"robots\" content=\"max-image-preview:large\" \/>\n\t<meta name=\"google-site-verification\" content=\"Q4QTclIfGhhdyEzlAb1wftEv3qRfz1KW5mq8eV4NCpQ\" \/>\n\t<link rel=\"canonical\" href=\"https:\/\/pintest.com.tr\/index.php\/elektrikli-arac-sarj-istasyonu-periyodik-kontrolu\/\" \/>\n\t<meta name=\"generator\" content=\"All in One SEO Pro (AIOSEO) 4.9.6.2\" \/>\n\t\t<meta property=\"og:locale\" content=\"tr_TR\" \/>\n\t\t<meta property=\"og:site_name\" content=\"Pintest M\u00fchendislik - Uygunluk De\u011ferlendirme Kurulu\u015fu\" \/>\n\t\t<meta property=\"og:type\" content=\"article\" \/>\n\t\t<meta property=\"og:title\" content=\"ELEKTR\u0130KL\u0130 ARA\u00c7 \u015eARJ \u0130STASYONU PER\u0130YOD\u0130K KONTROL\u00dc - Pintest M\u00fchendislik\" \/>\n\t\t<meta property=\"og:description\" content=\"Elektrikli ara\u00e7 \u015farj istasyonlar\u0131n\u0131n periyodik kontrol\u00fc, Pintest Uygunluk De\u011ferlendirme Kurulu\u015fu olarak taraf\u0131m\u0131zca yap\u0131lmaktad\u0131r. Elektrikli ara\u00e7 \u015farj istasyonlar\u0131n\u0131n periyodik muayenesi y\u0131lda en az 1 kez yap\u0131lmal\u0131d\u0131r. Bu muayenede istasyonun elektrik panosunun i\u00e7 tesisat ve topraklama kontrol\u00fc, ba\u011flant\u0131 temas noktalar\u0131n\u0131n kontrol\u00fc, \u015farj kablosunun incelenmesi, ba\u011flant\u0131 ucunun incelenmesi, ba\u011flant\u0131 yuvas\u0131n\u0131n incelenmesi, \u015farj mod\u00fcl\u00fcn\u00fcn topraklamas\u0131, DC istasyonlar i\u00e7in filtrelerin\" \/>\n\t\t<meta property=\"og:url\" content=\"https:\/\/pintest.com.tr\/index.php\/elektrikli-arac-sarj-istasyonu-periyodik-kontrolu\/\" \/>\n\t\t<meta property=\"og:image\" content=\"https:\/\/pintest.com.tr\/wp-content\/uploads\/2023\/12\/cropped-Pintest-Favicon.webp\" \/>\n\t\t<meta property=\"og:image:secure_url\" content=\"https:\/\/pintest.com.tr\/wp-content\/uploads\/2023\/12\/cropped-Pintest-Favicon.webp\" \/>\n\t\t<meta property=\"og:image:width\" content=\"512\" \/>\n\t\t<meta property=\"og:image:height\" content=\"512\" \/>\n\t\t<meta property=\"article:published_time\" content=\"2023-12-16T13:38:49+00:00\" \/>\n\t\t<meta property=\"article:modified_time\" content=\"2023-12-16T13:38:49+00:00\" \/>\n\t\t<meta property=\"article:publisher\" content=\"https:\/\/www.facebook.com\/profile.php?id=61572533822690\" \/>\n\t\t<meta name=\"twitter:card\" content=\"summary_large_image\" \/>\n\t\t<meta name=\"twitter:title\" content=\"ELEKTR\u0130KL\u0130 ARA\u00c7 \u015eARJ \u0130STASYONU PER\u0130YOD\u0130K KONTROL\u00dc - Pintest M\u00fchendislik\" \/>\n\t\t<meta name=\"twitter:description\" content=\"Elektrikli ara\u00e7 \u015farj istasyonlar\u0131n\u0131n periyodik kontrol\u00fc, Pintest Uygunluk De\u011ferlendirme Kurulu\u015fu olarak taraf\u0131m\u0131zca yap\u0131lmaktad\u0131r. Elektrikli ara\u00e7 \u015farj istasyonlar\u0131n\u0131n periyodik muayenesi y\u0131lda en az 1 kez yap\u0131lmal\u0131d\u0131r. Bu muayenede istasyonun elektrik panosunun i\u00e7 tesisat ve topraklama kontrol\u00fc, ba\u011flant\u0131 temas noktalar\u0131n\u0131n kontrol\u00fc, \u015farj kablosunun incelenmesi, ba\u011flant\u0131 ucunun incelenmesi, ba\u011flant\u0131 yuvas\u0131n\u0131n incelenmesi, \u015farj mod\u00fcl\u00fcn\u00fcn topraklamas\u0131, DC istasyonlar i\u00e7in filtrelerin\" \/>\n\t\t<meta name=\"twitter:image\" content=\"https:\/\/pintest.com.tr\/wp-content\/uploads\/2023\/12\/cropped-Pintest-Favicon.webp\" \/>\n\t\t<script type=\"application\/ld+json\" class=\"aioseo-schema\">\n\t\t\t{\"@context\":\"https:\\\/\\\/schema.org\",\"@graph\":[{\"@type\":\"BreadcrumbList\",\"@id\":\"https:\\\/\\\/pintest.com.tr\\\/index.php\\\/elektrikli-arac-sarj-istasyonu-periyodik-kontrolu\\\/#breadcrumblist\",\"itemListElement\":[{\"@type\":\"ListItem\",\"@id\":\"https:\\\/\\\/pintest.com.tr#listItem\",\"position\":2,\"name\":\"Ana sayfa\",\"item\":\"https:\\\/\\\/pintest.com.tr\",\"nextItem\":{\"@type\":\"ListItem\",\"@id\":\"https:\\\/\\\/pintest.com.tr\\\/index.php\\\/elektrikli-arac-sarj-istasyonu-periyodik-kontrolu\\\/#listItem\",\"name\":\"ELEKTR\\u0130KL\\u0130 ARA\\u00c7 \\u015eARJ \\u0130STASYONU PER\\u0130YOD\\u0130K KONTROL\\u00dc\"},\"previousItem\":{\"@type\":\"ListItem\",\"@id\":\"#listItem\",\"name\":\"Pintest\"}},{\"@type\":\"ListItem\",\"@id\":\"https:\\\/\\\/pintest.com.tr\\\/index.php\\\/elektrikli-arac-sarj-istasyonu-periyodik-kontrolu\\\/#listItem\",\"position\":3,\"name\":\"ELEKTR\\u0130KL\\u0130 ARA\\u00c7 \\u015eARJ \\u0130STASYONU PER\\u0130YOD\\u0130K KONTROL\\u00dc\",\"previousItem\":{\"@type\":\"ListItem\",\"@id\":\"https:\\\/\\\/pintest.com.tr#listItem\",\"name\":\"Ana sayfa\"}}]},{\"@type\":\"Organization\",\"@id\":\"https:\\\/\\\/pintest.com.tr\\\/#organization\",\"name\":\"Pintest M\\u00fchendislik P\\u0130NTEST M\\u00dcHEND\\u0130SL\\u0130K\",\"description\":\"Uygunluk De\\u011ferlendirme Kurulu\\u015fu Firmam\\u0131z, i\\u015f d\\u00fcnyas\\u0131na att\\u0131\\u011f\\u0131 ilk ad\\u0131mlarla i\\u015f sa\\u011fl\\u0131\\u011f\\u0131 ve g\\u00fcvenli\\u011fi alan\\u0131nda uzman kadrosuyla \\u00f6nemli bir yer edinmi\\u015ftir. \\u015eirketimiz faaliyette bulundu\\u011fu periyodik kontrol\\\/muayene, Akustik rapor, i\\u015f hijyeni ve \\u00e7evresel g\\u00fcr\\u00fclt\\u00fc \\u00f6l\\u00e7\\u00fcmleri sekt\\u00f6rde rol \\u00fcstlenmektedir. Pintest M\\u00fchendislik olarak, faaliyet g\\u00f6sterdi\\u011fimiz alanda deneyimli kadrolar\\u0131m\\u0131zla beraber kurdu\\u011fumuz g\\u00fcvenilir ili\\u015fkilerimiz \\u00e7er\\u00e7evesinde faaliyetlerimizi verimli bir \\u015fekilde y\\u00fcr\\u00fct\\u00fcyoruz. Tercih edilir olmam\\u0131zdaki en \\u00f6nemli etken donan\\u0131ml\\u0131 ve yetkin insan kayna\\u011f\\u0131m\\u0131zd\\u0131r. \\u0130nsan ya\\u015fam\\u0131n\\u0131n de\\u011ferini benimseyen ve bu do\\u011frultuda sekt\\u00f6rlerde gerekli kontrol ve analizleri ger\\u00e7ekle\\u015ftirerek sa\\u011fl\\u0131kl\\u0131 ve g\\u00fcvenilir \\u00e7al\\u0131\\u015fma ortam\\u0131 olu\\u015fturmay\\u0131 ama\\u00e7l\\u0131yoruz.\",\"url\":\"https:\\\/\\\/pintest.com.tr\\\/\",\"telephone\":\"+905057458845\",\"logo\":{\"@type\":\"ImageObject\",\"url\":\"https:\\\/\\\/pintest.com.tr\\\/wp-content\\\/uploads\\\/2023\\\/12\\\/Pintest-Logo-Ana.png\",\"@id\":\"https:\\\/\\\/pintest.com.tr\\\/index.php\\\/elektrikli-arac-sarj-istasyonu-periyodik-kontrolu\\\/#organizationLogo\",\"width\":150,\"height\":113},\"image\":{\"@id\":\"https:\\\/\\\/pintest.com.tr\\\/index.php\\\/elektrikli-arac-sarj-istasyonu-periyodik-kontrolu\\\/#organizationLogo\"},\"sameAs\":[\"https:\\\/\\\/www.facebook.com\\\/profile.php?id=61572533822690\",\"https:\\\/\\\/www.instagram.com\\\/pintest.uygunluk.degerlendirme\\\/\",\"https:\\\/\\\/www.linkedin.com\\\/company\\\/101180367\\\/admin\\\/dashboard\\\/\"]},{\"@type\":\"WebPage\",\"@id\":\"https:\\\/\\\/pintest.com.tr\\\/index.php\\\/elektrikli-arac-sarj-istasyonu-periyodik-kontrolu\\\/#webpage\",\"url\":\"https:\\\/\\\/pintest.com.tr\\\/index.php\\\/elektrikli-arac-sarj-istasyonu-periyodik-kontrolu\\\/\",\"name\":\"ELEKTR\\u0130KL\\u0130 ARA\\u00c7 \\u015eARJ \\u0130STASYONU PER\\u0130YOD\\u0130K KONTROL\\u00dc - Pintest M\\u00fchendislik\",\"description\":\"Elektrikli ara\\u00e7 \\u015farj istasyonlar\\u0131n\\u0131n periyodik kontrol\\u00fc, Pintest Uygunluk De\\u011ferlendirme Kurulu\\u015fu olarak taraf\\u0131m\\u0131zca yap\\u0131lmaktad\\u0131r. Elektrikli ara\\u00e7 \\u015farj istasyonlar\\u0131n\\u0131n periyodik muayenesi y\\u0131lda en az 1 kez yap\\u0131lmal\\u0131d\\u0131r. Bu muayenede istasyonun elektrik panosunun i\\u00e7 tesisat ve topraklama kontrol\\u00fc, ba\\u011flant\\u0131 temas noktalar\\u0131n\\u0131n kontrol\\u00fc, \\u015farj kablosunun incelenmesi, ba\\u011flant\\u0131 ucunun incelenmesi, ba\\u011flant\\u0131 yuvas\\u0131n\\u0131n incelenmesi, \\u015farj mod\\u00fcl\\u00fcn\\u00fcn topraklamas\\u0131, DC istasyonlar i\\u00e7in filtrelerin\",\"inLanguage\":\"tr-TR\",\"isPartOf\":{\"@id\":\"https:\\\/\\\/pintest.com.tr\\\/#website\"},\"breadcrumb\":{\"@id\":\"https:\\\/\\\/pintest.com.tr\\\/index.php\\\/elektrikli-arac-sarj-istasyonu-periyodik-kontrolu\\\/#breadcrumblist\"},\"datePublished\":\"2023-12-16T16:38:49+03:00\",\"dateModified\":\"2023-12-16T16:38:49+03:00\"},{\"@type\":\"WebSite\",\"@id\":\"https:\\\/\\\/pintest.com.tr\\\/#website\",\"url\":\"https:\\\/\\\/pintest.com.tr\\\/\",\"name\":\"Pintest M\\u00fchendislik\",\"description\":\"Uygunluk De\\u011ferlendirme Kurulu\\u015fu\",\"inLanguage\":\"tr-TR\",\"publisher\":{\"@id\":\"https:\\\/\\\/pintest.com.tr\\\/#organization\"}}]}\n\t\t<\/script>\n\t\t<!-- All in One SEO Pro -->\r\n\t\t<title>ELEKTR\u0130KL\u0130 ARA\u00c7 \u015eARJ \u0130STASYONU PER\u0130YOD\u0130K KONTROL\u00dc - Pintest M\u00fchendislik<\/title>\n\n","aioseo_head_json":{"title":"ELEKTR\u0130KL\u0130 ARA\u00c7 \u015eARJ \u0130STASYONU PER\u0130YOD\u0130K KONTROL\u00dc - Pintest M\u00fchendislik","description":"Elektrikli ara\u00e7 \u015farj istasyonlar\u0131n\u0131n periyodik kontrol\u00fc, Pintest Uygunluk De\u011ferlendirme Kurulu\u015fu olarak taraf\u0131m\u0131zca yap\u0131lmaktad\u0131r. Elektrikli ara\u00e7 \u015farj istasyonlar\u0131n\u0131n periyodik muayenesi y\u0131lda en az 1 kez yap\u0131lmal\u0131d\u0131r. Bu muayenede istasyonun elektrik panosunun i\u00e7 tesisat ve topraklama kontrol\u00fc, ba\u011flant\u0131 temas noktalar\u0131n\u0131n kontrol\u00fc, \u015farj kablosunun incelenmesi, ba\u011flant\u0131 ucunun incelenmesi, ba\u011flant\u0131 yuvas\u0131n\u0131n incelenmesi, \u015farj mod\u00fcl\u00fcn\u00fcn topraklamas\u0131, DC istasyonlar i\u00e7in filtrelerin","canonical_url":"https:\/\/pintest.com.tr\/index.php\/elektrikli-arac-sarj-istasyonu-periyodik-kontrolu\/","robots":"max-image-preview:large","keywords":"","webmasterTools":{"google-site-verification":"Q4QTclIfGhhdyEzlAb1wftEv3qRfz1KW5mq8eV4NCpQ","miscellaneous":""},"schema":{"@context":"https:\/\/schema.org","@graph":[{"@type":"BreadcrumbList","@id":"https:\/\/pintest.com.tr\/index.php\/elektrikli-arac-sarj-istasyonu-periyodik-kontrolu\/#breadcrumblist","itemListElement":[{"@type":"ListItem","@id":"https:\/\/pintest.com.tr#listItem","position":2,"name":"Ana sayfa","item":"https:\/\/pintest.com.tr","nextItem":{"@type":"ListItem","@id":"https:\/\/pintest.com.tr\/index.php\/elektrikli-arac-sarj-istasyonu-periyodik-kontrolu\/#listItem","name":"ELEKTR\u0130KL\u0130 ARA\u00c7 \u015eARJ \u0130STASYONU PER\u0130YOD\u0130K KONTROL\u00dc"},"previousItem":{"@type":"ListItem","@id":"#listItem","name":"Pintest"}},{"@type":"ListItem","@id":"https:\/\/pintest.com.tr\/index.php\/elektrikli-arac-sarj-istasyonu-periyodik-kontrolu\/#listItem","position":3,"name":"ELEKTR\u0130KL\u0130 ARA\u00c7 \u015eARJ \u0130STASYONU PER\u0130YOD\u0130K KONTROL\u00dc","previousItem":{"@type":"ListItem","@id":"https:\/\/pintest.com.tr#listItem","name":"Ana sayfa"}}]},{"@type":"Organization","@id":"https:\/\/pintest.com.tr\/#organization","name":"Pintest M\u00fchendislik P\u0130NTEST M\u00dcHEND\u0130SL\u0130K","description":"Uygunluk De\u011ferlendirme Kurulu\u015fu Firmam\u0131z, i\u015f d\u00fcnyas\u0131na att\u0131\u011f\u0131 ilk ad\u0131mlarla i\u015f sa\u011fl\u0131\u011f\u0131 ve g\u00fcvenli\u011fi alan\u0131nda uzman kadrosuyla \u00f6nemli bir yer edinmi\u015ftir. \u015eirketimiz faaliyette bulundu\u011fu periyodik kontrol\/muayene, Akustik rapor, i\u015f hijyeni ve \u00e7evresel g\u00fcr\u00fclt\u00fc \u00f6l\u00e7\u00fcmleri sekt\u00f6rde rol \u00fcstlenmektedir. Pintest M\u00fchendislik olarak, faaliyet g\u00f6sterdi\u011fimiz alanda deneyimli kadrolar\u0131m\u0131zla beraber kurdu\u011fumuz g\u00fcvenilir ili\u015fkilerimiz \u00e7er\u00e7evesinde faaliyetlerimizi verimli bir \u015fekilde y\u00fcr\u00fct\u00fcyoruz. Tercih edilir olmam\u0131zdaki en \u00f6nemli etken donan\u0131ml\u0131 ve yetkin insan kayna\u011f\u0131m\u0131zd\u0131r. \u0130nsan ya\u015fam\u0131n\u0131n de\u011ferini benimseyen ve bu do\u011frultuda sekt\u00f6rlerde gerekli kontrol ve analizleri ger\u00e7ekle\u015ftirerek sa\u011fl\u0131kl\u0131 ve g\u00fcvenilir \u00e7al\u0131\u015fma ortam\u0131 olu\u015fturmay\u0131 ama\u00e7l\u0131yoruz.","url":"https:\/\/pintest.com.tr\/","telephone":"+905057458845","logo":{"@type":"ImageObject","url":"https:\/\/pintest.com.tr\/wp-content\/uploads\/2023\/12\/Pintest-Logo-Ana.png","@id":"https:\/\/pintest.com.tr\/index.php\/elektrikli-arac-sarj-istasyonu-periyodik-kontrolu\/#organizationLogo","width":150,"height":113},"image":{"@id":"https:\/\/pintest.com.tr\/index.php\/elektrikli-arac-sarj-istasyonu-periyodik-kontrolu\/#organizationLogo"},"sameAs":["https:\/\/www.facebook.com\/profile.php?id=61572533822690","https:\/\/www.instagram.com\/pintest.uygunluk.degerlendirme\/","https:\/\/www.linkedin.com\/company\/101180367\/admin\/dashboard\/"]},{"@type":"WebPage","@id":"https:\/\/pintest.com.tr\/index.php\/elektrikli-arac-sarj-istasyonu-periyodik-kontrolu\/#webpage","url":"https:\/\/pintest.com.tr\/index.php\/elektrikli-arac-sarj-istasyonu-periyodik-kontrolu\/","name":"ELEKTR\u0130KL\u0130 ARA\u00c7 \u015eARJ \u0130STASYONU PER\u0130YOD\u0130K KONTROL\u00dc - Pintest M\u00fchendislik","description":"Elektrikli ara\u00e7 \u015farj istasyonlar\u0131n\u0131n periyodik kontrol\u00fc, Pintest Uygunluk De\u011ferlendirme Kurulu\u015fu olarak taraf\u0131m\u0131zca yap\u0131lmaktad\u0131r. Elektrikli ara\u00e7 \u015farj istasyonlar\u0131n\u0131n periyodik muayenesi y\u0131lda en az 1 kez yap\u0131lmal\u0131d\u0131r. Bu muayenede istasyonun elektrik panosunun i\u00e7 tesisat ve topraklama kontrol\u00fc, ba\u011flant\u0131 temas noktalar\u0131n\u0131n kontrol\u00fc, \u015farj kablosunun incelenmesi, ba\u011flant\u0131 ucunun incelenmesi, ba\u011flant\u0131 yuvas\u0131n\u0131n incelenmesi, \u015farj mod\u00fcl\u00fcn\u00fcn topraklamas\u0131, DC istasyonlar i\u00e7in filtrelerin","inLanguage":"tr-TR","isPartOf":{"@id":"https:\/\/pintest.com.tr\/#website"},"breadcrumb":{"@id":"https:\/\/pintest.com.tr\/index.php\/elektrikli-arac-sarj-istasyonu-periyodik-kontrolu\/#breadcrumblist"},"datePublished":"2023-12-16T16:38:49+03:00","dateModified":"2023-12-16T16:38:49+03:00"},{"@type":"WebSite","@id":"https:\/\/pintest.com.tr\/#website","url":"https:\/\/pintest.com.tr\/","name":"Pintest M\u00fchendislik","description":"Uygunluk De\u011ferlendirme Kurulu\u015fu","inLanguage":"tr-TR","publisher":{"@id":"https:\/\/pintest.com.tr\/#organization"}}]},"og:locale":"tr_TR","og:site_name":"Pintest M\u00fchendislik - Uygunluk De\u011ferlendirme Kurulu\u015fu","og:type":"article","og:title":"ELEKTR\u0130KL\u0130 ARA\u00c7 \u015eARJ \u0130STASYONU PER\u0130YOD\u0130K KONTROL\u00dc - Pintest M\u00fchendislik","og:description":"Elektrikli ara\u00e7 \u015farj istasyonlar\u0131n\u0131n periyodik kontrol\u00fc, Pintest Uygunluk De\u011ferlendirme Kurulu\u015fu olarak taraf\u0131m\u0131zca yap\u0131lmaktad\u0131r. Elektrikli ara\u00e7 \u015farj istasyonlar\u0131n\u0131n periyodik muayenesi y\u0131lda en az 1 kez yap\u0131lmal\u0131d\u0131r. Bu muayenede istasyonun elektrik panosunun i\u00e7 tesisat ve topraklama kontrol\u00fc, ba\u011flant\u0131 temas noktalar\u0131n\u0131n kontrol\u00fc, \u015farj kablosunun incelenmesi, ba\u011flant\u0131 ucunun incelenmesi, ba\u011flant\u0131 yuvas\u0131n\u0131n incelenmesi, \u015farj mod\u00fcl\u00fcn\u00fcn topraklamas\u0131, DC istasyonlar i\u00e7in filtrelerin","og:url":"https:\/\/pintest.com.tr\/index.php\/elektrikli-arac-sarj-istasyonu-periyodik-kontrolu\/","og:image":"https:\/\/pintest.com.tr\/wp-content\/uploads\/2023\/12\/cropped-Pintest-Favicon.webp","og:image:secure_url":"https:\/\/pintest.com.tr\/wp-content\/uploads\/2023\/12\/cropped-Pintest-Favicon.webp","og:image:width":512,"og:image:height":512,"article:published_time":"2023-12-16T13:38:49+00:00","article:modified_time":"2023-12-16T13:38:49+00:00","article:publisher":"https:\/\/www.facebook.com\/profile.php?id=61572533822690","twitter:card":"summary_large_image","twitter:title":"ELEKTR\u0130KL\u0130 ARA\u00c7 \u015eARJ \u0130STASYONU PER\u0130YOD\u0130K KONTROL\u00dc - Pintest M\u00fchendislik","twitter:description":"Elektrikli ara\u00e7 \u015farj istasyonlar\u0131n\u0131n periyodik kontrol\u00fc, Pintest Uygunluk De\u011ferlendirme Kurulu\u015fu olarak taraf\u0131m\u0131zca yap\u0131lmaktad\u0131r. Elektrikli ara\u00e7 \u015farj istasyonlar\u0131n\u0131n periyodik muayenesi y\u0131lda en az 1 kez yap\u0131lmal\u0131d\u0131r. Bu muayenede istasyonun elektrik panosunun i\u00e7 tesisat ve topraklama kontrol\u00fc, ba\u011flant\u0131 temas noktalar\u0131n\u0131n kontrol\u00fc, \u015farj kablosunun incelenmesi, ba\u011flant\u0131 ucunun incelenmesi, ba\u011flant\u0131 yuvas\u0131n\u0131n incelenmesi, \u015farj mod\u00fcl\u00fcn\u00fcn topraklamas\u0131, DC istasyonlar i\u00e7in filtrelerin","twitter:image":"https:\/\/pintest.com.tr\/wp-content\/uploads\/2023\/12\/cropped-Pintest-Favicon.webp"},"aioseo_meta_data":{"post_id":"1158","title":null,"description":null,"keywords":null,"keyphrases":null,"primary_term":null,"canonical_url":null,"og_title":null,"og_description":null,"og_object_type":"default","og_image_type":"default","og_image_url":null,"og_image_width":null,"og_image_height":null,"og_image_custom_url":null,"og_image_custom_fields":null,"og_video":null,"og_custom_url":null,"og_article_section":null,"og_article_tags":null,"twitter_use_og":false,"twitter_card":"default","twitter_image_type":"default","twitter_image_url":null,"twitter_image_custom_url":null,"twitter_image_custom_fields":null,"twitter_title":null,"twitter_description":null,"schema":{"blockGraphs":[],"customGraphs":[],"default":{"data":{"Article":[],"Course":[],"Dataset":[],"FAQPage":[],"Movie":[],"Person":[],"Product":[],"ProductReview":[],"Car":[],"Recipe":[],"Service":[],"SoftwareApplication":[],"WebPage":[]},"graphName":"","isEnabled":true},"graphs":[]},"schema_type":"default","schema_type_options":null,"pillar_content":false,"robots_default":true,"robots_noindex":false,"robots_noarchive":false,"robots_nosnippet":false,"robots_nofollow":false,"robots_noimageindex":false,"robots_noodp":false,"robots_notranslate":false,"robots_max_snippet":null,"robots_max_videopreview":null,"robots_max_imagepreview":"large","priority":null,"frequency":null,"local_seo":null,"seo_analyzer_scan_date":"2026-02-27 07:53:39","breadcrumb_settings":null,"limit_modified_date":false,"reviewed_by":null,"open_ai":null,"ai":null,"created":"2025-04-15 07:11:32","updated":"2026-02-27 09:15:52"},"aioseo_breadcrumb":"<div class=\"aioseo-breadcrumbs\"><span class=\"aioseo-breadcrumb\">\n\tPintest\n<\/span><span class=\"aioseo-breadcrumb-separator\">\u2192<\/span><span class=\"aioseo-breadcrumb\">\n\t<a href=\"https:\/\/pintest.com.tr\" title=\"Ana sayfa\">Ana sayfa<\/a>\n<\/span><span class=\"aioseo-breadcrumb-separator\">\u2192<\/span><span class=\"aioseo-breadcrumb\">\n\tELEKTR\u0130KL\u0130 ARA\u00c7 \u015eARJ \u0130STASYONU PER\u0130YOD\u0130K KONTROL\u00dc\n<\/span><\/div>","aioseo_breadcrumb_json":[{"label":"Pintest","link":""},{"label":"Ana sayfa","link":"https:\/\/pintest.com.tr"},{"label":"ELEKTR\u0130KL\u0130 ARA\u00c7 \u015eARJ \u0130STASYONU PER\u0130YOD\u0130K KONTROL\u00dc","link":"https:\/\/pintest.com.tr\/index.php\/elektrikli-arac-sarj-istasyonu-periyodik-kontrolu\/"}],"_links":{"self":[{"href":"https:\/\/pintest.com.tr\/index.php\/wp-json\/wp\/v2\/pages\/1158","targetHints":{"allow":["GET"]}}],"collection":[{"href":"https:\/\/pintest.com.tr\/index.php\/wp-json\/wp\/v2\/pages"}],"about":[{"href":"https:\/\/pintest.com.tr\/index.php\/wp-json\/wp\/v2\/types\/page"}],"author":[{"embeddable":true,"href":"https:\/\/pintest.com.tr\/index.php\/wp-json\/wp\/v2\/users\/1"}],"replies":[{"embeddable":true,"href":"https:\/\/pintest.com.tr\/index.php\/wp-json\/wp\/v2\/comments?post=1158"}],"version-history":[{"count":2,"href":"https:\/\/pintest.com.tr\/index.php\/wp-json\/wp\/v2\/pages\/1158\/revisions"}],"predecessor-version":[{"id":1162,"href":"https:\/\/pintest.com.tr\/index.php\/wp-json\/wp\/v2\/pages\/1158\/revisions\/1162"}],"wp:attachment":[{"href":"https:\/\/pintest.com.tr\/index.php\/wp-json\/wp\/v2\/media?parent=1158"}],"curies":[{"name":"wp","href":"https:\/\/api.w.org\/{rel}","templated":true}]}}