{"id":1201,"date":"2023-12-24T20:33:40","date_gmt":"2023-12-24T17:33:40","guid":{"rendered":"https:\/\/pintest.com.tr\/?page_id=1201"},"modified":"2023-12-24T20:33:40","modified_gmt":"2023-12-24T17:33:40","slug":"monoray-vinc-periyodik-kontrolu-2","status":"publish","type":"page","link":"https:\/\/pintest.com.tr\/index.php\/monoray-vinc-periyodik-kontrolu-2\/","title":{"rendered":"MONORAY V\u0130N\u00c7 PER\u0130YOD\u0130K KONTROL\u00dc"},"content":{"rendered":"<div class=\"wpb-content-wrapper\"><p>[vc_row][vc_column][vc_column_text]End\u00fcstriyel tesislerde y\u00fck ta\u015f\u0131ma ve yerle\u015ftirme i\u015flemlerini kolayla\u015ft\u0131rmak amac\u0131yla kullan\u0131lan monoray vin\u00e7ler, karma\u015f\u0131k makineler olup g\u00fcvenlik ve dayan\u0131kl\u0131l\u0131k a\u00e7\u0131s\u0131ndan d\u00fczenli bak\u0131m ve periyodik kontrollere ihtiya\u00e7 duyarlar. Monoray vin\u00e7 periyodik kontrol\u00fc, i\u015f g\u00fcvenli\u011fini sa\u011flamak, operasyonel verimlili\u011fi art\u0131rmak ve ekipman\u0131n \u00f6mr\u00fcn\u00fc uzatmak ad\u0131na kritik bir rol oynamaktad\u0131r.<\/p>\n<p>Monoray vin\u00e7 muayenelerinde belirli y\u00fck alt\u0131nda statik ve dinamik y\u00fck testleri yap\u0131larak ekipman\u0131n dayan\u0131m\u0131 kontrol edilir. Kumanda butonu, elektrik panosu, red\u00fckt\u00f6r\u00fc, vin\u00e7 ba\u011flant\u0131 kaplini, tamburu, halat\u0131, kald\u0131rma-y\u00fcr\u00fcme motorlar\u0131, kancas\u0131 gibi par\u00e7alar kontrol edilir.<\/p>\n<p>Monoray vin\u00e7lerin periyodik kontrol\u00fc alan\u0131nda uzman makine m\u00fchendislerimiz taraf\u0131ndan TS EN 14492-1+A1, TS EN 13157+A1 standartlar\u0131nda belirtilen kriterlere uygun olarak yap\u0131l\u0131r.<\/p>\n<p>\u0130\u015f Ekipmanlar\u0131n\u0131n Kullan\u0131m\u0131nda Sa\u011fl\u0131k ve G\u00fcvenlik \u015eartlar\u0131 Y\u00f6netmeli\u011fi\u2018ne g\u00f6re monoray vin\u00e7lerin muayeneleri y\u0131lda en az 1 defa yap\u0131lmal\u0131d\u0131r.<\/p>\n<p><strong>G\u00fcvenlik Standartlar\u0131na Uyum<\/strong><\/p>\n<p>Monoray vin\u00e7ler, genellikle a\u011f\u0131r y\u00fckleri ta\u015f\u0131mak ve hassas yerle\u015ftirmeleri ger\u00e7ekle\u015ftirmek amac\u0131yla kullan\u0131l\u0131r. Bu nedenle, bu makinelerin d\u00fczenli olarak kontrol edilmesi, i\u015f g\u00fcvenli\u011fi standartlar\u0131na uyum sa\u011flamak ad\u0131na \u00f6nemlidir. Periyodik kontroller, potansiyel tehlikelerin tespit edilmesine olanak tan\u0131r ve gerekli \u00f6nlemlerin al\u0131nmas\u0131n\u0131 sa\u011flar.<\/p>\n<p><strong>Operasyonel Verimlili\u011fi Art\u0131rmak<\/strong><\/p>\n<p>Monoray vin\u00e7lerin d\u00fczenli bak\u0131m\u0131 ve periyodik kontrolleri, ekipman\u0131n do\u011fru ve etkili bir \u015fekilde \u00e7al\u0131\u015fmas\u0131n\u0131 sa\u011flar. Do\u011fru ayarlar ve d\u00fczenli bak\u0131m, vin\u00e7lerin daha h\u0131zl\u0131 ve verimli bir \u015fekilde \u00e7al\u0131\u015fmas\u0131na olanak tan\u0131r. Bu da i\u015f s\u00fcre\u00e7lerinde daha d\u00fczenli ve h\u0131zl\u0131 y\u00fck ta\u015f\u0131ma i\u015flemlerini m\u00fcmk\u00fcn k\u0131lar.<\/p>\n<p><strong>Ekipman Dayan\u0131kl\u0131l\u0131\u011f\u0131n\u0131 Sa\u011flamak<\/strong><\/p>\n<p>Monoray vin\u00e7lerin periyodik kontrol\u00fc, mekanik ve elektriksel bile\u015fenlerin d\u00fczenli olarak de\u011ferlendirilmesini i\u00e7erir. Bu kontroller, a\u015f\u0131nma ve y\u0131pranma gibi durumlar\u0131 erken a\u015famada tespit ederek \u00f6nlem almam\u0131za olanak tan\u0131r. Bu da ekipman\u0131n dayan\u0131kl\u0131l\u0131\u011f\u0131n\u0131 art\u0131rarak \u00f6mr\u00fcn\u00fc uzat\u0131r.<\/p>\n<p>Monoray vin\u00e7 periyodik kontrol\u00fc, i\u015f g\u00fcvenli\u011fi, operasyonel etkinlik ve ekipman dayan\u0131kl\u0131l\u0131\u011f\u0131 a\u00e7\u0131s\u0131ndan kritik bir uygulamad\u0131r. \u0130\u015fletmelerin bu kontrolleri d\u00fczenli olarak yapmalar\u0131, \u00e7al\u0131\u015fan g\u00fcvenli\u011fini ve i\u015f s\u00fcre\u00e7lerini en \u00fcst d\u00fczeye \u00e7\u0131karmak ad\u0131na \u00f6nemlidir. Ayr\u0131ca, bu uygulama i\u015fletmelerin ekipmanlar\u0131n\u0131 uzun \u00f6m\u00fcrl\u00fc k\u0131lma ve beklenmedik duru\u015f s\u00fcrelerini azaltma konusunda \u00f6nemli bir rol oynamaktad\u0131r.[\/vc_column_text][\/vc_column][\/vc_row]<\/p>\n<\/div>","protected":false},"excerpt":{"rendered":"<p>[vc_row][vc_column][vc_column_text]End\u00fcstriyel tesislerde y\u00fck ta\u015f\u0131ma ve yerle\u015ftirme i\u015flemlerini kolayla\u015ft\u0131rmak amac\u0131yla kullan\u0131lan monoray vin\u00e7ler, karma\u015f\u0131k makineler olup g\u00fcvenlik ve dayan\u0131kl\u0131l\u0131k a\u00e7\u0131s\u0131ndan d\u00fczenli bak\u0131m ve periyodik kontrollere ihtiya\u00e7 duyarlar. Monoray vin\u00e7 periyodik kontrol\u00fc, i\u015f g\u00fcvenli\u011fini sa\u011flamak, operasyonel verimlili\u011fi art\u0131rmak ve ekipman\u0131n \u00f6mr\u00fcn\u00fc uzatmak ad\u0131na kritik bir rol oynamaktad\u0131r. Monoray vin\u00e7 muayenelerinde belirli y\u00fck alt\u0131nda statik ve dinamik y\u00fck [&hellip;]<\/p>\n","protected":false},"author":1,"featured_media":0,"parent":0,"menu_order":0,"comment_status":"closed","ping_status":"closed","template":"","meta":{"om_disable_all_campaigns":false,"_monsterinsights_skip_tracking":false,"_monsterinsights_sitenote_active":false,"_monsterinsights_sitenote_note":"","_monsterinsights_sitenote_category":0,"footnotes":""},"class_list":["post-1201","page","type-page","status-publish","hentry"],"aioseo_notices":[],"aioseo_head":"\n\t\t<!-- All in One SEO Pro 4.9.6.2 - aioseo.com -->\n\t<meta name=\"description\" content=\"End\u00fcstriyel tesislerde y\u00fck ta\u015f\u0131ma ve yerle\u015ftirme i\u015flemlerini kolayla\u015ft\u0131rmak amac\u0131yla kullan\u0131lan monoray vin\u00e7ler, karma\u015f\u0131k makineler olup g\u00fcvenlik ve dayan\u0131kl\u0131l\u0131k a\u00e7\u0131s\u0131ndan d\u00fczenli bak\u0131m ve periyodik kontrollere ihtiya\u00e7 duyarlar. Monoray vin\u00e7 periyodik kontrol\u00fc, i\u015f g\u00fcvenli\u011fini sa\u011flamak, operasyonel verimlili\u011fi art\u0131rmak ve ekipman\u0131n \u00f6mr\u00fcn\u00fc uzatmak ad\u0131na kritik bir rol oynamaktad\u0131r. Monoray vin\u00e7 muayenelerinde belirli y\u00fck alt\u0131nda statik ve dinamik y\u00fck\" \/>\n\t<meta name=\"robots\" content=\"max-image-preview:large\" \/>\n\t<meta name=\"google-site-verification\" content=\"Q4QTclIfGhhdyEzlAb1wftEv3qRfz1KW5mq8eV4NCpQ\" \/>\n\t<link rel=\"canonical\" href=\"https:\/\/pintest.com.tr\/index.php\/monoray-vinc-periyodik-kontrolu-2\/\" \/>\n\t<meta name=\"generator\" content=\"All in One SEO Pro (AIOSEO) 4.9.6.2\" \/>\n\t\t<meta property=\"og:locale\" content=\"tr_TR\" \/>\n\t\t<meta property=\"og:site_name\" content=\"Pintest M\u00fchendislik - Uygunluk De\u011ferlendirme Kurulu\u015fu\" \/>\n\t\t<meta property=\"og:type\" content=\"article\" \/>\n\t\t<meta property=\"og:title\" content=\"MONORAY V\u0130N\u00c7 PER\u0130YOD\u0130K KONTROL\u00dc - Pintest M\u00fchendislik\" \/>\n\t\t<meta property=\"og:description\" content=\"End\u00fcstriyel tesislerde y\u00fck ta\u015f\u0131ma ve yerle\u015ftirme i\u015flemlerini kolayla\u015ft\u0131rmak amac\u0131yla kullan\u0131lan monoray vin\u00e7ler, karma\u015f\u0131k makineler olup g\u00fcvenlik ve dayan\u0131kl\u0131l\u0131k a\u00e7\u0131s\u0131ndan d\u00fczenli bak\u0131m ve periyodik kontrollere ihtiya\u00e7 duyarlar. Monoray vin\u00e7 periyodik kontrol\u00fc, i\u015f g\u00fcvenli\u011fini sa\u011flamak, operasyonel verimlili\u011fi art\u0131rmak ve ekipman\u0131n \u00f6mr\u00fcn\u00fc uzatmak ad\u0131na kritik bir rol oynamaktad\u0131r. Monoray vin\u00e7 muayenelerinde belirli y\u00fck alt\u0131nda statik ve dinamik y\u00fck\" \/>\n\t\t<meta property=\"og:url\" content=\"https:\/\/pintest.com.tr\/index.php\/monoray-vinc-periyodik-kontrolu-2\/\" \/>\n\t\t<meta property=\"og:image\" content=\"https:\/\/pintest.com.tr\/wp-content\/uploads\/2023\/12\/cropped-Pintest-Favicon.webp\" \/>\n\t\t<meta property=\"og:image:secure_url\" content=\"https:\/\/pintest.com.tr\/wp-content\/uploads\/2023\/12\/cropped-Pintest-Favicon.webp\" \/>\n\t\t<meta property=\"og:image:width\" content=\"512\" \/>\n\t\t<meta property=\"og:image:height\" content=\"512\" \/>\n\t\t<meta property=\"article:published_time\" content=\"2023-12-24T17:33:40+00:00\" \/>\n\t\t<meta property=\"article:modified_time\" content=\"2023-12-24T17:33:40+00:00\" \/>\n\t\t<meta property=\"article:publisher\" content=\"https:\/\/www.facebook.com\/profile.php?id=61572533822690\" \/>\n\t\t<meta name=\"twitter:card\" content=\"summary_large_image\" \/>\n\t\t<meta name=\"twitter:title\" content=\"MONORAY V\u0130N\u00c7 PER\u0130YOD\u0130K KONTROL\u00dc - Pintest M\u00fchendislik\" \/>\n\t\t<meta name=\"twitter:description\" content=\"End\u00fcstriyel tesislerde y\u00fck ta\u015f\u0131ma ve yerle\u015ftirme i\u015flemlerini kolayla\u015ft\u0131rmak amac\u0131yla kullan\u0131lan monoray vin\u00e7ler, karma\u015f\u0131k makineler olup g\u00fcvenlik ve dayan\u0131kl\u0131l\u0131k a\u00e7\u0131s\u0131ndan d\u00fczenli bak\u0131m ve periyodik kontrollere ihtiya\u00e7 duyarlar. Monoray vin\u00e7 periyodik kontrol\u00fc, i\u015f g\u00fcvenli\u011fini sa\u011flamak, operasyonel verimlili\u011fi art\u0131rmak ve ekipman\u0131n \u00f6mr\u00fcn\u00fc uzatmak ad\u0131na kritik bir rol oynamaktad\u0131r. Monoray vin\u00e7 muayenelerinde belirli y\u00fck alt\u0131nda statik ve dinamik y\u00fck\" \/>\n\t\t<meta name=\"twitter:image\" content=\"https:\/\/pintest.com.tr\/wp-content\/uploads\/2023\/12\/cropped-Pintest-Favicon.webp\" \/>\n\t\t<script type=\"application\/ld+json\" class=\"aioseo-schema\">\n\t\t\t{\"@context\":\"https:\\\/\\\/schema.org\",\"@graph\":[{\"@type\":\"BreadcrumbList\",\"@id\":\"https:\\\/\\\/pintest.com.tr\\\/index.php\\\/monoray-vinc-periyodik-kontrolu-2\\\/#breadcrumblist\",\"itemListElement\":[{\"@type\":\"ListItem\",\"@id\":\"https:\\\/\\\/pintest.com.tr#listItem\",\"position\":2,\"name\":\"Ana sayfa\",\"item\":\"https:\\\/\\\/pintest.com.tr\",\"nextItem\":{\"@type\":\"ListItem\",\"@id\":\"https:\\\/\\\/pintest.com.tr\\\/index.php\\\/monoray-vinc-periyodik-kontrolu-2\\\/#listItem\",\"name\":\"MONORAY V\\u0130N\\u00c7 PER\\u0130YOD\\u0130K KONTROL\\u00dc\"},\"previousItem\":{\"@type\":\"ListItem\",\"@id\":\"#listItem\",\"name\":\"Pintest\"}},{\"@type\":\"ListItem\",\"@id\":\"https:\\\/\\\/pintest.com.tr\\\/index.php\\\/monoray-vinc-periyodik-kontrolu-2\\\/#listItem\",\"position\":3,\"name\":\"MONORAY V\\u0130N\\u00c7 PER\\u0130YOD\\u0130K KONTROL\\u00dc\",\"previousItem\":{\"@type\":\"ListItem\",\"@id\":\"https:\\\/\\\/pintest.com.tr#listItem\",\"name\":\"Ana sayfa\"}}]},{\"@type\":\"Organization\",\"@id\":\"https:\\\/\\\/pintest.com.tr\\\/#organization\",\"name\":\"Pintest M\\u00fchendislik P\\u0130NTEST M\\u00dcHEND\\u0130SL\\u0130K\",\"description\":\"Uygunluk De\\u011ferlendirme Kurulu\\u015fu Firmam\\u0131z, i\\u015f d\\u00fcnyas\\u0131na att\\u0131\\u011f\\u0131 ilk ad\\u0131mlarla i\\u015f sa\\u011fl\\u0131\\u011f\\u0131 ve g\\u00fcvenli\\u011fi alan\\u0131nda uzman kadrosuyla \\u00f6nemli bir yer edinmi\\u015ftir. \\u015eirketimiz faaliyette bulundu\\u011fu periyodik kontrol\\\/muayene, Akustik rapor, i\\u015f hijyeni ve \\u00e7evresel g\\u00fcr\\u00fclt\\u00fc \\u00f6l\\u00e7\\u00fcmleri sekt\\u00f6rde rol \\u00fcstlenmektedir. Pintest M\\u00fchendislik olarak, faaliyet g\\u00f6sterdi\\u011fimiz alanda deneyimli kadrolar\\u0131m\\u0131zla beraber kurdu\\u011fumuz g\\u00fcvenilir ili\\u015fkilerimiz \\u00e7er\\u00e7evesinde faaliyetlerimizi verimli bir \\u015fekilde y\\u00fcr\\u00fct\\u00fcyoruz. Tercih edilir olmam\\u0131zdaki en \\u00f6nemli etken donan\\u0131ml\\u0131 ve yetkin insan kayna\\u011f\\u0131m\\u0131zd\\u0131r. \\u0130nsan ya\\u015fam\\u0131n\\u0131n de\\u011ferini benimseyen ve bu do\\u011frultuda sekt\\u00f6rlerde gerekli kontrol ve analizleri ger\\u00e7ekle\\u015ftirerek sa\\u011fl\\u0131kl\\u0131 ve g\\u00fcvenilir \\u00e7al\\u0131\\u015fma ortam\\u0131 olu\\u015fturmay\\u0131 ama\\u00e7l\\u0131yoruz.\",\"url\":\"https:\\\/\\\/pintest.com.tr\\\/\",\"telephone\":\"+905057458845\",\"logo\":{\"@type\":\"ImageObject\",\"url\":\"https:\\\/\\\/pintest.com.tr\\\/wp-content\\\/uploads\\\/2023\\\/12\\\/Pintest-Logo-Ana.png\",\"@id\":\"https:\\\/\\\/pintest.com.tr\\\/index.php\\\/monoray-vinc-periyodik-kontrolu-2\\\/#organizationLogo\",\"width\":150,\"height\":113},\"image\":{\"@id\":\"https:\\\/\\\/pintest.com.tr\\\/index.php\\\/monoray-vinc-periyodik-kontrolu-2\\\/#organizationLogo\"},\"sameAs\":[\"https:\\\/\\\/www.facebook.com\\\/profile.php?id=61572533822690\",\"https:\\\/\\\/www.instagram.com\\\/pintest.uygunluk.degerlendirme\\\/\",\"https:\\\/\\\/www.linkedin.com\\\/company\\\/101180367\\\/admin\\\/dashboard\\\/\"]},{\"@type\":\"WebPage\",\"@id\":\"https:\\\/\\\/pintest.com.tr\\\/index.php\\\/monoray-vinc-periyodik-kontrolu-2\\\/#webpage\",\"url\":\"https:\\\/\\\/pintest.com.tr\\\/index.php\\\/monoray-vinc-periyodik-kontrolu-2\\\/\",\"name\":\"MONORAY V\\u0130N\\u00c7 PER\\u0130YOD\\u0130K KONTROL\\u00dc - Pintest M\\u00fchendislik\",\"description\":\"End\\u00fcstriyel tesislerde y\\u00fck ta\\u015f\\u0131ma ve yerle\\u015ftirme i\\u015flemlerini kolayla\\u015ft\\u0131rmak amac\\u0131yla kullan\\u0131lan monoray vin\\u00e7ler, karma\\u015f\\u0131k makineler olup g\\u00fcvenlik ve dayan\\u0131kl\\u0131l\\u0131k a\\u00e7\\u0131s\\u0131ndan d\\u00fczenli bak\\u0131m ve periyodik kontrollere ihtiya\\u00e7 duyarlar. Monoray vin\\u00e7 periyodik kontrol\\u00fc, i\\u015f g\\u00fcvenli\\u011fini sa\\u011flamak, operasyonel verimlili\\u011fi art\\u0131rmak ve ekipman\\u0131n \\u00f6mr\\u00fcn\\u00fc uzatmak ad\\u0131na kritik bir rol oynamaktad\\u0131r. Monoray vin\\u00e7 muayenelerinde belirli y\\u00fck alt\\u0131nda statik ve dinamik y\\u00fck\",\"inLanguage\":\"tr-TR\",\"isPartOf\":{\"@id\":\"https:\\\/\\\/pintest.com.tr\\\/#website\"},\"breadcrumb\":{\"@id\":\"https:\\\/\\\/pintest.com.tr\\\/index.php\\\/monoray-vinc-periyodik-kontrolu-2\\\/#breadcrumblist\"},\"datePublished\":\"2023-12-24T20:33:40+03:00\",\"dateModified\":\"2023-12-24T20:33:40+03:00\"},{\"@type\":\"WebSite\",\"@id\":\"https:\\\/\\\/pintest.com.tr\\\/#website\",\"url\":\"https:\\\/\\\/pintest.com.tr\\\/\",\"name\":\"Pintest M\\u00fchendislik\",\"description\":\"Uygunluk De\\u011ferlendirme Kurulu\\u015fu\",\"inLanguage\":\"tr-TR\",\"publisher\":{\"@id\":\"https:\\\/\\\/pintest.com.tr\\\/#organization\"}}]}\n\t\t<\/script>\n\t\t<!-- All in One SEO Pro -->\r\n\t\t<title>MONORAY V\u0130N\u00c7 PER\u0130YOD\u0130K KONTROL\u00dc - Pintest M\u00fchendislik<\/title>\n\n","aioseo_head_json":{"title":"MONORAY V\u0130N\u00c7 PER\u0130YOD\u0130K KONTROL\u00dc - Pintest M\u00fchendislik","description":"End\u00fcstriyel tesislerde y\u00fck ta\u015f\u0131ma ve yerle\u015ftirme i\u015flemlerini kolayla\u015ft\u0131rmak amac\u0131yla kullan\u0131lan monoray vin\u00e7ler, karma\u015f\u0131k makineler olup g\u00fcvenlik ve dayan\u0131kl\u0131l\u0131k a\u00e7\u0131s\u0131ndan d\u00fczenli bak\u0131m ve periyodik kontrollere ihtiya\u00e7 duyarlar. Monoray vin\u00e7 periyodik kontrol\u00fc, i\u015f g\u00fcvenli\u011fini sa\u011flamak, operasyonel verimlili\u011fi art\u0131rmak ve ekipman\u0131n \u00f6mr\u00fcn\u00fc uzatmak ad\u0131na kritik bir rol oynamaktad\u0131r. Monoray vin\u00e7 muayenelerinde belirli y\u00fck alt\u0131nda statik ve dinamik y\u00fck","canonical_url":"https:\/\/pintest.com.tr\/index.php\/monoray-vinc-periyodik-kontrolu-2\/","robots":"max-image-preview:large","keywords":"","webmasterTools":{"google-site-verification":"Q4QTclIfGhhdyEzlAb1wftEv3qRfz1KW5mq8eV4NCpQ","miscellaneous":""},"schema":{"@context":"https:\/\/schema.org","@graph":[{"@type":"BreadcrumbList","@id":"https:\/\/pintest.com.tr\/index.php\/monoray-vinc-periyodik-kontrolu-2\/#breadcrumblist","itemListElement":[{"@type":"ListItem","@id":"https:\/\/pintest.com.tr#listItem","position":2,"name":"Ana sayfa","item":"https:\/\/pintest.com.tr","nextItem":{"@type":"ListItem","@id":"https:\/\/pintest.com.tr\/index.php\/monoray-vinc-periyodik-kontrolu-2\/#listItem","name":"MONORAY V\u0130N\u00c7 PER\u0130YOD\u0130K KONTROL\u00dc"},"previousItem":{"@type":"ListItem","@id":"#listItem","name":"Pintest"}},{"@type":"ListItem","@id":"https:\/\/pintest.com.tr\/index.php\/monoray-vinc-periyodik-kontrolu-2\/#listItem","position":3,"name":"MONORAY V\u0130N\u00c7 PER\u0130YOD\u0130K KONTROL\u00dc","previousItem":{"@type":"ListItem","@id":"https:\/\/pintest.com.tr#listItem","name":"Ana sayfa"}}]},{"@type":"Organization","@id":"https:\/\/pintest.com.tr\/#organization","name":"Pintest M\u00fchendislik P\u0130NTEST M\u00dcHEND\u0130SL\u0130K","description":"Uygunluk De\u011ferlendirme Kurulu\u015fu Firmam\u0131z, i\u015f d\u00fcnyas\u0131na att\u0131\u011f\u0131 ilk ad\u0131mlarla i\u015f sa\u011fl\u0131\u011f\u0131 ve g\u00fcvenli\u011fi alan\u0131nda uzman kadrosuyla \u00f6nemli bir yer edinmi\u015ftir. \u015eirketimiz faaliyette bulundu\u011fu periyodik kontrol\/muayene, Akustik rapor, i\u015f hijyeni ve \u00e7evresel g\u00fcr\u00fclt\u00fc \u00f6l\u00e7\u00fcmleri sekt\u00f6rde rol \u00fcstlenmektedir. Pintest M\u00fchendislik olarak, faaliyet g\u00f6sterdi\u011fimiz alanda deneyimli kadrolar\u0131m\u0131zla beraber kurdu\u011fumuz g\u00fcvenilir ili\u015fkilerimiz \u00e7er\u00e7evesinde faaliyetlerimizi verimli bir \u015fekilde y\u00fcr\u00fct\u00fcyoruz. Tercih edilir olmam\u0131zdaki en \u00f6nemli etken donan\u0131ml\u0131 ve yetkin insan kayna\u011f\u0131m\u0131zd\u0131r. \u0130nsan ya\u015fam\u0131n\u0131n de\u011ferini benimseyen ve bu do\u011frultuda sekt\u00f6rlerde gerekli kontrol ve analizleri ger\u00e7ekle\u015ftirerek sa\u011fl\u0131kl\u0131 ve g\u00fcvenilir \u00e7al\u0131\u015fma ortam\u0131 olu\u015fturmay\u0131 ama\u00e7l\u0131yoruz.","url":"https:\/\/pintest.com.tr\/","telephone":"+905057458845","logo":{"@type":"ImageObject","url":"https:\/\/pintest.com.tr\/wp-content\/uploads\/2023\/12\/Pintest-Logo-Ana.png","@id":"https:\/\/pintest.com.tr\/index.php\/monoray-vinc-periyodik-kontrolu-2\/#organizationLogo","width":150,"height":113},"image":{"@id":"https:\/\/pintest.com.tr\/index.php\/monoray-vinc-periyodik-kontrolu-2\/#organizationLogo"},"sameAs":["https:\/\/www.facebook.com\/profile.php?id=61572533822690","https:\/\/www.instagram.com\/pintest.uygunluk.degerlendirme\/","https:\/\/www.linkedin.com\/company\/101180367\/admin\/dashboard\/"]},{"@type":"WebPage","@id":"https:\/\/pintest.com.tr\/index.php\/monoray-vinc-periyodik-kontrolu-2\/#webpage","url":"https:\/\/pintest.com.tr\/index.php\/monoray-vinc-periyodik-kontrolu-2\/","name":"MONORAY V\u0130N\u00c7 PER\u0130YOD\u0130K KONTROL\u00dc - Pintest M\u00fchendislik","description":"End\u00fcstriyel tesislerde y\u00fck ta\u015f\u0131ma ve yerle\u015ftirme i\u015flemlerini kolayla\u015ft\u0131rmak amac\u0131yla kullan\u0131lan monoray vin\u00e7ler, karma\u015f\u0131k makineler olup g\u00fcvenlik ve dayan\u0131kl\u0131l\u0131k a\u00e7\u0131s\u0131ndan d\u00fczenli bak\u0131m ve periyodik kontrollere ihtiya\u00e7 duyarlar. Monoray vin\u00e7 periyodik kontrol\u00fc, i\u015f g\u00fcvenli\u011fini sa\u011flamak, operasyonel verimlili\u011fi art\u0131rmak ve ekipman\u0131n \u00f6mr\u00fcn\u00fc uzatmak ad\u0131na kritik bir rol oynamaktad\u0131r. Monoray vin\u00e7 muayenelerinde belirli y\u00fck alt\u0131nda statik ve dinamik y\u00fck","inLanguage":"tr-TR","isPartOf":{"@id":"https:\/\/pintest.com.tr\/#website"},"breadcrumb":{"@id":"https:\/\/pintest.com.tr\/index.php\/monoray-vinc-periyodik-kontrolu-2\/#breadcrumblist"},"datePublished":"2023-12-24T20:33:40+03:00","dateModified":"2023-12-24T20:33:40+03:00"},{"@type":"WebSite","@id":"https:\/\/pintest.com.tr\/#website","url":"https:\/\/pintest.com.tr\/","name":"Pintest M\u00fchendislik","description":"Uygunluk De\u011ferlendirme Kurulu\u015fu","inLanguage":"tr-TR","publisher":{"@id":"https:\/\/pintest.com.tr\/#organization"}}]},"og:locale":"tr_TR","og:site_name":"Pintest M\u00fchendislik - Uygunluk De\u011ferlendirme Kurulu\u015fu","og:type":"article","og:title":"MONORAY V\u0130N\u00c7 PER\u0130YOD\u0130K KONTROL\u00dc - Pintest M\u00fchendislik","og:description":"End\u00fcstriyel tesislerde y\u00fck ta\u015f\u0131ma ve yerle\u015ftirme i\u015flemlerini kolayla\u015ft\u0131rmak amac\u0131yla kullan\u0131lan monoray vin\u00e7ler, karma\u015f\u0131k makineler olup g\u00fcvenlik ve dayan\u0131kl\u0131l\u0131k a\u00e7\u0131s\u0131ndan d\u00fczenli bak\u0131m ve periyodik kontrollere ihtiya\u00e7 duyarlar. Monoray vin\u00e7 periyodik kontrol\u00fc, i\u015f g\u00fcvenli\u011fini sa\u011flamak, operasyonel verimlili\u011fi art\u0131rmak ve ekipman\u0131n \u00f6mr\u00fcn\u00fc uzatmak ad\u0131na kritik bir rol oynamaktad\u0131r. Monoray vin\u00e7 muayenelerinde belirli y\u00fck alt\u0131nda statik ve dinamik y\u00fck","og:url":"https:\/\/pintest.com.tr\/index.php\/monoray-vinc-periyodik-kontrolu-2\/","og:image":"https:\/\/pintest.com.tr\/wp-content\/uploads\/2023\/12\/cropped-Pintest-Favicon.webp","og:image:secure_url":"https:\/\/pintest.com.tr\/wp-content\/uploads\/2023\/12\/cropped-Pintest-Favicon.webp","og:image:width":512,"og:image:height":512,"article:published_time":"2023-12-24T17:33:40+00:00","article:modified_time":"2023-12-24T17:33:40+00:00","article:publisher":"https:\/\/www.facebook.com\/profile.php?id=61572533822690","twitter:card":"summary_large_image","twitter:title":"MONORAY V\u0130N\u00c7 PER\u0130YOD\u0130K KONTROL\u00dc - Pintest M\u00fchendislik","twitter:description":"End\u00fcstriyel tesislerde y\u00fck ta\u015f\u0131ma ve yerle\u015ftirme i\u015flemlerini kolayla\u015ft\u0131rmak amac\u0131yla kullan\u0131lan monoray vin\u00e7ler, karma\u015f\u0131k makineler olup g\u00fcvenlik ve dayan\u0131kl\u0131l\u0131k a\u00e7\u0131s\u0131ndan d\u00fczenli bak\u0131m ve periyodik kontrollere ihtiya\u00e7 duyarlar. Monoray vin\u00e7 periyodik kontrol\u00fc, i\u015f g\u00fcvenli\u011fini sa\u011flamak, operasyonel verimlili\u011fi art\u0131rmak ve ekipman\u0131n \u00f6mr\u00fcn\u00fc uzatmak ad\u0131na kritik bir rol oynamaktad\u0131r. Monoray vin\u00e7 muayenelerinde belirli y\u00fck alt\u0131nda statik ve dinamik y\u00fck","twitter:image":"https:\/\/pintest.com.tr\/wp-content\/uploads\/2023\/12\/cropped-Pintest-Favicon.webp"},"aioseo_meta_data":{"post_id":"1201","title":null,"description":null,"keywords":null,"keyphrases":null,"primary_term":null,"canonical_url":null,"og_title":null,"og_description":null,"og_object_type":"default","og_image_type":"default","og_image_url":null,"og_image_width":null,"og_image_height":null,"og_image_custom_url":null,"og_image_custom_fields":null,"og_video":null,"og_custom_url":null,"og_article_section":null,"og_article_tags":null,"twitter_use_og":false,"twitter_card":"default","twitter_image_type":"default","twitter_image_url":null,"twitter_image_custom_url":null,"twitter_image_custom_fields":null,"twitter_title":null,"twitter_description":null,"schema":{"blockGraphs":[],"customGraphs":[],"default":{"data":{"Article":[],"Course":[],"Dataset":[],"FAQPage":[],"Movie":[],"Person":[],"Product":[],"ProductReview":[],"Car":[],"Recipe":[],"Service":[],"SoftwareApplication":[],"WebPage":[]},"graphName":"","isEnabled":true},"graphs":[]},"schema_type":"default","schema_type_options":null,"pillar_content":false,"robots_default":true,"robots_noindex":false,"robots_noarchive":false,"robots_nosnippet":false,"robots_nofollow":false,"robots_noimageindex":false,"robots_noodp":false,"robots_notranslate":false,"robots_max_snippet":null,"robots_max_videopreview":null,"robots_max_imagepreview":"large","priority":null,"frequency":null,"local_seo":null,"seo_analyzer_scan_date":"2026-02-27 08:05:37","breadcrumb_settings":null,"limit_modified_date":false,"reviewed_by":null,"open_ai":null,"ai":null,"created":"2025-04-15 07:11:32","updated":"2026-02-27 09:15:53"},"aioseo_breadcrumb":"<div class=\"aioseo-breadcrumbs\"><span class=\"aioseo-breadcrumb\">\n\tPintest\n<\/span><span class=\"aioseo-breadcrumb-separator\">\u2192<\/span><span class=\"aioseo-breadcrumb\">\n\t<a href=\"https:\/\/pintest.com.tr\" title=\"Ana sayfa\">Ana sayfa<\/a>\n<\/span><span class=\"aioseo-breadcrumb-separator\">\u2192<\/span><span class=\"aioseo-breadcrumb\">\n\tMONORAY V\u0130N\u00c7 PER\u0130YOD\u0130K KONTROL\u00dc\n<\/span><\/div>","aioseo_breadcrumb_json":[{"label":"Pintest","link":""},{"label":"Ana sayfa","link":"https:\/\/pintest.com.tr"},{"label":"MONORAY V\u0130N\u00c7 PER\u0130YOD\u0130K KONTROL\u00dc","link":"https:\/\/pintest.com.tr\/index.php\/monoray-vinc-periyodik-kontrolu-2\/"}],"_links":{"self":[{"href":"https:\/\/pintest.com.tr\/index.php\/wp-json\/wp\/v2\/pages\/1201","targetHints":{"allow":["GET"]}}],"collection":[{"href":"https:\/\/pintest.com.tr\/index.php\/wp-json\/wp\/v2\/pages"}],"about":[{"href":"https:\/\/pintest.com.tr\/index.php\/wp-json\/wp\/v2\/types\/page"}],"author":[{"embeddable":true,"href":"https:\/\/pintest.com.tr\/index.php\/wp-json\/wp\/v2\/users\/1"}],"replies":[{"embeddable":true,"href":"https:\/\/pintest.com.tr\/index.php\/wp-json\/wp\/v2\/comments?post=1201"}],"version-history":[{"count":1,"href":"https:\/\/pintest.com.tr\/index.php\/wp-json\/wp\/v2\/pages\/1201\/revisions"}],"predecessor-version":[{"id":1202,"href":"https:\/\/pintest.com.tr\/index.php\/wp-json\/wp\/v2\/pages\/1201\/revisions\/1202"}],"wp:attachment":[{"href":"https:\/\/pintest.com.tr\/index.php\/wp-json\/wp\/v2\/media?parent=1201"}],"curies":[{"name":"wp","href":"https:\/\/api.w.org\/{rel}","templated":true}]}}