{"id":1233,"date":"2023-12-24T20:59:39","date_gmt":"2023-12-24T17:59:39","guid":{"rendered":"https:\/\/pintest.com.tr\/?page_id=1233"},"modified":"2023-12-24T20:59:39","modified_gmt":"2023-12-24T17:59:39","slug":"halatli-cektirme-trifor-periyodik-kontrolu","status":"publish","type":"page","link":"https:\/\/pintest.com.tr\/index.php\/halatli-cektirme-trifor-periyodik-kontrolu\/","title":{"rendered":"HALATLI \u00c7EKT\u0130RME (TR\u0130FOR) PER\u0130YOD\u0130K KONTROL\u00dc"},"content":{"rendered":"<div class=\"wpb-content-wrapper\"><p>[vc_row][vc_column][vc_column_text]Halatl\u0131 \u00e7ektirme ara\u00e7lar\u0131, hareketli tel halatl\u0131 portatif kald\u0131rma ara\u00e7lar\u0131 olarak bilinir ve bir di\u011fer adlar\u0131 tel halat vincidir. Belirli ta\u015f\u0131ma kapasitelerini a\u015fmadan, y\u00fckleri uzak mesafelere \u00e7ekmek, kald\u0131rmak ve yerle\u015ftirmek amac\u0131yla kullan\u0131l\u0131rlar. Bu profesyonel kald\u0131rma ara\u00e7lar\u0131, ta\u015f\u0131nabilirlikleri ve sa\u011flaml\u0131klar\u0131 ile geni\u015f bir uygulama yelpazesine uygun bir \u00e7\u00f6z\u00fcm sunarlar.<\/p>\n<p><strong>\u00d6zellikler:<\/strong><\/p>\n<p>Y\u00fck Kapasitesi Artt\u0131r\u0131labilir: Halatl\u0131 \u00e7ektirme ara\u00e7lar\u0131, y\u00fck kapasitesini art\u0131rmak i\u00e7in bir kasnak blo\u011fu eklenerek kullan\u0131labilir. Bu sayede daha a\u011f\u0131r y\u00fckleri g\u00fcvenli bir \u015fekilde \u00e7ekebilir ve kald\u0131rabilirler.<\/p>\n<p>Ta\u015f\u0131nabilir ve Esnek Kullan\u0131m: Bu ara\u00e7lar, ta\u015f\u0131nabilir \u00f6zellikleri ve sa\u011flam yap\u0131lar\u0131 ile istenilen her y\u00f6nde kullan\u0131labilirler. Hafif olmalar\u0131 ve kolayca kurulabilmeleri, \u00e7e\u015fitli uygulamalarda kullan\u0131lmalar\u0131n\u0131 sa\u011flar.<\/p>\n<p><strong>Halat Uzunlu\u011fu Esnekli\u011fi:<\/strong> Halat uzunlu\u011fu konusunda bir s\u0131n\u0131rlama yoktur. Bu \u00f6zellik, farkl\u0131 y\u00fcksekliklerde ve mesafelerde \u00e7al\u0131\u015fma esnekli\u011fi sa\u011flar.<\/p>\n<p><strong>Korumal\u0131 Y\u00fck Emniyeti:<\/strong> Ara\u00e7lar, fazla y\u00fcke kar\u015f\u0131 korumal\u0131d\u0131r ve y\u00fck emniyeti sayesinde i\u015f kazalar\u0131n\u0131 minimize ederler.<\/p>\n<p><strong>\u00c7e\u015fitli Uygulamalara Uygun:<\/strong> Halatl\u0131 \u00e7ektirme ara\u00e7lar\u0131, geleneksel vin\u00e7lerin yerini alabilir ve bir\u00e7ok uygulamada kullan\u0131labilirler.<\/p>\n<p><strong>Periyodik Kontroller:<\/strong> \u0130lgili yasal d\u00fczenlemelere uygun olarak, bu ara\u00e7lar her y\u0131l en az bir defa periyodik olarak kontrol ve muayene edilmelidir.<\/p>\n<p><strong>G\u00fcvenilir ve Verimli \u00c7al\u0131\u015fma:<\/strong><\/p>\n<p>Halatl\u0131 \u00e7ektirme ara\u00e7lar\u0131, g\u00fcvenilir ve verimli kald\u0131rma i\u015flemleri i\u00e7in tasarlanm\u0131\u015ft\u0131r. Teleskopik kumanda kolu kullan\u0131larak tek ki\u015fi taraf\u0131ndan i\u015fletilebilir ve herhangi bir pozisyonda ve asans\u00f6r y\u00fcksekli\u011finde \u00e7al\u0131\u015fabilir. Y\u00fck kald\u0131rma veya indirme i\u015flemlerinde y\u00fcksek hassasiyetle kontrol edilebilirler.<\/p>\n<p>Sonu\u00e7 olarak, halatl\u0131 \u00e7ektirme ara\u00e7lar\u0131, geni\u015f bir uygulama yelpazesi i\u00e7in ideal \u00e7\u00f6z\u00fcmler sunar. Sa\u011flaml\u0131klar\u0131, ta\u015f\u0131nabilirlikleri ve g\u00fcvenli \u00e7al\u0131\u015fma \u00f6zellikleri ile profesyonellerin tercihi olmaya devam ederler.<\/p>\n<p>Halatl\u0131 \u00e7ektirme periyodik kontrol\u00fc alan\u0131nda uzman makine m\u00fchendislerimiz taraf\u0131ndan TS 1228 \u00c7elik tel halatl\u0131 \u00e7ektirmeler, TS ISO 4510-2 \u0130n\u015faat ve kaz\u0131 makinalar\u0131 &#8211; Servis el aletleri &#8211; B\u00f6l\u00fcm 2: Mekanik \u00e7ektirmeler ve iticiler, DIN 15404-1 Kald\u0131rma kancalar\u0131 &#8211; Teknik teslimat standard\u0131nda belirtilen kriterlere uygun olarak yap\u0131l\u0131r.<\/p>\n<p>\u0130\u015f Ekipmanlar\u0131n\u0131n Kullan\u0131m\u0131nda Sa\u011fl\u0131k ve G\u00fcvenlik \u015eartlar\u0131 Y\u00f6netmeli\u011fi\u2018ne g\u00f6re halatl\u0131 \u00e7ektirmelerin muayeneleri y\u0131lda en az 1 defa yap\u0131lmal\u0131d\u0131r.[\/vc_column_text][\/vc_column][\/vc_row]<\/p>\n<\/div>","protected":false},"excerpt":{"rendered":"<p>[vc_row][vc_column][vc_column_text]Halatl\u0131 \u00e7ektirme ara\u00e7lar\u0131, hareketli tel halatl\u0131 portatif kald\u0131rma ara\u00e7lar\u0131 olarak bilinir ve bir di\u011fer adlar\u0131 tel halat vincidir. Belirli ta\u015f\u0131ma kapasitelerini a\u015fmadan, y\u00fckleri uzak mesafelere \u00e7ekmek, kald\u0131rmak ve yerle\u015ftirmek amac\u0131yla kullan\u0131l\u0131rlar. Bu profesyonel kald\u0131rma ara\u00e7lar\u0131, ta\u015f\u0131nabilirlikleri ve sa\u011flaml\u0131klar\u0131 ile geni\u015f bir uygulama yelpazesine uygun bir \u00e7\u00f6z\u00fcm sunarlar. \u00d6zellikler: Y\u00fck Kapasitesi Artt\u0131r\u0131labilir: Halatl\u0131 \u00e7ektirme ara\u00e7lar\u0131, y\u00fck [&hellip;]<\/p>\n","protected":false},"author":1,"featured_media":0,"parent":0,"menu_order":0,"comment_status":"closed","ping_status":"closed","template":"","meta":{"om_disable_all_campaigns":false,"_monsterinsights_skip_tracking":false,"_monsterinsights_sitenote_active":false,"_monsterinsights_sitenote_note":"","_monsterinsights_sitenote_category":0,"footnotes":""},"class_list":["post-1233","page","type-page","status-publish","hentry"],"aioseo_notices":[],"aioseo_head":"\n\t\t<!-- All in One SEO Pro 4.9.6.2 - aioseo.com -->\n\t<meta name=\"description\" content=\"Halatl\u0131 \u00e7ektirme ara\u00e7lar\u0131, hareketli tel halatl\u0131 portatif kald\u0131rma ara\u00e7lar\u0131 olarak bilinir ve bir di\u011fer adlar\u0131 tel halat vincidir. Belirli ta\u015f\u0131ma kapasitelerini a\u015fmadan, y\u00fckleri uzak mesafelere \u00e7ekmek, kald\u0131rmak ve yerle\u015ftirmek amac\u0131yla kullan\u0131l\u0131rlar. Bu profesyonel kald\u0131rma ara\u00e7lar\u0131, ta\u015f\u0131nabilirlikleri ve sa\u011flaml\u0131klar\u0131 ile geni\u015f bir uygulama yelpazesine uygun bir \u00e7\u00f6z\u00fcm sunarlar. \u00d6zellikler: Y\u00fck Kapasitesi Artt\u0131r\u0131labilir: Halatl\u0131 \u00e7ektirme ara\u00e7lar\u0131, y\u00fck\" \/>\n\t<meta name=\"robots\" content=\"max-image-preview:large\" \/>\n\t<meta name=\"google-site-verification\" content=\"Q4QTclIfGhhdyEzlAb1wftEv3qRfz1KW5mq8eV4NCpQ\" \/>\n\t<link rel=\"canonical\" href=\"https:\/\/pintest.com.tr\/index.php\/halatli-cektirme-trifor-periyodik-kontrolu\/\" \/>\n\t<meta name=\"generator\" content=\"All in One SEO Pro (AIOSEO) 4.9.6.2\" \/>\n\t\t<meta property=\"og:locale\" content=\"tr_TR\" \/>\n\t\t<meta property=\"og:site_name\" content=\"Pintest M\u00fchendislik - Uygunluk De\u011ferlendirme Kurulu\u015fu\" \/>\n\t\t<meta property=\"og:type\" content=\"article\" \/>\n\t\t<meta property=\"og:title\" content=\"HALATLI \u00c7EKT\u0130RME (TR\u0130FOR) PER\u0130YOD\u0130K KONTROL\u00dc - Pintest M\u00fchendislik\" \/>\n\t\t<meta property=\"og:description\" content=\"Halatl\u0131 \u00e7ektirme ara\u00e7lar\u0131, hareketli tel halatl\u0131 portatif kald\u0131rma ara\u00e7lar\u0131 olarak bilinir ve bir di\u011fer adlar\u0131 tel halat vincidir. Belirli ta\u015f\u0131ma kapasitelerini a\u015fmadan, y\u00fckleri uzak mesafelere \u00e7ekmek, kald\u0131rmak ve yerle\u015ftirmek amac\u0131yla kullan\u0131l\u0131rlar. Bu profesyonel kald\u0131rma ara\u00e7lar\u0131, ta\u015f\u0131nabilirlikleri ve sa\u011flaml\u0131klar\u0131 ile geni\u015f bir uygulama yelpazesine uygun bir \u00e7\u00f6z\u00fcm sunarlar. \u00d6zellikler: Y\u00fck Kapasitesi Artt\u0131r\u0131labilir: Halatl\u0131 \u00e7ektirme ara\u00e7lar\u0131, y\u00fck\" \/>\n\t\t<meta property=\"og:url\" content=\"https:\/\/pintest.com.tr\/index.php\/halatli-cektirme-trifor-periyodik-kontrolu\/\" \/>\n\t\t<meta property=\"og:image\" content=\"https:\/\/pintest.com.tr\/wp-content\/uploads\/2023\/12\/cropped-Pintest-Favicon.webp\" \/>\n\t\t<meta property=\"og:image:secure_url\" content=\"https:\/\/pintest.com.tr\/wp-content\/uploads\/2023\/12\/cropped-Pintest-Favicon.webp\" \/>\n\t\t<meta property=\"og:image:width\" content=\"512\" \/>\n\t\t<meta property=\"og:image:height\" content=\"512\" \/>\n\t\t<meta property=\"article:published_time\" content=\"2023-12-24T17:59:39+00:00\" \/>\n\t\t<meta property=\"article:modified_time\" content=\"2023-12-24T17:59:39+00:00\" \/>\n\t\t<meta property=\"article:publisher\" content=\"https:\/\/www.facebook.com\/profile.php?id=61572533822690\" \/>\n\t\t<meta name=\"twitter:card\" content=\"summary_large_image\" \/>\n\t\t<meta name=\"twitter:title\" content=\"HALATLI \u00c7EKT\u0130RME (TR\u0130FOR) PER\u0130YOD\u0130K KONTROL\u00dc - Pintest M\u00fchendislik\" \/>\n\t\t<meta name=\"twitter:description\" content=\"Halatl\u0131 \u00e7ektirme ara\u00e7lar\u0131, hareketli tel halatl\u0131 portatif kald\u0131rma ara\u00e7lar\u0131 olarak bilinir ve bir di\u011fer adlar\u0131 tel halat vincidir. Belirli ta\u015f\u0131ma kapasitelerini a\u015fmadan, y\u00fckleri uzak mesafelere \u00e7ekmek, kald\u0131rmak ve yerle\u015ftirmek amac\u0131yla kullan\u0131l\u0131rlar. Bu profesyonel kald\u0131rma ara\u00e7lar\u0131, ta\u015f\u0131nabilirlikleri ve sa\u011flaml\u0131klar\u0131 ile geni\u015f bir uygulama yelpazesine uygun bir \u00e7\u00f6z\u00fcm sunarlar. \u00d6zellikler: Y\u00fck Kapasitesi Artt\u0131r\u0131labilir: Halatl\u0131 \u00e7ektirme ara\u00e7lar\u0131, y\u00fck\" \/>\n\t\t<meta name=\"twitter:image\" content=\"https:\/\/pintest.com.tr\/wp-content\/uploads\/2023\/12\/cropped-Pintest-Favicon.webp\" \/>\n\t\t<script type=\"application\/ld+json\" class=\"aioseo-schema\">\n\t\t\t{\"@context\":\"https:\\\/\\\/schema.org\",\"@graph\":[{\"@type\":\"BreadcrumbList\",\"@id\":\"https:\\\/\\\/pintest.com.tr\\\/index.php\\\/halatli-cektirme-trifor-periyodik-kontrolu\\\/#breadcrumblist\",\"itemListElement\":[{\"@type\":\"ListItem\",\"@id\":\"https:\\\/\\\/pintest.com.tr#listItem\",\"position\":2,\"name\":\"Ana sayfa\",\"item\":\"https:\\\/\\\/pintest.com.tr\",\"nextItem\":{\"@type\":\"ListItem\",\"@id\":\"https:\\\/\\\/pintest.com.tr\\\/index.php\\\/halatli-cektirme-trifor-periyodik-kontrolu\\\/#listItem\",\"name\":\"HALATLI \\u00c7EKT\\u0130RME (TR\\u0130FOR) PER\\u0130YOD\\u0130K KONTROL\\u00dc\"},\"previousItem\":{\"@type\":\"ListItem\",\"@id\":\"#listItem\",\"name\":\"Pintest\"}},{\"@type\":\"ListItem\",\"@id\":\"https:\\\/\\\/pintest.com.tr\\\/index.php\\\/halatli-cektirme-trifor-periyodik-kontrolu\\\/#listItem\",\"position\":3,\"name\":\"HALATLI \\u00c7EKT\\u0130RME (TR\\u0130FOR) PER\\u0130YOD\\u0130K KONTROL\\u00dc\",\"previousItem\":{\"@type\":\"ListItem\",\"@id\":\"https:\\\/\\\/pintest.com.tr#listItem\",\"name\":\"Ana sayfa\"}}]},{\"@type\":\"Organization\",\"@id\":\"https:\\\/\\\/pintest.com.tr\\\/#organization\",\"name\":\"Pintest M\\u00fchendislik P\\u0130NTEST M\\u00dcHEND\\u0130SL\\u0130K\",\"description\":\"Uygunluk De\\u011ferlendirme Kurulu\\u015fu Firmam\\u0131z, i\\u015f d\\u00fcnyas\\u0131na att\\u0131\\u011f\\u0131 ilk ad\\u0131mlarla i\\u015f sa\\u011fl\\u0131\\u011f\\u0131 ve g\\u00fcvenli\\u011fi alan\\u0131nda uzman kadrosuyla \\u00f6nemli bir yer edinmi\\u015ftir. \\u015eirketimiz faaliyette bulundu\\u011fu periyodik kontrol\\\/muayene, Akustik rapor, i\\u015f hijyeni ve \\u00e7evresel g\\u00fcr\\u00fclt\\u00fc \\u00f6l\\u00e7\\u00fcmleri sekt\\u00f6rde rol \\u00fcstlenmektedir. Pintest M\\u00fchendislik olarak, faaliyet g\\u00f6sterdi\\u011fimiz alanda deneyimli kadrolar\\u0131m\\u0131zla beraber kurdu\\u011fumuz g\\u00fcvenilir ili\\u015fkilerimiz \\u00e7er\\u00e7evesinde faaliyetlerimizi verimli bir \\u015fekilde y\\u00fcr\\u00fct\\u00fcyoruz. Tercih edilir olmam\\u0131zdaki en \\u00f6nemli etken donan\\u0131ml\\u0131 ve yetkin insan kayna\\u011f\\u0131m\\u0131zd\\u0131r. \\u0130nsan ya\\u015fam\\u0131n\\u0131n de\\u011ferini benimseyen ve bu do\\u011frultuda sekt\\u00f6rlerde gerekli kontrol ve analizleri ger\\u00e7ekle\\u015ftirerek sa\\u011fl\\u0131kl\\u0131 ve g\\u00fcvenilir \\u00e7al\\u0131\\u015fma ortam\\u0131 olu\\u015fturmay\\u0131 ama\\u00e7l\\u0131yoruz.\",\"url\":\"https:\\\/\\\/pintest.com.tr\\\/\",\"telephone\":\"+905057458845\",\"logo\":{\"@type\":\"ImageObject\",\"url\":\"https:\\\/\\\/pintest.com.tr\\\/wp-content\\\/uploads\\\/2023\\\/12\\\/Pintest-Logo-Ana.png\",\"@id\":\"https:\\\/\\\/pintest.com.tr\\\/index.php\\\/halatli-cektirme-trifor-periyodik-kontrolu\\\/#organizationLogo\",\"width\":150,\"height\":113},\"image\":{\"@id\":\"https:\\\/\\\/pintest.com.tr\\\/index.php\\\/halatli-cektirme-trifor-periyodik-kontrolu\\\/#organizationLogo\"},\"sameAs\":[\"https:\\\/\\\/www.facebook.com\\\/profile.php?id=61572533822690\",\"https:\\\/\\\/www.instagram.com\\\/pintest.uygunluk.degerlendirme\\\/\",\"https:\\\/\\\/www.linkedin.com\\\/company\\\/101180367\\\/admin\\\/dashboard\\\/\"]},{\"@type\":\"WebPage\",\"@id\":\"https:\\\/\\\/pintest.com.tr\\\/index.php\\\/halatli-cektirme-trifor-periyodik-kontrolu\\\/#webpage\",\"url\":\"https:\\\/\\\/pintest.com.tr\\\/index.php\\\/halatli-cektirme-trifor-periyodik-kontrolu\\\/\",\"name\":\"HALATLI \\u00c7EKT\\u0130RME (TR\\u0130FOR) PER\\u0130YOD\\u0130K KONTROL\\u00dc - Pintest M\\u00fchendislik\",\"description\":\"Halatl\\u0131 \\u00e7ektirme ara\\u00e7lar\\u0131, hareketli tel halatl\\u0131 portatif kald\\u0131rma ara\\u00e7lar\\u0131 olarak bilinir ve bir di\\u011fer adlar\\u0131 tel halat vincidir. Belirli ta\\u015f\\u0131ma kapasitelerini a\\u015fmadan, y\\u00fckleri uzak mesafelere \\u00e7ekmek, kald\\u0131rmak ve yerle\\u015ftirmek amac\\u0131yla kullan\\u0131l\\u0131rlar. Bu profesyonel kald\\u0131rma ara\\u00e7lar\\u0131, ta\\u015f\\u0131nabilirlikleri ve sa\\u011flaml\\u0131klar\\u0131 ile geni\\u015f bir uygulama yelpazesine uygun bir \\u00e7\\u00f6z\\u00fcm sunarlar. \\u00d6zellikler: Y\\u00fck Kapasitesi Artt\\u0131r\\u0131labilir: Halatl\\u0131 \\u00e7ektirme ara\\u00e7lar\\u0131, y\\u00fck\",\"inLanguage\":\"tr-TR\",\"isPartOf\":{\"@id\":\"https:\\\/\\\/pintest.com.tr\\\/#website\"},\"breadcrumb\":{\"@id\":\"https:\\\/\\\/pintest.com.tr\\\/index.php\\\/halatli-cektirme-trifor-periyodik-kontrolu\\\/#breadcrumblist\"},\"datePublished\":\"2023-12-24T20:59:39+03:00\",\"dateModified\":\"2023-12-24T20:59:39+03:00\"},{\"@type\":\"WebSite\",\"@id\":\"https:\\\/\\\/pintest.com.tr\\\/#website\",\"url\":\"https:\\\/\\\/pintest.com.tr\\\/\",\"name\":\"Pintest M\\u00fchendislik\",\"description\":\"Uygunluk De\\u011ferlendirme Kurulu\\u015fu\",\"inLanguage\":\"tr-TR\",\"publisher\":{\"@id\":\"https:\\\/\\\/pintest.com.tr\\\/#organization\"}}]}\n\t\t<\/script>\n\t\t<!-- All in One SEO Pro -->\r\n\t\t<title>HALATLI \u00c7EKT\u0130RME (TR\u0130FOR) PER\u0130YOD\u0130K KONTROL\u00dc - Pintest M\u00fchendislik<\/title>\n\n","aioseo_head_json":{"title":"HALATLI \u00c7EKT\u0130RME (TR\u0130FOR) PER\u0130YOD\u0130K KONTROL\u00dc - Pintest M\u00fchendislik","description":"Halatl\u0131 \u00e7ektirme ara\u00e7lar\u0131, hareketli tel halatl\u0131 portatif kald\u0131rma ara\u00e7lar\u0131 olarak bilinir ve bir di\u011fer adlar\u0131 tel halat vincidir. Belirli ta\u015f\u0131ma kapasitelerini a\u015fmadan, y\u00fckleri uzak mesafelere \u00e7ekmek, kald\u0131rmak ve yerle\u015ftirmek amac\u0131yla kullan\u0131l\u0131rlar. Bu profesyonel kald\u0131rma ara\u00e7lar\u0131, ta\u015f\u0131nabilirlikleri ve sa\u011flaml\u0131klar\u0131 ile geni\u015f bir uygulama yelpazesine uygun bir \u00e7\u00f6z\u00fcm sunarlar. \u00d6zellikler: Y\u00fck Kapasitesi Artt\u0131r\u0131labilir: Halatl\u0131 \u00e7ektirme ara\u00e7lar\u0131, y\u00fck","canonical_url":"https:\/\/pintest.com.tr\/index.php\/halatli-cektirme-trifor-periyodik-kontrolu\/","robots":"max-image-preview:large","keywords":"","webmasterTools":{"google-site-verification":"Q4QTclIfGhhdyEzlAb1wftEv3qRfz1KW5mq8eV4NCpQ","miscellaneous":""},"schema":{"@context":"https:\/\/schema.org","@graph":[{"@type":"BreadcrumbList","@id":"https:\/\/pintest.com.tr\/index.php\/halatli-cektirme-trifor-periyodik-kontrolu\/#breadcrumblist","itemListElement":[{"@type":"ListItem","@id":"https:\/\/pintest.com.tr#listItem","position":2,"name":"Ana sayfa","item":"https:\/\/pintest.com.tr","nextItem":{"@type":"ListItem","@id":"https:\/\/pintest.com.tr\/index.php\/halatli-cektirme-trifor-periyodik-kontrolu\/#listItem","name":"HALATLI \u00c7EKT\u0130RME (TR\u0130FOR) PER\u0130YOD\u0130K KONTROL\u00dc"},"previousItem":{"@type":"ListItem","@id":"#listItem","name":"Pintest"}},{"@type":"ListItem","@id":"https:\/\/pintest.com.tr\/index.php\/halatli-cektirme-trifor-periyodik-kontrolu\/#listItem","position":3,"name":"HALATLI \u00c7EKT\u0130RME (TR\u0130FOR) PER\u0130YOD\u0130K KONTROL\u00dc","previousItem":{"@type":"ListItem","@id":"https:\/\/pintest.com.tr#listItem","name":"Ana sayfa"}}]},{"@type":"Organization","@id":"https:\/\/pintest.com.tr\/#organization","name":"Pintest M\u00fchendislik P\u0130NTEST M\u00dcHEND\u0130SL\u0130K","description":"Uygunluk De\u011ferlendirme Kurulu\u015fu Firmam\u0131z, i\u015f d\u00fcnyas\u0131na att\u0131\u011f\u0131 ilk ad\u0131mlarla i\u015f sa\u011fl\u0131\u011f\u0131 ve g\u00fcvenli\u011fi alan\u0131nda uzman kadrosuyla \u00f6nemli bir yer edinmi\u015ftir. \u015eirketimiz faaliyette bulundu\u011fu periyodik kontrol\/muayene, Akustik rapor, i\u015f hijyeni ve \u00e7evresel g\u00fcr\u00fclt\u00fc \u00f6l\u00e7\u00fcmleri sekt\u00f6rde rol \u00fcstlenmektedir. Pintest M\u00fchendislik olarak, faaliyet g\u00f6sterdi\u011fimiz alanda deneyimli kadrolar\u0131m\u0131zla beraber kurdu\u011fumuz g\u00fcvenilir ili\u015fkilerimiz \u00e7er\u00e7evesinde faaliyetlerimizi verimli bir \u015fekilde y\u00fcr\u00fct\u00fcyoruz. Tercih edilir olmam\u0131zdaki en \u00f6nemli etken donan\u0131ml\u0131 ve yetkin insan kayna\u011f\u0131m\u0131zd\u0131r. \u0130nsan ya\u015fam\u0131n\u0131n de\u011ferini benimseyen ve bu do\u011frultuda sekt\u00f6rlerde gerekli kontrol ve analizleri ger\u00e7ekle\u015ftirerek sa\u011fl\u0131kl\u0131 ve g\u00fcvenilir \u00e7al\u0131\u015fma ortam\u0131 olu\u015fturmay\u0131 ama\u00e7l\u0131yoruz.","url":"https:\/\/pintest.com.tr\/","telephone":"+905057458845","logo":{"@type":"ImageObject","url":"https:\/\/pintest.com.tr\/wp-content\/uploads\/2023\/12\/Pintest-Logo-Ana.png","@id":"https:\/\/pintest.com.tr\/index.php\/halatli-cektirme-trifor-periyodik-kontrolu\/#organizationLogo","width":150,"height":113},"image":{"@id":"https:\/\/pintest.com.tr\/index.php\/halatli-cektirme-trifor-periyodik-kontrolu\/#organizationLogo"},"sameAs":["https:\/\/www.facebook.com\/profile.php?id=61572533822690","https:\/\/www.instagram.com\/pintest.uygunluk.degerlendirme\/","https:\/\/www.linkedin.com\/company\/101180367\/admin\/dashboard\/"]},{"@type":"WebPage","@id":"https:\/\/pintest.com.tr\/index.php\/halatli-cektirme-trifor-periyodik-kontrolu\/#webpage","url":"https:\/\/pintest.com.tr\/index.php\/halatli-cektirme-trifor-periyodik-kontrolu\/","name":"HALATLI \u00c7EKT\u0130RME (TR\u0130FOR) PER\u0130YOD\u0130K KONTROL\u00dc - Pintest M\u00fchendislik","description":"Halatl\u0131 \u00e7ektirme ara\u00e7lar\u0131, hareketli tel halatl\u0131 portatif kald\u0131rma ara\u00e7lar\u0131 olarak bilinir ve bir di\u011fer adlar\u0131 tel halat vincidir. Belirli ta\u015f\u0131ma kapasitelerini a\u015fmadan, y\u00fckleri uzak mesafelere \u00e7ekmek, kald\u0131rmak ve yerle\u015ftirmek amac\u0131yla kullan\u0131l\u0131rlar. Bu profesyonel kald\u0131rma ara\u00e7lar\u0131, ta\u015f\u0131nabilirlikleri ve sa\u011flaml\u0131klar\u0131 ile geni\u015f bir uygulama yelpazesine uygun bir \u00e7\u00f6z\u00fcm sunarlar. \u00d6zellikler: Y\u00fck Kapasitesi Artt\u0131r\u0131labilir: Halatl\u0131 \u00e7ektirme ara\u00e7lar\u0131, y\u00fck","inLanguage":"tr-TR","isPartOf":{"@id":"https:\/\/pintest.com.tr\/#website"},"breadcrumb":{"@id":"https:\/\/pintest.com.tr\/index.php\/halatli-cektirme-trifor-periyodik-kontrolu\/#breadcrumblist"},"datePublished":"2023-12-24T20:59:39+03:00","dateModified":"2023-12-24T20:59:39+03:00"},{"@type":"WebSite","@id":"https:\/\/pintest.com.tr\/#website","url":"https:\/\/pintest.com.tr\/","name":"Pintest M\u00fchendislik","description":"Uygunluk De\u011ferlendirme Kurulu\u015fu","inLanguage":"tr-TR","publisher":{"@id":"https:\/\/pintest.com.tr\/#organization"}}]},"og:locale":"tr_TR","og:site_name":"Pintest M\u00fchendislik - Uygunluk De\u011ferlendirme Kurulu\u015fu","og:type":"article","og:title":"HALATLI \u00c7EKT\u0130RME (TR\u0130FOR) PER\u0130YOD\u0130K KONTROL\u00dc - Pintest M\u00fchendislik","og:description":"Halatl\u0131 \u00e7ektirme ara\u00e7lar\u0131, hareketli tel halatl\u0131 portatif kald\u0131rma ara\u00e7lar\u0131 olarak bilinir ve bir di\u011fer adlar\u0131 tel halat vincidir. Belirli ta\u015f\u0131ma kapasitelerini a\u015fmadan, y\u00fckleri uzak mesafelere \u00e7ekmek, kald\u0131rmak ve yerle\u015ftirmek amac\u0131yla kullan\u0131l\u0131rlar. Bu profesyonel kald\u0131rma ara\u00e7lar\u0131, ta\u015f\u0131nabilirlikleri ve sa\u011flaml\u0131klar\u0131 ile geni\u015f bir uygulama yelpazesine uygun bir \u00e7\u00f6z\u00fcm sunarlar. \u00d6zellikler: Y\u00fck Kapasitesi Artt\u0131r\u0131labilir: Halatl\u0131 \u00e7ektirme ara\u00e7lar\u0131, y\u00fck","og:url":"https:\/\/pintest.com.tr\/index.php\/halatli-cektirme-trifor-periyodik-kontrolu\/","og:image":"https:\/\/pintest.com.tr\/wp-content\/uploads\/2023\/12\/cropped-Pintest-Favicon.webp","og:image:secure_url":"https:\/\/pintest.com.tr\/wp-content\/uploads\/2023\/12\/cropped-Pintest-Favicon.webp","og:image:width":512,"og:image:height":512,"article:published_time":"2023-12-24T17:59:39+00:00","article:modified_time":"2023-12-24T17:59:39+00:00","article:publisher":"https:\/\/www.facebook.com\/profile.php?id=61572533822690","twitter:card":"summary_large_image","twitter:title":"HALATLI \u00c7EKT\u0130RME (TR\u0130FOR) PER\u0130YOD\u0130K KONTROL\u00dc - Pintest M\u00fchendislik","twitter:description":"Halatl\u0131 \u00e7ektirme ara\u00e7lar\u0131, hareketli tel halatl\u0131 portatif kald\u0131rma ara\u00e7lar\u0131 olarak bilinir ve bir di\u011fer adlar\u0131 tel halat vincidir. Belirli ta\u015f\u0131ma kapasitelerini a\u015fmadan, y\u00fckleri uzak mesafelere \u00e7ekmek, kald\u0131rmak ve yerle\u015ftirmek amac\u0131yla kullan\u0131l\u0131rlar. Bu profesyonel kald\u0131rma ara\u00e7lar\u0131, ta\u015f\u0131nabilirlikleri ve sa\u011flaml\u0131klar\u0131 ile geni\u015f bir uygulama yelpazesine uygun bir \u00e7\u00f6z\u00fcm sunarlar. \u00d6zellikler: Y\u00fck Kapasitesi Artt\u0131r\u0131labilir: Halatl\u0131 \u00e7ektirme ara\u00e7lar\u0131, y\u00fck","twitter:image":"https:\/\/pintest.com.tr\/wp-content\/uploads\/2023\/12\/cropped-Pintest-Favicon.webp"},"aioseo_meta_data":{"post_id":"1233","title":null,"description":null,"keywords":null,"keyphrases":null,"primary_term":null,"canonical_url":null,"og_title":null,"og_description":null,"og_object_type":"default","og_image_type":"default","og_image_url":null,"og_image_width":null,"og_image_height":null,"og_image_custom_url":null,"og_image_custom_fields":null,"og_video":null,"og_custom_url":null,"og_article_section":null,"og_article_tags":null,"twitter_use_og":false,"twitter_card":"default","twitter_image_type":"default","twitter_image_url":null,"twitter_image_custom_url":null,"twitter_image_custom_fields":null,"twitter_title":null,"twitter_description":null,"schema":{"blockGraphs":[],"customGraphs":[],"default":{"data":{"Article":[],"Course":[],"Dataset":[],"FAQPage":[],"Movie":[],"Person":[],"Product":[],"ProductReview":[],"Car":[],"Recipe":[],"Service":[],"SoftwareApplication":[],"WebPage":[]},"graphName":"","isEnabled":true},"graphs":[]},"schema_type":"default","schema_type_options":null,"pillar_content":false,"robots_default":true,"robots_noindex":false,"robots_noarchive":false,"robots_nosnippet":false,"robots_nofollow":false,"robots_noimageindex":false,"robots_noodp":false,"robots_notranslate":false,"robots_max_snippet":null,"robots_max_videopreview":null,"robots_max_imagepreview":"large","priority":null,"frequency":null,"local_seo":null,"seo_analyzer_scan_date":"2026-02-27 08:08:45","breadcrumb_settings":null,"limit_modified_date":false,"reviewed_by":null,"open_ai":null,"ai":null,"created":"2025-04-15 07:13:33","updated":"2026-02-27 09:16:54"},"aioseo_breadcrumb":"<div class=\"aioseo-breadcrumbs\"><span class=\"aioseo-breadcrumb\">\n\tPintest\n<\/span><span class=\"aioseo-breadcrumb-separator\">\u2192<\/span><span class=\"aioseo-breadcrumb\">\n\t<a href=\"https:\/\/pintest.com.tr\" title=\"Ana sayfa\">Ana sayfa<\/a>\n<\/span><span class=\"aioseo-breadcrumb-separator\">\u2192<\/span><span class=\"aioseo-breadcrumb\">\n\tHALATLI \u00c7EKT\u0130RME (TR\u0130FOR) PER\u0130YOD\u0130K KONTROL\u00dc\n<\/span><\/div>","aioseo_breadcrumb_json":[{"label":"Pintest","link":""},{"label":"Ana sayfa","link":"https:\/\/pintest.com.tr"},{"label":"HALATLI \u00c7EKT\u0130RME (TR\u0130FOR) PER\u0130YOD\u0130K KONTROL\u00dc","link":"https:\/\/pintest.com.tr\/index.php\/halatli-cektirme-trifor-periyodik-kontrolu\/"}],"_links":{"self":[{"href":"https:\/\/pintest.com.tr\/index.php\/wp-json\/wp\/v2\/pages\/1233","targetHints":{"allow":["GET"]}}],"collection":[{"href":"https:\/\/pintest.com.tr\/index.php\/wp-json\/wp\/v2\/pages"}],"about":[{"href":"https:\/\/pintest.com.tr\/index.php\/wp-json\/wp\/v2\/types\/page"}],"author":[{"embeddable":true,"href":"https:\/\/pintest.com.tr\/index.php\/wp-json\/wp\/v2\/users\/1"}],"replies":[{"embeddable":true,"href":"https:\/\/pintest.com.tr\/index.php\/wp-json\/wp\/v2\/comments?post=1233"}],"version-history":[{"count":1,"href":"https:\/\/pintest.com.tr\/index.php\/wp-json\/wp\/v2\/pages\/1233\/revisions"}],"predecessor-version":[{"id":1234,"href":"https:\/\/pintest.com.tr\/index.php\/wp-json\/wp\/v2\/pages\/1233\/revisions\/1234"}],"wp:attachment":[{"href":"https:\/\/pintest.com.tr\/index.php\/wp-json\/wp\/v2\/media?parent=1233"}],"curies":[{"name":"wp","href":"https:\/\/api.w.org\/{rel}","templated":true}]}}