{"id":1256,"date":"2023-12-24T21:34:55","date_gmt":"2023-12-24T18:34:55","guid":{"rendered":"https:\/\/pintest.com.tr\/?page_id=1256"},"modified":"2023-12-24T21:34:55","modified_gmt":"2023-12-24T18:34:55","slug":"genlesme-hidrofor-tanki-periyodik-kontrolu","status":"publish","type":"page","link":"https:\/\/pintest.com.tr\/index.php\/genlesme-hidrofor-tanki-periyodik-kontrolu\/","title":{"rendered":"GENLE\u015eME-H\u0130DROFOR TANKI PER\u0130YOD\u0130K KONTROL\u00dc"},"content":{"rendered":"<div class=\"wpb-content-wrapper\"><p>[vc_row][vc_column][vc_column_text]Is\u0131tma, havaland\u0131rma, klima (HVAC) sistemleri, end\u00fcstriyel prosesler ve su bas\u0131n\u00e7land\u0131rma sistemleri gibi bir\u00e7ok uygulama, kapal\u0131 genle\u015fme tanklar\u0131n\u0131 kullanarak termal genle\u015fme ve bas\u0131n\u00e7 de\u011fi\u015fimlerini y\u00f6netir. Bu tanklar, sistemlerin g\u00fcvenli ve etkili bir \u015fekilde \u00e7al\u0131\u015fmas\u0131n\u0131 sa\u011flamak amac\u0131yla periyodik kontroller ve bak\u0131mlar gerektirir. Bu makalede, kapal\u0131 genle\u015fme tanklar\u0131n\u0131n periyodik kontrol\u00fcn\u00fcn \u00f6nemi ve uygulama s\u00fcre\u00e7leri ele al\u0131nacakt\u0131r.<\/p>\n<p>Genle\u015fme-hidrofor tanklar\u0131n\u0131n periyodik muayeneleri, tanklar\u0131n dayan\u0131kl\u0131l\u0131\u011f\u0131n\u0131 ve g\u00fcvenilirli\u011fini art\u0131rmak, i\u015fletme g\u00fcvenli\u011fini sa\u011flamak ve olas\u0131 felaketleri \u00f6nlemek amac\u0131yla \u0130\u015f Ekipmanlar\u0131n\u0131n Kullan\u0131m\u0131nda Sa\u011fl\u0131k ve G\u00fcvenlik \u015eartlar\u0131 Y\u00f6netmeli\u011fi, TS 10576, TS 1911, TS 11490, TS EN 13831, TS EN 764-7 standartlar\u0131nda belirtilen kriterlere uygun olarak y\u0131lda en az 1 defa yap\u0131lmal\u0131d\u0131r.<\/p>\n<p>Genle\u015fme-hidrofor tank\u0131 periyodik kontrol\u00fc, 25.04.2013 Tarihli 28628 Say\u0131l\u0131 Resmi Gazetede Yay\u0131mlanan \u0130\u015f ekipmanlar\u0131n\u0131n Kullan\u0131m\u0131nda Sa\u011fl\u0131k Ve G\u00fcvenlik \u015eartlar\u0131 Y\u00f6netmeli\u011fince yapt\u0131r\u0131lmas\u0131 zorunludur.<\/p>\n<p>\u0130lk a\u015fama genellikle g\u00f6rsel muayene s\u00fcrecidir. Tank\u0131n d\u0131\u015f y\u00fczeyi, ba\u011flant\u0131 noktalar\u0131 ve valfler g\u00f6zden ge\u00e7irilir. \u00c7atlaklar, deformasyonlar veya korozyon belirtileri aran\u0131r. Ayr\u0131ca, tahliye valfleri, bas\u0131n\u00e7 g\u00f6stergeleri ve di\u011fer g\u00fcvenlik ekipmanlar\u0131 da kontrol edilir.<\/p>\n<p>G\u00f6rsel muayene sonras\u0131nda standartlarda belirtilen kriterlere uygun olarak hidrostatik test ger\u00e7ekle\u015ftirilir.<\/p>\n<p>Kapal\u0131 genle\u015fme tanklar\u0131n\u0131n periyodik kontrol\u00fc, bu tanklar\u0131n g\u00fcvenli ve etkili bir \u015fekilde \u00e7al\u0131\u015fmas\u0131n\u0131 sa\u011flamak i\u00e7in kritik bir \u00f6neme sahiptir. D\u00fczenli olarak yap\u0131lan kontroller, sistem performans\u0131n\u0131 art\u0131r\u0131r, g\u00fcvenli\u011fi sa\u011flar ve genle\u015fme tanklar\u0131n\u0131n uzun \u00f6m\u00fcrl\u00fc olmas\u0131n\u0131 garanti eder. Bu nedenle, end\u00fcstriyel tesislerde ve di\u011fer uygulama alanlar\u0131nda kapal\u0131 genle\u015fme tanklar\u0131n\u0131n periyodik kontrol\u00fcne d\u00fczenli olarak \u00f6zen g\u00f6sterilmesi \u00f6nemlidir.[\/vc_column_text][\/vc_column][\/vc_row]<\/p>\n<\/div>","protected":false},"excerpt":{"rendered":"<p>[vc_row][vc_column][vc_column_text]Is\u0131tma, havaland\u0131rma, klima (HVAC) sistemleri, end\u00fcstriyel prosesler ve su bas\u0131n\u00e7land\u0131rma sistemleri gibi bir\u00e7ok uygulama, kapal\u0131 genle\u015fme tanklar\u0131n\u0131 kullanarak termal genle\u015fme ve bas\u0131n\u00e7 de\u011fi\u015fimlerini y\u00f6netir. Bu tanklar, sistemlerin g\u00fcvenli ve etkili bir \u015fekilde \u00e7al\u0131\u015fmas\u0131n\u0131 sa\u011flamak amac\u0131yla periyodik kontroller ve bak\u0131mlar gerektirir. Bu makalede, kapal\u0131 genle\u015fme tanklar\u0131n\u0131n periyodik kontrol\u00fcn\u00fcn \u00f6nemi ve uygulama s\u00fcre\u00e7leri ele al\u0131nacakt\u0131r. Genle\u015fme-hidrofor tanklar\u0131n\u0131n [&hellip;]<\/p>\n","protected":false},"author":1,"featured_media":0,"parent":0,"menu_order":0,"comment_status":"closed","ping_status":"closed","template":"","meta":{"om_disable_all_campaigns":false,"_monsterinsights_skip_tracking":false,"_monsterinsights_sitenote_active":false,"_monsterinsights_sitenote_note":"","_monsterinsights_sitenote_category":0,"footnotes":""},"class_list":["post-1256","page","type-page","status-publish","hentry"],"aioseo_notices":[],"aioseo_head":"\n\t\t<!-- All in One SEO Pro 4.9.7.1 - aioseo.com -->\n\t<meta name=\"description\" content=\"Is\u0131tma, havaland\u0131rma, klima (HVAC) sistemleri, end\u00fcstriyel prosesler ve su bas\u0131n\u00e7land\u0131rma sistemleri gibi bir\u00e7ok uygulama, kapal\u0131 genle\u015fme tanklar\u0131n\u0131 kullanarak termal genle\u015fme ve bas\u0131n\u00e7 de\u011fi\u015fimlerini y\u00f6netir. Bu tanklar, sistemlerin g\u00fcvenli ve etkili bir \u015fekilde \u00e7al\u0131\u015fmas\u0131n\u0131 sa\u011flamak amac\u0131yla periyodik kontroller ve bak\u0131mlar gerektirir. Bu makalede, kapal\u0131 genle\u015fme tanklar\u0131n\u0131n periyodik kontrol\u00fcn\u00fcn \u00f6nemi ve uygulama s\u00fcre\u00e7leri ele al\u0131nacakt\u0131r. Genle\u015fme-hidrofor tanklar\u0131n\u0131n\" \/>\n\t<meta name=\"robots\" content=\"max-image-preview:large\" \/>\n\t<meta name=\"google-site-verification\" content=\"Q4QTclIfGhhdyEzlAb1wftEv3qRfz1KW5mq8eV4NCpQ\" \/>\n\t<link rel=\"canonical\" href=\"https:\/\/pintest.com.tr\/index.php\/genlesme-hidrofor-tanki-periyodik-kontrolu\/\" \/>\n\t<meta name=\"generator\" content=\"All in One SEO Pro (AIOSEO) 4.9.7.1\" \/>\n\t\t<meta property=\"og:locale\" content=\"tr_TR\" \/>\n\t\t<meta property=\"og:site_name\" content=\"Pintest M\u00fchendislik - Uygunluk De\u011ferlendirme Kurulu\u015fu\" \/>\n\t\t<meta property=\"og:type\" content=\"article\" \/>\n\t\t<meta property=\"og:title\" content=\"GENLE\u015eME-H\u0130DROFOR TANKI PER\u0130YOD\u0130K KONTROL\u00dc - Pintest M\u00fchendislik\" \/>\n\t\t<meta property=\"og:description\" content=\"Is\u0131tma, havaland\u0131rma, klima (HVAC) sistemleri, end\u00fcstriyel prosesler ve su bas\u0131n\u00e7land\u0131rma sistemleri gibi bir\u00e7ok uygulama, kapal\u0131 genle\u015fme tanklar\u0131n\u0131 kullanarak termal genle\u015fme ve bas\u0131n\u00e7 de\u011fi\u015fimlerini y\u00f6netir. Bu tanklar, sistemlerin g\u00fcvenli ve etkili bir \u015fekilde \u00e7al\u0131\u015fmas\u0131n\u0131 sa\u011flamak amac\u0131yla periyodik kontroller ve bak\u0131mlar gerektirir. Bu makalede, kapal\u0131 genle\u015fme tanklar\u0131n\u0131n periyodik kontrol\u00fcn\u00fcn \u00f6nemi ve uygulama s\u00fcre\u00e7leri ele al\u0131nacakt\u0131r. Genle\u015fme-hidrofor tanklar\u0131n\u0131n\" \/>\n\t\t<meta property=\"og:url\" content=\"https:\/\/pintest.com.tr\/index.php\/genlesme-hidrofor-tanki-periyodik-kontrolu\/\" \/>\n\t\t<meta property=\"og:image\" content=\"https:\/\/pintest.com.tr\/wp-content\/uploads\/2023\/12\/cropped-Pintest-Favicon.webp\" \/>\n\t\t<meta property=\"og:image:secure_url\" content=\"https:\/\/pintest.com.tr\/wp-content\/uploads\/2023\/12\/cropped-Pintest-Favicon.webp\" \/>\n\t\t<meta property=\"og:image:width\" content=\"512\" \/>\n\t\t<meta property=\"og:image:height\" content=\"512\" \/>\n\t\t<meta property=\"article:published_time\" content=\"2023-12-24T18:34:55+00:00\" \/>\n\t\t<meta property=\"article:modified_time\" content=\"2023-12-24T18:34:55+00:00\" \/>\n\t\t<meta property=\"article:publisher\" content=\"https:\/\/www.facebook.com\/profile.php?id=61572533822690\" \/>\n\t\t<meta name=\"twitter:card\" content=\"summary_large_image\" \/>\n\t\t<meta name=\"twitter:title\" content=\"GENLE\u015eME-H\u0130DROFOR TANKI PER\u0130YOD\u0130K KONTROL\u00dc - Pintest M\u00fchendislik\" \/>\n\t\t<meta name=\"twitter:description\" content=\"Is\u0131tma, havaland\u0131rma, klima (HVAC) sistemleri, end\u00fcstriyel prosesler ve su bas\u0131n\u00e7land\u0131rma sistemleri gibi bir\u00e7ok uygulama, kapal\u0131 genle\u015fme tanklar\u0131n\u0131 kullanarak termal genle\u015fme ve bas\u0131n\u00e7 de\u011fi\u015fimlerini y\u00f6netir. Bu tanklar, sistemlerin g\u00fcvenli ve etkili bir \u015fekilde \u00e7al\u0131\u015fmas\u0131n\u0131 sa\u011flamak amac\u0131yla periyodik kontroller ve bak\u0131mlar gerektirir. Bu makalede, kapal\u0131 genle\u015fme tanklar\u0131n\u0131n periyodik kontrol\u00fcn\u00fcn \u00f6nemi ve uygulama s\u00fcre\u00e7leri ele al\u0131nacakt\u0131r. Genle\u015fme-hidrofor tanklar\u0131n\u0131n\" \/>\n\t\t<meta name=\"twitter:image\" content=\"https:\/\/pintest.com.tr\/wp-content\/uploads\/2023\/12\/cropped-Pintest-Favicon.webp\" \/>\n\t\t<script type=\"application\/ld+json\" class=\"aioseo-schema\">\n\t\t\t{\"@context\":\"https:\\\/\\\/schema.org\",\"@graph\":[{\"@type\":\"BreadcrumbList\",\"@id\":\"https:\\\/\\\/pintest.com.tr\\\/index.php\\\/genlesme-hidrofor-tanki-periyodik-kontrolu\\\/#breadcrumblist\",\"itemListElement\":[{\"@type\":\"ListItem\",\"@id\":\"https:\\\/\\\/pintest.com.tr#listItem\",\"position\":2,\"name\":\"Ana sayfa\",\"item\":\"https:\\\/\\\/pintest.com.tr\",\"nextItem\":{\"@type\":\"ListItem\",\"@id\":\"https:\\\/\\\/pintest.com.tr\\\/index.php\\\/genlesme-hidrofor-tanki-periyodik-kontrolu\\\/#listItem\",\"name\":\"GENLE\\u015eME-H\\u0130DROFOR TANKI PER\\u0130YOD\\u0130K KONTROL\\u00dc\"},\"previousItem\":{\"@type\":\"ListItem\",\"@id\":\"#listItem\",\"name\":\"Pintest\"}},{\"@type\":\"ListItem\",\"@id\":\"https:\\\/\\\/pintest.com.tr\\\/index.php\\\/genlesme-hidrofor-tanki-periyodik-kontrolu\\\/#listItem\",\"position\":3,\"name\":\"GENLE\\u015eME-H\\u0130DROFOR TANKI PER\\u0130YOD\\u0130K KONTROL\\u00dc\",\"previousItem\":{\"@type\":\"ListItem\",\"@id\":\"https:\\\/\\\/pintest.com.tr#listItem\",\"name\":\"Ana sayfa\"}}]},{\"@type\":\"Organization\",\"@id\":\"https:\\\/\\\/pintest.com.tr\\\/#organization\",\"name\":\"Pintest M\\u00fchendislik P\\u0130NTEST M\\u00dcHEND\\u0130SL\\u0130K\",\"description\":\"Uygunluk De\\u011ferlendirme Kurulu\\u015fu Firmam\\u0131z, i\\u015f d\\u00fcnyas\\u0131na att\\u0131\\u011f\\u0131 ilk ad\\u0131mlarla i\\u015f sa\\u011fl\\u0131\\u011f\\u0131 ve g\\u00fcvenli\\u011fi alan\\u0131nda uzman kadrosuyla \\u00f6nemli bir yer edinmi\\u015ftir. \\u015eirketimiz faaliyette bulundu\\u011fu periyodik kontrol\\\/muayene, Akustik rapor, i\\u015f hijyeni ve \\u00e7evresel g\\u00fcr\\u00fclt\\u00fc \\u00f6l\\u00e7\\u00fcmleri sekt\\u00f6rde rol \\u00fcstlenmektedir. Pintest M\\u00fchendislik olarak, faaliyet g\\u00f6sterdi\\u011fimiz alanda deneyimli kadrolar\\u0131m\\u0131zla beraber kurdu\\u011fumuz g\\u00fcvenilir ili\\u015fkilerimiz \\u00e7er\\u00e7evesinde faaliyetlerimizi verimli bir \\u015fekilde y\\u00fcr\\u00fct\\u00fcyoruz. Tercih edilir olmam\\u0131zdaki en \\u00f6nemli etken donan\\u0131ml\\u0131 ve yetkin insan kayna\\u011f\\u0131m\\u0131zd\\u0131r. \\u0130nsan ya\\u015fam\\u0131n\\u0131n de\\u011ferini benimseyen ve bu do\\u011frultuda sekt\\u00f6rlerde gerekli kontrol ve analizleri ger\\u00e7ekle\\u015ftirerek sa\\u011fl\\u0131kl\\u0131 ve g\\u00fcvenilir \\u00e7al\\u0131\\u015fma ortam\\u0131 olu\\u015fturmay\\u0131 ama\\u00e7l\\u0131yoruz.\",\"url\":\"https:\\\/\\\/pintest.com.tr\\\/\",\"telephone\":\"+905057458845\",\"logo\":{\"@type\":\"ImageObject\",\"url\":\"https:\\\/\\\/pintest.com.tr\\\/wp-content\\\/uploads\\\/2023\\\/12\\\/Pintest-Logo-Ana.png\",\"@id\":\"https:\\\/\\\/pintest.com.tr\\\/index.php\\\/genlesme-hidrofor-tanki-periyodik-kontrolu\\\/#organizationLogo\",\"width\":150,\"height\":113},\"image\":{\"@id\":\"https:\\\/\\\/pintest.com.tr\\\/index.php\\\/genlesme-hidrofor-tanki-periyodik-kontrolu\\\/#organizationLogo\"},\"sameAs\":[\"https:\\\/\\\/www.facebook.com\\\/profile.php?id=61572533822690\",\"https:\\\/\\\/www.instagram.com\\\/pintest.uygunluk.degerlendirme\\\/\",\"https:\\\/\\\/www.linkedin.com\\\/company\\\/101180367\\\/admin\\\/dashboard\\\/\"]},{\"@type\":\"WebPage\",\"@id\":\"https:\\\/\\\/pintest.com.tr\\\/index.php\\\/genlesme-hidrofor-tanki-periyodik-kontrolu\\\/#webpage\",\"url\":\"https:\\\/\\\/pintest.com.tr\\\/index.php\\\/genlesme-hidrofor-tanki-periyodik-kontrolu\\\/\",\"name\":\"GENLE\\u015eME-H\\u0130DROFOR TANKI PER\\u0130YOD\\u0130K KONTROL\\u00dc - Pintest M\\u00fchendislik\",\"description\":\"Is\\u0131tma, havaland\\u0131rma, klima (HVAC) sistemleri, end\\u00fcstriyel prosesler ve su bas\\u0131n\\u00e7land\\u0131rma sistemleri gibi bir\\u00e7ok uygulama, kapal\\u0131 genle\\u015fme tanklar\\u0131n\\u0131 kullanarak termal genle\\u015fme ve bas\\u0131n\\u00e7 de\\u011fi\\u015fimlerini y\\u00f6netir. Bu tanklar, sistemlerin g\\u00fcvenli ve etkili bir \\u015fekilde \\u00e7al\\u0131\\u015fmas\\u0131n\\u0131 sa\\u011flamak amac\\u0131yla periyodik kontroller ve bak\\u0131mlar gerektirir. Bu makalede, kapal\\u0131 genle\\u015fme tanklar\\u0131n\\u0131n periyodik kontrol\\u00fcn\\u00fcn \\u00f6nemi ve uygulama s\\u00fcre\\u00e7leri ele al\\u0131nacakt\\u0131r. Genle\\u015fme-hidrofor tanklar\\u0131n\\u0131n\",\"inLanguage\":\"tr-TR\",\"isPartOf\":{\"@id\":\"https:\\\/\\\/pintest.com.tr\\\/#website\"},\"breadcrumb\":{\"@id\":\"https:\\\/\\\/pintest.com.tr\\\/index.php\\\/genlesme-hidrofor-tanki-periyodik-kontrolu\\\/#breadcrumblist\"},\"datePublished\":\"2023-12-24T21:34:55+03:00\",\"dateModified\":\"2023-12-24T21:34:55+03:00\"},{\"@type\":\"WebSite\",\"@id\":\"https:\\\/\\\/pintest.com.tr\\\/#website\",\"url\":\"https:\\\/\\\/pintest.com.tr\\\/\",\"name\":\"Pintest M\\u00fchendislik\",\"description\":\"Uygunluk De\\u011ferlendirme Kurulu\\u015fu\",\"inLanguage\":\"tr-TR\",\"publisher\":{\"@id\":\"https:\\\/\\\/pintest.com.tr\\\/#organization\"}}]}\n\t\t<\/script>\n\t\t<!-- All in One SEO Pro -->\r\n\t\t<title>GENLE\u015eME-H\u0130DROFOR TANKI PER\u0130YOD\u0130K KONTROL\u00dc - Pintest M\u00fchendislik<\/title>\n\n","aioseo_head_json":{"title":"GENLE\u015eME-H\u0130DROFOR TANKI PER\u0130YOD\u0130K KONTROL\u00dc - Pintest M\u00fchendislik","description":"Is\u0131tma, havaland\u0131rma, klima (HVAC) sistemleri, end\u00fcstriyel prosesler ve su bas\u0131n\u00e7land\u0131rma sistemleri gibi bir\u00e7ok uygulama, kapal\u0131 genle\u015fme tanklar\u0131n\u0131 kullanarak termal genle\u015fme ve bas\u0131n\u00e7 de\u011fi\u015fimlerini y\u00f6netir. Bu tanklar, sistemlerin g\u00fcvenli ve etkili bir \u015fekilde \u00e7al\u0131\u015fmas\u0131n\u0131 sa\u011flamak amac\u0131yla periyodik kontroller ve bak\u0131mlar gerektirir. Bu makalede, kapal\u0131 genle\u015fme tanklar\u0131n\u0131n periyodik kontrol\u00fcn\u00fcn \u00f6nemi ve uygulama s\u00fcre\u00e7leri ele al\u0131nacakt\u0131r. Genle\u015fme-hidrofor tanklar\u0131n\u0131n","canonical_url":"https:\/\/pintest.com.tr\/index.php\/genlesme-hidrofor-tanki-periyodik-kontrolu\/","robots":"max-image-preview:large","keywords":"","webmasterTools":{"google-site-verification":"Q4QTclIfGhhdyEzlAb1wftEv3qRfz1KW5mq8eV4NCpQ","miscellaneous":""},"schema":{"@context":"https:\/\/schema.org","@graph":[{"@type":"BreadcrumbList","@id":"https:\/\/pintest.com.tr\/index.php\/genlesme-hidrofor-tanki-periyodik-kontrolu\/#breadcrumblist","itemListElement":[{"@type":"ListItem","@id":"https:\/\/pintest.com.tr#listItem","position":2,"name":"Ana sayfa","item":"https:\/\/pintest.com.tr","nextItem":{"@type":"ListItem","@id":"https:\/\/pintest.com.tr\/index.php\/genlesme-hidrofor-tanki-periyodik-kontrolu\/#listItem","name":"GENLE\u015eME-H\u0130DROFOR TANKI PER\u0130YOD\u0130K KONTROL\u00dc"},"previousItem":{"@type":"ListItem","@id":"#listItem","name":"Pintest"}},{"@type":"ListItem","@id":"https:\/\/pintest.com.tr\/index.php\/genlesme-hidrofor-tanki-periyodik-kontrolu\/#listItem","position":3,"name":"GENLE\u015eME-H\u0130DROFOR TANKI PER\u0130YOD\u0130K KONTROL\u00dc","previousItem":{"@type":"ListItem","@id":"https:\/\/pintest.com.tr#listItem","name":"Ana sayfa"}}]},{"@type":"Organization","@id":"https:\/\/pintest.com.tr\/#organization","name":"Pintest M\u00fchendislik P\u0130NTEST M\u00dcHEND\u0130SL\u0130K","description":"Uygunluk De\u011ferlendirme Kurulu\u015fu Firmam\u0131z, i\u015f d\u00fcnyas\u0131na att\u0131\u011f\u0131 ilk ad\u0131mlarla i\u015f sa\u011fl\u0131\u011f\u0131 ve g\u00fcvenli\u011fi alan\u0131nda uzman kadrosuyla \u00f6nemli bir yer edinmi\u015ftir. \u015eirketimiz faaliyette bulundu\u011fu periyodik kontrol\/muayene, Akustik rapor, i\u015f hijyeni ve \u00e7evresel g\u00fcr\u00fclt\u00fc \u00f6l\u00e7\u00fcmleri sekt\u00f6rde rol \u00fcstlenmektedir. Pintest M\u00fchendislik olarak, faaliyet g\u00f6sterdi\u011fimiz alanda deneyimli kadrolar\u0131m\u0131zla beraber kurdu\u011fumuz g\u00fcvenilir ili\u015fkilerimiz \u00e7er\u00e7evesinde faaliyetlerimizi verimli bir \u015fekilde y\u00fcr\u00fct\u00fcyoruz. Tercih edilir olmam\u0131zdaki en \u00f6nemli etken donan\u0131ml\u0131 ve yetkin insan kayna\u011f\u0131m\u0131zd\u0131r. \u0130nsan ya\u015fam\u0131n\u0131n de\u011ferini benimseyen ve bu do\u011frultuda sekt\u00f6rlerde gerekli kontrol ve analizleri ger\u00e7ekle\u015ftirerek sa\u011fl\u0131kl\u0131 ve g\u00fcvenilir \u00e7al\u0131\u015fma ortam\u0131 olu\u015fturmay\u0131 ama\u00e7l\u0131yoruz.","url":"https:\/\/pintest.com.tr\/","telephone":"+905057458845","logo":{"@type":"ImageObject","url":"https:\/\/pintest.com.tr\/wp-content\/uploads\/2023\/12\/Pintest-Logo-Ana.png","@id":"https:\/\/pintest.com.tr\/index.php\/genlesme-hidrofor-tanki-periyodik-kontrolu\/#organizationLogo","width":150,"height":113},"image":{"@id":"https:\/\/pintest.com.tr\/index.php\/genlesme-hidrofor-tanki-periyodik-kontrolu\/#organizationLogo"},"sameAs":["https:\/\/www.facebook.com\/profile.php?id=61572533822690","https:\/\/www.instagram.com\/pintest.uygunluk.degerlendirme\/","https:\/\/www.linkedin.com\/company\/101180367\/admin\/dashboard\/"]},{"@type":"WebPage","@id":"https:\/\/pintest.com.tr\/index.php\/genlesme-hidrofor-tanki-periyodik-kontrolu\/#webpage","url":"https:\/\/pintest.com.tr\/index.php\/genlesme-hidrofor-tanki-periyodik-kontrolu\/","name":"GENLE\u015eME-H\u0130DROFOR TANKI PER\u0130YOD\u0130K KONTROL\u00dc - Pintest M\u00fchendislik","description":"Is\u0131tma, havaland\u0131rma, klima (HVAC) sistemleri, end\u00fcstriyel prosesler ve su bas\u0131n\u00e7land\u0131rma sistemleri gibi bir\u00e7ok uygulama, kapal\u0131 genle\u015fme tanklar\u0131n\u0131 kullanarak termal genle\u015fme ve bas\u0131n\u00e7 de\u011fi\u015fimlerini y\u00f6netir. Bu tanklar, sistemlerin g\u00fcvenli ve etkili bir \u015fekilde \u00e7al\u0131\u015fmas\u0131n\u0131 sa\u011flamak amac\u0131yla periyodik kontroller ve bak\u0131mlar gerektirir. Bu makalede, kapal\u0131 genle\u015fme tanklar\u0131n\u0131n periyodik kontrol\u00fcn\u00fcn \u00f6nemi ve uygulama s\u00fcre\u00e7leri ele al\u0131nacakt\u0131r. Genle\u015fme-hidrofor tanklar\u0131n\u0131n","inLanguage":"tr-TR","isPartOf":{"@id":"https:\/\/pintest.com.tr\/#website"},"breadcrumb":{"@id":"https:\/\/pintest.com.tr\/index.php\/genlesme-hidrofor-tanki-periyodik-kontrolu\/#breadcrumblist"},"datePublished":"2023-12-24T21:34:55+03:00","dateModified":"2023-12-24T21:34:55+03:00"},{"@type":"WebSite","@id":"https:\/\/pintest.com.tr\/#website","url":"https:\/\/pintest.com.tr\/","name":"Pintest M\u00fchendislik","description":"Uygunluk De\u011ferlendirme Kurulu\u015fu","inLanguage":"tr-TR","publisher":{"@id":"https:\/\/pintest.com.tr\/#organization"}}]},"og:locale":"tr_TR","og:site_name":"Pintest M\u00fchendislik - Uygunluk De\u011ferlendirme Kurulu\u015fu","og:type":"article","og:title":"GENLE\u015eME-H\u0130DROFOR TANKI PER\u0130YOD\u0130K KONTROL\u00dc - Pintest M\u00fchendislik","og:description":"Is\u0131tma, havaland\u0131rma, klima (HVAC) sistemleri, end\u00fcstriyel prosesler ve su bas\u0131n\u00e7land\u0131rma sistemleri gibi bir\u00e7ok uygulama, kapal\u0131 genle\u015fme tanklar\u0131n\u0131 kullanarak termal genle\u015fme ve bas\u0131n\u00e7 de\u011fi\u015fimlerini y\u00f6netir. Bu tanklar, sistemlerin g\u00fcvenli ve etkili bir \u015fekilde \u00e7al\u0131\u015fmas\u0131n\u0131 sa\u011flamak amac\u0131yla periyodik kontroller ve bak\u0131mlar gerektirir. Bu makalede, kapal\u0131 genle\u015fme tanklar\u0131n\u0131n periyodik kontrol\u00fcn\u00fcn \u00f6nemi ve uygulama s\u00fcre\u00e7leri ele al\u0131nacakt\u0131r. Genle\u015fme-hidrofor tanklar\u0131n\u0131n","og:url":"https:\/\/pintest.com.tr\/index.php\/genlesme-hidrofor-tanki-periyodik-kontrolu\/","og:image":"https:\/\/pintest.com.tr\/wp-content\/uploads\/2023\/12\/cropped-Pintest-Favicon.webp","og:image:secure_url":"https:\/\/pintest.com.tr\/wp-content\/uploads\/2023\/12\/cropped-Pintest-Favicon.webp","og:image:width":512,"og:image:height":512,"article:published_time":"2023-12-24T18:34:55+00:00","article:modified_time":"2023-12-24T18:34:55+00:00","article:publisher":"https:\/\/www.facebook.com\/profile.php?id=61572533822690","twitter:card":"summary_large_image","twitter:title":"GENLE\u015eME-H\u0130DROFOR TANKI PER\u0130YOD\u0130K KONTROL\u00dc - Pintest M\u00fchendislik","twitter:description":"Is\u0131tma, havaland\u0131rma, klima (HVAC) sistemleri, end\u00fcstriyel prosesler ve su bas\u0131n\u00e7land\u0131rma sistemleri gibi bir\u00e7ok uygulama, kapal\u0131 genle\u015fme tanklar\u0131n\u0131 kullanarak termal genle\u015fme ve bas\u0131n\u00e7 de\u011fi\u015fimlerini y\u00f6netir. Bu tanklar, sistemlerin g\u00fcvenli ve etkili bir \u015fekilde \u00e7al\u0131\u015fmas\u0131n\u0131 sa\u011flamak amac\u0131yla periyodik kontroller ve bak\u0131mlar gerektirir. Bu makalede, kapal\u0131 genle\u015fme tanklar\u0131n\u0131n periyodik kontrol\u00fcn\u00fcn \u00f6nemi ve uygulama s\u00fcre\u00e7leri ele al\u0131nacakt\u0131r. Genle\u015fme-hidrofor tanklar\u0131n\u0131n","twitter:image":"https:\/\/pintest.com.tr\/wp-content\/uploads\/2023\/12\/cropped-Pintest-Favicon.webp"},"aioseo_meta_data":{"post_id":"1256","title":null,"description":null,"keywords":null,"keyphrases":null,"primary_term":null,"canonical_url":null,"og_title":null,"og_description":null,"og_object_type":"default","og_image_type":"default","og_image_url":null,"og_image_width":null,"og_image_height":null,"og_image_custom_url":null,"og_image_custom_fields":null,"og_video":null,"og_custom_url":null,"og_article_section":null,"og_article_tags":null,"twitter_use_og":false,"twitter_card":"default","twitter_image_type":"default","twitter_image_url":null,"twitter_image_custom_url":null,"twitter_image_custom_fields":null,"twitter_title":null,"twitter_description":null,"schema":{"blockGraphs":[],"customGraphs":[],"default":{"data":{"Article":[],"Course":[],"Dataset":[],"FAQPage":[],"Movie":[],"Person":[],"Product":[],"ProductReview":[],"Car":[],"Recipe":[],"Service":[],"SoftwareApplication":[],"WebPage":[]},"graphName":"","isEnabled":true},"graphs":[]},"schema_type":"default","schema_type_options":null,"pillar_content":false,"robots_default":true,"robots_noindex":false,"robots_noarchive":false,"robots_nosnippet":false,"robots_nofollow":false,"robots_noimageindex":false,"robots_noodp":false,"robots_notranslate":false,"robots_max_snippet":null,"robots_max_videopreview":null,"robots_max_imagepreview":"large","priority":null,"frequency":null,"local_seo":null,"seo_analyzer_scan_date":"2026-02-27 08:00:36","breadcrumb_settings":null,"limit_modified_date":false,"reviewed_by":null,"open_ai":null,"ai":null,"created":"2025-04-15 07:13:33","updated":"2026-02-27 09:16:54"},"aioseo_breadcrumb":"<div class=\"aioseo-breadcrumbs\"><span class=\"aioseo-breadcrumb\">\n\tPintest\n<\/span><span class=\"aioseo-breadcrumb-separator\">\u2192<\/span><span class=\"aioseo-breadcrumb\">\n\t<a href=\"https:\/\/pintest.com.tr\" title=\"Ana sayfa\">Ana sayfa<\/a>\n<\/span><span class=\"aioseo-breadcrumb-separator\">\u2192<\/span><span class=\"aioseo-breadcrumb\">\n\tGENLE\u015eME-H\u0130DROFOR TANKI PER\u0130YOD\u0130K KONTROL\u00dc\n<\/span><\/div>","aioseo_breadcrumb_json":[{"label":"Pintest","link":""},{"label":"Ana sayfa","link":"https:\/\/pintest.com.tr"},{"label":"GENLE\u015eME-H\u0130DROFOR TANKI PER\u0130YOD\u0130K KONTROL\u00dc","link":"https:\/\/pintest.com.tr\/index.php\/genlesme-hidrofor-tanki-periyodik-kontrolu\/"}],"_links":{"self":[{"href":"https:\/\/pintest.com.tr\/index.php\/wp-json\/wp\/v2\/pages\/1256","targetHints":{"allow":["GET"]}}],"collection":[{"href":"https:\/\/pintest.com.tr\/index.php\/wp-json\/wp\/v2\/pages"}],"about":[{"href":"https:\/\/pintest.com.tr\/index.php\/wp-json\/wp\/v2\/types\/page"}],"author":[{"embeddable":true,"href":"https:\/\/pintest.com.tr\/index.php\/wp-json\/wp\/v2\/users\/1"}],"replies":[{"embeddable":true,"href":"https:\/\/pintest.com.tr\/index.php\/wp-json\/wp\/v2\/comments?post=1256"}],"version-history":[{"count":1,"href":"https:\/\/pintest.com.tr\/index.php\/wp-json\/wp\/v2\/pages\/1256\/revisions"}],"predecessor-version":[{"id":1257,"href":"https:\/\/pintest.com.tr\/index.php\/wp-json\/wp\/v2\/pages\/1256\/revisions\/1257"}],"wp:attachment":[{"href":"https:\/\/pintest.com.tr\/index.php\/wp-json\/wp\/v2\/media?parent=1256"}],"curies":[{"name":"wp","href":"https:\/\/api.w.org\/{rel}","templated":true}]}}