{"id":1323,"date":"2023-12-27T21:13:29","date_gmt":"2023-12-27T18:13:29","guid":{"rendered":"https:\/\/pintest.com.tr\/?page_id=1323"},"modified":"2023-12-27T21:14:10","modified_gmt":"2023-12-27T18:14:10","slug":"yangin-dolabi-periyodik-kontrolu","status":"publish","type":"page","link":"https:\/\/pintest.com.tr\/index.php\/yangin-dolabi-periyodik-kontrolu\/","title":{"rendered":"YANGIN DOLABI PER\u0130YOD\u0130K KONTROL\u00dc"},"content":{"rendered":"<div class=\"wpb-content-wrapper\"><p>[vc_row][vc_column][vc_column_text]Yang\u0131n dolaplar\u0131, i\u015f yerlerinde, end\u00fcstriyel tesislerde ve di\u011fer toplu alanlarda yang\u0131n an\u0131nda m\u00fcdahale i\u00e7in \u00f6nemli bir yang\u0131n g\u00fcvenlik ekipman\u0131d\u0131r. Ancak, bu hayati ekipman\u0131n s\u00fcrekli g\u00fcvenilirli\u011fi ve etkinli\u011fi, d\u00fczenli bak\u0131m ve periyodik kontrollere ba\u011fl\u0131d\u0131r.<\/p>\n<p>Yang\u0131n dolaplar\u0131n\u0131n periyodik kontrol\u00fc projede belirtilen kriterlere ve Binalar\u0131n Yang\u0131ndan Korunmas\u0131 Hakk\u0131nda Y\u00f6netmeli\u011fi, TS EN 671-1 ve TS EN 671-2 uygun \u015fekilde ger\u00e7ekle\u015ftirilir.<\/p>\n<p>\u0130\u015f Ekipmanlar\u0131n\u0131n Kullan\u0131m\u0131nda Sa\u011fl\u0131k ve G\u00fcvenlik \u015eartlar\u0131 Y\u00f6netmeli\u011fi\u2018ne g\u00f6re yang\u0131n dolaplar\u0131n\u0131n muayeneleri y\u0131lda en az 1 defa yap\u0131lmal\u0131d\u0131r.<\/p>\n<p><strong>Yang\u0131n dolab\u0131n\u0131n kontrol\u00fcnde \u015funlara bak\u0131l\u0131r:<\/strong><\/p>\n<p>1- TSE i\u015faretinin oldu\u011funa<\/p>\n<p>2- Projede g\u00f6sterilen yerde olup olmad\u0131\u011f\u0131na<\/p>\n<p>3- Dolap i\u00e7 ve d\u0131\u015f temizli\u011fine<\/p>\n<p>4- Dolap vanas\u0131na<\/p>\n<p>5- Hortumda hasar veya korozyon durumuna<\/p>\n<p>6- Hortum ucundaki ayara<\/p>\n<p>7- Vana, kaplim, kelep\u00e7eye<\/p>\n<p>8- Hortum makaras\u0131na<\/p>\n<p>9- Dolap kilidine<\/p>\n<p>10- Dolap \u00f6n\u00fcn\u00fcn a\u00e7\u0131k olmas\u0131na ve engel durumuna<\/p>\n<p>11- A\u00e7ma kapama lanslar\u0131n\u0131n durumuna<\/p>\n<p>12- Bak\u0131m kontrol \u00e7izelgesine<\/p>\n<p><strong>G\u00fcvenli\u011fin Teminat\u0131:<\/strong><\/p>\n<p>Yang\u0131n dolaplar\u0131, yang\u0131n s\u00f6nd\u00fcrme ekipmanlar\u0131n\u0131 i\u00e7eren ve yang\u0131n s\u0131ras\u0131nda h\u0131zl\u0131 m\u00fcdahale sa\u011flayan kritik bir yang\u0131n g\u00fcvenlik donan\u0131m\u0131d\u0131r. Periyodik kontroller, bu dolaplar\u0131n her an haz\u0131r olmas\u0131n\u0131 sa\u011flar ve acil durum m\u00fcdahalesinin g\u00fcvenli bir \u015fekilde ger\u00e7ekle\u015ftirilmesini teminat alt\u0131na al\u0131r.<\/p>\n<p><strong>Yang\u0131n Dolaplar\u0131n\u0131n \u0130\u00e7eri\u011fi:<\/strong><\/p>\n<p>Yang\u0131n dolaplar\u0131 genellikle yang\u0131n hortumu, yang\u0131n muslu\u011fu ve yang\u0131n s\u00f6nd\u00fcrme cihazlar\u0131n\u0131 i\u00e7erir. Periyodik kontroller, bu ekipmanlar\u0131n \u00e7al\u0131\u015f\u0131r durumda olup olmad\u0131\u011f\u0131n\u0131 de\u011ferlendirir. Hortumlar\u0131n, musluklar\u0131n ve di\u011fer ekipmanlar\u0131n her an kullan\u0131ma haz\u0131r oldu\u011fundan emin olunmas\u0131n\u0131 sa\u011flar.<\/p>\n<p>&nbsp;<\/p>\n<p>&nbsp;<\/p>\n<p><strong>Operasyonel Verimlili\u011fi Art\u0131rmak:<\/strong><\/p>\n<p>D\u00fczenli bak\u0131m ve periyodik kontroller, yang\u0131n dolaplar\u0131n\u0131n do\u011fru ve etkili bir \u015fekilde \u00e7al\u0131\u015fmas\u0131n\u0131 sa\u011flar. Do\u011fru ayarlar ve bak\u0131m, dolaplar\u0131n acil durum m\u00fcdahalesi i\u00e7in en \u00fcst d\u00fczeyde verimlilikle \u00e7al\u0131\u015fmas\u0131na olanak tan\u0131r.<\/p>\n<p>Sonu\u00e7 olarak, yang\u0131n dolab\u0131 periyodik kontrol\u00fc, g\u00fcvenli\u011fi art\u0131rmak ve acil durum haz\u0131rl\u0131klar\u0131n\u0131 desteklemek i\u00e7in kritik bir s\u00fcre\u00e7tir. \u0130\u015fletmelerin bu kontrolleri d\u00fczenli olarak yapmalar\u0131, \u00e7al\u0131\u015fan g\u00fcvenli\u011fini sa\u011flamak, operasyonel s\u00fcreklili\u011fi s\u00fcrd\u00fcrmek ve yang\u0131n an\u0131nda h\u0131zl\u0131 ve etkili m\u00fcdahale sa\u011flamak i\u00e7in temel bir ad\u0131md\u0131r. Ayr\u0131ca, bu uygulama i\u015fletmelerin yang\u0131n g\u00fcvenli\u011fi standartlar\u0131na uyumlu kalmas\u0131na ve ciddi g\u00fcvenlik risklerini en aza indirmesine yard\u0131mc\u0131 olur.[\/vc_column_text][\/vc_column][\/vc_row]<\/p>\n<\/div>","protected":false},"excerpt":{"rendered":"<p>[vc_row][vc_column][vc_column_text]Yang\u0131n dolaplar\u0131, i\u015f yerlerinde, end\u00fcstriyel tesislerde ve di\u011fer toplu alanlarda yang\u0131n an\u0131nda m\u00fcdahale i\u00e7in \u00f6nemli bir yang\u0131n g\u00fcvenlik ekipman\u0131d\u0131r. Ancak, bu hayati ekipman\u0131n s\u00fcrekli g\u00fcvenilirli\u011fi ve etkinli\u011fi, d\u00fczenli bak\u0131m ve periyodik kontrollere ba\u011fl\u0131d\u0131r. Yang\u0131n dolaplar\u0131n\u0131n periyodik kontrol\u00fc projede belirtilen kriterlere ve Binalar\u0131n Yang\u0131ndan Korunmas\u0131 Hakk\u0131nda Y\u00f6netmeli\u011fi, TS EN 671-1 ve TS EN 671-2 uygun \u015fekilde [&hellip;]<\/p>\n","protected":false},"author":1,"featured_media":0,"parent":0,"menu_order":0,"comment_status":"closed","ping_status":"closed","template":"","meta":{"om_disable_all_campaigns":false,"_monsterinsights_skip_tracking":false,"_monsterinsights_sitenote_active":false,"_monsterinsights_sitenote_note":"","_monsterinsights_sitenote_category":0,"footnotes":""},"class_list":["post-1323","page","type-page","status-publish","hentry"],"aioseo_notices":[],"aioseo_head":"\n\t\t<!-- All in One SEO Pro 4.9.7.1 - aioseo.com -->\n\t<meta name=\"description\" content=\"Yang\u0131n dolaplar\u0131, i\u015f yerlerinde, end\u00fcstriyel tesislerde ve di\u011fer toplu alanlarda yang\u0131n an\u0131nda m\u00fcdahale i\u00e7in \u00f6nemli bir yang\u0131n g\u00fcvenlik ekipman\u0131d\u0131r. Ancak, bu hayati ekipman\u0131n s\u00fcrekli g\u00fcvenilirli\u011fi ve etkinli\u011fi, d\u00fczenli bak\u0131m ve periyodik kontrollere ba\u011fl\u0131d\u0131r. Yang\u0131n dolaplar\u0131n\u0131n periyodik kontrol\u00fc projede belirtilen kriterlere ve Binalar\u0131n Yang\u0131ndan Korunmas\u0131 Hakk\u0131nda Y\u00f6netmeli\u011fi, TS EN 671-1 ve TS EN 671-2 uygun \u015fekilde\" \/>\n\t<meta name=\"robots\" content=\"max-image-preview:large\" \/>\n\t<meta name=\"google-site-verification\" content=\"Q4QTclIfGhhdyEzlAb1wftEv3qRfz1KW5mq8eV4NCpQ\" \/>\n\t<link rel=\"canonical\" href=\"https:\/\/pintest.com.tr\/index.php\/yangin-dolabi-periyodik-kontrolu\/\" \/>\n\t<meta name=\"generator\" content=\"All in One SEO Pro (AIOSEO) 4.9.7.1\" \/>\n\t\t<meta property=\"og:locale\" content=\"tr_TR\" \/>\n\t\t<meta property=\"og:site_name\" content=\"Pintest M\u00fchendislik - Uygunluk De\u011ferlendirme Kurulu\u015fu\" \/>\n\t\t<meta property=\"og:type\" content=\"article\" \/>\n\t\t<meta property=\"og:title\" content=\"YANGIN DOLABI PER\u0130YOD\u0130K KONTROL\u00dc - Pintest M\u00fchendislik\" \/>\n\t\t<meta property=\"og:description\" content=\"Yang\u0131n dolaplar\u0131, i\u015f yerlerinde, end\u00fcstriyel tesislerde ve di\u011fer toplu alanlarda yang\u0131n an\u0131nda m\u00fcdahale i\u00e7in \u00f6nemli bir yang\u0131n g\u00fcvenlik ekipman\u0131d\u0131r. Ancak, bu hayati ekipman\u0131n s\u00fcrekli g\u00fcvenilirli\u011fi ve etkinli\u011fi, d\u00fczenli bak\u0131m ve periyodik kontrollere ba\u011fl\u0131d\u0131r. Yang\u0131n dolaplar\u0131n\u0131n periyodik kontrol\u00fc projede belirtilen kriterlere ve Binalar\u0131n Yang\u0131ndan Korunmas\u0131 Hakk\u0131nda Y\u00f6netmeli\u011fi, TS EN 671-1 ve TS EN 671-2 uygun \u015fekilde\" \/>\n\t\t<meta property=\"og:url\" content=\"https:\/\/pintest.com.tr\/index.php\/yangin-dolabi-periyodik-kontrolu\/\" \/>\n\t\t<meta property=\"og:image\" content=\"https:\/\/pintest.com.tr\/wp-content\/uploads\/2023\/12\/cropped-Pintest-Favicon.webp\" \/>\n\t\t<meta property=\"og:image:secure_url\" content=\"https:\/\/pintest.com.tr\/wp-content\/uploads\/2023\/12\/cropped-Pintest-Favicon.webp\" \/>\n\t\t<meta property=\"og:image:width\" content=\"512\" \/>\n\t\t<meta property=\"og:image:height\" content=\"512\" \/>\n\t\t<meta property=\"article:published_time\" content=\"2023-12-27T18:13:29+00:00\" \/>\n\t\t<meta property=\"article:modified_time\" content=\"2023-12-27T18:14:10+00:00\" \/>\n\t\t<meta property=\"article:publisher\" content=\"https:\/\/www.facebook.com\/profile.php?id=61572533822690\" \/>\n\t\t<meta name=\"twitter:card\" content=\"summary_large_image\" \/>\n\t\t<meta name=\"twitter:title\" content=\"YANGIN DOLABI PER\u0130YOD\u0130K KONTROL\u00dc - Pintest M\u00fchendislik\" \/>\n\t\t<meta name=\"twitter:description\" content=\"Yang\u0131n dolaplar\u0131, i\u015f yerlerinde, end\u00fcstriyel tesislerde ve di\u011fer toplu alanlarda yang\u0131n an\u0131nda m\u00fcdahale i\u00e7in \u00f6nemli bir yang\u0131n g\u00fcvenlik ekipman\u0131d\u0131r. Ancak, bu hayati ekipman\u0131n s\u00fcrekli g\u00fcvenilirli\u011fi ve etkinli\u011fi, d\u00fczenli bak\u0131m ve periyodik kontrollere ba\u011fl\u0131d\u0131r. Yang\u0131n dolaplar\u0131n\u0131n periyodik kontrol\u00fc projede belirtilen kriterlere ve Binalar\u0131n Yang\u0131ndan Korunmas\u0131 Hakk\u0131nda Y\u00f6netmeli\u011fi, TS EN 671-1 ve TS EN 671-2 uygun \u015fekilde\" \/>\n\t\t<meta name=\"twitter:image\" content=\"https:\/\/pintest.com.tr\/wp-content\/uploads\/2023\/12\/cropped-Pintest-Favicon.webp\" \/>\n\t\t<script type=\"application\/ld+json\" class=\"aioseo-schema\">\n\t\t\t{\"@context\":\"https:\\\/\\\/schema.org\",\"@graph\":[{\"@type\":\"BreadcrumbList\",\"@id\":\"https:\\\/\\\/pintest.com.tr\\\/index.php\\\/yangin-dolabi-periyodik-kontrolu\\\/#breadcrumblist\",\"itemListElement\":[{\"@type\":\"ListItem\",\"@id\":\"https:\\\/\\\/pintest.com.tr#listItem\",\"position\":2,\"name\":\"Ana sayfa\",\"item\":\"https:\\\/\\\/pintest.com.tr\",\"nextItem\":{\"@type\":\"ListItem\",\"@id\":\"https:\\\/\\\/pintest.com.tr\\\/index.php\\\/yangin-dolabi-periyodik-kontrolu\\\/#listItem\",\"name\":\"YANGIN DOLABI PER\\u0130YOD\\u0130K KONTROL\\u00dc\"},\"previousItem\":{\"@type\":\"ListItem\",\"@id\":\"#listItem\",\"name\":\"Pintest\"}},{\"@type\":\"ListItem\",\"@id\":\"https:\\\/\\\/pintest.com.tr\\\/index.php\\\/yangin-dolabi-periyodik-kontrolu\\\/#listItem\",\"position\":3,\"name\":\"YANGIN DOLABI PER\\u0130YOD\\u0130K KONTROL\\u00dc\",\"previousItem\":{\"@type\":\"ListItem\",\"@id\":\"https:\\\/\\\/pintest.com.tr#listItem\",\"name\":\"Ana sayfa\"}}]},{\"@type\":\"Organization\",\"@id\":\"https:\\\/\\\/pintest.com.tr\\\/#organization\",\"name\":\"Pintest M\\u00fchendislik P\\u0130NTEST M\\u00dcHEND\\u0130SL\\u0130K\",\"description\":\"Uygunluk De\\u011ferlendirme Kurulu\\u015fu Firmam\\u0131z, i\\u015f d\\u00fcnyas\\u0131na att\\u0131\\u011f\\u0131 ilk ad\\u0131mlarla i\\u015f sa\\u011fl\\u0131\\u011f\\u0131 ve g\\u00fcvenli\\u011fi alan\\u0131nda uzman kadrosuyla \\u00f6nemli bir yer edinmi\\u015ftir. \\u015eirketimiz faaliyette bulundu\\u011fu periyodik kontrol\\\/muayene, Akustik rapor, i\\u015f hijyeni ve \\u00e7evresel g\\u00fcr\\u00fclt\\u00fc \\u00f6l\\u00e7\\u00fcmleri sekt\\u00f6rde rol \\u00fcstlenmektedir. Pintest M\\u00fchendislik olarak, faaliyet g\\u00f6sterdi\\u011fimiz alanda deneyimli kadrolar\\u0131m\\u0131zla beraber kurdu\\u011fumuz g\\u00fcvenilir ili\\u015fkilerimiz \\u00e7er\\u00e7evesinde faaliyetlerimizi verimli bir \\u015fekilde y\\u00fcr\\u00fct\\u00fcyoruz. Tercih edilir olmam\\u0131zdaki en \\u00f6nemli etken donan\\u0131ml\\u0131 ve yetkin insan kayna\\u011f\\u0131m\\u0131zd\\u0131r. \\u0130nsan ya\\u015fam\\u0131n\\u0131n de\\u011ferini benimseyen ve bu do\\u011frultuda sekt\\u00f6rlerde gerekli kontrol ve analizleri ger\\u00e7ekle\\u015ftirerek sa\\u011fl\\u0131kl\\u0131 ve g\\u00fcvenilir \\u00e7al\\u0131\\u015fma ortam\\u0131 olu\\u015fturmay\\u0131 ama\\u00e7l\\u0131yoruz.\",\"url\":\"https:\\\/\\\/pintest.com.tr\\\/\",\"telephone\":\"+905057458845\",\"logo\":{\"@type\":\"ImageObject\",\"url\":\"https:\\\/\\\/pintest.com.tr\\\/wp-content\\\/uploads\\\/2023\\\/12\\\/Pintest-Logo-Ana.png\",\"@id\":\"https:\\\/\\\/pintest.com.tr\\\/index.php\\\/yangin-dolabi-periyodik-kontrolu\\\/#organizationLogo\",\"width\":150,\"height\":113},\"image\":{\"@id\":\"https:\\\/\\\/pintest.com.tr\\\/index.php\\\/yangin-dolabi-periyodik-kontrolu\\\/#organizationLogo\"},\"sameAs\":[\"https:\\\/\\\/www.facebook.com\\\/profile.php?id=61572533822690\",\"https:\\\/\\\/www.instagram.com\\\/pintest.uygunluk.degerlendirme\\\/\",\"https:\\\/\\\/www.linkedin.com\\\/company\\\/101180367\\\/admin\\\/dashboard\\\/\"]},{\"@type\":\"WebPage\",\"@id\":\"https:\\\/\\\/pintest.com.tr\\\/index.php\\\/yangin-dolabi-periyodik-kontrolu\\\/#webpage\",\"url\":\"https:\\\/\\\/pintest.com.tr\\\/index.php\\\/yangin-dolabi-periyodik-kontrolu\\\/\",\"name\":\"YANGIN DOLABI PER\\u0130YOD\\u0130K KONTROL\\u00dc - Pintest M\\u00fchendislik\",\"description\":\"Yang\\u0131n dolaplar\\u0131, i\\u015f yerlerinde, end\\u00fcstriyel tesislerde ve di\\u011fer toplu alanlarda yang\\u0131n an\\u0131nda m\\u00fcdahale i\\u00e7in \\u00f6nemli bir yang\\u0131n g\\u00fcvenlik ekipman\\u0131d\\u0131r. Ancak, bu hayati ekipman\\u0131n s\\u00fcrekli g\\u00fcvenilirli\\u011fi ve etkinli\\u011fi, d\\u00fczenli bak\\u0131m ve periyodik kontrollere ba\\u011fl\\u0131d\\u0131r. Yang\\u0131n dolaplar\\u0131n\\u0131n periyodik kontrol\\u00fc projede belirtilen kriterlere ve Binalar\\u0131n Yang\\u0131ndan Korunmas\\u0131 Hakk\\u0131nda Y\\u00f6netmeli\\u011fi, TS EN 671-1 ve TS EN 671-2 uygun \\u015fekilde\",\"inLanguage\":\"tr-TR\",\"isPartOf\":{\"@id\":\"https:\\\/\\\/pintest.com.tr\\\/#website\"},\"breadcrumb\":{\"@id\":\"https:\\\/\\\/pintest.com.tr\\\/index.php\\\/yangin-dolabi-periyodik-kontrolu\\\/#breadcrumblist\"},\"datePublished\":\"2023-12-27T21:13:29+03:00\",\"dateModified\":\"2023-12-27T21:14:10+03:00\"},{\"@type\":\"WebSite\",\"@id\":\"https:\\\/\\\/pintest.com.tr\\\/#website\",\"url\":\"https:\\\/\\\/pintest.com.tr\\\/\",\"name\":\"Pintest M\\u00fchendislik\",\"description\":\"Uygunluk De\\u011ferlendirme Kurulu\\u015fu\",\"inLanguage\":\"tr-TR\",\"publisher\":{\"@id\":\"https:\\\/\\\/pintest.com.tr\\\/#organization\"}}]}\n\t\t<\/script>\n\t\t<!-- All in One SEO Pro -->\r\n\t\t<title>YANGIN DOLABI PER\u0130YOD\u0130K KONTROL\u00dc - Pintest M\u00fchendislik<\/title>\n\n","aioseo_head_json":{"title":"YANGIN DOLABI PER\u0130YOD\u0130K KONTROL\u00dc - Pintest M\u00fchendislik","description":"Yang\u0131n dolaplar\u0131, i\u015f yerlerinde, end\u00fcstriyel tesislerde ve di\u011fer toplu alanlarda yang\u0131n an\u0131nda m\u00fcdahale i\u00e7in \u00f6nemli bir yang\u0131n g\u00fcvenlik ekipman\u0131d\u0131r. Ancak, bu hayati ekipman\u0131n s\u00fcrekli g\u00fcvenilirli\u011fi ve etkinli\u011fi, d\u00fczenli bak\u0131m ve periyodik kontrollere ba\u011fl\u0131d\u0131r. Yang\u0131n dolaplar\u0131n\u0131n periyodik kontrol\u00fc projede belirtilen kriterlere ve Binalar\u0131n Yang\u0131ndan Korunmas\u0131 Hakk\u0131nda Y\u00f6netmeli\u011fi, TS EN 671-1 ve TS EN 671-2 uygun \u015fekilde","canonical_url":"https:\/\/pintest.com.tr\/index.php\/yangin-dolabi-periyodik-kontrolu\/","robots":"max-image-preview:large","keywords":"","webmasterTools":{"google-site-verification":"Q4QTclIfGhhdyEzlAb1wftEv3qRfz1KW5mq8eV4NCpQ","miscellaneous":""},"schema":{"@context":"https:\/\/schema.org","@graph":[{"@type":"BreadcrumbList","@id":"https:\/\/pintest.com.tr\/index.php\/yangin-dolabi-periyodik-kontrolu\/#breadcrumblist","itemListElement":[{"@type":"ListItem","@id":"https:\/\/pintest.com.tr#listItem","position":2,"name":"Ana sayfa","item":"https:\/\/pintest.com.tr","nextItem":{"@type":"ListItem","@id":"https:\/\/pintest.com.tr\/index.php\/yangin-dolabi-periyodik-kontrolu\/#listItem","name":"YANGIN DOLABI PER\u0130YOD\u0130K KONTROL\u00dc"},"previousItem":{"@type":"ListItem","@id":"#listItem","name":"Pintest"}},{"@type":"ListItem","@id":"https:\/\/pintest.com.tr\/index.php\/yangin-dolabi-periyodik-kontrolu\/#listItem","position":3,"name":"YANGIN DOLABI PER\u0130YOD\u0130K KONTROL\u00dc","previousItem":{"@type":"ListItem","@id":"https:\/\/pintest.com.tr#listItem","name":"Ana sayfa"}}]},{"@type":"Organization","@id":"https:\/\/pintest.com.tr\/#organization","name":"Pintest M\u00fchendislik P\u0130NTEST M\u00dcHEND\u0130SL\u0130K","description":"Uygunluk De\u011ferlendirme Kurulu\u015fu Firmam\u0131z, i\u015f d\u00fcnyas\u0131na att\u0131\u011f\u0131 ilk ad\u0131mlarla i\u015f sa\u011fl\u0131\u011f\u0131 ve g\u00fcvenli\u011fi alan\u0131nda uzman kadrosuyla \u00f6nemli bir yer edinmi\u015ftir. \u015eirketimiz faaliyette bulundu\u011fu periyodik kontrol\/muayene, Akustik rapor, i\u015f hijyeni ve \u00e7evresel g\u00fcr\u00fclt\u00fc \u00f6l\u00e7\u00fcmleri sekt\u00f6rde rol \u00fcstlenmektedir. Pintest M\u00fchendislik olarak, faaliyet g\u00f6sterdi\u011fimiz alanda deneyimli kadrolar\u0131m\u0131zla beraber kurdu\u011fumuz g\u00fcvenilir ili\u015fkilerimiz \u00e7er\u00e7evesinde faaliyetlerimizi verimli bir \u015fekilde y\u00fcr\u00fct\u00fcyoruz. Tercih edilir olmam\u0131zdaki en \u00f6nemli etken donan\u0131ml\u0131 ve yetkin insan kayna\u011f\u0131m\u0131zd\u0131r. \u0130nsan ya\u015fam\u0131n\u0131n de\u011ferini benimseyen ve bu do\u011frultuda sekt\u00f6rlerde gerekli kontrol ve analizleri ger\u00e7ekle\u015ftirerek sa\u011fl\u0131kl\u0131 ve g\u00fcvenilir \u00e7al\u0131\u015fma ortam\u0131 olu\u015fturmay\u0131 ama\u00e7l\u0131yoruz.","url":"https:\/\/pintest.com.tr\/","telephone":"+905057458845","logo":{"@type":"ImageObject","url":"https:\/\/pintest.com.tr\/wp-content\/uploads\/2023\/12\/Pintest-Logo-Ana.png","@id":"https:\/\/pintest.com.tr\/index.php\/yangin-dolabi-periyodik-kontrolu\/#organizationLogo","width":150,"height":113},"image":{"@id":"https:\/\/pintest.com.tr\/index.php\/yangin-dolabi-periyodik-kontrolu\/#organizationLogo"},"sameAs":["https:\/\/www.facebook.com\/profile.php?id=61572533822690","https:\/\/www.instagram.com\/pintest.uygunluk.degerlendirme\/","https:\/\/www.linkedin.com\/company\/101180367\/admin\/dashboard\/"]},{"@type":"WebPage","@id":"https:\/\/pintest.com.tr\/index.php\/yangin-dolabi-periyodik-kontrolu\/#webpage","url":"https:\/\/pintest.com.tr\/index.php\/yangin-dolabi-periyodik-kontrolu\/","name":"YANGIN DOLABI PER\u0130YOD\u0130K KONTROL\u00dc - Pintest M\u00fchendislik","description":"Yang\u0131n dolaplar\u0131, i\u015f yerlerinde, end\u00fcstriyel tesislerde ve di\u011fer toplu alanlarda yang\u0131n an\u0131nda m\u00fcdahale i\u00e7in \u00f6nemli bir yang\u0131n g\u00fcvenlik ekipman\u0131d\u0131r. Ancak, bu hayati ekipman\u0131n s\u00fcrekli g\u00fcvenilirli\u011fi ve etkinli\u011fi, d\u00fczenli bak\u0131m ve periyodik kontrollere ba\u011fl\u0131d\u0131r. Yang\u0131n dolaplar\u0131n\u0131n periyodik kontrol\u00fc projede belirtilen kriterlere ve Binalar\u0131n Yang\u0131ndan Korunmas\u0131 Hakk\u0131nda Y\u00f6netmeli\u011fi, TS EN 671-1 ve TS EN 671-2 uygun \u015fekilde","inLanguage":"tr-TR","isPartOf":{"@id":"https:\/\/pintest.com.tr\/#website"},"breadcrumb":{"@id":"https:\/\/pintest.com.tr\/index.php\/yangin-dolabi-periyodik-kontrolu\/#breadcrumblist"},"datePublished":"2023-12-27T21:13:29+03:00","dateModified":"2023-12-27T21:14:10+03:00"},{"@type":"WebSite","@id":"https:\/\/pintest.com.tr\/#website","url":"https:\/\/pintest.com.tr\/","name":"Pintest M\u00fchendislik","description":"Uygunluk De\u011ferlendirme Kurulu\u015fu","inLanguage":"tr-TR","publisher":{"@id":"https:\/\/pintest.com.tr\/#organization"}}]},"og:locale":"tr_TR","og:site_name":"Pintest M\u00fchendislik - Uygunluk De\u011ferlendirme Kurulu\u015fu","og:type":"article","og:title":"YANGIN DOLABI PER\u0130YOD\u0130K KONTROL\u00dc - Pintest M\u00fchendislik","og:description":"Yang\u0131n dolaplar\u0131, i\u015f yerlerinde, end\u00fcstriyel tesislerde ve di\u011fer toplu alanlarda yang\u0131n an\u0131nda m\u00fcdahale i\u00e7in \u00f6nemli bir yang\u0131n g\u00fcvenlik ekipman\u0131d\u0131r. Ancak, bu hayati ekipman\u0131n s\u00fcrekli g\u00fcvenilirli\u011fi ve etkinli\u011fi, d\u00fczenli bak\u0131m ve periyodik kontrollere ba\u011fl\u0131d\u0131r. Yang\u0131n dolaplar\u0131n\u0131n periyodik kontrol\u00fc projede belirtilen kriterlere ve Binalar\u0131n Yang\u0131ndan Korunmas\u0131 Hakk\u0131nda Y\u00f6netmeli\u011fi, TS EN 671-1 ve TS EN 671-2 uygun \u015fekilde","og:url":"https:\/\/pintest.com.tr\/index.php\/yangin-dolabi-periyodik-kontrolu\/","og:image":"https:\/\/pintest.com.tr\/wp-content\/uploads\/2023\/12\/cropped-Pintest-Favicon.webp","og:image:secure_url":"https:\/\/pintest.com.tr\/wp-content\/uploads\/2023\/12\/cropped-Pintest-Favicon.webp","og:image:width":512,"og:image:height":512,"article:published_time":"2023-12-27T18:13:29+00:00","article:modified_time":"2023-12-27T18:14:10+00:00","article:publisher":"https:\/\/www.facebook.com\/profile.php?id=61572533822690","twitter:card":"summary_large_image","twitter:title":"YANGIN DOLABI PER\u0130YOD\u0130K KONTROL\u00dc - Pintest M\u00fchendislik","twitter:description":"Yang\u0131n dolaplar\u0131, i\u015f yerlerinde, end\u00fcstriyel tesislerde ve di\u011fer toplu alanlarda yang\u0131n an\u0131nda m\u00fcdahale i\u00e7in \u00f6nemli bir yang\u0131n g\u00fcvenlik ekipman\u0131d\u0131r. Ancak, bu hayati ekipman\u0131n s\u00fcrekli g\u00fcvenilirli\u011fi ve etkinli\u011fi, d\u00fczenli bak\u0131m ve periyodik kontrollere ba\u011fl\u0131d\u0131r. Yang\u0131n dolaplar\u0131n\u0131n periyodik kontrol\u00fc projede belirtilen kriterlere ve Binalar\u0131n Yang\u0131ndan Korunmas\u0131 Hakk\u0131nda Y\u00f6netmeli\u011fi, TS EN 671-1 ve TS EN 671-2 uygun \u015fekilde","twitter:image":"https:\/\/pintest.com.tr\/wp-content\/uploads\/2023\/12\/cropped-Pintest-Favicon.webp"},"aioseo_meta_data":{"post_id":"1323","title":null,"description":null,"keywords":null,"keyphrases":null,"primary_term":null,"canonical_url":null,"og_title":null,"og_description":null,"og_object_type":"default","og_image_type":"default","og_image_url":null,"og_image_width":null,"og_image_height":null,"og_image_custom_url":null,"og_image_custom_fields":null,"og_video":null,"og_custom_url":null,"og_article_section":null,"og_article_tags":null,"twitter_use_og":false,"twitter_card":"default","twitter_image_type":"default","twitter_image_url":null,"twitter_image_custom_url":null,"twitter_image_custom_fields":null,"twitter_title":null,"twitter_description":null,"schema":{"blockGraphs":[],"customGraphs":[],"default":{"data":{"Article":[],"Course":[],"Dataset":[],"FAQPage":[],"Movie":[],"Person":[],"Product":[],"ProductReview":[],"Car":[],"Recipe":[],"Service":[],"SoftwareApplication":[],"WebPage":[]},"graphName":"","isEnabled":true},"graphs":[]},"schema_type":"default","schema_type_options":null,"pillar_content":false,"robots_default":true,"robots_noindex":false,"robots_noarchive":false,"robots_nosnippet":false,"robots_nofollow":false,"robots_noimageindex":false,"robots_noodp":false,"robots_notranslate":false,"robots_max_snippet":null,"robots_max_videopreview":null,"robots_max_imagepreview":"large","priority":null,"frequency":null,"local_seo":null,"seo_analyzer_scan_date":"2026-02-27 07:36:14","breadcrumb_settings":null,"limit_modified_date":false,"reviewed_by":null,"open_ai":null,"ai":null,"created":"2025-04-15 07:15:32","updated":"2026-02-27 09:18:22"},"aioseo_breadcrumb":"<div class=\"aioseo-breadcrumbs\"><span class=\"aioseo-breadcrumb\">\n\tPintest\n<\/span><span class=\"aioseo-breadcrumb-separator\">\u2192<\/span><span class=\"aioseo-breadcrumb\">\n\t<a href=\"https:\/\/pintest.com.tr\" title=\"Ana sayfa\">Ana sayfa<\/a>\n<\/span><span class=\"aioseo-breadcrumb-separator\">\u2192<\/span><span class=\"aioseo-breadcrumb\">\n\tYANGIN DOLABI PER\u0130YOD\u0130K KONTROL\u00dc\n<\/span><\/div>","aioseo_breadcrumb_json":[{"label":"Pintest","link":""},{"label":"Ana sayfa","link":"https:\/\/pintest.com.tr"},{"label":"YANGIN DOLABI PER\u0130YOD\u0130K KONTROL\u00dc","link":"https:\/\/pintest.com.tr\/index.php\/yangin-dolabi-periyodik-kontrolu\/"}],"_links":{"self":[{"href":"https:\/\/pintest.com.tr\/index.php\/wp-json\/wp\/v2\/pages\/1323","targetHints":{"allow":["GET"]}}],"collection":[{"href":"https:\/\/pintest.com.tr\/index.php\/wp-json\/wp\/v2\/pages"}],"about":[{"href":"https:\/\/pintest.com.tr\/index.php\/wp-json\/wp\/v2\/types\/page"}],"author":[{"embeddable":true,"href":"https:\/\/pintest.com.tr\/index.php\/wp-json\/wp\/v2\/users\/1"}],"replies":[{"embeddable":true,"href":"https:\/\/pintest.com.tr\/index.php\/wp-json\/wp\/v2\/comments?post=1323"}],"version-history":[{"count":1,"href":"https:\/\/pintest.com.tr\/index.php\/wp-json\/wp\/v2\/pages\/1323\/revisions"}],"predecessor-version":[{"id":1325,"href":"https:\/\/pintest.com.tr\/index.php\/wp-json\/wp\/v2\/pages\/1323\/revisions\/1325"}],"wp:attachment":[{"href":"https:\/\/pintest.com.tr\/index.php\/wp-json\/wp\/v2\/media?parent=1323"}],"curies":[{"name":"wp","href":"https:\/\/api.w.org\/{rel}","templated":true}]}}