{"id":1344,"date":"2023-12-27T21:28:24","date_gmt":"2023-12-27T18:28:24","guid":{"rendered":"https:\/\/pintest.com.tr\/?page_id=1344"},"modified":"2023-12-27T21:28:24","modified_gmt":"2023-12-27T18:28:24","slug":"otomatik-gazli-sondurme-sistemi-periyodik-kontrolu","status":"publish","type":"page","link":"https:\/\/pintest.com.tr\/index.php\/otomatik-gazli-sondurme-sistemi-periyodik-kontrolu\/","title":{"rendered":"OTOMAT\u0130K GAZLI S\u00d6ND\u00dcRME S\u0130STEM\u0130 PER\u0130YOD\u0130K KONTROL\u00dc"},"content":{"rendered":"<div class=\"wpb-content-wrapper\"><p>[vc_row][vc_column][vc_column_text]Otomatik gazl\u0131 s\u00f6nd\u00fcrme sistemleri, bir yang\u0131n durumunda otomatik olarak devreye girecek \u015fekilde tasarlanm\u0131\u015f yang\u0131n s\u00f6nd\u00fcrme sistemleridir. Bu sistemler, \u00f6zel bir gaz\u0131 kullanarak yang\u0131n\u0131 etkili bir \u015fekilde kontrol alt\u0131na almak ve s\u00f6nd\u00fcrmek amac\u0131yla tasarlanm\u0131\u015ft\u0131r. Otomatik gazl\u0131 s\u00f6nd\u00fcrme sistemleri, genellikle hassas ekipman, elektrik panolar\u0131, ar\u015fivler ve di\u011fer yang\u0131n s\u00f6nd\u00fcrme maddeleri kullan\u0131lamayan \u00f6zel alanlarda kullan\u0131l\u0131r. Bu sistemler, \u00f6nceden belirlenmi\u015f bir yang\u0131n alg\u0131lama veya kontrol sistemi taraf\u0131ndan tetiklenir.<\/p>\n<p>Otomatik gazl\u0131 s\u00f6nd\u00fcrme sistemleri periyodik kontrol\u00fc Projede belirtilen kriterlere ve Binalar\u0131n Yang\u0131ndan Korunmas\u0131 Hakk\u0131nda Y\u00f6netmeli\u011fe uygun \u015fekilde ger\u00e7ekle\u015ftirilir.<\/p>\n<p>\u0130\u015f Ekipmanlar\u0131n\u0131n Kullan\u0131m\u0131nda Sa\u011fl\u0131k ve G\u00fcvenlik \u015eartlar\u0131 Y\u00f6netmeli\u011fi\u2018ne g\u00f6re otomatik gazl\u0131 s\u00f6nd\u00fcrme sistemleri muayenesi y\u0131lda en az 1 defa yap\u0131lmal\u0131d\u0131r.<\/p>\n<p>\u0130\u015fte otomatik gazl\u0131 s\u00f6nd\u00fcrme sistemlerinin temel \u00f6zellikleri:<\/p>\n<p><strong>Gaz T\u00fcrleri:<\/strong><\/p>\n<p><strong>Halon Gaz\u0131:<\/strong> Halon gazlar\u0131, ozon tabakas\u0131na zarar verdikleri i\u00e7in \u00e7evre dostu olmayan gazlard\u0131r ve \u00e7o\u011fu yerde kullan\u0131mdan kald\u0131r\u0131lm\u0131\u015ft\u0131r.<\/p>\n<p><strong>\u0130nert Gazlar:<\/strong> \u0130nert gazlar, oksijeni azaltarak yang\u0131n\u0131 s\u00f6nd\u00fcr\u00fcr. \u00d6rnek olarak azot, argon ve karbon dioksit (CO2) kullan\u0131labilir.<\/p>\n<p><strong>Kimyasal Gazlar:<\/strong> Bu tip gazlar, yang\u0131n\u0131 kimyasal olarak bast\u0131rarak s\u00f6nd\u00fcr\u00fcr. \u00d6rnek olarak FM-200 (hekzafl\u00fcoropropan) ve NOVEC 1230 (2,2,2-trifloroetil nitrat) kullan\u0131labilir.<\/p>\n<ol>\n<li><strong> Gaz Seviyelerinin Kontrol\u00fc:<\/strong><\/li>\n<\/ol>\n<p>Muayene s\u00fcreci, sistemde kullan\u0131lan gaz\u0131n seviyelerini kontrol eder. Do\u011fru gaz konsantrasyonu, yang\u0131n\u0131 etkili bir \u015fekilde s\u00f6nd\u00fcrmek i\u00e7in kritiktir. Bu, gaz\u0131n depolama tanklar\u0131ndan p\u00fcsk\u00fcrt\u00fcc\u00fclere kadar olan t\u00fcm sistem bile\u015fenlerini i\u00e7erir.<\/p>\n<ol start=\"2\">\n<li><strong> P\u00fcsk\u00fcrt\u00fcc\u00fclerin Kontrol\u00fc:<\/strong><\/li>\n<\/ol>\n<p>Otomatik gazl\u0131 s\u00f6nd\u00fcrme sistemlerinde kullan\u0131lan p\u00fcsk\u00fcrt\u00fcc\u00fclerin d\u00fczg\u00fcn \u00e7al\u0131\u015fmas\u0131 \u00f6nemlidir. Muayene s\u00fcreci, p\u00fcsk\u00fcrt\u00fcc\u00fclerin temizli\u011fini, t\u0131kan\u0131kl\u0131klar\u0131n\u0131 ve i\u015flevselli\u011fini kontrol eder.<\/p>\n<ol start=\"3\">\n<li><strong> Bas\u0131n\u00e7 Kontrolleri:<\/strong><\/li>\n<\/ol>\n<p>Sistemdeki bas\u0131n\u00e7 seviyeleri, gaz\u0131n h\u0131zl\u0131 ve etkili bir \u015fekilde da\u011f\u0131lmas\u0131n\u0131 sa\u011flamak i\u00e7in belirli s\u0131n\u0131rlar i\u00e7inde olmal\u0131d\u0131r. Muayene s\u00fcreci, bas\u0131n\u00e7 reg\u00fclat\u00f6rleri ve di\u011fer kontrol cihazlar\u0131n\u0131 kontrol eder.<\/p>\n<ol start=\"4\">\n<li><strong> Yang\u0131n Alg\u0131lama ve Kontrol Sistemleri:<\/strong><\/li>\n<\/ol>\n<p>Otomatik gazl\u0131 s\u00f6nd\u00fcrme sistemleri, yang\u0131n alg\u0131lama ve kontrol sistemleri ile entegre olarak \u00e7al\u0131\u015f\u0131r. Bu nedenle, muayene s\u00fcreci bu sistemlerin etkinli\u011fini ve do\u011fru \u00e7al\u0131\u015fmas\u0131n\u0131 kontrol eder.<\/p>\n<p>&nbsp;<\/p>\n<ol start=\"5\">\n<li><strong> Gaz Depolama Tanklar\u0131:<\/strong><\/li>\n<\/ol>\n<p>Sistemde kullan\u0131lan gazlar\u0131n genellikle \u00f6zel depolama tanklar\u0131nda sakland\u0131\u011f\u0131 unutulmamal\u0131d\u0131r. Bu tanklar\u0131n muayenesi, gaz\u0131n g\u00fcvenli bir \u015fekilde depolanmas\u0131n\u0131 sa\u011flar.<\/p>\n<ol start=\"6\">\n<li><strong> Acil Durum G\u00f6stergeleri ve Alarm Sistemleri:<\/strong><\/li>\n<\/ol>\n<p>Muayene s\u00fcreci, sistemde herhangi bir sorun tespit edildi\u011finde acil durum g\u00f6stergelerini ve alarm sistemlerini kontrol eder. Bu, sistemde olas\u0131 bir ar\u0131za durumunda h\u0131zl\u0131 bir m\u00fcdahaleyi m\u00fcmk\u00fcn k\u0131lar.<\/p>\n<ol start=\"7\">\n<li><strong> D\u00fczenli Bak\u0131m ve Kay\u0131t Tutma:<\/strong><\/li>\n<\/ol>\n<p>Sistemdeki t\u00fcm bile\u015fenlerin d\u00fczenli bak\u0131m\u0131n\u0131 yapmak ve muayene sonu\u00e7lar\u0131n\u0131 kaydetmek, sistemin s\u00fcrekli g\u00fcvenilirli\u011fini sa\u011flamak i\u00e7in \u00f6nemlidir. Bu, sistemde herhangi bir sorun tespit edildi\u011finde d\u00fczeltici \u00f6nlemlerin al\u0131nmas\u0131n\u0131 m\u00fcmk\u00fcn k\u0131lar.<\/p>\n<p>Otomatik gazl\u0131 s\u00f6nd\u00fcrme sistemlerinin periyodik muayenesi, sistemin do\u011fru \u00e7al\u0131\u015fma durumunu s\u00fcrd\u00fcrmek, erken tespit ile olas\u0131 ar\u0131zalar\u0131 \u00f6nlemek ve yang\u0131n g\u00fcvenli\u011fi standartlar\u0131na uyumu sa\u011flamak i\u00e7in kritik bir s\u00fcre\u00e7tir. Bu muayeneler, sistemin yang\u0131n an\u0131ndaki etkinli\u011fini ve g\u00fcvenilirli\u011fini art\u0131r\u0131r, b\u00f6ylece can ve mal g\u00fcvenli\u011fini koruma misyonunu yerine getirir.[\/vc_column_text][\/vc_column][\/vc_row]<\/p>\n<\/div>","protected":false},"excerpt":{"rendered":"<p>[vc_row][vc_column][vc_column_text]Otomatik gazl\u0131 s\u00f6nd\u00fcrme sistemleri, bir yang\u0131n durumunda otomatik olarak devreye girecek \u015fekilde tasarlanm\u0131\u015f yang\u0131n s\u00f6nd\u00fcrme sistemleridir. Bu sistemler, \u00f6zel bir gaz\u0131 kullanarak yang\u0131n\u0131 etkili bir \u015fekilde kontrol alt\u0131na almak ve s\u00f6nd\u00fcrmek amac\u0131yla tasarlanm\u0131\u015ft\u0131r. Otomatik gazl\u0131 s\u00f6nd\u00fcrme sistemleri, genellikle hassas ekipman, elektrik panolar\u0131, ar\u015fivler ve di\u011fer yang\u0131n s\u00f6nd\u00fcrme maddeleri kullan\u0131lamayan \u00f6zel alanlarda kullan\u0131l\u0131r. Bu sistemler, \u00f6nceden [&hellip;]<\/p>\n","protected":false},"author":1,"featured_media":0,"parent":0,"menu_order":0,"comment_status":"closed","ping_status":"closed","template":"","meta":{"om_disable_all_campaigns":false,"_monsterinsights_skip_tracking":false,"_monsterinsights_sitenote_active":false,"_monsterinsights_sitenote_note":"","_monsterinsights_sitenote_category":0,"footnotes":""},"class_list":["post-1344","page","type-page","status-publish","hentry"],"aioseo_notices":[],"aioseo_head":"\n\t\t<!-- All in One SEO Pro 4.9.5.2 - aioseo.com -->\n\t<meta name=\"description\" content=\"Otomatik gazl\u0131 s\u00f6nd\u00fcrme sistemleri, bir yang\u0131n durumunda otomatik olarak devreye girecek \u015fekilde tasarlanm\u0131\u015f yang\u0131n s\u00f6nd\u00fcrme sistemleridir. Bu sistemler, \u00f6zel bir gaz\u0131 kullanarak yang\u0131n\u0131 etkili bir \u015fekilde kontrol alt\u0131na almak ve s\u00f6nd\u00fcrmek amac\u0131yla tasarlanm\u0131\u015ft\u0131r. Otomatik gazl\u0131 s\u00f6nd\u00fcrme sistemleri, genellikle hassas ekipman, elektrik panolar\u0131, ar\u015fivler ve di\u011fer yang\u0131n s\u00f6nd\u00fcrme maddeleri kullan\u0131lamayan \u00f6zel alanlarda kullan\u0131l\u0131r. Bu sistemler, \u00f6nceden\" \/>\n\t<meta name=\"robots\" content=\"max-image-preview:large\" \/>\n\t<meta name=\"google-site-verification\" content=\"Q4QTclIfGhhdyEzlAb1wftEv3qRfz1KW5mq8eV4NCpQ\" \/>\n\t<link rel=\"canonical\" href=\"https:\/\/pintest.com.tr\/index.php\/otomatik-gazli-sondurme-sistemi-periyodik-kontrolu\/\" \/>\n\t<meta name=\"generator\" content=\"All in One SEO Pro (AIOSEO) 4.9.5.2\" \/>\n\t\t<meta property=\"og:locale\" content=\"tr_TR\" \/>\n\t\t<meta property=\"og:site_name\" content=\"Pintest M\u00fchendislik - Uygunluk De\u011ferlendirme Kurulu\u015fu\" \/>\n\t\t<meta property=\"og:type\" content=\"article\" \/>\n\t\t<meta property=\"og:title\" content=\"OTOMAT\u0130K GAZLI S\u00d6ND\u00dcRME S\u0130STEM\u0130 PER\u0130YOD\u0130K KONTROL\u00dc - Pintest M\u00fchendislik\" \/>\n\t\t<meta property=\"og:description\" content=\"Otomatik gazl\u0131 s\u00f6nd\u00fcrme sistemleri, bir yang\u0131n durumunda otomatik olarak devreye girecek \u015fekilde tasarlanm\u0131\u015f yang\u0131n s\u00f6nd\u00fcrme sistemleridir. Bu sistemler, \u00f6zel bir gaz\u0131 kullanarak yang\u0131n\u0131 etkili bir \u015fekilde kontrol alt\u0131na almak ve s\u00f6nd\u00fcrmek amac\u0131yla tasarlanm\u0131\u015ft\u0131r. Otomatik gazl\u0131 s\u00f6nd\u00fcrme sistemleri, genellikle hassas ekipman, elektrik panolar\u0131, ar\u015fivler ve di\u011fer yang\u0131n s\u00f6nd\u00fcrme maddeleri kullan\u0131lamayan \u00f6zel alanlarda kullan\u0131l\u0131r. Bu sistemler, \u00f6nceden\" \/>\n\t\t<meta property=\"og:url\" content=\"https:\/\/pintest.com.tr\/index.php\/otomatik-gazli-sondurme-sistemi-periyodik-kontrolu\/\" \/>\n\t\t<meta property=\"og:image\" content=\"https:\/\/pintest.com.tr\/wp-content\/uploads\/2023\/12\/cropped-Pintest-Favicon.webp\" \/>\n\t\t<meta property=\"og:image:secure_url\" content=\"https:\/\/pintest.com.tr\/wp-content\/uploads\/2023\/12\/cropped-Pintest-Favicon.webp\" \/>\n\t\t<meta property=\"og:image:width\" content=\"512\" \/>\n\t\t<meta property=\"og:image:height\" content=\"512\" \/>\n\t\t<meta property=\"article:published_time\" content=\"2023-12-27T18:28:24+00:00\" \/>\n\t\t<meta property=\"article:modified_time\" content=\"2023-12-27T18:28:24+00:00\" \/>\n\t\t<meta property=\"article:publisher\" content=\"https:\/\/www.facebook.com\/profile.php?id=61572533822690\" \/>\n\t\t<meta name=\"twitter:card\" content=\"summary_large_image\" \/>\n\t\t<meta name=\"twitter:title\" content=\"OTOMAT\u0130K GAZLI S\u00d6ND\u00dcRME S\u0130STEM\u0130 PER\u0130YOD\u0130K KONTROL\u00dc - Pintest M\u00fchendislik\" \/>\n\t\t<meta name=\"twitter:description\" content=\"Otomatik gazl\u0131 s\u00f6nd\u00fcrme sistemleri, bir yang\u0131n durumunda otomatik olarak devreye girecek \u015fekilde tasarlanm\u0131\u015f yang\u0131n s\u00f6nd\u00fcrme sistemleridir. Bu sistemler, \u00f6zel bir gaz\u0131 kullanarak yang\u0131n\u0131 etkili bir \u015fekilde kontrol alt\u0131na almak ve s\u00f6nd\u00fcrmek amac\u0131yla tasarlanm\u0131\u015ft\u0131r. Otomatik gazl\u0131 s\u00f6nd\u00fcrme sistemleri, genellikle hassas ekipman, elektrik panolar\u0131, ar\u015fivler ve di\u011fer yang\u0131n s\u00f6nd\u00fcrme maddeleri kullan\u0131lamayan \u00f6zel alanlarda kullan\u0131l\u0131r. Bu sistemler, \u00f6nceden\" \/>\n\t\t<meta name=\"twitter:image\" content=\"https:\/\/pintest.com.tr\/wp-content\/uploads\/2023\/12\/cropped-Pintest-Favicon.webp\" \/>\n\t\t<script type=\"application\/ld+json\" class=\"aioseo-schema\">\n\t\t\t{\"@context\":\"https:\\\/\\\/schema.org\",\"@graph\":[{\"@type\":\"BreadcrumbList\",\"@id\":\"https:\\\/\\\/pintest.com.tr\\\/index.php\\\/otomatik-gazli-sondurme-sistemi-periyodik-kontrolu\\\/#breadcrumblist\",\"itemListElement\":[{\"@type\":\"ListItem\",\"@id\":\"https:\\\/\\\/pintest.com.tr#listItem\",\"position\":2,\"name\":\"Ana sayfa\",\"item\":\"https:\\\/\\\/pintest.com.tr\",\"nextItem\":{\"@type\":\"ListItem\",\"@id\":\"https:\\\/\\\/pintest.com.tr\\\/index.php\\\/otomatik-gazli-sondurme-sistemi-periyodik-kontrolu\\\/#listItem\",\"name\":\"OTOMAT\\u0130K GAZLI S\\u00d6ND\\u00dcRME S\\u0130STEM\\u0130 PER\\u0130YOD\\u0130K KONTROL\\u00dc\"},\"previousItem\":{\"@type\":\"ListItem\",\"@id\":\"#listItem\",\"name\":\"Pintest\"}},{\"@type\":\"ListItem\",\"@id\":\"https:\\\/\\\/pintest.com.tr\\\/index.php\\\/otomatik-gazli-sondurme-sistemi-periyodik-kontrolu\\\/#listItem\",\"position\":3,\"name\":\"OTOMAT\\u0130K GAZLI S\\u00d6ND\\u00dcRME S\\u0130STEM\\u0130 PER\\u0130YOD\\u0130K KONTROL\\u00dc\",\"previousItem\":{\"@type\":\"ListItem\",\"@id\":\"https:\\\/\\\/pintest.com.tr#listItem\",\"name\":\"Ana sayfa\"}}]},{\"@type\":\"Organization\",\"@id\":\"https:\\\/\\\/pintest.com.tr\\\/#organization\",\"name\":\"Pintest M\\u00fchendislik P\\u0130NTEST M\\u00dcHEND\\u0130SL\\u0130K\",\"description\":\"Uygunluk De\\u011ferlendirme Kurulu\\u015fu Firmam\\u0131z, i\\u015f d\\u00fcnyas\\u0131na att\\u0131\\u011f\\u0131 ilk ad\\u0131mlarla i\\u015f sa\\u011fl\\u0131\\u011f\\u0131 ve g\\u00fcvenli\\u011fi alan\\u0131nda uzman kadrosuyla \\u00f6nemli bir yer edinmi\\u015ftir. \\u015eirketimiz faaliyette bulundu\\u011fu periyodik kontrol\\\/muayene, Akustik rapor, i\\u015f hijyeni ve \\u00e7evresel g\\u00fcr\\u00fclt\\u00fc \\u00f6l\\u00e7\\u00fcmleri sekt\\u00f6rde rol \\u00fcstlenmektedir. Pintest M\\u00fchendislik olarak, faaliyet g\\u00f6sterdi\\u011fimiz alanda deneyimli kadrolar\\u0131m\\u0131zla beraber kurdu\\u011fumuz g\\u00fcvenilir ili\\u015fkilerimiz \\u00e7er\\u00e7evesinde faaliyetlerimizi verimli bir \\u015fekilde y\\u00fcr\\u00fct\\u00fcyoruz. Tercih edilir olmam\\u0131zdaki en \\u00f6nemli etken donan\\u0131ml\\u0131 ve yetkin insan kayna\\u011f\\u0131m\\u0131zd\\u0131r. \\u0130nsan ya\\u015fam\\u0131n\\u0131n de\\u011ferini benimseyen ve bu do\\u011frultuda sekt\\u00f6rlerde gerekli kontrol ve analizleri ger\\u00e7ekle\\u015ftirerek sa\\u011fl\\u0131kl\\u0131 ve g\\u00fcvenilir \\u00e7al\\u0131\\u015fma ortam\\u0131 olu\\u015fturmay\\u0131 ama\\u00e7l\\u0131yoruz.\",\"url\":\"https:\\\/\\\/pintest.com.tr\\\/\",\"telephone\":\"+905057458845\",\"logo\":{\"@type\":\"ImageObject\",\"url\":\"https:\\\/\\\/pintest.com.tr\\\/wp-content\\\/uploads\\\/2023\\\/12\\\/Pintest-Logo-Ana.png\",\"@id\":\"https:\\\/\\\/pintest.com.tr\\\/index.php\\\/otomatik-gazli-sondurme-sistemi-periyodik-kontrolu\\\/#organizationLogo\",\"width\":150,\"height\":113},\"image\":{\"@id\":\"https:\\\/\\\/pintest.com.tr\\\/index.php\\\/otomatik-gazli-sondurme-sistemi-periyodik-kontrolu\\\/#organizationLogo\"},\"sameAs\":[\"https:\\\/\\\/www.facebook.com\\\/profile.php?id=61572533822690\",\"https:\\\/\\\/www.instagram.com\\\/pintest.uygunluk.degerlendirme\\\/\",\"https:\\\/\\\/www.linkedin.com\\\/company\\\/101180367\\\/admin\\\/dashboard\\\/\"]},{\"@type\":\"WebPage\",\"@id\":\"https:\\\/\\\/pintest.com.tr\\\/index.php\\\/otomatik-gazli-sondurme-sistemi-periyodik-kontrolu\\\/#webpage\",\"url\":\"https:\\\/\\\/pintest.com.tr\\\/index.php\\\/otomatik-gazli-sondurme-sistemi-periyodik-kontrolu\\\/\",\"name\":\"OTOMAT\\u0130K GAZLI S\\u00d6ND\\u00dcRME S\\u0130STEM\\u0130 PER\\u0130YOD\\u0130K KONTROL\\u00dc - Pintest M\\u00fchendislik\",\"description\":\"Otomatik gazl\\u0131 s\\u00f6nd\\u00fcrme sistemleri, bir yang\\u0131n durumunda otomatik olarak devreye girecek \\u015fekilde tasarlanm\\u0131\\u015f yang\\u0131n s\\u00f6nd\\u00fcrme sistemleridir. Bu sistemler, \\u00f6zel bir gaz\\u0131 kullanarak yang\\u0131n\\u0131 etkili bir \\u015fekilde kontrol alt\\u0131na almak ve s\\u00f6nd\\u00fcrmek amac\\u0131yla tasarlanm\\u0131\\u015ft\\u0131r. Otomatik gazl\\u0131 s\\u00f6nd\\u00fcrme sistemleri, genellikle hassas ekipman, elektrik panolar\\u0131, ar\\u015fivler ve di\\u011fer yang\\u0131n s\\u00f6nd\\u00fcrme maddeleri kullan\\u0131lamayan \\u00f6zel alanlarda kullan\\u0131l\\u0131r. Bu sistemler, \\u00f6nceden\",\"inLanguage\":\"tr-TR\",\"isPartOf\":{\"@id\":\"https:\\\/\\\/pintest.com.tr\\\/#website\"},\"breadcrumb\":{\"@id\":\"https:\\\/\\\/pintest.com.tr\\\/index.php\\\/otomatik-gazli-sondurme-sistemi-periyodik-kontrolu\\\/#breadcrumblist\"},\"datePublished\":\"2023-12-27T21:28:24+03:00\",\"dateModified\":\"2023-12-27T21:28:24+03:00\"},{\"@type\":\"WebSite\",\"@id\":\"https:\\\/\\\/pintest.com.tr\\\/#website\",\"url\":\"https:\\\/\\\/pintest.com.tr\\\/\",\"name\":\"Pintest M\\u00fchendislik\",\"description\":\"Uygunluk De\\u011ferlendirme Kurulu\\u015fu\",\"inLanguage\":\"tr-TR\",\"publisher\":{\"@id\":\"https:\\\/\\\/pintest.com.tr\\\/#organization\"}}]}\n\t\t<\/script>\n\t\t<!-- All in One SEO Pro -->\r\n\t\t<title>OTOMAT\u0130K GAZLI S\u00d6ND\u00dcRME S\u0130STEM\u0130 PER\u0130YOD\u0130K KONTROL\u00dc - Pintest M\u00fchendislik<\/title>\n\n","aioseo_head_json":{"title":"OTOMAT\u0130K GAZLI S\u00d6ND\u00dcRME S\u0130STEM\u0130 PER\u0130YOD\u0130K KONTROL\u00dc - Pintest M\u00fchendislik","description":"Otomatik gazl\u0131 s\u00f6nd\u00fcrme sistemleri, bir yang\u0131n durumunda otomatik olarak devreye girecek \u015fekilde tasarlanm\u0131\u015f yang\u0131n s\u00f6nd\u00fcrme sistemleridir. Bu sistemler, \u00f6zel bir gaz\u0131 kullanarak yang\u0131n\u0131 etkili bir \u015fekilde kontrol alt\u0131na almak ve s\u00f6nd\u00fcrmek amac\u0131yla tasarlanm\u0131\u015ft\u0131r. Otomatik gazl\u0131 s\u00f6nd\u00fcrme sistemleri, genellikle hassas ekipman, elektrik panolar\u0131, ar\u015fivler ve di\u011fer yang\u0131n s\u00f6nd\u00fcrme maddeleri kullan\u0131lamayan \u00f6zel alanlarda kullan\u0131l\u0131r. Bu sistemler, \u00f6nceden","canonical_url":"https:\/\/pintest.com.tr\/index.php\/otomatik-gazli-sondurme-sistemi-periyodik-kontrolu\/","robots":"max-image-preview:large","keywords":"","webmasterTools":{"google-site-verification":"Q4QTclIfGhhdyEzlAb1wftEv3qRfz1KW5mq8eV4NCpQ","miscellaneous":""},"schema":{"@context":"https:\/\/schema.org","@graph":[{"@type":"BreadcrumbList","@id":"https:\/\/pintest.com.tr\/index.php\/otomatik-gazli-sondurme-sistemi-periyodik-kontrolu\/#breadcrumblist","itemListElement":[{"@type":"ListItem","@id":"https:\/\/pintest.com.tr#listItem","position":2,"name":"Ana sayfa","item":"https:\/\/pintest.com.tr","nextItem":{"@type":"ListItem","@id":"https:\/\/pintest.com.tr\/index.php\/otomatik-gazli-sondurme-sistemi-periyodik-kontrolu\/#listItem","name":"OTOMAT\u0130K GAZLI S\u00d6ND\u00dcRME S\u0130STEM\u0130 PER\u0130YOD\u0130K KONTROL\u00dc"},"previousItem":{"@type":"ListItem","@id":"#listItem","name":"Pintest"}},{"@type":"ListItem","@id":"https:\/\/pintest.com.tr\/index.php\/otomatik-gazli-sondurme-sistemi-periyodik-kontrolu\/#listItem","position":3,"name":"OTOMAT\u0130K GAZLI S\u00d6ND\u00dcRME S\u0130STEM\u0130 PER\u0130YOD\u0130K KONTROL\u00dc","previousItem":{"@type":"ListItem","@id":"https:\/\/pintest.com.tr#listItem","name":"Ana sayfa"}}]},{"@type":"Organization","@id":"https:\/\/pintest.com.tr\/#organization","name":"Pintest M\u00fchendislik P\u0130NTEST M\u00dcHEND\u0130SL\u0130K","description":"Uygunluk De\u011ferlendirme Kurulu\u015fu Firmam\u0131z, i\u015f d\u00fcnyas\u0131na att\u0131\u011f\u0131 ilk ad\u0131mlarla i\u015f sa\u011fl\u0131\u011f\u0131 ve g\u00fcvenli\u011fi alan\u0131nda uzman kadrosuyla \u00f6nemli bir yer edinmi\u015ftir. \u015eirketimiz faaliyette bulundu\u011fu periyodik kontrol\/muayene, Akustik rapor, i\u015f hijyeni ve \u00e7evresel g\u00fcr\u00fclt\u00fc \u00f6l\u00e7\u00fcmleri sekt\u00f6rde rol \u00fcstlenmektedir. Pintest M\u00fchendislik olarak, faaliyet g\u00f6sterdi\u011fimiz alanda deneyimli kadrolar\u0131m\u0131zla beraber kurdu\u011fumuz g\u00fcvenilir ili\u015fkilerimiz \u00e7er\u00e7evesinde faaliyetlerimizi verimli bir \u015fekilde y\u00fcr\u00fct\u00fcyoruz. Tercih edilir olmam\u0131zdaki en \u00f6nemli etken donan\u0131ml\u0131 ve yetkin insan kayna\u011f\u0131m\u0131zd\u0131r. \u0130nsan ya\u015fam\u0131n\u0131n de\u011ferini benimseyen ve bu do\u011frultuda sekt\u00f6rlerde gerekli kontrol ve analizleri ger\u00e7ekle\u015ftirerek sa\u011fl\u0131kl\u0131 ve g\u00fcvenilir \u00e7al\u0131\u015fma ortam\u0131 olu\u015fturmay\u0131 ama\u00e7l\u0131yoruz.","url":"https:\/\/pintest.com.tr\/","telephone":"+905057458845","logo":{"@type":"ImageObject","url":"https:\/\/pintest.com.tr\/wp-content\/uploads\/2023\/12\/Pintest-Logo-Ana.png","@id":"https:\/\/pintest.com.tr\/index.php\/otomatik-gazli-sondurme-sistemi-periyodik-kontrolu\/#organizationLogo","width":150,"height":113},"image":{"@id":"https:\/\/pintest.com.tr\/index.php\/otomatik-gazli-sondurme-sistemi-periyodik-kontrolu\/#organizationLogo"},"sameAs":["https:\/\/www.facebook.com\/profile.php?id=61572533822690","https:\/\/www.instagram.com\/pintest.uygunluk.degerlendirme\/","https:\/\/www.linkedin.com\/company\/101180367\/admin\/dashboard\/"]},{"@type":"WebPage","@id":"https:\/\/pintest.com.tr\/index.php\/otomatik-gazli-sondurme-sistemi-periyodik-kontrolu\/#webpage","url":"https:\/\/pintest.com.tr\/index.php\/otomatik-gazli-sondurme-sistemi-periyodik-kontrolu\/","name":"OTOMAT\u0130K GAZLI S\u00d6ND\u00dcRME S\u0130STEM\u0130 PER\u0130YOD\u0130K KONTROL\u00dc - Pintest M\u00fchendislik","description":"Otomatik gazl\u0131 s\u00f6nd\u00fcrme sistemleri, bir yang\u0131n durumunda otomatik olarak devreye girecek \u015fekilde tasarlanm\u0131\u015f yang\u0131n s\u00f6nd\u00fcrme sistemleridir. Bu sistemler, \u00f6zel bir gaz\u0131 kullanarak yang\u0131n\u0131 etkili bir \u015fekilde kontrol alt\u0131na almak ve s\u00f6nd\u00fcrmek amac\u0131yla tasarlanm\u0131\u015ft\u0131r. Otomatik gazl\u0131 s\u00f6nd\u00fcrme sistemleri, genellikle hassas ekipman, elektrik panolar\u0131, ar\u015fivler ve di\u011fer yang\u0131n s\u00f6nd\u00fcrme maddeleri kullan\u0131lamayan \u00f6zel alanlarda kullan\u0131l\u0131r. Bu sistemler, \u00f6nceden","inLanguage":"tr-TR","isPartOf":{"@id":"https:\/\/pintest.com.tr\/#website"},"breadcrumb":{"@id":"https:\/\/pintest.com.tr\/index.php\/otomatik-gazli-sondurme-sistemi-periyodik-kontrolu\/#breadcrumblist"},"datePublished":"2023-12-27T21:28:24+03:00","dateModified":"2023-12-27T21:28:24+03:00"},{"@type":"WebSite","@id":"https:\/\/pintest.com.tr\/#website","url":"https:\/\/pintest.com.tr\/","name":"Pintest M\u00fchendislik","description":"Uygunluk De\u011ferlendirme Kurulu\u015fu","inLanguage":"tr-TR","publisher":{"@id":"https:\/\/pintest.com.tr\/#organization"}}]},"og:locale":"tr_TR","og:site_name":"Pintest M\u00fchendislik - Uygunluk De\u011ferlendirme Kurulu\u015fu","og:type":"article","og:title":"OTOMAT\u0130K GAZLI S\u00d6ND\u00dcRME S\u0130STEM\u0130 PER\u0130YOD\u0130K KONTROL\u00dc - Pintest M\u00fchendislik","og:description":"Otomatik gazl\u0131 s\u00f6nd\u00fcrme sistemleri, bir yang\u0131n durumunda otomatik olarak devreye girecek \u015fekilde tasarlanm\u0131\u015f yang\u0131n s\u00f6nd\u00fcrme sistemleridir. Bu sistemler, \u00f6zel bir gaz\u0131 kullanarak yang\u0131n\u0131 etkili bir \u015fekilde kontrol alt\u0131na almak ve s\u00f6nd\u00fcrmek amac\u0131yla tasarlanm\u0131\u015ft\u0131r. Otomatik gazl\u0131 s\u00f6nd\u00fcrme sistemleri, genellikle hassas ekipman, elektrik panolar\u0131, ar\u015fivler ve di\u011fer yang\u0131n s\u00f6nd\u00fcrme maddeleri kullan\u0131lamayan \u00f6zel alanlarda kullan\u0131l\u0131r. Bu sistemler, \u00f6nceden","og:url":"https:\/\/pintest.com.tr\/index.php\/otomatik-gazli-sondurme-sistemi-periyodik-kontrolu\/","og:image":"https:\/\/pintest.com.tr\/wp-content\/uploads\/2023\/12\/cropped-Pintest-Favicon.webp","og:image:secure_url":"https:\/\/pintest.com.tr\/wp-content\/uploads\/2023\/12\/cropped-Pintest-Favicon.webp","og:image:width":512,"og:image:height":512,"article:published_time":"2023-12-27T18:28:24+00:00","article:modified_time":"2023-12-27T18:28:24+00:00","article:publisher":"https:\/\/www.facebook.com\/profile.php?id=61572533822690","twitter:card":"summary_large_image","twitter:title":"OTOMAT\u0130K GAZLI S\u00d6ND\u00dcRME S\u0130STEM\u0130 PER\u0130YOD\u0130K KONTROL\u00dc - Pintest M\u00fchendislik","twitter:description":"Otomatik gazl\u0131 s\u00f6nd\u00fcrme sistemleri, bir yang\u0131n durumunda otomatik olarak devreye girecek \u015fekilde tasarlanm\u0131\u015f yang\u0131n s\u00f6nd\u00fcrme sistemleridir. Bu sistemler, \u00f6zel bir gaz\u0131 kullanarak yang\u0131n\u0131 etkili bir \u015fekilde kontrol alt\u0131na almak ve s\u00f6nd\u00fcrmek amac\u0131yla tasarlanm\u0131\u015ft\u0131r. Otomatik gazl\u0131 s\u00f6nd\u00fcrme sistemleri, genellikle hassas ekipman, elektrik panolar\u0131, ar\u015fivler ve di\u011fer yang\u0131n s\u00f6nd\u00fcrme maddeleri kullan\u0131lamayan \u00f6zel alanlarda kullan\u0131l\u0131r. Bu sistemler, \u00f6nceden","twitter:image":"https:\/\/pintest.com.tr\/wp-content\/uploads\/2023\/12\/cropped-Pintest-Favicon.webp"},"aioseo_meta_data":{"post_id":"1344","title":null,"description":null,"keywords":null,"keyphrases":null,"primary_term":null,"canonical_url":null,"og_title":null,"og_description":null,"og_object_type":"default","og_image_type":"default","og_image_url":null,"og_image_width":null,"og_image_height":null,"og_image_custom_url":null,"og_image_custom_fields":null,"og_video":null,"og_custom_url":null,"og_article_section":null,"og_article_tags":null,"twitter_use_og":false,"twitter_card":"default","twitter_image_type":"default","twitter_image_url":null,"twitter_image_custom_url":null,"twitter_image_custom_fields":null,"twitter_title":null,"twitter_description":null,"schema":{"blockGraphs":[],"customGraphs":[],"default":{"data":{"Article":[],"Course":[],"Dataset":[],"FAQPage":[],"Movie":[],"Person":[],"Product":[],"ProductReview":[],"Car":[],"Recipe":[],"Service":[],"SoftwareApplication":[],"WebPage":[]},"graphName":"","isEnabled":true},"graphs":[]},"schema_type":"default","schema_type_options":null,"pillar_content":false,"robots_default":true,"robots_noindex":false,"robots_noarchive":false,"robots_nosnippet":false,"robots_nofollow":false,"robots_noimageindex":false,"robots_noodp":false,"robots_notranslate":false,"robots_max_snippet":null,"robots_max_videopreview":null,"robots_max_imagepreview":"large","priority":null,"frequency":null,"local_seo":null,"seo_analyzer_scan_date":"2026-02-27 07:39:38","breadcrumb_settings":null,"limit_modified_date":false,"reviewed_by":null,"open_ai":null,"ai":null,"created":"2025-04-15 07:16:32","updated":"2026-02-27 09:18:23"},"aioseo_breadcrumb":"<div class=\"aioseo-breadcrumbs\"><span class=\"aioseo-breadcrumb\">\n\tPintest\n<\/span><span class=\"aioseo-breadcrumb-separator\">\u2192<\/span><span class=\"aioseo-breadcrumb\">\n\t<a href=\"https:\/\/pintest.com.tr\" title=\"Ana sayfa\">Ana sayfa<\/a>\n<\/span><span class=\"aioseo-breadcrumb-separator\">\u2192<\/span><span class=\"aioseo-breadcrumb\">\n\tOTOMAT\u0130K GAZLI S\u00d6ND\u00dcRME S\u0130STEM\u0130 PER\u0130YOD\u0130K KONTROL\u00dc\n<\/span><\/div>","aioseo_breadcrumb_json":[{"label":"Pintest","link":""},{"label":"Ana sayfa","link":"https:\/\/pintest.com.tr"},{"label":"OTOMAT\u0130K GAZLI S\u00d6ND\u00dcRME S\u0130STEM\u0130 PER\u0130YOD\u0130K KONTROL\u00dc","link":"https:\/\/pintest.com.tr\/index.php\/otomatik-gazli-sondurme-sistemi-periyodik-kontrolu\/"}],"_links":{"self":[{"href":"https:\/\/pintest.com.tr\/index.php\/wp-json\/wp\/v2\/pages\/1344","targetHints":{"allow":["GET"]}}],"collection":[{"href":"https:\/\/pintest.com.tr\/index.php\/wp-json\/wp\/v2\/pages"}],"about":[{"href":"https:\/\/pintest.com.tr\/index.php\/wp-json\/wp\/v2\/types\/page"}],"author":[{"embeddable":true,"href":"https:\/\/pintest.com.tr\/index.php\/wp-json\/wp\/v2\/users\/1"}],"replies":[{"embeddable":true,"href":"https:\/\/pintest.com.tr\/index.php\/wp-json\/wp\/v2\/comments?post=1344"}],"version-history":[{"count":1,"href":"https:\/\/pintest.com.tr\/index.php\/wp-json\/wp\/v2\/pages\/1344\/revisions"}],"predecessor-version":[{"id":1345,"href":"https:\/\/pintest.com.tr\/index.php\/wp-json\/wp\/v2\/pages\/1344\/revisions\/1345"}],"wp:attachment":[{"href":"https:\/\/pintest.com.tr\/index.php\/wp-json\/wp\/v2\/media?parent=1344"}],"curies":[{"name":"wp","href":"https:\/\/api.w.org\/{rel}","templated":true}]}}