{"id":1350,"date":"2023-12-27T21:33:35","date_gmt":"2023-12-27T18:33:35","guid":{"rendered":"https:\/\/pintest.com.tr\/?page_id=1350"},"modified":"2023-12-27T21:33:35","modified_gmt":"2023-12-27T18:33:35","slug":"yangin-sabit-boru-tesisati-periyodik-kontrolu","status":"publish","type":"page","link":"https:\/\/pintest.com.tr\/index.php\/yangin-sabit-boru-tesisati-periyodik-kontrolu\/","title":{"rendered":"YANGIN SAB\u0130T BORU TES\u0130SATI PER\u0130YOD\u0130K KONTROL\u00dc"},"content":{"rendered":"<div class=\"wpb-content-wrapper\"><p>[vc_row][vc_column][vc_column_text]Yang\u0131n sabit boru tesisat\u0131, bir binada yang\u0131n g\u00fcvenli\u011fi sa\u011flamak i\u00e7in tasarlanm\u0131\u015f bir yang\u0131n s\u00f6nd\u00fcrme sistemi t\u00fcr\u00fcd\u00fcr. Bu t\u00fcr tesisat, yang\u0131n alg\u0131land\u0131\u011f\u0131nda otomatik olarak devreye girecek \u015fekilde d\u00fczenlenmi\u015ftir ve su veya ba\u015fka bir s\u00f6nd\u00fcrme maddesini yang\u0131n b\u00f6lgesine iletmek amac\u0131yla kullan\u0131l\u0131r. Yang\u0131n sabit boru tesisatlar\u0131, genellikle yang\u0131n sprinkler sistemleri veya yang\u0131n hidrantlar\u0131 gibi \u00f6zel ekipmanlar i\u00e7erir.<\/p>\n<p>Yang\u0131n sabit boru tesisat\u0131 periyodik kontrol\u00fc alan\u0131nda uzman makine m\u00fchendislerimiz taraf\u0131ndan Projede belirtilen kriterlere ve Binalar\u0131n Yang\u0131ndan Korunmas\u0131 Hakk\u0131nda Y\u00f6netmeli\u011fe uygun \u015fekilde ger\u00e7ekle\u015ftirilir.<\/p>\n<p>\u0130\u015f Ekipmanlar\u0131n\u0131n Kullan\u0131m\u0131nda Sa\u011fl\u0131k ve G\u00fcvenlik \u015eartlar\u0131 Y\u00f6netmeli\u011fi\u2018ne g\u00f6re yang\u0131n sabit boru tesisat\u0131 muayenesi y\u0131lda en az 1 defa yap\u0131lmal\u0131d\u0131r.<\/p>\n<ol>\n<li><strong> Sprinkler Ba\u015fl\u0131klar\u0131 ve Hidrantlar:<\/strong><\/li>\n<\/ol>\n<p>Muayene s\u00fcreci, sprinkler ba\u015fl\u0131klar\u0131n\u0131n ve hidrantlar\u0131n do\u011fru konumda ve \u00e7al\u0131\u015f\u0131r durumda olup olmad\u0131\u011f\u0131n\u0131 kontrol eder. Ba\u015fl\u0131klar\u0131n serbest hareket edip etmedi\u011fi, hidrant vanalar\u0131n\u0131n d\u00fczg\u00fcn \u00e7al\u0131\u015f\u0131p \u00e7al\u0131\u015fmad\u0131\u011f\u0131 g\u00f6zden ge\u00e7irilir. Gerekirse temizlik ve bak\u0131m i\u015flemleri yap\u0131l\u0131r.<\/p>\n<ol start=\"2\">\n<li><strong> Boru Hatlar\u0131 ve Ba\u011flant\u0131 Noktalar\u0131:<\/strong><\/li>\n<\/ol>\n<p>Boru hatlar\u0131, suyun yang\u0131n b\u00f6lgesine ta\u015f\u0131nmas\u0131n\u0131 sa\u011flar. Bu nedenle muayene s\u00fcreci, boru hatlar\u0131n\u0131n korozyon, t\u0131kanma veya hasar a\u00e7\u0131s\u0131ndan incelenmesini i\u00e7erir. Ba\u011flant\u0131 noktalar\u0131 ve vanalar\u0131n i\u015flevselli\u011fi kontrol edilir.<\/p>\n<ol start=\"3\">\n<li><strong> Bas\u0131n\u00e7 Kontrolleri:<\/strong><\/li>\n<\/ol>\n<p>Yang\u0131n sprinkler sistemlerindeki bas\u0131n\u00e7lar belirli bir aral\u0131kta olmal\u0131d\u0131r. Muayene, sistemin belirtilen bas\u0131n\u00e7 s\u0131n\u0131rlar\u0131 i\u00e7inde \u00e7al\u0131\u015f\u0131p \u00e7al\u0131\u015fmad\u0131\u011f\u0131n\u0131 kontrol eder. Bu, suyun yang\u0131n durumunda yeterli bas\u0131n\u00e7la p\u00fcsk\u00fcrt\u00fclmesini sa\u011flar.<\/p>\n<ol start=\"4\">\n<li><strong> Yang\u0131n Alg\u0131lama ve Kontrol Sistemleri:<\/strong><\/li>\n<\/ol>\n<p>Yang\u0131n sabit boru tesisatlar\u0131 genellikle yang\u0131n alg\u0131lama ve kontrol sistemleriyle entegre olarak \u00e7al\u0131\u015f\u0131r. Bu nedenle muayene s\u00fcreci, bu sistemlerin etkinli\u011fini ve i\u015flevselli\u011fini kontrol eder.<\/p>\n<ol start=\"5\">\n<li><strong> Acil Durum Su Temini:<\/strong><\/li>\n<\/ol>\n<p>Hidrantlar ve di\u011fer acil durum su temini noktalar\u0131, muayene s\u00fcrecinde detayl\u0131 bir \u015fekilde kontrol edilir. Su kaynaklar\u0131, suyun yeterli miktarda ve do\u011fru bas\u0131n\u00e7ta sa\u011flanmas\u0131n\u0131 sa\u011flamak i\u00e7in incelenir.<\/p>\n<ol start=\"6\">\n<li><strong> Kay\u0131t Tutma ve Raporlama:<\/strong><\/li>\n<\/ol>\n<p>Muayene s\u00fcrecinde elde edilen verilerin kaydedilmesi ve raporlanmas\u0131, sistemin performans\u0131n\u0131n takip edilmesi ve gerekli d\u00fczeltici \u00f6nlemlerin al\u0131nabilmesi a\u00e7\u0131s\u0131ndan \u00f6nemlidir.<\/p>\n<p>Yang\u0131n sabit boru tesisatlar\u0131n\u0131n periyodik muayenesi, yang\u0131n g\u00fcvenli\u011fi standartlar\u0131na uyumu sa\u011flamak, sistemdeki potansiyel sorunlar\u0131 erken tespit etmek ve sistemin g\u00fcvenilirli\u011fini art\u0131rmak a\u00e7\u0131s\u0131ndan kritik bir rol oynar. Bu muayeneler, yang\u0131n an\u0131ndaki etkin m\u00fcdahaleyi ve can g\u00fcvenli\u011fini g\u00fcvence alt\u0131na al\u0131r.[\/vc_column_text][\/vc_column][\/vc_row]<\/p>\n<\/div>","protected":false},"excerpt":{"rendered":"<p>[vc_row][vc_column][vc_column_text]Yang\u0131n sabit boru tesisat\u0131, bir binada yang\u0131n g\u00fcvenli\u011fi sa\u011flamak i\u00e7in tasarlanm\u0131\u015f bir yang\u0131n s\u00f6nd\u00fcrme sistemi t\u00fcr\u00fcd\u00fcr. Bu t\u00fcr tesisat, yang\u0131n alg\u0131land\u0131\u011f\u0131nda otomatik olarak devreye girecek \u015fekilde d\u00fczenlenmi\u015ftir ve su veya ba\u015fka bir s\u00f6nd\u00fcrme maddesini yang\u0131n b\u00f6lgesine iletmek amac\u0131yla kullan\u0131l\u0131r. Yang\u0131n sabit boru tesisatlar\u0131, genellikle yang\u0131n sprinkler sistemleri veya yang\u0131n hidrantlar\u0131 gibi \u00f6zel ekipmanlar i\u00e7erir. Yang\u0131n [&hellip;]<\/p>\n","protected":false},"author":1,"featured_media":0,"parent":0,"menu_order":0,"comment_status":"closed","ping_status":"closed","template":"","meta":{"om_disable_all_campaigns":false,"_monsterinsights_skip_tracking":false,"_monsterinsights_sitenote_active":false,"_monsterinsights_sitenote_note":"","_monsterinsights_sitenote_category":0,"footnotes":""},"class_list":["post-1350","page","type-page","status-publish","hentry"],"aioseo_notices":[],"aioseo_head":"\n\t\t<!-- All in One SEO Pro 4.9.6.2 - aioseo.com -->\n\t<meta name=\"description\" content=\"Yang\u0131n sabit boru tesisat\u0131, bir binada yang\u0131n g\u00fcvenli\u011fi sa\u011flamak i\u00e7in tasarlanm\u0131\u015f bir yang\u0131n s\u00f6nd\u00fcrme sistemi t\u00fcr\u00fcd\u00fcr. Bu t\u00fcr tesisat, yang\u0131n alg\u0131land\u0131\u011f\u0131nda otomatik olarak devreye girecek \u015fekilde d\u00fczenlenmi\u015ftir ve su veya ba\u015fka bir s\u00f6nd\u00fcrme maddesini yang\u0131n b\u00f6lgesine iletmek amac\u0131yla kullan\u0131l\u0131r. Yang\u0131n sabit boru tesisatlar\u0131, genellikle yang\u0131n sprinkler sistemleri veya yang\u0131n hidrantlar\u0131 gibi \u00f6zel ekipmanlar i\u00e7erir. Yang\u0131n\" \/>\n\t<meta name=\"robots\" content=\"max-image-preview:large\" \/>\n\t<meta name=\"google-site-verification\" content=\"Q4QTclIfGhhdyEzlAb1wftEv3qRfz1KW5mq8eV4NCpQ\" \/>\n\t<link rel=\"canonical\" href=\"https:\/\/pintest.com.tr\/index.php\/yangin-sabit-boru-tesisati-periyodik-kontrolu\/\" \/>\n\t<meta name=\"generator\" content=\"All in One SEO Pro (AIOSEO) 4.9.6.2\" \/>\n\t\t<meta property=\"og:locale\" content=\"tr_TR\" \/>\n\t\t<meta property=\"og:site_name\" content=\"Pintest M\u00fchendislik - Uygunluk De\u011ferlendirme Kurulu\u015fu\" \/>\n\t\t<meta property=\"og:type\" content=\"article\" \/>\n\t\t<meta property=\"og:title\" content=\"YANGIN SAB\u0130T BORU TES\u0130SATI PER\u0130YOD\u0130K KONTROL\u00dc - Pintest M\u00fchendislik\" \/>\n\t\t<meta property=\"og:description\" content=\"Yang\u0131n sabit boru tesisat\u0131, bir binada yang\u0131n g\u00fcvenli\u011fi sa\u011flamak i\u00e7in tasarlanm\u0131\u015f bir yang\u0131n s\u00f6nd\u00fcrme sistemi t\u00fcr\u00fcd\u00fcr. Bu t\u00fcr tesisat, yang\u0131n alg\u0131land\u0131\u011f\u0131nda otomatik olarak devreye girecek \u015fekilde d\u00fczenlenmi\u015ftir ve su veya ba\u015fka bir s\u00f6nd\u00fcrme maddesini yang\u0131n b\u00f6lgesine iletmek amac\u0131yla kullan\u0131l\u0131r. Yang\u0131n sabit boru tesisatlar\u0131, genellikle yang\u0131n sprinkler sistemleri veya yang\u0131n hidrantlar\u0131 gibi \u00f6zel ekipmanlar i\u00e7erir. Yang\u0131n\" \/>\n\t\t<meta property=\"og:url\" content=\"https:\/\/pintest.com.tr\/index.php\/yangin-sabit-boru-tesisati-periyodik-kontrolu\/\" \/>\n\t\t<meta property=\"og:image\" content=\"https:\/\/pintest.com.tr\/wp-content\/uploads\/2023\/12\/cropped-Pintest-Favicon.webp\" \/>\n\t\t<meta property=\"og:image:secure_url\" content=\"https:\/\/pintest.com.tr\/wp-content\/uploads\/2023\/12\/cropped-Pintest-Favicon.webp\" \/>\n\t\t<meta property=\"og:image:width\" content=\"512\" \/>\n\t\t<meta property=\"og:image:height\" content=\"512\" \/>\n\t\t<meta property=\"article:published_time\" content=\"2023-12-27T18:33:35+00:00\" \/>\n\t\t<meta property=\"article:modified_time\" content=\"2023-12-27T18:33:35+00:00\" \/>\n\t\t<meta property=\"article:publisher\" content=\"https:\/\/www.facebook.com\/profile.php?id=61572533822690\" \/>\n\t\t<meta name=\"twitter:card\" content=\"summary_large_image\" \/>\n\t\t<meta name=\"twitter:title\" content=\"YANGIN SAB\u0130T BORU TES\u0130SATI PER\u0130YOD\u0130K KONTROL\u00dc - Pintest M\u00fchendislik\" \/>\n\t\t<meta name=\"twitter:description\" content=\"Yang\u0131n sabit boru tesisat\u0131, bir binada yang\u0131n g\u00fcvenli\u011fi sa\u011flamak i\u00e7in tasarlanm\u0131\u015f bir yang\u0131n s\u00f6nd\u00fcrme sistemi t\u00fcr\u00fcd\u00fcr. Bu t\u00fcr tesisat, yang\u0131n alg\u0131land\u0131\u011f\u0131nda otomatik olarak devreye girecek \u015fekilde d\u00fczenlenmi\u015ftir ve su veya ba\u015fka bir s\u00f6nd\u00fcrme maddesini yang\u0131n b\u00f6lgesine iletmek amac\u0131yla kullan\u0131l\u0131r. Yang\u0131n sabit boru tesisatlar\u0131, genellikle yang\u0131n sprinkler sistemleri veya yang\u0131n hidrantlar\u0131 gibi \u00f6zel ekipmanlar i\u00e7erir. Yang\u0131n\" \/>\n\t\t<meta name=\"twitter:image\" content=\"https:\/\/pintest.com.tr\/wp-content\/uploads\/2023\/12\/cropped-Pintest-Favicon.webp\" \/>\n\t\t<script type=\"application\/ld+json\" class=\"aioseo-schema\">\n\t\t\t{\"@context\":\"https:\\\/\\\/schema.org\",\"@graph\":[{\"@type\":\"BreadcrumbList\",\"@id\":\"https:\\\/\\\/pintest.com.tr\\\/index.php\\\/yangin-sabit-boru-tesisati-periyodik-kontrolu\\\/#breadcrumblist\",\"itemListElement\":[{\"@type\":\"ListItem\",\"@id\":\"https:\\\/\\\/pintest.com.tr#listItem\",\"position\":2,\"name\":\"Ana sayfa\",\"item\":\"https:\\\/\\\/pintest.com.tr\",\"nextItem\":{\"@type\":\"ListItem\",\"@id\":\"https:\\\/\\\/pintest.com.tr\\\/index.php\\\/yangin-sabit-boru-tesisati-periyodik-kontrolu\\\/#listItem\",\"name\":\"YANGIN SAB\\u0130T BORU TES\\u0130SATI PER\\u0130YOD\\u0130K KONTROL\\u00dc\"},\"previousItem\":{\"@type\":\"ListItem\",\"@id\":\"#listItem\",\"name\":\"Pintest\"}},{\"@type\":\"ListItem\",\"@id\":\"https:\\\/\\\/pintest.com.tr\\\/index.php\\\/yangin-sabit-boru-tesisati-periyodik-kontrolu\\\/#listItem\",\"position\":3,\"name\":\"YANGIN SAB\\u0130T BORU TES\\u0130SATI PER\\u0130YOD\\u0130K KONTROL\\u00dc\",\"previousItem\":{\"@type\":\"ListItem\",\"@id\":\"https:\\\/\\\/pintest.com.tr#listItem\",\"name\":\"Ana sayfa\"}}]},{\"@type\":\"Organization\",\"@id\":\"https:\\\/\\\/pintest.com.tr\\\/#organization\",\"name\":\"Pintest M\\u00fchendislik P\\u0130NTEST M\\u00dcHEND\\u0130SL\\u0130K\",\"description\":\"Uygunluk De\\u011ferlendirme Kurulu\\u015fu Firmam\\u0131z, i\\u015f d\\u00fcnyas\\u0131na att\\u0131\\u011f\\u0131 ilk ad\\u0131mlarla i\\u015f sa\\u011fl\\u0131\\u011f\\u0131 ve g\\u00fcvenli\\u011fi alan\\u0131nda uzman kadrosuyla \\u00f6nemli bir yer edinmi\\u015ftir. \\u015eirketimiz faaliyette bulundu\\u011fu periyodik kontrol\\\/muayene, Akustik rapor, i\\u015f hijyeni ve \\u00e7evresel g\\u00fcr\\u00fclt\\u00fc \\u00f6l\\u00e7\\u00fcmleri sekt\\u00f6rde rol \\u00fcstlenmektedir. Pintest M\\u00fchendislik olarak, faaliyet g\\u00f6sterdi\\u011fimiz alanda deneyimli kadrolar\\u0131m\\u0131zla beraber kurdu\\u011fumuz g\\u00fcvenilir ili\\u015fkilerimiz \\u00e7er\\u00e7evesinde faaliyetlerimizi verimli bir \\u015fekilde y\\u00fcr\\u00fct\\u00fcyoruz. Tercih edilir olmam\\u0131zdaki en \\u00f6nemli etken donan\\u0131ml\\u0131 ve yetkin insan kayna\\u011f\\u0131m\\u0131zd\\u0131r. \\u0130nsan ya\\u015fam\\u0131n\\u0131n de\\u011ferini benimseyen ve bu do\\u011frultuda sekt\\u00f6rlerde gerekli kontrol ve analizleri ger\\u00e7ekle\\u015ftirerek sa\\u011fl\\u0131kl\\u0131 ve g\\u00fcvenilir \\u00e7al\\u0131\\u015fma ortam\\u0131 olu\\u015fturmay\\u0131 ama\\u00e7l\\u0131yoruz.\",\"url\":\"https:\\\/\\\/pintest.com.tr\\\/\",\"telephone\":\"+905057458845\",\"logo\":{\"@type\":\"ImageObject\",\"url\":\"https:\\\/\\\/pintest.com.tr\\\/wp-content\\\/uploads\\\/2023\\\/12\\\/Pintest-Logo-Ana.png\",\"@id\":\"https:\\\/\\\/pintest.com.tr\\\/index.php\\\/yangin-sabit-boru-tesisati-periyodik-kontrolu\\\/#organizationLogo\",\"width\":150,\"height\":113},\"image\":{\"@id\":\"https:\\\/\\\/pintest.com.tr\\\/index.php\\\/yangin-sabit-boru-tesisati-periyodik-kontrolu\\\/#organizationLogo\"},\"sameAs\":[\"https:\\\/\\\/www.facebook.com\\\/profile.php?id=61572533822690\",\"https:\\\/\\\/www.instagram.com\\\/pintest.uygunluk.degerlendirme\\\/\",\"https:\\\/\\\/www.linkedin.com\\\/company\\\/101180367\\\/admin\\\/dashboard\\\/\"]},{\"@type\":\"WebPage\",\"@id\":\"https:\\\/\\\/pintest.com.tr\\\/index.php\\\/yangin-sabit-boru-tesisati-periyodik-kontrolu\\\/#webpage\",\"url\":\"https:\\\/\\\/pintest.com.tr\\\/index.php\\\/yangin-sabit-boru-tesisati-periyodik-kontrolu\\\/\",\"name\":\"YANGIN SAB\\u0130T BORU TES\\u0130SATI PER\\u0130YOD\\u0130K KONTROL\\u00dc - Pintest M\\u00fchendislik\",\"description\":\"Yang\\u0131n sabit boru tesisat\\u0131, bir binada yang\\u0131n g\\u00fcvenli\\u011fi sa\\u011flamak i\\u00e7in tasarlanm\\u0131\\u015f bir yang\\u0131n s\\u00f6nd\\u00fcrme sistemi t\\u00fcr\\u00fcd\\u00fcr. Bu t\\u00fcr tesisat, yang\\u0131n alg\\u0131land\\u0131\\u011f\\u0131nda otomatik olarak devreye girecek \\u015fekilde d\\u00fczenlenmi\\u015ftir ve su veya ba\\u015fka bir s\\u00f6nd\\u00fcrme maddesini yang\\u0131n b\\u00f6lgesine iletmek amac\\u0131yla kullan\\u0131l\\u0131r. Yang\\u0131n sabit boru tesisatlar\\u0131, genellikle yang\\u0131n sprinkler sistemleri veya yang\\u0131n hidrantlar\\u0131 gibi \\u00f6zel ekipmanlar i\\u00e7erir. Yang\\u0131n\",\"inLanguage\":\"tr-TR\",\"isPartOf\":{\"@id\":\"https:\\\/\\\/pintest.com.tr\\\/#website\"},\"breadcrumb\":{\"@id\":\"https:\\\/\\\/pintest.com.tr\\\/index.php\\\/yangin-sabit-boru-tesisati-periyodik-kontrolu\\\/#breadcrumblist\"},\"datePublished\":\"2023-12-27T21:33:35+03:00\",\"dateModified\":\"2023-12-27T21:33:35+03:00\"},{\"@type\":\"WebSite\",\"@id\":\"https:\\\/\\\/pintest.com.tr\\\/#website\",\"url\":\"https:\\\/\\\/pintest.com.tr\\\/\",\"name\":\"Pintest M\\u00fchendislik\",\"description\":\"Uygunluk De\\u011ferlendirme Kurulu\\u015fu\",\"inLanguage\":\"tr-TR\",\"publisher\":{\"@id\":\"https:\\\/\\\/pintest.com.tr\\\/#organization\"}}]}\n\t\t<\/script>\n\t\t<!-- All in One SEO Pro -->\r\n\t\t<title>YANGIN SAB\u0130T BORU TES\u0130SATI PER\u0130YOD\u0130K KONTROL\u00dc - Pintest M\u00fchendislik<\/title>\n\n","aioseo_head_json":{"title":"YANGIN SAB\u0130T BORU TES\u0130SATI PER\u0130YOD\u0130K KONTROL\u00dc - Pintest M\u00fchendislik","description":"Yang\u0131n sabit boru tesisat\u0131, bir binada yang\u0131n g\u00fcvenli\u011fi sa\u011flamak i\u00e7in tasarlanm\u0131\u015f bir yang\u0131n s\u00f6nd\u00fcrme sistemi t\u00fcr\u00fcd\u00fcr. Bu t\u00fcr tesisat, yang\u0131n alg\u0131land\u0131\u011f\u0131nda otomatik olarak devreye girecek \u015fekilde d\u00fczenlenmi\u015ftir ve su veya ba\u015fka bir s\u00f6nd\u00fcrme maddesini yang\u0131n b\u00f6lgesine iletmek amac\u0131yla kullan\u0131l\u0131r. Yang\u0131n sabit boru tesisatlar\u0131, genellikle yang\u0131n sprinkler sistemleri veya yang\u0131n hidrantlar\u0131 gibi \u00f6zel ekipmanlar i\u00e7erir. Yang\u0131n","canonical_url":"https:\/\/pintest.com.tr\/index.php\/yangin-sabit-boru-tesisati-periyodik-kontrolu\/","robots":"max-image-preview:large","keywords":"","webmasterTools":{"google-site-verification":"Q4QTclIfGhhdyEzlAb1wftEv3qRfz1KW5mq8eV4NCpQ","miscellaneous":""},"schema":{"@context":"https:\/\/schema.org","@graph":[{"@type":"BreadcrumbList","@id":"https:\/\/pintest.com.tr\/index.php\/yangin-sabit-boru-tesisati-periyodik-kontrolu\/#breadcrumblist","itemListElement":[{"@type":"ListItem","@id":"https:\/\/pintest.com.tr#listItem","position":2,"name":"Ana sayfa","item":"https:\/\/pintest.com.tr","nextItem":{"@type":"ListItem","@id":"https:\/\/pintest.com.tr\/index.php\/yangin-sabit-boru-tesisati-periyodik-kontrolu\/#listItem","name":"YANGIN SAB\u0130T BORU TES\u0130SATI PER\u0130YOD\u0130K KONTROL\u00dc"},"previousItem":{"@type":"ListItem","@id":"#listItem","name":"Pintest"}},{"@type":"ListItem","@id":"https:\/\/pintest.com.tr\/index.php\/yangin-sabit-boru-tesisati-periyodik-kontrolu\/#listItem","position":3,"name":"YANGIN SAB\u0130T BORU TES\u0130SATI PER\u0130YOD\u0130K KONTROL\u00dc","previousItem":{"@type":"ListItem","@id":"https:\/\/pintest.com.tr#listItem","name":"Ana sayfa"}}]},{"@type":"Organization","@id":"https:\/\/pintest.com.tr\/#organization","name":"Pintest M\u00fchendislik P\u0130NTEST M\u00dcHEND\u0130SL\u0130K","description":"Uygunluk De\u011ferlendirme Kurulu\u015fu Firmam\u0131z, i\u015f d\u00fcnyas\u0131na att\u0131\u011f\u0131 ilk ad\u0131mlarla i\u015f sa\u011fl\u0131\u011f\u0131 ve g\u00fcvenli\u011fi alan\u0131nda uzman kadrosuyla \u00f6nemli bir yer edinmi\u015ftir. \u015eirketimiz faaliyette bulundu\u011fu periyodik kontrol\/muayene, Akustik rapor, i\u015f hijyeni ve \u00e7evresel g\u00fcr\u00fclt\u00fc \u00f6l\u00e7\u00fcmleri sekt\u00f6rde rol \u00fcstlenmektedir. Pintest M\u00fchendislik olarak, faaliyet g\u00f6sterdi\u011fimiz alanda deneyimli kadrolar\u0131m\u0131zla beraber kurdu\u011fumuz g\u00fcvenilir ili\u015fkilerimiz \u00e7er\u00e7evesinde faaliyetlerimizi verimli bir \u015fekilde y\u00fcr\u00fct\u00fcyoruz. Tercih edilir olmam\u0131zdaki en \u00f6nemli etken donan\u0131ml\u0131 ve yetkin insan kayna\u011f\u0131m\u0131zd\u0131r. \u0130nsan ya\u015fam\u0131n\u0131n de\u011ferini benimseyen ve bu do\u011frultuda sekt\u00f6rlerde gerekli kontrol ve analizleri ger\u00e7ekle\u015ftirerek sa\u011fl\u0131kl\u0131 ve g\u00fcvenilir \u00e7al\u0131\u015fma ortam\u0131 olu\u015fturmay\u0131 ama\u00e7l\u0131yoruz.","url":"https:\/\/pintest.com.tr\/","telephone":"+905057458845","logo":{"@type":"ImageObject","url":"https:\/\/pintest.com.tr\/wp-content\/uploads\/2023\/12\/Pintest-Logo-Ana.png","@id":"https:\/\/pintest.com.tr\/index.php\/yangin-sabit-boru-tesisati-periyodik-kontrolu\/#organizationLogo","width":150,"height":113},"image":{"@id":"https:\/\/pintest.com.tr\/index.php\/yangin-sabit-boru-tesisati-periyodik-kontrolu\/#organizationLogo"},"sameAs":["https:\/\/www.facebook.com\/profile.php?id=61572533822690","https:\/\/www.instagram.com\/pintest.uygunluk.degerlendirme\/","https:\/\/www.linkedin.com\/company\/101180367\/admin\/dashboard\/"]},{"@type":"WebPage","@id":"https:\/\/pintest.com.tr\/index.php\/yangin-sabit-boru-tesisati-periyodik-kontrolu\/#webpage","url":"https:\/\/pintest.com.tr\/index.php\/yangin-sabit-boru-tesisati-periyodik-kontrolu\/","name":"YANGIN SAB\u0130T BORU TES\u0130SATI PER\u0130YOD\u0130K KONTROL\u00dc - Pintest M\u00fchendislik","description":"Yang\u0131n sabit boru tesisat\u0131, bir binada yang\u0131n g\u00fcvenli\u011fi sa\u011flamak i\u00e7in tasarlanm\u0131\u015f bir yang\u0131n s\u00f6nd\u00fcrme sistemi t\u00fcr\u00fcd\u00fcr. Bu t\u00fcr tesisat, yang\u0131n alg\u0131land\u0131\u011f\u0131nda otomatik olarak devreye girecek \u015fekilde d\u00fczenlenmi\u015ftir ve su veya ba\u015fka bir s\u00f6nd\u00fcrme maddesini yang\u0131n b\u00f6lgesine iletmek amac\u0131yla kullan\u0131l\u0131r. Yang\u0131n sabit boru tesisatlar\u0131, genellikle yang\u0131n sprinkler sistemleri veya yang\u0131n hidrantlar\u0131 gibi \u00f6zel ekipmanlar i\u00e7erir. Yang\u0131n","inLanguage":"tr-TR","isPartOf":{"@id":"https:\/\/pintest.com.tr\/#website"},"breadcrumb":{"@id":"https:\/\/pintest.com.tr\/index.php\/yangin-sabit-boru-tesisati-periyodik-kontrolu\/#breadcrumblist"},"datePublished":"2023-12-27T21:33:35+03:00","dateModified":"2023-12-27T21:33:35+03:00"},{"@type":"WebSite","@id":"https:\/\/pintest.com.tr\/#website","url":"https:\/\/pintest.com.tr\/","name":"Pintest M\u00fchendislik","description":"Uygunluk De\u011ferlendirme Kurulu\u015fu","inLanguage":"tr-TR","publisher":{"@id":"https:\/\/pintest.com.tr\/#organization"}}]},"og:locale":"tr_TR","og:site_name":"Pintest M\u00fchendislik - Uygunluk De\u011ferlendirme Kurulu\u015fu","og:type":"article","og:title":"YANGIN SAB\u0130T BORU TES\u0130SATI PER\u0130YOD\u0130K KONTROL\u00dc - Pintest M\u00fchendislik","og:description":"Yang\u0131n sabit boru tesisat\u0131, bir binada yang\u0131n g\u00fcvenli\u011fi sa\u011flamak i\u00e7in tasarlanm\u0131\u015f bir yang\u0131n s\u00f6nd\u00fcrme sistemi t\u00fcr\u00fcd\u00fcr. Bu t\u00fcr tesisat, yang\u0131n alg\u0131land\u0131\u011f\u0131nda otomatik olarak devreye girecek \u015fekilde d\u00fczenlenmi\u015ftir ve su veya ba\u015fka bir s\u00f6nd\u00fcrme maddesini yang\u0131n b\u00f6lgesine iletmek amac\u0131yla kullan\u0131l\u0131r. Yang\u0131n sabit boru tesisatlar\u0131, genellikle yang\u0131n sprinkler sistemleri veya yang\u0131n hidrantlar\u0131 gibi \u00f6zel ekipmanlar i\u00e7erir. Yang\u0131n","og:url":"https:\/\/pintest.com.tr\/index.php\/yangin-sabit-boru-tesisati-periyodik-kontrolu\/","og:image":"https:\/\/pintest.com.tr\/wp-content\/uploads\/2023\/12\/cropped-Pintest-Favicon.webp","og:image:secure_url":"https:\/\/pintest.com.tr\/wp-content\/uploads\/2023\/12\/cropped-Pintest-Favicon.webp","og:image:width":512,"og:image:height":512,"article:published_time":"2023-12-27T18:33:35+00:00","article:modified_time":"2023-12-27T18:33:35+00:00","article:publisher":"https:\/\/www.facebook.com\/profile.php?id=61572533822690","twitter:card":"summary_large_image","twitter:title":"YANGIN SAB\u0130T BORU TES\u0130SATI PER\u0130YOD\u0130K KONTROL\u00dc - Pintest M\u00fchendislik","twitter:description":"Yang\u0131n sabit boru tesisat\u0131, bir binada yang\u0131n g\u00fcvenli\u011fi sa\u011flamak i\u00e7in tasarlanm\u0131\u015f bir yang\u0131n s\u00f6nd\u00fcrme sistemi t\u00fcr\u00fcd\u00fcr. Bu t\u00fcr tesisat, yang\u0131n alg\u0131land\u0131\u011f\u0131nda otomatik olarak devreye girecek \u015fekilde d\u00fczenlenmi\u015ftir ve su veya ba\u015fka bir s\u00f6nd\u00fcrme maddesini yang\u0131n b\u00f6lgesine iletmek amac\u0131yla kullan\u0131l\u0131r. Yang\u0131n sabit boru tesisatlar\u0131, genellikle yang\u0131n sprinkler sistemleri veya yang\u0131n hidrantlar\u0131 gibi \u00f6zel ekipmanlar i\u00e7erir. Yang\u0131n","twitter:image":"https:\/\/pintest.com.tr\/wp-content\/uploads\/2023\/12\/cropped-Pintest-Favicon.webp"},"aioseo_meta_data":{"post_id":"1350","title":null,"description":null,"keywords":null,"keyphrases":null,"primary_term":null,"canonical_url":null,"og_title":null,"og_description":null,"og_object_type":"default","og_image_type":"default","og_image_url":null,"og_image_width":null,"og_image_height":null,"og_image_custom_url":null,"og_image_custom_fields":null,"og_video":null,"og_custom_url":null,"og_article_section":null,"og_article_tags":null,"twitter_use_og":false,"twitter_card":"default","twitter_image_type":"default","twitter_image_url":null,"twitter_image_custom_url":null,"twitter_image_custom_fields":null,"twitter_title":null,"twitter_description":null,"schema":{"blockGraphs":[],"customGraphs":[],"default":{"data":{"Article":[],"Course":[],"Dataset":[],"FAQPage":[],"Movie":[],"Person":[],"Product":[],"ProductReview":[],"Car":[],"Recipe":[],"Service":[],"SoftwareApplication":[],"WebPage":[]},"graphName":"","isEnabled":true},"graphs":[]},"schema_type":"default","schema_type_options":null,"pillar_content":false,"robots_default":true,"robots_noindex":false,"robots_noarchive":false,"robots_nosnippet":false,"robots_nofollow":false,"robots_noimageindex":false,"robots_noodp":false,"robots_notranslate":false,"robots_max_snippet":null,"robots_max_videopreview":null,"robots_max_imagepreview":"large","priority":null,"frequency":null,"local_seo":null,"seo_analyzer_scan_date":"2026-02-27 07:39:40","breadcrumb_settings":null,"limit_modified_date":false,"reviewed_by":null,"open_ai":null,"ai":null,"created":"2025-04-15 07:16:32","updated":"2026-02-27 09:18:23"},"aioseo_breadcrumb":"<div class=\"aioseo-breadcrumbs\"><span class=\"aioseo-breadcrumb\">\n\tPintest\n<\/span><span class=\"aioseo-breadcrumb-separator\">\u2192<\/span><span class=\"aioseo-breadcrumb\">\n\t<a href=\"https:\/\/pintest.com.tr\" title=\"Ana sayfa\">Ana sayfa<\/a>\n<\/span><span class=\"aioseo-breadcrumb-separator\">\u2192<\/span><span class=\"aioseo-breadcrumb\">\n\tYANGIN SAB\u0130T BORU TES\u0130SATI PER\u0130YOD\u0130K KONTROL\u00dc\n<\/span><\/div>","aioseo_breadcrumb_json":[{"label":"Pintest","link":""},{"label":"Ana sayfa","link":"https:\/\/pintest.com.tr"},{"label":"YANGIN SAB\u0130T BORU TES\u0130SATI PER\u0130YOD\u0130K KONTROL\u00dc","link":"https:\/\/pintest.com.tr\/index.php\/yangin-sabit-boru-tesisati-periyodik-kontrolu\/"}],"_links":{"self":[{"href":"https:\/\/pintest.com.tr\/index.php\/wp-json\/wp\/v2\/pages\/1350","targetHints":{"allow":["GET"]}}],"collection":[{"href":"https:\/\/pintest.com.tr\/index.php\/wp-json\/wp\/v2\/pages"}],"about":[{"href":"https:\/\/pintest.com.tr\/index.php\/wp-json\/wp\/v2\/types\/page"}],"author":[{"embeddable":true,"href":"https:\/\/pintest.com.tr\/index.php\/wp-json\/wp\/v2\/users\/1"}],"replies":[{"embeddable":true,"href":"https:\/\/pintest.com.tr\/index.php\/wp-json\/wp\/v2\/comments?post=1350"}],"version-history":[{"count":1,"href":"https:\/\/pintest.com.tr\/index.php\/wp-json\/wp\/v2\/pages\/1350\/revisions"}],"predecessor-version":[{"id":1351,"href":"https:\/\/pintest.com.tr\/index.php\/wp-json\/wp\/v2\/pages\/1350\/revisions\/1351"}],"wp:attachment":[{"href":"https:\/\/pintest.com.tr\/index.php\/wp-json\/wp\/v2\/media?parent=1350"}],"curies":[{"name":"wp","href":"https:\/\/api.w.org\/{rel}","templated":true}]}}