{"id":1353,"date":"2023-12-27T21:35:52","date_gmt":"2023-12-27T18:35:52","guid":{"rendered":"https:\/\/pintest.com.tr\/?page_id=1353"},"modified":"2023-12-27T21:35:52","modified_gmt":"2023-12-27T18:35:52","slug":"portatif-yangin-sondurucu-periyodik-kontrolu","status":"publish","type":"page","link":"https:\/\/pintest.com.tr\/index.php\/portatif-yangin-sondurucu-periyodik-kontrolu\/","title":{"rendered":"PORTAT\u0130F YANGIN S\u00d6ND\u00dcR\u00dcC\u00dc PER\u0130YOD\u0130K KONTROL\u00dc"},"content":{"rendered":"<div class=\"wpb-content-wrapper\"><p>[vc_row][vc_column][vc_column_text]Yang\u0131n s\u00f6nd\u00fcrme cihazlar\u0131, yang\u0131nlar\u0131 kontrol alt\u0131na almak veya s\u00f6nd\u00fcrmek i\u00e7in tasarlanm\u0131\u015f \u00f6zel ekipmanlard\u0131r. Bu cihazlar, yang\u0131n g\u00fcvenli\u011fi sistemlerinin \u00f6nemli bir par\u00e7as\u0131d\u0131r ve genellikle yang\u0131n an\u0131nda ilk m\u00fcdahaleyi sa\u011flamak i\u00e7in kullan\u0131l\u0131rlar. Yang\u0131n s\u00f6nd\u00fcrme cihazlar\u0131, yang\u0131n s\u0131ras\u0131nda h\u0131zl\u0131 bir tepki verilmesini ve yang\u0131n\u0131n yay\u0131lmas\u0131n\u0131n engellenmesini ama\u00e7layarak geni\u015f bir yelpazede tasarlanm\u0131\u015ft\u0131r.<\/p>\n<p>Yang\u0131n s\u00f6nd\u00fcr\u00fcc\u00fclerin periyodik kontrol\u00fc projede belirtilen kriterlere ve Binalar\u0131n Yang\u0131ndan Korunmas\u0131 Hakk\u0131nda Y\u00f6netmeli\u011fe uygun \u015fekilde ger\u00e7ekle\u015ftirilir.<\/p>\n<p>\u0130\u015f Ekipmanlar\u0131n\u0131n Kullan\u0131m\u0131nda Sa\u011fl\u0131k ve G\u00fcvenlik \u015eartlar\u0131 Y\u00f6netmeli\u011fi\u2018ne g\u00f6re portatif yang\u0131n s\u00f6nd\u00fcr\u00fcc\u00fclerin muayeneleri y\u0131lda en az 1 defa yap\u0131lmal\u0131d\u0131r.<\/p>\n<p><strong>Portatif Yang\u0131n S\u00f6nd\u00fcr\u00fcc\u00fclerin \u00d6nemi:<\/strong><\/p>\n<p>Portatif yang\u0131n s\u00f6nd\u00fcr\u00fcc\u00fcler, yang\u0131n\u0131n h\u0131zla kontrol alt\u0131na al\u0131nabilmesi i\u00e7in acil durumlarda kullan\u0131lan ta\u015f\u0131nabilir cihazlard\u0131r. \u0130\u015f yerlerinden evlere kadar bir\u00e7ok yerde bulunan bu cihazlar, yang\u0131n\u0131n yay\u0131lmas\u0131n\u0131 engellemek ve can g\u00fcvenli\u011fini korumak i\u00e7in kritik bir rol oynar.<\/p>\n<p><strong>Periyodik Kontrollerin Amac\u0131:<\/strong><\/p>\n<p>Portatif yang\u0131n s\u00f6nd\u00fcr\u00fcc\u00fclerin periyodik kontrol\u00fc, cihaz\u0131n d\u00fczenli olarak test edilmesini, bak\u0131m\u0131n\u0131n yap\u0131lmas\u0131n\u0131 ve i\u015flevselli\u011finin sa\u011flanmas\u0131n\u0131 i\u00e7erir. Bu kontroller, cihaz\u0131n yang\u0131n an\u0131nda do\u011fru bir \u015fekilde \u00e7al\u0131\u015fabilmesini garanti alt\u0131na alarak g\u00fcvenilir bir yang\u0131n m\u00fcdahalesi sa\u011flar.<\/p>\n<p><strong>Yang\u0131n S\u00f6nd\u00fcrme Maddesi Kontrol\u00fc:<\/strong><\/p>\n<p>Periyodik kontroller s\u0131ras\u0131nda, s\u00f6nd\u00fcr\u00fcc\u00fcn\u00fcn i\u00e7indeki yang\u0131n s\u00f6nd\u00fcrme maddesi (genellikle ABC toz, k\u00f6p\u00fck veya karbon dioksit) dikkatlice incelenir. Yang\u0131n s\u00f6nd\u00fcrme maddesinin d\u00fczg\u00fcn bir \u015fekilde depolanmas\u0131 ve p\u00fcsk\u00fcrt\u00fclmesi \u00f6nemlidir.<\/p>\n<p><strong>Bas\u0131n\u00e7 Kontrol\u00fc:<\/strong><\/p>\n<p>Portatif yang\u0131n s\u00f6nd\u00fcr\u00fcc\u00fclerin bas\u0131n\u00e7 seviyeleri periyodik olarak kontrol edilir. Bas\u0131n\u00e7, cihaz\u0131n yang\u0131n an\u0131nda gerekti\u011fi gibi p\u00fcsk\u00fcrtebilmesi i\u00e7in \u00f6nemlidir. Bu kontroller, bas\u0131n\u00e7 g\u00f6stergeleri kullan\u0131larak ger\u00e7ekle\u015ftirilir.<\/p>\n<p><strong>Vanalar ve P\u00fcsk\u00fcrtme Mekanizmas\u0131:<\/strong><\/p>\n<p>Periyodik kontrol s\u00fcreci, s\u00f6nd\u00fcr\u00fcc\u00fcn\u00fcn valvelerinin ve p\u00fcsk\u00fcrtme mekanizmas\u0131n\u0131n d\u00fczg\u00fcn \u00e7al\u0131\u015f\u0131p \u00e7al\u0131\u015fmad\u0131\u011f\u0131n\u0131 kontrol eder.<\/p>\n<p>Sonu\u00e7 olarak, portatif yang\u0131n s\u00f6nd\u00fcr\u00fcc\u00fclerin periyodik kontrol\u00fc, g\u00fcvenli bir \u00e7al\u0131\u015fma ortam\u0131 i\u00e7in kritik bir s\u00fcre\u00e7tir. Bu kontroller, s\u00f6nd\u00fcr\u00fcc\u00fclerin her zaman g\u00fcvenilir ve etkili bir \u015fekilde \u00e7al\u0131\u015fmas\u0131n\u0131 sa\u011flar, b\u00f6ylece kullan\u0131c\u0131lar yang\u0131n an\u0131nda h\u0131zl\u0131 bir tepki verebilir ve olas\u0131 riskleri en aza indirebilir.[\/vc_column_text][\/vc_column][\/vc_row]<\/p>\n<\/div>","protected":false},"excerpt":{"rendered":"<p>[vc_row][vc_column][vc_column_text]Yang\u0131n s\u00f6nd\u00fcrme cihazlar\u0131, yang\u0131nlar\u0131 kontrol alt\u0131na almak veya s\u00f6nd\u00fcrmek i\u00e7in tasarlanm\u0131\u015f \u00f6zel ekipmanlard\u0131r. Bu cihazlar, yang\u0131n g\u00fcvenli\u011fi sistemlerinin \u00f6nemli bir par\u00e7as\u0131d\u0131r ve genellikle yang\u0131n an\u0131nda ilk m\u00fcdahaleyi sa\u011flamak i\u00e7in kullan\u0131l\u0131rlar. Yang\u0131n s\u00f6nd\u00fcrme cihazlar\u0131, yang\u0131n s\u0131ras\u0131nda h\u0131zl\u0131 bir tepki verilmesini ve yang\u0131n\u0131n yay\u0131lmas\u0131n\u0131n engellenmesini ama\u00e7layarak geni\u015f bir yelpazede tasarlanm\u0131\u015ft\u0131r. Yang\u0131n s\u00f6nd\u00fcr\u00fcc\u00fclerin periyodik kontrol\u00fc projede belirtilen kriterlere [&hellip;]<\/p>\n","protected":false},"author":1,"featured_media":0,"parent":0,"menu_order":0,"comment_status":"closed","ping_status":"closed","template":"","meta":{"om_disable_all_campaigns":false,"_monsterinsights_skip_tracking":false,"_monsterinsights_sitenote_active":false,"_monsterinsights_sitenote_note":"","_monsterinsights_sitenote_category":0,"footnotes":""},"class_list":["post-1353","page","type-page","status-publish","hentry"],"aioseo_notices":[],"aioseo_head":"\n\t\t<!-- All in One SEO Pro 4.9.5.2 - aioseo.com -->\n\t<meta name=\"description\" content=\"Yang\u0131n s\u00f6nd\u00fcrme cihazlar\u0131, yang\u0131nlar\u0131 kontrol alt\u0131na almak veya s\u00f6nd\u00fcrmek i\u00e7in tasarlanm\u0131\u015f \u00f6zel ekipmanlard\u0131r. Bu cihazlar, yang\u0131n g\u00fcvenli\u011fi sistemlerinin \u00f6nemli bir par\u00e7as\u0131d\u0131r ve genellikle yang\u0131n an\u0131nda ilk m\u00fcdahaleyi sa\u011flamak i\u00e7in kullan\u0131l\u0131rlar. Yang\u0131n s\u00f6nd\u00fcrme cihazlar\u0131, yang\u0131n s\u0131ras\u0131nda h\u0131zl\u0131 bir tepki verilmesini ve yang\u0131n\u0131n yay\u0131lmas\u0131n\u0131n engellenmesini ama\u00e7layarak geni\u015f bir yelpazede tasarlanm\u0131\u015ft\u0131r. Yang\u0131n s\u00f6nd\u00fcr\u00fcc\u00fclerin periyodik kontrol\u00fc projede belirtilen kriterlere\" \/>\n\t<meta name=\"robots\" content=\"max-image-preview:large\" \/>\n\t<meta name=\"google-site-verification\" content=\"Q4QTclIfGhhdyEzlAb1wftEv3qRfz1KW5mq8eV4NCpQ\" \/>\n\t<link rel=\"canonical\" href=\"https:\/\/pintest.com.tr\/index.php\/portatif-yangin-sondurucu-periyodik-kontrolu\/\" \/>\n\t<meta name=\"generator\" content=\"All in One SEO Pro (AIOSEO) 4.9.5.2\" \/>\n\t\t<meta property=\"og:locale\" content=\"tr_TR\" \/>\n\t\t<meta property=\"og:site_name\" content=\"Pintest M\u00fchendislik - Uygunluk De\u011ferlendirme Kurulu\u015fu\" \/>\n\t\t<meta property=\"og:type\" content=\"article\" \/>\n\t\t<meta property=\"og:title\" content=\"PORTAT\u0130F YANGIN S\u00d6ND\u00dcR\u00dcC\u00dc PER\u0130YOD\u0130K KONTROL\u00dc - Pintest M\u00fchendislik\" \/>\n\t\t<meta property=\"og:description\" content=\"Yang\u0131n s\u00f6nd\u00fcrme cihazlar\u0131, yang\u0131nlar\u0131 kontrol alt\u0131na almak veya s\u00f6nd\u00fcrmek i\u00e7in tasarlanm\u0131\u015f \u00f6zel ekipmanlard\u0131r. Bu cihazlar, yang\u0131n g\u00fcvenli\u011fi sistemlerinin \u00f6nemli bir par\u00e7as\u0131d\u0131r ve genellikle yang\u0131n an\u0131nda ilk m\u00fcdahaleyi sa\u011flamak i\u00e7in kullan\u0131l\u0131rlar. Yang\u0131n s\u00f6nd\u00fcrme cihazlar\u0131, yang\u0131n s\u0131ras\u0131nda h\u0131zl\u0131 bir tepki verilmesini ve yang\u0131n\u0131n yay\u0131lmas\u0131n\u0131n engellenmesini ama\u00e7layarak geni\u015f bir yelpazede tasarlanm\u0131\u015ft\u0131r. Yang\u0131n s\u00f6nd\u00fcr\u00fcc\u00fclerin periyodik kontrol\u00fc projede belirtilen kriterlere\" \/>\n\t\t<meta property=\"og:url\" content=\"https:\/\/pintest.com.tr\/index.php\/portatif-yangin-sondurucu-periyodik-kontrolu\/\" \/>\n\t\t<meta property=\"og:image\" content=\"https:\/\/pintest.com.tr\/wp-content\/uploads\/2023\/12\/cropped-Pintest-Favicon.webp\" \/>\n\t\t<meta property=\"og:image:secure_url\" content=\"https:\/\/pintest.com.tr\/wp-content\/uploads\/2023\/12\/cropped-Pintest-Favicon.webp\" \/>\n\t\t<meta property=\"og:image:width\" content=\"512\" \/>\n\t\t<meta property=\"og:image:height\" content=\"512\" \/>\n\t\t<meta property=\"article:published_time\" content=\"2023-12-27T18:35:52+00:00\" \/>\n\t\t<meta property=\"article:modified_time\" content=\"2023-12-27T18:35:52+00:00\" \/>\n\t\t<meta property=\"article:publisher\" content=\"https:\/\/www.facebook.com\/profile.php?id=61572533822690\" \/>\n\t\t<meta name=\"twitter:card\" content=\"summary_large_image\" \/>\n\t\t<meta name=\"twitter:title\" content=\"PORTAT\u0130F YANGIN S\u00d6ND\u00dcR\u00dcC\u00dc PER\u0130YOD\u0130K KONTROL\u00dc - Pintest M\u00fchendislik\" \/>\n\t\t<meta name=\"twitter:description\" content=\"Yang\u0131n s\u00f6nd\u00fcrme cihazlar\u0131, yang\u0131nlar\u0131 kontrol alt\u0131na almak veya s\u00f6nd\u00fcrmek i\u00e7in tasarlanm\u0131\u015f \u00f6zel ekipmanlard\u0131r. Bu cihazlar, yang\u0131n g\u00fcvenli\u011fi sistemlerinin \u00f6nemli bir par\u00e7as\u0131d\u0131r ve genellikle yang\u0131n an\u0131nda ilk m\u00fcdahaleyi sa\u011flamak i\u00e7in kullan\u0131l\u0131rlar. Yang\u0131n s\u00f6nd\u00fcrme cihazlar\u0131, yang\u0131n s\u0131ras\u0131nda h\u0131zl\u0131 bir tepki verilmesini ve yang\u0131n\u0131n yay\u0131lmas\u0131n\u0131n engellenmesini ama\u00e7layarak geni\u015f bir yelpazede tasarlanm\u0131\u015ft\u0131r. Yang\u0131n s\u00f6nd\u00fcr\u00fcc\u00fclerin periyodik kontrol\u00fc projede belirtilen kriterlere\" \/>\n\t\t<meta name=\"twitter:image\" content=\"https:\/\/pintest.com.tr\/wp-content\/uploads\/2023\/12\/cropped-Pintest-Favicon.webp\" \/>\n\t\t<script type=\"application\/ld+json\" class=\"aioseo-schema\">\n\t\t\t{\"@context\":\"https:\\\/\\\/schema.org\",\"@graph\":[{\"@type\":\"BreadcrumbList\",\"@id\":\"https:\\\/\\\/pintest.com.tr\\\/index.php\\\/portatif-yangin-sondurucu-periyodik-kontrolu\\\/#breadcrumblist\",\"itemListElement\":[{\"@type\":\"ListItem\",\"@id\":\"https:\\\/\\\/pintest.com.tr#listItem\",\"position\":2,\"name\":\"Ana sayfa\",\"item\":\"https:\\\/\\\/pintest.com.tr\",\"nextItem\":{\"@type\":\"ListItem\",\"@id\":\"https:\\\/\\\/pintest.com.tr\\\/index.php\\\/portatif-yangin-sondurucu-periyodik-kontrolu\\\/#listItem\",\"name\":\"PORTAT\\u0130F YANGIN S\\u00d6ND\\u00dcR\\u00dcC\\u00dc PER\\u0130YOD\\u0130K KONTROL\\u00dc\"},\"previousItem\":{\"@type\":\"ListItem\",\"@id\":\"#listItem\",\"name\":\"Pintest\"}},{\"@type\":\"ListItem\",\"@id\":\"https:\\\/\\\/pintest.com.tr\\\/index.php\\\/portatif-yangin-sondurucu-periyodik-kontrolu\\\/#listItem\",\"position\":3,\"name\":\"PORTAT\\u0130F YANGIN S\\u00d6ND\\u00dcR\\u00dcC\\u00dc PER\\u0130YOD\\u0130K KONTROL\\u00dc\",\"previousItem\":{\"@type\":\"ListItem\",\"@id\":\"https:\\\/\\\/pintest.com.tr#listItem\",\"name\":\"Ana sayfa\"}}]},{\"@type\":\"Organization\",\"@id\":\"https:\\\/\\\/pintest.com.tr\\\/#organization\",\"name\":\"Pintest M\\u00fchendislik P\\u0130NTEST M\\u00dcHEND\\u0130SL\\u0130K\",\"description\":\"Uygunluk De\\u011ferlendirme Kurulu\\u015fu Firmam\\u0131z, i\\u015f d\\u00fcnyas\\u0131na att\\u0131\\u011f\\u0131 ilk ad\\u0131mlarla i\\u015f sa\\u011fl\\u0131\\u011f\\u0131 ve g\\u00fcvenli\\u011fi alan\\u0131nda uzman kadrosuyla \\u00f6nemli bir yer edinmi\\u015ftir. \\u015eirketimiz faaliyette bulundu\\u011fu periyodik kontrol\\\/muayene, Akustik rapor, i\\u015f hijyeni ve \\u00e7evresel g\\u00fcr\\u00fclt\\u00fc \\u00f6l\\u00e7\\u00fcmleri sekt\\u00f6rde rol \\u00fcstlenmektedir. Pintest M\\u00fchendislik olarak, faaliyet g\\u00f6sterdi\\u011fimiz alanda deneyimli kadrolar\\u0131m\\u0131zla beraber kurdu\\u011fumuz g\\u00fcvenilir ili\\u015fkilerimiz \\u00e7er\\u00e7evesinde faaliyetlerimizi verimli bir \\u015fekilde y\\u00fcr\\u00fct\\u00fcyoruz. Tercih edilir olmam\\u0131zdaki en \\u00f6nemli etken donan\\u0131ml\\u0131 ve yetkin insan kayna\\u011f\\u0131m\\u0131zd\\u0131r. \\u0130nsan ya\\u015fam\\u0131n\\u0131n de\\u011ferini benimseyen ve bu do\\u011frultuda sekt\\u00f6rlerde gerekli kontrol ve analizleri ger\\u00e7ekle\\u015ftirerek sa\\u011fl\\u0131kl\\u0131 ve g\\u00fcvenilir \\u00e7al\\u0131\\u015fma ortam\\u0131 olu\\u015fturmay\\u0131 ama\\u00e7l\\u0131yoruz.\",\"url\":\"https:\\\/\\\/pintest.com.tr\\\/\",\"telephone\":\"+905057458845\",\"logo\":{\"@type\":\"ImageObject\",\"url\":\"https:\\\/\\\/pintest.com.tr\\\/wp-content\\\/uploads\\\/2023\\\/12\\\/Pintest-Logo-Ana.png\",\"@id\":\"https:\\\/\\\/pintest.com.tr\\\/index.php\\\/portatif-yangin-sondurucu-periyodik-kontrolu\\\/#organizationLogo\",\"width\":150,\"height\":113},\"image\":{\"@id\":\"https:\\\/\\\/pintest.com.tr\\\/index.php\\\/portatif-yangin-sondurucu-periyodik-kontrolu\\\/#organizationLogo\"},\"sameAs\":[\"https:\\\/\\\/www.facebook.com\\\/profile.php?id=61572533822690\",\"https:\\\/\\\/www.instagram.com\\\/pintest.uygunluk.degerlendirme\\\/\",\"https:\\\/\\\/www.linkedin.com\\\/company\\\/101180367\\\/admin\\\/dashboard\\\/\"]},{\"@type\":\"WebPage\",\"@id\":\"https:\\\/\\\/pintest.com.tr\\\/index.php\\\/portatif-yangin-sondurucu-periyodik-kontrolu\\\/#webpage\",\"url\":\"https:\\\/\\\/pintest.com.tr\\\/index.php\\\/portatif-yangin-sondurucu-periyodik-kontrolu\\\/\",\"name\":\"PORTAT\\u0130F YANGIN S\\u00d6ND\\u00dcR\\u00dcC\\u00dc PER\\u0130YOD\\u0130K KONTROL\\u00dc - Pintest M\\u00fchendislik\",\"description\":\"Yang\\u0131n s\\u00f6nd\\u00fcrme cihazlar\\u0131, yang\\u0131nlar\\u0131 kontrol alt\\u0131na almak veya s\\u00f6nd\\u00fcrmek i\\u00e7in tasarlanm\\u0131\\u015f \\u00f6zel ekipmanlard\\u0131r. Bu cihazlar, yang\\u0131n g\\u00fcvenli\\u011fi sistemlerinin \\u00f6nemli bir par\\u00e7as\\u0131d\\u0131r ve genellikle yang\\u0131n an\\u0131nda ilk m\\u00fcdahaleyi sa\\u011flamak i\\u00e7in kullan\\u0131l\\u0131rlar. Yang\\u0131n s\\u00f6nd\\u00fcrme cihazlar\\u0131, yang\\u0131n s\\u0131ras\\u0131nda h\\u0131zl\\u0131 bir tepki verilmesini ve yang\\u0131n\\u0131n yay\\u0131lmas\\u0131n\\u0131n engellenmesini ama\\u00e7layarak geni\\u015f bir yelpazede tasarlanm\\u0131\\u015ft\\u0131r. Yang\\u0131n s\\u00f6nd\\u00fcr\\u00fcc\\u00fclerin periyodik kontrol\\u00fc projede belirtilen kriterlere\",\"inLanguage\":\"tr-TR\",\"isPartOf\":{\"@id\":\"https:\\\/\\\/pintest.com.tr\\\/#website\"},\"breadcrumb\":{\"@id\":\"https:\\\/\\\/pintest.com.tr\\\/index.php\\\/portatif-yangin-sondurucu-periyodik-kontrolu\\\/#breadcrumblist\"},\"datePublished\":\"2023-12-27T21:35:52+03:00\",\"dateModified\":\"2023-12-27T21:35:52+03:00\"},{\"@type\":\"WebSite\",\"@id\":\"https:\\\/\\\/pintest.com.tr\\\/#website\",\"url\":\"https:\\\/\\\/pintest.com.tr\\\/\",\"name\":\"Pintest M\\u00fchendislik\",\"description\":\"Uygunluk De\\u011ferlendirme Kurulu\\u015fu\",\"inLanguage\":\"tr-TR\",\"publisher\":{\"@id\":\"https:\\\/\\\/pintest.com.tr\\\/#organization\"}}]}\n\t\t<\/script>\n\t\t<!-- All in One SEO Pro -->\r\n\t\t<title>PORTAT\u0130F YANGIN S\u00d6ND\u00dcR\u00dcC\u00dc PER\u0130YOD\u0130K KONTROL\u00dc - Pintest M\u00fchendislik<\/title>\n\n","aioseo_head_json":{"title":"PORTAT\u0130F YANGIN S\u00d6ND\u00dcR\u00dcC\u00dc PER\u0130YOD\u0130K KONTROL\u00dc - Pintest M\u00fchendislik","description":"Yang\u0131n s\u00f6nd\u00fcrme cihazlar\u0131, yang\u0131nlar\u0131 kontrol alt\u0131na almak veya s\u00f6nd\u00fcrmek i\u00e7in tasarlanm\u0131\u015f \u00f6zel ekipmanlard\u0131r. Bu cihazlar, yang\u0131n g\u00fcvenli\u011fi sistemlerinin \u00f6nemli bir par\u00e7as\u0131d\u0131r ve genellikle yang\u0131n an\u0131nda ilk m\u00fcdahaleyi sa\u011flamak i\u00e7in kullan\u0131l\u0131rlar. Yang\u0131n s\u00f6nd\u00fcrme cihazlar\u0131, yang\u0131n s\u0131ras\u0131nda h\u0131zl\u0131 bir tepki verilmesini ve yang\u0131n\u0131n yay\u0131lmas\u0131n\u0131n engellenmesini ama\u00e7layarak geni\u015f bir yelpazede tasarlanm\u0131\u015ft\u0131r. Yang\u0131n s\u00f6nd\u00fcr\u00fcc\u00fclerin periyodik kontrol\u00fc projede belirtilen kriterlere","canonical_url":"https:\/\/pintest.com.tr\/index.php\/portatif-yangin-sondurucu-periyodik-kontrolu\/","robots":"max-image-preview:large","keywords":"","webmasterTools":{"google-site-verification":"Q4QTclIfGhhdyEzlAb1wftEv3qRfz1KW5mq8eV4NCpQ","miscellaneous":""},"schema":{"@context":"https:\/\/schema.org","@graph":[{"@type":"BreadcrumbList","@id":"https:\/\/pintest.com.tr\/index.php\/portatif-yangin-sondurucu-periyodik-kontrolu\/#breadcrumblist","itemListElement":[{"@type":"ListItem","@id":"https:\/\/pintest.com.tr#listItem","position":2,"name":"Ana sayfa","item":"https:\/\/pintest.com.tr","nextItem":{"@type":"ListItem","@id":"https:\/\/pintest.com.tr\/index.php\/portatif-yangin-sondurucu-periyodik-kontrolu\/#listItem","name":"PORTAT\u0130F YANGIN S\u00d6ND\u00dcR\u00dcC\u00dc PER\u0130YOD\u0130K KONTROL\u00dc"},"previousItem":{"@type":"ListItem","@id":"#listItem","name":"Pintest"}},{"@type":"ListItem","@id":"https:\/\/pintest.com.tr\/index.php\/portatif-yangin-sondurucu-periyodik-kontrolu\/#listItem","position":3,"name":"PORTAT\u0130F YANGIN S\u00d6ND\u00dcR\u00dcC\u00dc PER\u0130YOD\u0130K KONTROL\u00dc","previousItem":{"@type":"ListItem","@id":"https:\/\/pintest.com.tr#listItem","name":"Ana sayfa"}}]},{"@type":"Organization","@id":"https:\/\/pintest.com.tr\/#organization","name":"Pintest M\u00fchendislik P\u0130NTEST M\u00dcHEND\u0130SL\u0130K","description":"Uygunluk De\u011ferlendirme Kurulu\u015fu Firmam\u0131z, i\u015f d\u00fcnyas\u0131na att\u0131\u011f\u0131 ilk ad\u0131mlarla i\u015f sa\u011fl\u0131\u011f\u0131 ve g\u00fcvenli\u011fi alan\u0131nda uzman kadrosuyla \u00f6nemli bir yer edinmi\u015ftir. \u015eirketimiz faaliyette bulundu\u011fu periyodik kontrol\/muayene, Akustik rapor, i\u015f hijyeni ve \u00e7evresel g\u00fcr\u00fclt\u00fc \u00f6l\u00e7\u00fcmleri sekt\u00f6rde rol \u00fcstlenmektedir. Pintest M\u00fchendislik olarak, faaliyet g\u00f6sterdi\u011fimiz alanda deneyimli kadrolar\u0131m\u0131zla beraber kurdu\u011fumuz g\u00fcvenilir ili\u015fkilerimiz \u00e7er\u00e7evesinde faaliyetlerimizi verimli bir \u015fekilde y\u00fcr\u00fct\u00fcyoruz. Tercih edilir olmam\u0131zdaki en \u00f6nemli etken donan\u0131ml\u0131 ve yetkin insan kayna\u011f\u0131m\u0131zd\u0131r. \u0130nsan ya\u015fam\u0131n\u0131n de\u011ferini benimseyen ve bu do\u011frultuda sekt\u00f6rlerde gerekli kontrol ve analizleri ger\u00e7ekle\u015ftirerek sa\u011fl\u0131kl\u0131 ve g\u00fcvenilir \u00e7al\u0131\u015fma ortam\u0131 olu\u015fturmay\u0131 ama\u00e7l\u0131yoruz.","url":"https:\/\/pintest.com.tr\/","telephone":"+905057458845","logo":{"@type":"ImageObject","url":"https:\/\/pintest.com.tr\/wp-content\/uploads\/2023\/12\/Pintest-Logo-Ana.png","@id":"https:\/\/pintest.com.tr\/index.php\/portatif-yangin-sondurucu-periyodik-kontrolu\/#organizationLogo","width":150,"height":113},"image":{"@id":"https:\/\/pintest.com.tr\/index.php\/portatif-yangin-sondurucu-periyodik-kontrolu\/#organizationLogo"},"sameAs":["https:\/\/www.facebook.com\/profile.php?id=61572533822690","https:\/\/www.instagram.com\/pintest.uygunluk.degerlendirme\/","https:\/\/www.linkedin.com\/company\/101180367\/admin\/dashboard\/"]},{"@type":"WebPage","@id":"https:\/\/pintest.com.tr\/index.php\/portatif-yangin-sondurucu-periyodik-kontrolu\/#webpage","url":"https:\/\/pintest.com.tr\/index.php\/portatif-yangin-sondurucu-periyodik-kontrolu\/","name":"PORTAT\u0130F YANGIN S\u00d6ND\u00dcR\u00dcC\u00dc PER\u0130YOD\u0130K KONTROL\u00dc - Pintest M\u00fchendislik","description":"Yang\u0131n s\u00f6nd\u00fcrme cihazlar\u0131, yang\u0131nlar\u0131 kontrol alt\u0131na almak veya s\u00f6nd\u00fcrmek i\u00e7in tasarlanm\u0131\u015f \u00f6zel ekipmanlard\u0131r. Bu cihazlar, yang\u0131n g\u00fcvenli\u011fi sistemlerinin \u00f6nemli bir par\u00e7as\u0131d\u0131r ve genellikle yang\u0131n an\u0131nda ilk m\u00fcdahaleyi sa\u011flamak i\u00e7in kullan\u0131l\u0131rlar. Yang\u0131n s\u00f6nd\u00fcrme cihazlar\u0131, yang\u0131n s\u0131ras\u0131nda h\u0131zl\u0131 bir tepki verilmesini ve yang\u0131n\u0131n yay\u0131lmas\u0131n\u0131n engellenmesini ama\u00e7layarak geni\u015f bir yelpazede tasarlanm\u0131\u015ft\u0131r. Yang\u0131n s\u00f6nd\u00fcr\u00fcc\u00fclerin periyodik kontrol\u00fc projede belirtilen kriterlere","inLanguage":"tr-TR","isPartOf":{"@id":"https:\/\/pintest.com.tr\/#website"},"breadcrumb":{"@id":"https:\/\/pintest.com.tr\/index.php\/portatif-yangin-sondurucu-periyodik-kontrolu\/#breadcrumblist"},"datePublished":"2023-12-27T21:35:52+03:00","dateModified":"2023-12-27T21:35:52+03:00"},{"@type":"WebSite","@id":"https:\/\/pintest.com.tr\/#website","url":"https:\/\/pintest.com.tr\/","name":"Pintest M\u00fchendislik","description":"Uygunluk De\u011ferlendirme Kurulu\u015fu","inLanguage":"tr-TR","publisher":{"@id":"https:\/\/pintest.com.tr\/#organization"}}]},"og:locale":"tr_TR","og:site_name":"Pintest M\u00fchendislik - Uygunluk De\u011ferlendirme Kurulu\u015fu","og:type":"article","og:title":"PORTAT\u0130F YANGIN S\u00d6ND\u00dcR\u00dcC\u00dc PER\u0130YOD\u0130K KONTROL\u00dc - Pintest M\u00fchendislik","og:description":"Yang\u0131n s\u00f6nd\u00fcrme cihazlar\u0131, yang\u0131nlar\u0131 kontrol alt\u0131na almak veya s\u00f6nd\u00fcrmek i\u00e7in tasarlanm\u0131\u015f \u00f6zel ekipmanlard\u0131r. Bu cihazlar, yang\u0131n g\u00fcvenli\u011fi sistemlerinin \u00f6nemli bir par\u00e7as\u0131d\u0131r ve genellikle yang\u0131n an\u0131nda ilk m\u00fcdahaleyi sa\u011flamak i\u00e7in kullan\u0131l\u0131rlar. Yang\u0131n s\u00f6nd\u00fcrme cihazlar\u0131, yang\u0131n s\u0131ras\u0131nda h\u0131zl\u0131 bir tepki verilmesini ve yang\u0131n\u0131n yay\u0131lmas\u0131n\u0131n engellenmesini ama\u00e7layarak geni\u015f bir yelpazede tasarlanm\u0131\u015ft\u0131r. Yang\u0131n s\u00f6nd\u00fcr\u00fcc\u00fclerin periyodik kontrol\u00fc projede belirtilen kriterlere","og:url":"https:\/\/pintest.com.tr\/index.php\/portatif-yangin-sondurucu-periyodik-kontrolu\/","og:image":"https:\/\/pintest.com.tr\/wp-content\/uploads\/2023\/12\/cropped-Pintest-Favicon.webp","og:image:secure_url":"https:\/\/pintest.com.tr\/wp-content\/uploads\/2023\/12\/cropped-Pintest-Favicon.webp","og:image:width":512,"og:image:height":512,"article:published_time":"2023-12-27T18:35:52+00:00","article:modified_time":"2023-12-27T18:35:52+00:00","article:publisher":"https:\/\/www.facebook.com\/profile.php?id=61572533822690","twitter:card":"summary_large_image","twitter:title":"PORTAT\u0130F YANGIN S\u00d6ND\u00dcR\u00dcC\u00dc PER\u0130YOD\u0130K KONTROL\u00dc - Pintest M\u00fchendislik","twitter:description":"Yang\u0131n s\u00f6nd\u00fcrme cihazlar\u0131, yang\u0131nlar\u0131 kontrol alt\u0131na almak veya s\u00f6nd\u00fcrmek i\u00e7in tasarlanm\u0131\u015f \u00f6zel ekipmanlard\u0131r. Bu cihazlar, yang\u0131n g\u00fcvenli\u011fi sistemlerinin \u00f6nemli bir par\u00e7as\u0131d\u0131r ve genellikle yang\u0131n an\u0131nda ilk m\u00fcdahaleyi sa\u011flamak i\u00e7in kullan\u0131l\u0131rlar. Yang\u0131n s\u00f6nd\u00fcrme cihazlar\u0131, yang\u0131n s\u0131ras\u0131nda h\u0131zl\u0131 bir tepki verilmesini ve yang\u0131n\u0131n yay\u0131lmas\u0131n\u0131n engellenmesini ama\u00e7layarak geni\u015f bir yelpazede tasarlanm\u0131\u015ft\u0131r. Yang\u0131n s\u00f6nd\u00fcr\u00fcc\u00fclerin periyodik kontrol\u00fc projede belirtilen kriterlere","twitter:image":"https:\/\/pintest.com.tr\/wp-content\/uploads\/2023\/12\/cropped-Pintest-Favicon.webp"},"aioseo_meta_data":{"post_id":"1353","title":null,"description":null,"keywords":null,"keyphrases":null,"primary_term":null,"canonical_url":null,"og_title":null,"og_description":null,"og_object_type":"default","og_image_type":"default","og_image_url":null,"og_image_width":null,"og_image_height":null,"og_image_custom_url":null,"og_image_custom_fields":null,"og_video":null,"og_custom_url":null,"og_article_section":null,"og_article_tags":null,"twitter_use_og":false,"twitter_card":"default","twitter_image_type":"default","twitter_image_url":null,"twitter_image_custom_url":null,"twitter_image_custom_fields":null,"twitter_title":null,"twitter_description":null,"schema":{"blockGraphs":[],"customGraphs":[],"default":{"data":{"Article":[],"Course":[],"Dataset":[],"FAQPage":[],"Movie":[],"Person":[],"Product":[],"ProductReview":[],"Car":[],"Recipe":[],"Service":[],"SoftwareApplication":[],"WebPage":[]},"graphName":"","isEnabled":true},"graphs":[]},"schema_type":"default","schema_type_options":null,"pillar_content":false,"robots_default":true,"robots_noindex":false,"robots_noarchive":false,"robots_nosnippet":false,"robots_nofollow":false,"robots_noimageindex":false,"robots_noodp":false,"robots_notranslate":false,"robots_max_snippet":null,"robots_max_videopreview":null,"robots_max_imagepreview":"large","priority":null,"frequency":null,"local_seo":null,"seo_analyzer_scan_date":"2026-02-27 07:36:10","breadcrumb_settings":null,"limit_modified_date":false,"reviewed_by":null,"open_ai":null,"ai":null,"created":"2025-04-15 07:16:32","updated":"2026-02-27 09:18:23"},"aioseo_breadcrumb":"<div class=\"aioseo-breadcrumbs\"><span class=\"aioseo-breadcrumb\">\n\tPintest\n<\/span><span class=\"aioseo-breadcrumb-separator\">\u2192<\/span><span class=\"aioseo-breadcrumb\">\n\t<a href=\"https:\/\/pintest.com.tr\" title=\"Ana sayfa\">Ana sayfa<\/a>\n<\/span><span class=\"aioseo-breadcrumb-separator\">\u2192<\/span><span class=\"aioseo-breadcrumb\">\n\tPORTAT\u0130F YANGIN S\u00d6ND\u00dcR\u00dcC\u00dc PER\u0130YOD\u0130K KONTROL\u00dc\n<\/span><\/div>","aioseo_breadcrumb_json":[{"label":"Pintest","link":""},{"label":"Ana sayfa","link":"https:\/\/pintest.com.tr"},{"label":"PORTAT\u0130F YANGIN S\u00d6ND\u00dcR\u00dcC\u00dc PER\u0130YOD\u0130K KONTROL\u00dc","link":"https:\/\/pintest.com.tr\/index.php\/portatif-yangin-sondurucu-periyodik-kontrolu\/"}],"_links":{"self":[{"href":"https:\/\/pintest.com.tr\/index.php\/wp-json\/wp\/v2\/pages\/1353","targetHints":{"allow":["GET"]}}],"collection":[{"href":"https:\/\/pintest.com.tr\/index.php\/wp-json\/wp\/v2\/pages"}],"about":[{"href":"https:\/\/pintest.com.tr\/index.php\/wp-json\/wp\/v2\/types\/page"}],"author":[{"embeddable":true,"href":"https:\/\/pintest.com.tr\/index.php\/wp-json\/wp\/v2\/users\/1"}],"replies":[{"embeddable":true,"href":"https:\/\/pintest.com.tr\/index.php\/wp-json\/wp\/v2\/comments?post=1353"}],"version-history":[{"count":1,"href":"https:\/\/pintest.com.tr\/index.php\/wp-json\/wp\/v2\/pages\/1353\/revisions"}],"predecessor-version":[{"id":1354,"href":"https:\/\/pintest.com.tr\/index.php\/wp-json\/wp\/v2\/pages\/1353\/revisions\/1354"}],"wp:attachment":[{"href":"https:\/\/pintest.com.tr\/index.php\/wp-json\/wp\/v2\/media?parent=1353"}],"curies":[{"name":"wp","href":"https:\/\/api.w.org\/{rel}","templated":true}]}}