{"id":1420,"date":"2023-12-29T17:56:48","date_gmt":"2023-12-29T14:56:48","guid":{"rendered":"https:\/\/pintest.com.tr\/?page_id=1420"},"modified":"2025-10-23T15:04:10","modified_gmt":"2025-10-23T12:04:10","slug":"aydinlatma-olcumu","status":"publish","type":"page","link":"https:\/\/pintest.com.tr\/index.php\/aydinlatma-olcumu\/","title":{"rendered":"AYDINLATMA \u00d6L\u00c7\u00dcM\u00dc"},"content":{"rendered":"<div class=\"wpb-content-wrapper\"><p>[vc_row][vc_column][vc_column_text]\u0130yi bir \u00e7al\u0131\u015fma ortam\u0131 sa\u011flamak amac\u0131yla ki\u015filerin verimlili\u011fini etkileyen ko\u015fullar kontrol edilmelidir.\u00a0 Uygun fiziksel ko\u015fullar\u0131n olu\u015fturulmas\u0131nda ayd\u0131nlatma kavram\u0131 \u00e7al\u0131\u015fanlar\u0131n sa\u011fl\u0131kl\u0131 bir \u015fekilde g\u00f6rebilmesi amac\u0131yla \u00f6nemlidir.<\/p>\n<p>\u0130\u015fyerlerinde uygun ayd\u0131nlatma sa\u011flanarak;<\/p>\n<ul>\n<li>G\u00f6z sa\u011fl\u0131\u011f\u0131 korunur,<\/li>\n<li>Ba\u015f a\u011fr\u0131lar\u0131n\u0131n azalmas\u0131na yard\u0131mc\u0131 olunur,<\/li>\n<li>\u0130\u015f kazalar\u0131n\u0131n \u00f6n\u00fcne ge\u00e7ilir,<\/li>\n<li>\u0130\u015fin verimi artt\u0131r\u0131l\u0131r.<\/li>\n<\/ul>\n<p>Amerikan Ulusal Konseyi\u2019nin raporuna g\u00f6re i\u015f kazalar\u0131n\u0131n %5\u2019ine ayd\u0131nlatman\u0131n uygun olmay\u0131\u015f\u0131 sebep olmaktad\u0131r.\u00a0 \u0130\u015f kazalar\u0131 bir\u00e7ok nedene ba\u011fl\u0131 durumda iken i\u015fyerlerinde yeterli ayd\u0131nlatman\u0131n sa\u011flanmas\u0131yla bir\u00e7ok i\u015f kazas\u0131n\u0131n \u00f6n\u00fcne ge\u00e7ilebilecektir. Bu nedenle i\u015f yerlerinde yap\u0131lan i\u015flerin ve i\u015flemin gerektirdi\u011fi ayd\u0131nlatmay\u0131 sa\u011flamak \u00f6nemlidir.<\/p>\n<p>\u00dclkemizde 2013 y\u0131l\u0131nda yay\u0131mlanan 28710 say\u0131l\u0131 \u0130\u015fyeri Bina ve Eklentilerinde Al\u0131nacak Sa\u011fl\u0131k ve G\u00fcvenlik \u00d6nlemlerine \u0130li\u015fkin Y\u00f6netmelik\u2019i kapsam\u0131nda, i\u015fyerlerinin ya da i\u015fin konusu gere\u011fince g\u00fcn \u0131\u015f\u0131\u011f\u0131ndan yeterli seviyede yararlan\u0131lamayan durumlarda ya da gece \u00e7al\u0131\u015fmalar\u0131nda, yapay \u0131\u015f\u0131kland\u0131rma ile uygun ve yeterli ayd\u0131nlatma sa\u011flanmal\u0131d\u0131r.<\/p>\n<p>Ayd\u0131nlatma \u00f6l\u00e7\u00fcmleri COHSR 928-1-IPG-039 standard\u0131 kapsam\u0131nda ger\u00e7ekle\u015ftirilmektedir. De\u011ferlendirmeler ise TS EN 12464-1, TS EN 12464-2 standartlar\u0131 g\u00f6z \u00f6n\u00fcne al\u0131narak yap\u0131lmaktad\u0131r.[\/vc_column_text][\/vc_column][\/vc_row]<\/p>\n<\/div>","protected":false},"excerpt":{"rendered":"<p>[vc_row][vc_column][vc_column_text]\u0130yi bir \u00e7al\u0131\u015fma ortam\u0131 sa\u011flamak amac\u0131yla ki\u015filerin verimlili\u011fini etkileyen ko\u015fullar kontrol edilmelidir.\u00a0 Uygun fiziksel ko\u015fullar\u0131n olu\u015fturulmas\u0131nda ayd\u0131nlatma kavram\u0131 \u00e7al\u0131\u015fanlar\u0131n sa\u011fl\u0131kl\u0131 bir \u015fekilde g\u00f6rebilmesi amac\u0131yla \u00f6nemlidir. \u0130\u015fyerlerinde uygun ayd\u0131nlatma sa\u011flanarak; G\u00f6z sa\u011fl\u0131\u011f\u0131 korunur, Ba\u015f a\u011fr\u0131lar\u0131n\u0131n azalmas\u0131na yard\u0131mc\u0131 olunur, \u0130\u015f kazalar\u0131n\u0131n \u00f6n\u00fcne ge\u00e7ilir, \u0130\u015fin verimi artt\u0131r\u0131l\u0131r. Amerikan Ulusal Konseyi\u2019nin raporuna g\u00f6re i\u015f kazalar\u0131n\u0131n %5\u2019ine ayd\u0131nlatman\u0131n uygun olmay\u0131\u015f\u0131 [&hellip;]<\/p>\n","protected":false},"author":1,"featured_media":0,"parent":0,"menu_order":0,"comment_status":"closed","ping_status":"closed","template":"","meta":{"om_disable_all_campaigns":false,"_monsterinsights_skip_tracking":false,"_monsterinsights_sitenote_active":false,"_monsterinsights_sitenote_note":"","_monsterinsights_sitenote_category":0,"footnotes":""},"class_list":["post-1420","page","type-page","status-publish","hentry"],"aioseo_notices":[],"aioseo_head":"\n\t\t<!-- All in One SEO Pro 4.9.6.2 - aioseo.com -->\n\t<meta name=\"description\" content=\"\u0130yi bir \u00e7al\u0131\u015fma ortam\u0131 sa\u011flamak amac\u0131yla ki\u015filerin verimlili\u011fini etkileyen ko\u015fullar kontrol edilmelidir. Uygun fiziksel ko\u015fullar\u0131n olu\u015fturulmas\u0131nda ayd\u0131nlatma kavram\u0131 \u00e7al\u0131\u015fanlar\u0131n sa\u011fl\u0131kl\u0131 bir \u015fekilde g\u00f6rebilmesi amac\u0131yla \u00f6nemlidir. \u0130\u015fyerlerinde uygun ayd\u0131nlatma sa\u011flanarak; G\u00f6z sa\u011fl\u0131\u011f\u0131 korunur, Ba\u015f a\u011fr\u0131lar\u0131n\u0131n azalmas\u0131na yard\u0131mc\u0131 olunur, \u0130\u015f kazalar\u0131n\u0131n \u00f6n\u00fcne ge\u00e7ilir, \u0130\u015fin verimi artt\u0131r\u0131l\u0131r. Amerikan Ulusal Konseyi\u2019nin raporuna g\u00f6re i\u015f kazalar\u0131n\u0131n %5\u2019ine ayd\u0131nlatman\u0131n uygun olmay\u0131\u015f\u0131\" \/>\n\t<meta name=\"robots\" content=\"max-image-preview:large\" \/>\n\t<meta name=\"google-site-verification\" content=\"Q4QTclIfGhhdyEzlAb1wftEv3qRfz1KW5mq8eV4NCpQ\" \/>\n\t<link rel=\"canonical\" href=\"https:\/\/pintest.com.tr\/index.php\/aydinlatma-olcumu\/\" \/>\n\t<meta name=\"generator\" content=\"All in One SEO Pro (AIOSEO) 4.9.6.2\" \/>\n\t\t<meta property=\"og:locale\" content=\"tr_TR\" \/>\n\t\t<meta property=\"og:site_name\" content=\"Pintest M\u00fchendislik - Uygunluk De\u011ferlendirme Kurulu\u015fu\" \/>\n\t\t<meta property=\"og:type\" content=\"article\" \/>\n\t\t<meta property=\"og:title\" content=\"AYDINLATMA \u00d6L\u00c7\u00dcM\u00dc - Pintest M\u00fchendislik\" \/>\n\t\t<meta property=\"og:description\" content=\"\u0130yi bir \u00e7al\u0131\u015fma ortam\u0131 sa\u011flamak amac\u0131yla ki\u015filerin verimlili\u011fini etkileyen ko\u015fullar kontrol edilmelidir. Uygun fiziksel ko\u015fullar\u0131n olu\u015fturulmas\u0131nda ayd\u0131nlatma kavram\u0131 \u00e7al\u0131\u015fanlar\u0131n sa\u011fl\u0131kl\u0131 bir \u015fekilde g\u00f6rebilmesi amac\u0131yla \u00f6nemlidir. \u0130\u015fyerlerinde uygun ayd\u0131nlatma sa\u011flanarak; G\u00f6z sa\u011fl\u0131\u011f\u0131 korunur, Ba\u015f a\u011fr\u0131lar\u0131n\u0131n azalmas\u0131na yard\u0131mc\u0131 olunur, \u0130\u015f kazalar\u0131n\u0131n \u00f6n\u00fcne ge\u00e7ilir, \u0130\u015fin verimi artt\u0131r\u0131l\u0131r. Amerikan Ulusal Konseyi\u2019nin raporuna g\u00f6re i\u015f kazalar\u0131n\u0131n %5\u2019ine ayd\u0131nlatman\u0131n uygun olmay\u0131\u015f\u0131\" \/>\n\t\t<meta property=\"og:url\" content=\"https:\/\/pintest.com.tr\/index.php\/aydinlatma-olcumu\/\" \/>\n\t\t<meta property=\"og:image\" content=\"https:\/\/pintest.com.tr\/wp-content\/uploads\/2023\/12\/cropped-Pintest-Favicon.webp\" \/>\n\t\t<meta property=\"og:image:secure_url\" content=\"https:\/\/pintest.com.tr\/wp-content\/uploads\/2023\/12\/cropped-Pintest-Favicon.webp\" \/>\n\t\t<meta property=\"og:image:width\" content=\"512\" \/>\n\t\t<meta property=\"og:image:height\" content=\"512\" \/>\n\t\t<meta property=\"article:published_time\" content=\"2023-12-29T14:56:48+00:00\" \/>\n\t\t<meta property=\"article:modified_time\" content=\"2025-10-23T12:04:10+00:00\" \/>\n\t\t<meta property=\"article:publisher\" content=\"https:\/\/www.facebook.com\/profile.php?id=61572533822690\" \/>\n\t\t<meta name=\"twitter:card\" content=\"summary_large_image\" \/>\n\t\t<meta name=\"twitter:title\" content=\"AYDINLATMA \u00d6L\u00c7\u00dcM\u00dc - Pintest M\u00fchendislik\" \/>\n\t\t<meta name=\"twitter:description\" content=\"\u0130yi bir \u00e7al\u0131\u015fma ortam\u0131 sa\u011flamak amac\u0131yla ki\u015filerin verimlili\u011fini etkileyen ko\u015fullar kontrol edilmelidir. Uygun fiziksel ko\u015fullar\u0131n olu\u015fturulmas\u0131nda ayd\u0131nlatma kavram\u0131 \u00e7al\u0131\u015fanlar\u0131n sa\u011fl\u0131kl\u0131 bir \u015fekilde g\u00f6rebilmesi amac\u0131yla \u00f6nemlidir. \u0130\u015fyerlerinde uygun ayd\u0131nlatma sa\u011flanarak; G\u00f6z sa\u011fl\u0131\u011f\u0131 korunur, Ba\u015f a\u011fr\u0131lar\u0131n\u0131n azalmas\u0131na yard\u0131mc\u0131 olunur, \u0130\u015f kazalar\u0131n\u0131n \u00f6n\u00fcne ge\u00e7ilir, \u0130\u015fin verimi artt\u0131r\u0131l\u0131r. Amerikan Ulusal Konseyi\u2019nin raporuna g\u00f6re i\u015f kazalar\u0131n\u0131n %5\u2019ine ayd\u0131nlatman\u0131n uygun olmay\u0131\u015f\u0131\" \/>\n\t\t<meta name=\"twitter:image\" content=\"https:\/\/pintest.com.tr\/wp-content\/uploads\/2023\/12\/cropped-Pintest-Favicon.webp\" \/>\n\t\t<script type=\"application\/ld+json\" class=\"aioseo-schema\">\n\t\t\t{\"@context\":\"https:\\\/\\\/schema.org\",\"@graph\":[{\"@type\":\"BreadcrumbList\",\"@id\":\"https:\\\/\\\/pintest.com.tr\\\/index.php\\\/aydinlatma-olcumu\\\/#breadcrumblist\",\"itemListElement\":[{\"@type\":\"ListItem\",\"@id\":\"https:\\\/\\\/pintest.com.tr#listItem\",\"position\":2,\"name\":\"Ana sayfa\",\"item\":\"https:\\\/\\\/pintest.com.tr\",\"nextItem\":{\"@type\":\"ListItem\",\"@id\":\"https:\\\/\\\/pintest.com.tr\\\/index.php\\\/aydinlatma-olcumu\\\/#listItem\",\"name\":\"AYDINLATMA \\u00d6L\\u00c7\\u00dcM\\u00dc\"},\"previousItem\":{\"@type\":\"ListItem\",\"@id\":\"#listItem\",\"name\":\"Pintest\"}},{\"@type\":\"ListItem\",\"@id\":\"https:\\\/\\\/pintest.com.tr\\\/index.php\\\/aydinlatma-olcumu\\\/#listItem\",\"position\":3,\"name\":\"AYDINLATMA \\u00d6L\\u00c7\\u00dcM\\u00dc\",\"previousItem\":{\"@type\":\"ListItem\",\"@id\":\"https:\\\/\\\/pintest.com.tr#listItem\",\"name\":\"Ana sayfa\"}}]},{\"@type\":\"Organization\",\"@id\":\"https:\\\/\\\/pintest.com.tr\\\/#organization\",\"name\":\"Pintest M\\u00fchendislik P\\u0130NTEST M\\u00dcHEND\\u0130SL\\u0130K\",\"description\":\"Uygunluk De\\u011ferlendirme Kurulu\\u015fu Firmam\\u0131z, i\\u015f d\\u00fcnyas\\u0131na att\\u0131\\u011f\\u0131 ilk ad\\u0131mlarla i\\u015f sa\\u011fl\\u0131\\u011f\\u0131 ve g\\u00fcvenli\\u011fi alan\\u0131nda uzman kadrosuyla \\u00f6nemli bir yer edinmi\\u015ftir. \\u015eirketimiz faaliyette bulundu\\u011fu periyodik kontrol\\\/muayene, Akustik rapor, i\\u015f hijyeni ve \\u00e7evresel g\\u00fcr\\u00fclt\\u00fc \\u00f6l\\u00e7\\u00fcmleri sekt\\u00f6rde rol \\u00fcstlenmektedir. Pintest M\\u00fchendislik olarak, faaliyet g\\u00f6sterdi\\u011fimiz alanda deneyimli kadrolar\\u0131m\\u0131zla beraber kurdu\\u011fumuz g\\u00fcvenilir ili\\u015fkilerimiz \\u00e7er\\u00e7evesinde faaliyetlerimizi verimli bir \\u015fekilde y\\u00fcr\\u00fct\\u00fcyoruz. Tercih edilir olmam\\u0131zdaki en \\u00f6nemli etken donan\\u0131ml\\u0131 ve yetkin insan kayna\\u011f\\u0131m\\u0131zd\\u0131r. \\u0130nsan ya\\u015fam\\u0131n\\u0131n de\\u011ferini benimseyen ve bu do\\u011frultuda sekt\\u00f6rlerde gerekli kontrol ve analizleri ger\\u00e7ekle\\u015ftirerek sa\\u011fl\\u0131kl\\u0131 ve g\\u00fcvenilir \\u00e7al\\u0131\\u015fma ortam\\u0131 olu\\u015fturmay\\u0131 ama\\u00e7l\\u0131yoruz.\",\"url\":\"https:\\\/\\\/pintest.com.tr\\\/\",\"telephone\":\"+905057458845\",\"logo\":{\"@type\":\"ImageObject\",\"url\":\"https:\\\/\\\/pintest.com.tr\\\/wp-content\\\/uploads\\\/2023\\\/12\\\/Pintest-Logo-Ana.png\",\"@id\":\"https:\\\/\\\/pintest.com.tr\\\/index.php\\\/aydinlatma-olcumu\\\/#organizationLogo\",\"width\":150,\"height\":113},\"image\":{\"@id\":\"https:\\\/\\\/pintest.com.tr\\\/index.php\\\/aydinlatma-olcumu\\\/#organizationLogo\"},\"sameAs\":[\"https:\\\/\\\/www.facebook.com\\\/profile.php?id=61572533822690\",\"https:\\\/\\\/www.instagram.com\\\/pintest.uygunluk.degerlendirme\\\/\",\"https:\\\/\\\/www.linkedin.com\\\/company\\\/101180367\\\/admin\\\/dashboard\\\/\"]},{\"@type\":\"WebPage\",\"@id\":\"https:\\\/\\\/pintest.com.tr\\\/index.php\\\/aydinlatma-olcumu\\\/#webpage\",\"url\":\"https:\\\/\\\/pintest.com.tr\\\/index.php\\\/aydinlatma-olcumu\\\/\",\"name\":\"AYDINLATMA \\u00d6L\\u00c7\\u00dcM\\u00dc - Pintest M\\u00fchendislik\",\"description\":\"\\u0130yi bir \\u00e7al\\u0131\\u015fma ortam\\u0131 sa\\u011flamak amac\\u0131yla ki\\u015filerin verimlili\\u011fini etkileyen ko\\u015fullar kontrol edilmelidir. Uygun fiziksel ko\\u015fullar\\u0131n olu\\u015fturulmas\\u0131nda ayd\\u0131nlatma kavram\\u0131 \\u00e7al\\u0131\\u015fanlar\\u0131n sa\\u011fl\\u0131kl\\u0131 bir \\u015fekilde g\\u00f6rebilmesi amac\\u0131yla \\u00f6nemlidir. \\u0130\\u015fyerlerinde uygun ayd\\u0131nlatma sa\\u011flanarak; G\\u00f6z sa\\u011fl\\u0131\\u011f\\u0131 korunur, Ba\\u015f a\\u011fr\\u0131lar\\u0131n\\u0131n azalmas\\u0131na yard\\u0131mc\\u0131 olunur, \\u0130\\u015f kazalar\\u0131n\\u0131n \\u00f6n\\u00fcne ge\\u00e7ilir, \\u0130\\u015fin verimi artt\\u0131r\\u0131l\\u0131r. Amerikan Ulusal Konseyi\\u2019nin raporuna g\\u00f6re i\\u015f kazalar\\u0131n\\u0131n %5\\u2019ine ayd\\u0131nlatman\\u0131n uygun olmay\\u0131\\u015f\\u0131\",\"inLanguage\":\"tr-TR\",\"isPartOf\":{\"@id\":\"https:\\\/\\\/pintest.com.tr\\\/#website\"},\"breadcrumb\":{\"@id\":\"https:\\\/\\\/pintest.com.tr\\\/index.php\\\/aydinlatma-olcumu\\\/#breadcrumblist\"},\"datePublished\":\"2023-12-29T17:56:48+03:00\",\"dateModified\":\"2025-10-23T15:04:10+03:00\"},{\"@type\":\"WebSite\",\"@id\":\"https:\\\/\\\/pintest.com.tr\\\/#website\",\"url\":\"https:\\\/\\\/pintest.com.tr\\\/\",\"name\":\"Pintest M\\u00fchendislik\",\"description\":\"Uygunluk De\\u011ferlendirme Kurulu\\u015fu\",\"inLanguage\":\"tr-TR\",\"publisher\":{\"@id\":\"https:\\\/\\\/pintest.com.tr\\\/#organization\"}}]}\n\t\t<\/script>\n\t\t<!-- All in One SEO Pro -->\r\n\t\t<title>AYDINLATMA \u00d6L\u00c7\u00dcM\u00dc - Pintest M\u00fchendislik<\/title>\n\n","aioseo_head_json":{"title":"AYDINLATMA \u00d6L\u00c7\u00dcM\u00dc - Pintest M\u00fchendislik","description":"\u0130yi bir \u00e7al\u0131\u015fma ortam\u0131 sa\u011flamak amac\u0131yla ki\u015filerin verimlili\u011fini etkileyen ko\u015fullar kontrol edilmelidir. Uygun fiziksel ko\u015fullar\u0131n olu\u015fturulmas\u0131nda ayd\u0131nlatma kavram\u0131 \u00e7al\u0131\u015fanlar\u0131n sa\u011fl\u0131kl\u0131 bir \u015fekilde g\u00f6rebilmesi amac\u0131yla \u00f6nemlidir. \u0130\u015fyerlerinde uygun ayd\u0131nlatma sa\u011flanarak; G\u00f6z sa\u011fl\u0131\u011f\u0131 korunur, Ba\u015f a\u011fr\u0131lar\u0131n\u0131n azalmas\u0131na yard\u0131mc\u0131 olunur, \u0130\u015f kazalar\u0131n\u0131n \u00f6n\u00fcne ge\u00e7ilir, \u0130\u015fin verimi artt\u0131r\u0131l\u0131r. Amerikan Ulusal Konseyi\u2019nin raporuna g\u00f6re i\u015f kazalar\u0131n\u0131n %5\u2019ine ayd\u0131nlatman\u0131n uygun olmay\u0131\u015f\u0131","canonical_url":"https:\/\/pintest.com.tr\/index.php\/aydinlatma-olcumu\/","robots":"max-image-preview:large","keywords":"","webmasterTools":{"google-site-verification":"Q4QTclIfGhhdyEzlAb1wftEv3qRfz1KW5mq8eV4NCpQ","miscellaneous":""},"schema":{"@context":"https:\/\/schema.org","@graph":[{"@type":"BreadcrumbList","@id":"https:\/\/pintest.com.tr\/index.php\/aydinlatma-olcumu\/#breadcrumblist","itemListElement":[{"@type":"ListItem","@id":"https:\/\/pintest.com.tr#listItem","position":2,"name":"Ana sayfa","item":"https:\/\/pintest.com.tr","nextItem":{"@type":"ListItem","@id":"https:\/\/pintest.com.tr\/index.php\/aydinlatma-olcumu\/#listItem","name":"AYDINLATMA \u00d6L\u00c7\u00dcM\u00dc"},"previousItem":{"@type":"ListItem","@id":"#listItem","name":"Pintest"}},{"@type":"ListItem","@id":"https:\/\/pintest.com.tr\/index.php\/aydinlatma-olcumu\/#listItem","position":3,"name":"AYDINLATMA \u00d6L\u00c7\u00dcM\u00dc","previousItem":{"@type":"ListItem","@id":"https:\/\/pintest.com.tr#listItem","name":"Ana sayfa"}}]},{"@type":"Organization","@id":"https:\/\/pintest.com.tr\/#organization","name":"Pintest M\u00fchendislik P\u0130NTEST M\u00dcHEND\u0130SL\u0130K","description":"Uygunluk De\u011ferlendirme Kurulu\u015fu Firmam\u0131z, i\u015f d\u00fcnyas\u0131na att\u0131\u011f\u0131 ilk ad\u0131mlarla i\u015f sa\u011fl\u0131\u011f\u0131 ve g\u00fcvenli\u011fi alan\u0131nda uzman kadrosuyla \u00f6nemli bir yer edinmi\u015ftir. \u015eirketimiz faaliyette bulundu\u011fu periyodik kontrol\/muayene, Akustik rapor, i\u015f hijyeni ve \u00e7evresel g\u00fcr\u00fclt\u00fc \u00f6l\u00e7\u00fcmleri sekt\u00f6rde rol \u00fcstlenmektedir. Pintest M\u00fchendislik olarak, faaliyet g\u00f6sterdi\u011fimiz alanda deneyimli kadrolar\u0131m\u0131zla beraber kurdu\u011fumuz g\u00fcvenilir ili\u015fkilerimiz \u00e7er\u00e7evesinde faaliyetlerimizi verimli bir \u015fekilde y\u00fcr\u00fct\u00fcyoruz. Tercih edilir olmam\u0131zdaki en \u00f6nemli etken donan\u0131ml\u0131 ve yetkin insan kayna\u011f\u0131m\u0131zd\u0131r. \u0130nsan ya\u015fam\u0131n\u0131n de\u011ferini benimseyen ve bu do\u011frultuda sekt\u00f6rlerde gerekli kontrol ve analizleri ger\u00e7ekle\u015ftirerek sa\u011fl\u0131kl\u0131 ve g\u00fcvenilir \u00e7al\u0131\u015fma ortam\u0131 olu\u015fturmay\u0131 ama\u00e7l\u0131yoruz.","url":"https:\/\/pintest.com.tr\/","telephone":"+905057458845","logo":{"@type":"ImageObject","url":"https:\/\/pintest.com.tr\/wp-content\/uploads\/2023\/12\/Pintest-Logo-Ana.png","@id":"https:\/\/pintest.com.tr\/index.php\/aydinlatma-olcumu\/#organizationLogo","width":150,"height":113},"image":{"@id":"https:\/\/pintest.com.tr\/index.php\/aydinlatma-olcumu\/#organizationLogo"},"sameAs":["https:\/\/www.facebook.com\/profile.php?id=61572533822690","https:\/\/www.instagram.com\/pintest.uygunluk.degerlendirme\/","https:\/\/www.linkedin.com\/company\/101180367\/admin\/dashboard\/"]},{"@type":"WebPage","@id":"https:\/\/pintest.com.tr\/index.php\/aydinlatma-olcumu\/#webpage","url":"https:\/\/pintest.com.tr\/index.php\/aydinlatma-olcumu\/","name":"AYDINLATMA \u00d6L\u00c7\u00dcM\u00dc - Pintest M\u00fchendislik","description":"\u0130yi bir \u00e7al\u0131\u015fma ortam\u0131 sa\u011flamak amac\u0131yla ki\u015filerin verimlili\u011fini etkileyen ko\u015fullar kontrol edilmelidir. Uygun fiziksel ko\u015fullar\u0131n olu\u015fturulmas\u0131nda ayd\u0131nlatma kavram\u0131 \u00e7al\u0131\u015fanlar\u0131n sa\u011fl\u0131kl\u0131 bir \u015fekilde g\u00f6rebilmesi amac\u0131yla \u00f6nemlidir. \u0130\u015fyerlerinde uygun ayd\u0131nlatma sa\u011flanarak; G\u00f6z sa\u011fl\u0131\u011f\u0131 korunur, Ba\u015f a\u011fr\u0131lar\u0131n\u0131n azalmas\u0131na yard\u0131mc\u0131 olunur, \u0130\u015f kazalar\u0131n\u0131n \u00f6n\u00fcne ge\u00e7ilir, \u0130\u015fin verimi artt\u0131r\u0131l\u0131r. Amerikan Ulusal Konseyi\u2019nin raporuna g\u00f6re i\u015f kazalar\u0131n\u0131n %5\u2019ine ayd\u0131nlatman\u0131n uygun olmay\u0131\u015f\u0131","inLanguage":"tr-TR","isPartOf":{"@id":"https:\/\/pintest.com.tr\/#website"},"breadcrumb":{"@id":"https:\/\/pintest.com.tr\/index.php\/aydinlatma-olcumu\/#breadcrumblist"},"datePublished":"2023-12-29T17:56:48+03:00","dateModified":"2025-10-23T15:04:10+03:00"},{"@type":"WebSite","@id":"https:\/\/pintest.com.tr\/#website","url":"https:\/\/pintest.com.tr\/","name":"Pintest M\u00fchendislik","description":"Uygunluk De\u011ferlendirme Kurulu\u015fu","inLanguage":"tr-TR","publisher":{"@id":"https:\/\/pintest.com.tr\/#organization"}}]},"og:locale":"tr_TR","og:site_name":"Pintest M\u00fchendislik - Uygunluk De\u011ferlendirme Kurulu\u015fu","og:type":"article","og:title":"AYDINLATMA \u00d6L\u00c7\u00dcM\u00dc - Pintest M\u00fchendislik","og:description":"\u0130yi bir \u00e7al\u0131\u015fma ortam\u0131 sa\u011flamak amac\u0131yla ki\u015filerin verimlili\u011fini etkileyen ko\u015fullar kontrol edilmelidir. Uygun fiziksel ko\u015fullar\u0131n olu\u015fturulmas\u0131nda ayd\u0131nlatma kavram\u0131 \u00e7al\u0131\u015fanlar\u0131n sa\u011fl\u0131kl\u0131 bir \u015fekilde g\u00f6rebilmesi amac\u0131yla \u00f6nemlidir. \u0130\u015fyerlerinde uygun ayd\u0131nlatma sa\u011flanarak; G\u00f6z sa\u011fl\u0131\u011f\u0131 korunur, Ba\u015f a\u011fr\u0131lar\u0131n\u0131n azalmas\u0131na yard\u0131mc\u0131 olunur, \u0130\u015f kazalar\u0131n\u0131n \u00f6n\u00fcne ge\u00e7ilir, \u0130\u015fin verimi artt\u0131r\u0131l\u0131r. Amerikan Ulusal Konseyi\u2019nin raporuna g\u00f6re i\u015f kazalar\u0131n\u0131n %5\u2019ine ayd\u0131nlatman\u0131n uygun olmay\u0131\u015f\u0131","og:url":"https:\/\/pintest.com.tr\/index.php\/aydinlatma-olcumu\/","og:image":"https:\/\/pintest.com.tr\/wp-content\/uploads\/2023\/12\/cropped-Pintest-Favicon.webp","og:image:secure_url":"https:\/\/pintest.com.tr\/wp-content\/uploads\/2023\/12\/cropped-Pintest-Favicon.webp","og:image:width":512,"og:image:height":512,"article:published_time":"2023-12-29T14:56:48+00:00","article:modified_time":"2025-10-23T12:04:10+00:00","article:publisher":"https:\/\/www.facebook.com\/profile.php?id=61572533822690","twitter:card":"summary_large_image","twitter:title":"AYDINLATMA \u00d6L\u00c7\u00dcM\u00dc - Pintest M\u00fchendislik","twitter:description":"\u0130yi bir \u00e7al\u0131\u015fma ortam\u0131 sa\u011flamak amac\u0131yla ki\u015filerin verimlili\u011fini etkileyen ko\u015fullar kontrol edilmelidir. Uygun fiziksel ko\u015fullar\u0131n olu\u015fturulmas\u0131nda ayd\u0131nlatma kavram\u0131 \u00e7al\u0131\u015fanlar\u0131n sa\u011fl\u0131kl\u0131 bir \u015fekilde g\u00f6rebilmesi amac\u0131yla \u00f6nemlidir. \u0130\u015fyerlerinde uygun ayd\u0131nlatma sa\u011flanarak; G\u00f6z sa\u011fl\u0131\u011f\u0131 korunur, Ba\u015f a\u011fr\u0131lar\u0131n\u0131n azalmas\u0131na yard\u0131mc\u0131 olunur, \u0130\u015f kazalar\u0131n\u0131n \u00f6n\u00fcne ge\u00e7ilir, \u0130\u015fin verimi artt\u0131r\u0131l\u0131r. Amerikan Ulusal Konseyi\u2019nin raporuna g\u00f6re i\u015f kazalar\u0131n\u0131n %5\u2019ine ayd\u0131nlatman\u0131n uygun olmay\u0131\u015f\u0131","twitter:image":"https:\/\/pintest.com.tr\/wp-content\/uploads\/2023\/12\/cropped-Pintest-Favicon.webp"},"aioseo_meta_data":{"post_id":"1420","title":null,"description":null,"keywords":null,"keyphrases":{"focus":{"keyphrase":"","score":0,"analysis":{"keyphraseInTitle":{"score":0,"maxScore":9,"error":1}}},"additional":[]},"primary_term":null,"canonical_url":null,"og_title":null,"og_description":null,"og_object_type":"default","og_image_type":"default","og_image_url":null,"og_image_width":null,"og_image_height":null,"og_image_custom_url":null,"og_image_custom_fields":null,"og_video":"","og_custom_url":null,"og_article_section":null,"og_article_tags":null,"twitter_use_og":false,"twitter_card":"default","twitter_image_type":"default","twitter_image_url":null,"twitter_image_custom_url":null,"twitter_image_custom_fields":null,"twitter_title":null,"twitter_description":null,"schema":{"blockGraphs":[],"customGraphs":[],"default":{"data":{"Article":[],"Course":[],"Dataset":[],"FAQPage":[],"Movie":[],"Person":[],"Product":[],"ProductReview":[],"Car":[],"Recipe":[],"Service":[],"SoftwareApplication":[],"WebPage":[]},"graphName":"WebPage","isEnabled":true},"graphs":[]},"schema_type":"default","schema_type_options":null,"pillar_content":false,"robots_default":true,"robots_noindex":false,"robots_noarchive":false,"robots_nosnippet":false,"robots_nofollow":false,"robots_noimageindex":false,"robots_noodp":false,"robots_notranslate":false,"robots_max_snippet":"-1","robots_max_videopreview":"-1","robots_max_imagepreview":"large","priority":null,"frequency":"default","local_seo":null,"seo_analyzer_scan_date":"2026-02-27 07:46:38","breadcrumb_settings":null,"limit_modified_date":false,"reviewed_by":null,"open_ai":null,"ai":{"faqs":[],"keyPoints":[],"titles":[],"descriptions":[],"socialPosts":{"email":[],"linkedin":[],"twitter":[],"facebook":[],"instagram":[]}},"created":"2025-04-15 07:18:32","updated":"2026-02-27 09:19:35"},"aioseo_breadcrumb":"<div class=\"aioseo-breadcrumbs\"><span class=\"aioseo-breadcrumb\">\n\tPintest\n<\/span><span class=\"aioseo-breadcrumb-separator\">\u2192<\/span><span class=\"aioseo-breadcrumb\">\n\t<a href=\"https:\/\/pintest.com.tr\" title=\"Ana sayfa\">Ana sayfa<\/a>\n<\/span><span class=\"aioseo-breadcrumb-separator\">\u2192<\/span><span class=\"aioseo-breadcrumb\">\n\tAYDINLATMA \u00d6L\u00c7\u00dcM\u00dc\n<\/span><\/div>","aioseo_breadcrumb_json":[{"label":"Pintest","link":""},{"label":"Ana sayfa","link":"https:\/\/pintest.com.tr"},{"label":"AYDINLATMA \u00d6L\u00c7\u00dcM\u00dc","link":"https:\/\/pintest.com.tr\/index.php\/aydinlatma-olcumu\/"}],"_links":{"self":[{"href":"https:\/\/pintest.com.tr\/index.php\/wp-json\/wp\/v2\/pages\/1420","targetHints":{"allow":["GET"]}}],"collection":[{"href":"https:\/\/pintest.com.tr\/index.php\/wp-json\/wp\/v2\/pages"}],"about":[{"href":"https:\/\/pintest.com.tr\/index.php\/wp-json\/wp\/v2\/types\/page"}],"author":[{"embeddable":true,"href":"https:\/\/pintest.com.tr\/index.php\/wp-json\/wp\/v2\/users\/1"}],"replies":[{"embeddable":true,"href":"https:\/\/pintest.com.tr\/index.php\/wp-json\/wp\/v2\/comments?post=1420"}],"version-history":[{"count":1,"href":"https:\/\/pintest.com.tr\/index.php\/wp-json\/wp\/v2\/pages\/1420\/revisions"}],"predecessor-version":[{"id":1421,"href":"https:\/\/pintest.com.tr\/index.php\/wp-json\/wp\/v2\/pages\/1420\/revisions\/1421"}],"wp:attachment":[{"href":"https:\/\/pintest.com.tr\/index.php\/wp-json\/wp\/v2\/media?parent=1420"}],"curies":[{"name":"wp","href":"https:\/\/api.w.org\/{rel}","templated":true}]}}