{"id":1424,"date":"2023-12-29T17:58:58","date_gmt":"2023-12-29T14:58:58","guid":{"rendered":"https:\/\/pintest.com.tr\/?page_id=1424"},"modified":"2023-12-29T17:58:58","modified_gmt":"2023-12-29T14:58:58","slug":"termal-konfor-olcumu","status":"publish","type":"page","link":"https:\/\/pintest.com.tr\/index.php\/termal-konfor-olcumu\/","title":{"rendered":"TERMAL KONFOR \u00d6L\u00c7\u00dcM\u00dc"},"content":{"rendered":"<div class=\"wpb-content-wrapper\"><p>[vc_row][vc_column][vc_column_text]Termal konfor; nem, s\u0131cakl\u0131k, hava ak\u0131m h\u0131z\u0131, radyan \u0131s\u0131 gibi bile\u015fenleri bir arada bulunduran kavramd\u0131r.<\/p>\n<p>Termal konfor \u00f6l\u00e7\u00fcm\u00fc; end\u00fcstri alanlar\u0131nda ve personel \u00e7al\u0131\u015fmas\u0131na dayal\u0131 her t\u00fcrl\u00fc i\u015fyerlerinde ideal s\u0131cakl\u0131k ve nem ko\u015fullar\u0131n\u0131 g\u00f6steren \u00f6nemli parametrelerden biridir. \u00c7al\u0131\u015fma ortam\u0131nda termal konfor, \u00fcretim sonucunda \u00fcretilen \u00fcr\u00fcnlerin hassasiyeti nedeniyle ortam\u0131n belirli bir nem, s\u0131cakl\u0131kta bulunmas\u0131; \u00e7al\u0131\u015fanlar\u0131n giysi, metabolik oranlar\u0131n\u0131n g\u00f6z \u00f6n\u00fcnde bulundurulmas\u0131d\u0131r.<\/p>\n<p>Termal konfor \u00f6l\u00e7\u00fcmlerinde \u00e7al\u0131\u015fan\u0131n ya\u015f\u0131, metabolik durumu, cinsiyet, k\u0131yafet se\u00e7imleri d\u00fczg\u00fcn ayarlanmaz ise \u00e7al\u0131\u015fanlar\u0131n sa\u011fl\u0131kl\u0131 bir ortamda \u00e7al\u0131\u015fmas\u0131 i\u00e7in gerekli g\u00fcvenlik \u00f6nlemleri do\u011fru bir \u015fekilde al\u0131namayabilir.<\/p>\n<p>\u00d6l\u00e7\u00fcmler, TS EN ISO 7730 ve TS EN 27243 standartlar\u0131 kapsam\u0131nda ger\u00e7ekle\u015ftirilmektedir.<\/p>\n<p>TS EN ISO 7730 standard\u0131 \u0131l\u0131man ortamlarda kullan\u0131labilecek bir standartt\u0131r. Standart kapsam\u0131n da PMV (Tahmin Edilen Ortalama Oy) ve buna ba\u011fl\u0131 elde edilen PPD (Ki\u015fisel Memnuniyetsizlik Y\u00fczdesi) indeksleri ki\u015fisel memnuniyetsizli\u011fi olu\u015fturmaktad\u0131r.<\/p>\n<table>\n<tbody>\n<tr>\n<td width=\"302\"><strong>PMV<\/strong><\/td>\n<td width=\"302\"><strong>ANLAM<\/strong><\/td>\n<\/tr>\n<tr>\n<td width=\"302\"><strong>+2<\/strong><\/td>\n<td width=\"302\">SICAK<\/td>\n<\/tr>\n<tr>\n<td width=\"302\"><strong>+1<\/strong><\/td>\n<td width=\"302\">HAF\u0130F SICAK<\/td>\n<\/tr>\n<tr>\n<td width=\"302\"><strong>0<\/strong><\/td>\n<td width=\"302\">N\u00d6TR<\/td>\n<\/tr>\n<tr>\n<td width=\"302\"><strong>-1<\/strong><\/td>\n<td width=\"302\">HAF\u0130F SER\u0130N<\/td>\n<\/tr>\n<tr>\n<td width=\"302\"><strong>-2<\/strong><\/td>\n<td width=\"302\">SER\u0130N<\/td>\n<\/tr>\n<\/tbody>\n<\/table>\n<p>&nbsp;<\/p>\n<p>PMV de\u011ferleri, 7730 Standard\u0131nda yukar\u0131daki tabloda yer alan de\u011ferler olarak belirtilmi\u015ftir. 2\u2019nin \u00fcst\u00fcndeki de\u011ferler \u00e7ok s\u0131cak olarak nitelendirilmektedir ve s\u0131cak ortamlarda TS EN ISO 27243 kullan\u0131labilmektedir. Standart kapsam\u0131nda \u00f6l\u00e7\u00fclmesi gereken s\u0131cakl\u0131k indeksi \u0131slak hazne k\u00fcre s\u0131cakl\u0131\u011f\u0131 (WBGT)\u2019d\u0131r. \u0130ndeksin hesaplanmas\u0131nda k\u00fcre s\u0131cakl\u0131\u011f\u0131 (Tg), do\u011fal ya\u015f-hazne s\u0131cakl\u0131\u011f\u0131 (Tnw) ve kuru hava s\u0131cakl\u0131\u011f\u0131 (Ta) de\u011fi\u015fkenleri kullan\u0131lmaktad\u0131r.<\/p>\n<p>G\u00fcne\u015f y\u00fck\u00fc olmayan i\u00e7 yap\u0131lar ve d\u0131\u015f yap\u0131lar:<br \/>\nWBGT = 0,7<sub>Tnw<\/sub> + 0,3<sub>Tg<br \/>\n<\/sub><br \/>\nG\u00fcne\u015f y\u00fck\u00fc olan d\u0131\u015f yap\u0131lar:<br \/>\n<span style=\"font-size: 1rem;\">WBGT = 0,7<\/span><sub>Tnw<\/sub><span style=\"font-size: 1rem;\"> + 0,2<\/span><sub>Tg<\/sub><span style=\"font-size: 1rem;\"> + 0,1<\/span><sub>Ta<\/sub><\/p>\n<p>Belirtilen bu s\u0131cakl\u0131k de\u011ferleri, \u00e7al\u0131\u015fan\u0131n \u00e7al\u0131\u015fma ortam\u0131nda maruz kald\u0131\u011f\u0131 \u0131s\u0131 stresini belirlemek ve \u0131s\u0131 hasar\u0131n\u0131 \u00f6nlemeyi ama\u00e7lamaktad\u0131r.<\/p>\n<p>[\/vc_column_text][\/vc_column][\/vc_row]<\/p>\n<\/div>","protected":false},"excerpt":{"rendered":"<p>[vc_row][vc_column][vc_column_text]Termal konfor; nem, s\u0131cakl\u0131k, hava ak\u0131m h\u0131z\u0131, radyan \u0131s\u0131 gibi bile\u015fenleri bir arada bulunduran kavramd\u0131r. Termal konfor \u00f6l\u00e7\u00fcm\u00fc; end\u00fcstri alanlar\u0131nda ve personel \u00e7al\u0131\u015fmas\u0131na dayal\u0131 her t\u00fcrl\u00fc i\u015fyerlerinde ideal s\u0131cakl\u0131k ve nem ko\u015fullar\u0131n\u0131 g\u00f6steren \u00f6nemli parametrelerden biridir. \u00c7al\u0131\u015fma ortam\u0131nda termal konfor, \u00fcretim sonucunda \u00fcretilen \u00fcr\u00fcnlerin hassasiyeti nedeniyle ortam\u0131n belirli bir nem, s\u0131cakl\u0131kta bulunmas\u0131; \u00e7al\u0131\u015fanlar\u0131n giysi, metabolik [&hellip;]<\/p>\n","protected":false},"author":1,"featured_media":0,"parent":0,"menu_order":0,"comment_status":"closed","ping_status":"closed","template":"","meta":{"om_disable_all_campaigns":false,"_monsterinsights_skip_tracking":false,"_monsterinsights_sitenote_active":false,"_monsterinsights_sitenote_note":"","_monsterinsights_sitenote_category":0,"footnotes":""},"class_list":["post-1424","page","type-page","status-publish","hentry"],"aioseo_notices":[],"aioseo_head":"\n\t\t<!-- All in One SEO Pro 4.9.6.2 - aioseo.com -->\n\t<meta name=\"description\" content=\"Termal konfor; nem, s\u0131cakl\u0131k, hava ak\u0131m h\u0131z\u0131, radyan \u0131s\u0131 gibi bile\u015fenleri bir arada bulunduran kavramd\u0131r. Termal konfor \u00f6l\u00e7\u00fcm\u00fc; end\u00fcstri alanlar\u0131nda ve personel \u00e7al\u0131\u015fmas\u0131na dayal\u0131 her t\u00fcrl\u00fc i\u015fyerlerinde ideal s\u0131cakl\u0131k ve nem ko\u015fullar\u0131n\u0131 g\u00f6steren \u00f6nemli parametrelerden biridir. \u00c7al\u0131\u015fma ortam\u0131nda termal konfor, \u00fcretim sonucunda \u00fcretilen \u00fcr\u00fcnlerin hassasiyeti nedeniyle ortam\u0131n belirli bir nem, s\u0131cakl\u0131kta bulunmas\u0131; \u00e7al\u0131\u015fanlar\u0131n giysi, metabolik\" \/>\n\t<meta name=\"robots\" content=\"max-image-preview:large\" \/>\n\t<meta name=\"google-site-verification\" content=\"Q4QTclIfGhhdyEzlAb1wftEv3qRfz1KW5mq8eV4NCpQ\" \/>\n\t<link rel=\"canonical\" href=\"https:\/\/pintest.com.tr\/index.php\/termal-konfor-olcumu\/\" \/>\n\t<meta name=\"generator\" content=\"All in One SEO Pro (AIOSEO) 4.9.6.2\" \/>\n\t\t<meta property=\"og:locale\" content=\"tr_TR\" \/>\n\t\t<meta property=\"og:site_name\" content=\"Pintest M\u00fchendislik - Uygunluk De\u011ferlendirme Kurulu\u015fu\" \/>\n\t\t<meta property=\"og:type\" content=\"article\" \/>\n\t\t<meta property=\"og:title\" content=\"TERMAL KONFOR \u00d6L\u00c7\u00dcM\u00dc - Pintest M\u00fchendislik\" \/>\n\t\t<meta property=\"og:description\" content=\"Termal konfor; nem, s\u0131cakl\u0131k, hava ak\u0131m h\u0131z\u0131, radyan \u0131s\u0131 gibi bile\u015fenleri bir arada bulunduran kavramd\u0131r. Termal konfor \u00f6l\u00e7\u00fcm\u00fc; end\u00fcstri alanlar\u0131nda ve personel \u00e7al\u0131\u015fmas\u0131na dayal\u0131 her t\u00fcrl\u00fc i\u015fyerlerinde ideal s\u0131cakl\u0131k ve nem ko\u015fullar\u0131n\u0131 g\u00f6steren \u00f6nemli parametrelerden biridir. \u00c7al\u0131\u015fma ortam\u0131nda termal konfor, \u00fcretim sonucunda \u00fcretilen \u00fcr\u00fcnlerin hassasiyeti nedeniyle ortam\u0131n belirli bir nem, s\u0131cakl\u0131kta bulunmas\u0131; \u00e7al\u0131\u015fanlar\u0131n giysi, metabolik\" \/>\n\t\t<meta property=\"og:url\" content=\"https:\/\/pintest.com.tr\/index.php\/termal-konfor-olcumu\/\" \/>\n\t\t<meta property=\"og:image\" content=\"https:\/\/pintest.com.tr\/wp-content\/uploads\/2023\/12\/cropped-Pintest-Favicon.webp\" \/>\n\t\t<meta property=\"og:image:secure_url\" content=\"https:\/\/pintest.com.tr\/wp-content\/uploads\/2023\/12\/cropped-Pintest-Favicon.webp\" \/>\n\t\t<meta property=\"og:image:width\" content=\"512\" \/>\n\t\t<meta property=\"og:image:height\" content=\"512\" \/>\n\t\t<meta property=\"article:published_time\" content=\"2023-12-29T14:58:58+00:00\" \/>\n\t\t<meta property=\"article:modified_time\" content=\"2023-12-29T14:58:58+00:00\" \/>\n\t\t<meta property=\"article:publisher\" content=\"https:\/\/www.facebook.com\/profile.php?id=61572533822690\" \/>\n\t\t<meta name=\"twitter:card\" content=\"summary_large_image\" \/>\n\t\t<meta name=\"twitter:title\" content=\"TERMAL KONFOR \u00d6L\u00c7\u00dcM\u00dc - Pintest M\u00fchendislik\" \/>\n\t\t<meta name=\"twitter:description\" content=\"Termal konfor; nem, s\u0131cakl\u0131k, hava ak\u0131m h\u0131z\u0131, radyan \u0131s\u0131 gibi bile\u015fenleri bir arada bulunduran kavramd\u0131r. Termal konfor \u00f6l\u00e7\u00fcm\u00fc; end\u00fcstri alanlar\u0131nda ve personel \u00e7al\u0131\u015fmas\u0131na dayal\u0131 her t\u00fcrl\u00fc i\u015fyerlerinde ideal s\u0131cakl\u0131k ve nem ko\u015fullar\u0131n\u0131 g\u00f6steren \u00f6nemli parametrelerden biridir. \u00c7al\u0131\u015fma ortam\u0131nda termal konfor, \u00fcretim sonucunda \u00fcretilen \u00fcr\u00fcnlerin hassasiyeti nedeniyle ortam\u0131n belirli bir nem, s\u0131cakl\u0131kta bulunmas\u0131; \u00e7al\u0131\u015fanlar\u0131n giysi, metabolik\" \/>\n\t\t<meta name=\"twitter:image\" content=\"https:\/\/pintest.com.tr\/wp-content\/uploads\/2023\/12\/cropped-Pintest-Favicon.webp\" \/>\n\t\t<script type=\"application\/ld+json\" class=\"aioseo-schema\">\n\t\t\t{\"@context\":\"https:\\\/\\\/schema.org\",\"@graph\":[{\"@type\":\"BreadcrumbList\",\"@id\":\"https:\\\/\\\/pintest.com.tr\\\/index.php\\\/termal-konfor-olcumu\\\/#breadcrumblist\",\"itemListElement\":[{\"@type\":\"ListItem\",\"@id\":\"https:\\\/\\\/pintest.com.tr#listItem\",\"position\":2,\"name\":\"Ana sayfa\",\"item\":\"https:\\\/\\\/pintest.com.tr\",\"nextItem\":{\"@type\":\"ListItem\",\"@id\":\"https:\\\/\\\/pintest.com.tr\\\/index.php\\\/termal-konfor-olcumu\\\/#listItem\",\"name\":\"TERMAL KONFOR \\u00d6L\\u00c7\\u00dcM\\u00dc\"},\"previousItem\":{\"@type\":\"ListItem\",\"@id\":\"#listItem\",\"name\":\"Pintest\"}},{\"@type\":\"ListItem\",\"@id\":\"https:\\\/\\\/pintest.com.tr\\\/index.php\\\/termal-konfor-olcumu\\\/#listItem\",\"position\":3,\"name\":\"TERMAL KONFOR \\u00d6L\\u00c7\\u00dcM\\u00dc\",\"previousItem\":{\"@type\":\"ListItem\",\"@id\":\"https:\\\/\\\/pintest.com.tr#listItem\",\"name\":\"Ana sayfa\"}}]},{\"@type\":\"Organization\",\"@id\":\"https:\\\/\\\/pintest.com.tr\\\/#organization\",\"name\":\"Pintest M\\u00fchendislik P\\u0130NTEST M\\u00dcHEND\\u0130SL\\u0130K\",\"description\":\"Uygunluk De\\u011ferlendirme Kurulu\\u015fu Firmam\\u0131z, i\\u015f d\\u00fcnyas\\u0131na att\\u0131\\u011f\\u0131 ilk ad\\u0131mlarla i\\u015f sa\\u011fl\\u0131\\u011f\\u0131 ve g\\u00fcvenli\\u011fi alan\\u0131nda uzman kadrosuyla \\u00f6nemli bir yer edinmi\\u015ftir. \\u015eirketimiz faaliyette bulundu\\u011fu periyodik kontrol\\\/muayene, Akustik rapor, i\\u015f hijyeni ve \\u00e7evresel g\\u00fcr\\u00fclt\\u00fc \\u00f6l\\u00e7\\u00fcmleri sekt\\u00f6rde rol \\u00fcstlenmektedir. Pintest M\\u00fchendislik olarak, faaliyet g\\u00f6sterdi\\u011fimiz alanda deneyimli kadrolar\\u0131m\\u0131zla beraber kurdu\\u011fumuz g\\u00fcvenilir ili\\u015fkilerimiz \\u00e7er\\u00e7evesinde faaliyetlerimizi verimli bir \\u015fekilde y\\u00fcr\\u00fct\\u00fcyoruz. Tercih edilir olmam\\u0131zdaki en \\u00f6nemli etken donan\\u0131ml\\u0131 ve yetkin insan kayna\\u011f\\u0131m\\u0131zd\\u0131r. \\u0130nsan ya\\u015fam\\u0131n\\u0131n de\\u011ferini benimseyen ve bu do\\u011frultuda sekt\\u00f6rlerde gerekli kontrol ve analizleri ger\\u00e7ekle\\u015ftirerek sa\\u011fl\\u0131kl\\u0131 ve g\\u00fcvenilir \\u00e7al\\u0131\\u015fma ortam\\u0131 olu\\u015fturmay\\u0131 ama\\u00e7l\\u0131yoruz.\",\"url\":\"https:\\\/\\\/pintest.com.tr\\\/\",\"telephone\":\"+905057458845\",\"logo\":{\"@type\":\"ImageObject\",\"url\":\"https:\\\/\\\/pintest.com.tr\\\/wp-content\\\/uploads\\\/2023\\\/12\\\/Pintest-Logo-Ana.png\",\"@id\":\"https:\\\/\\\/pintest.com.tr\\\/index.php\\\/termal-konfor-olcumu\\\/#organizationLogo\",\"width\":150,\"height\":113},\"image\":{\"@id\":\"https:\\\/\\\/pintest.com.tr\\\/index.php\\\/termal-konfor-olcumu\\\/#organizationLogo\"},\"sameAs\":[\"https:\\\/\\\/www.facebook.com\\\/profile.php?id=61572533822690\",\"https:\\\/\\\/www.instagram.com\\\/pintest.uygunluk.degerlendirme\\\/\",\"https:\\\/\\\/www.linkedin.com\\\/company\\\/101180367\\\/admin\\\/dashboard\\\/\"]},{\"@type\":\"WebPage\",\"@id\":\"https:\\\/\\\/pintest.com.tr\\\/index.php\\\/termal-konfor-olcumu\\\/#webpage\",\"url\":\"https:\\\/\\\/pintest.com.tr\\\/index.php\\\/termal-konfor-olcumu\\\/\",\"name\":\"TERMAL KONFOR \\u00d6L\\u00c7\\u00dcM\\u00dc - Pintest M\\u00fchendislik\",\"description\":\"Termal konfor; nem, s\\u0131cakl\\u0131k, hava ak\\u0131m h\\u0131z\\u0131, radyan \\u0131s\\u0131 gibi bile\\u015fenleri bir arada bulunduran kavramd\\u0131r. Termal konfor \\u00f6l\\u00e7\\u00fcm\\u00fc; end\\u00fcstri alanlar\\u0131nda ve personel \\u00e7al\\u0131\\u015fmas\\u0131na dayal\\u0131 her t\\u00fcrl\\u00fc i\\u015fyerlerinde ideal s\\u0131cakl\\u0131k ve nem ko\\u015fullar\\u0131n\\u0131 g\\u00f6steren \\u00f6nemli parametrelerden biridir. \\u00c7al\\u0131\\u015fma ortam\\u0131nda termal konfor, \\u00fcretim sonucunda \\u00fcretilen \\u00fcr\\u00fcnlerin hassasiyeti nedeniyle ortam\\u0131n belirli bir nem, s\\u0131cakl\\u0131kta bulunmas\\u0131; \\u00e7al\\u0131\\u015fanlar\\u0131n giysi, metabolik\",\"inLanguage\":\"tr-TR\",\"isPartOf\":{\"@id\":\"https:\\\/\\\/pintest.com.tr\\\/#website\"},\"breadcrumb\":{\"@id\":\"https:\\\/\\\/pintest.com.tr\\\/index.php\\\/termal-konfor-olcumu\\\/#breadcrumblist\"},\"datePublished\":\"2023-12-29T17:58:58+03:00\",\"dateModified\":\"2023-12-29T17:58:58+03:00\"},{\"@type\":\"WebSite\",\"@id\":\"https:\\\/\\\/pintest.com.tr\\\/#website\",\"url\":\"https:\\\/\\\/pintest.com.tr\\\/\",\"name\":\"Pintest M\\u00fchendislik\",\"description\":\"Uygunluk De\\u011ferlendirme Kurulu\\u015fu\",\"inLanguage\":\"tr-TR\",\"publisher\":{\"@id\":\"https:\\\/\\\/pintest.com.tr\\\/#organization\"}}]}\n\t\t<\/script>\n\t\t<!-- All in One SEO Pro -->\r\n\t\t<title>TERMAL KONFOR \u00d6L\u00c7\u00dcM\u00dc - Pintest M\u00fchendislik<\/title>\n\n","aioseo_head_json":{"title":"TERMAL KONFOR \u00d6L\u00c7\u00dcM\u00dc - Pintest M\u00fchendislik","description":"Termal konfor; nem, s\u0131cakl\u0131k, hava ak\u0131m h\u0131z\u0131, radyan \u0131s\u0131 gibi bile\u015fenleri bir arada bulunduran kavramd\u0131r. Termal konfor \u00f6l\u00e7\u00fcm\u00fc; end\u00fcstri alanlar\u0131nda ve personel \u00e7al\u0131\u015fmas\u0131na dayal\u0131 her t\u00fcrl\u00fc i\u015fyerlerinde ideal s\u0131cakl\u0131k ve nem ko\u015fullar\u0131n\u0131 g\u00f6steren \u00f6nemli parametrelerden biridir. \u00c7al\u0131\u015fma ortam\u0131nda termal konfor, \u00fcretim sonucunda \u00fcretilen \u00fcr\u00fcnlerin hassasiyeti nedeniyle ortam\u0131n belirli bir nem, s\u0131cakl\u0131kta bulunmas\u0131; \u00e7al\u0131\u015fanlar\u0131n giysi, metabolik","canonical_url":"https:\/\/pintest.com.tr\/index.php\/termal-konfor-olcumu\/","robots":"max-image-preview:large","keywords":"","webmasterTools":{"google-site-verification":"Q4QTclIfGhhdyEzlAb1wftEv3qRfz1KW5mq8eV4NCpQ","miscellaneous":""},"schema":{"@context":"https:\/\/schema.org","@graph":[{"@type":"BreadcrumbList","@id":"https:\/\/pintest.com.tr\/index.php\/termal-konfor-olcumu\/#breadcrumblist","itemListElement":[{"@type":"ListItem","@id":"https:\/\/pintest.com.tr#listItem","position":2,"name":"Ana sayfa","item":"https:\/\/pintest.com.tr","nextItem":{"@type":"ListItem","@id":"https:\/\/pintest.com.tr\/index.php\/termal-konfor-olcumu\/#listItem","name":"TERMAL KONFOR \u00d6L\u00c7\u00dcM\u00dc"},"previousItem":{"@type":"ListItem","@id":"#listItem","name":"Pintest"}},{"@type":"ListItem","@id":"https:\/\/pintest.com.tr\/index.php\/termal-konfor-olcumu\/#listItem","position":3,"name":"TERMAL KONFOR \u00d6L\u00c7\u00dcM\u00dc","previousItem":{"@type":"ListItem","@id":"https:\/\/pintest.com.tr#listItem","name":"Ana sayfa"}}]},{"@type":"Organization","@id":"https:\/\/pintest.com.tr\/#organization","name":"Pintest M\u00fchendislik P\u0130NTEST M\u00dcHEND\u0130SL\u0130K","description":"Uygunluk De\u011ferlendirme Kurulu\u015fu Firmam\u0131z, i\u015f d\u00fcnyas\u0131na att\u0131\u011f\u0131 ilk ad\u0131mlarla i\u015f sa\u011fl\u0131\u011f\u0131 ve g\u00fcvenli\u011fi alan\u0131nda uzman kadrosuyla \u00f6nemli bir yer edinmi\u015ftir. \u015eirketimiz faaliyette bulundu\u011fu periyodik kontrol\/muayene, Akustik rapor, i\u015f hijyeni ve \u00e7evresel g\u00fcr\u00fclt\u00fc \u00f6l\u00e7\u00fcmleri sekt\u00f6rde rol \u00fcstlenmektedir. Pintest M\u00fchendislik olarak, faaliyet g\u00f6sterdi\u011fimiz alanda deneyimli kadrolar\u0131m\u0131zla beraber kurdu\u011fumuz g\u00fcvenilir ili\u015fkilerimiz \u00e7er\u00e7evesinde faaliyetlerimizi verimli bir \u015fekilde y\u00fcr\u00fct\u00fcyoruz. Tercih edilir olmam\u0131zdaki en \u00f6nemli etken donan\u0131ml\u0131 ve yetkin insan kayna\u011f\u0131m\u0131zd\u0131r. \u0130nsan ya\u015fam\u0131n\u0131n de\u011ferini benimseyen ve bu do\u011frultuda sekt\u00f6rlerde gerekli kontrol ve analizleri ger\u00e7ekle\u015ftirerek sa\u011fl\u0131kl\u0131 ve g\u00fcvenilir \u00e7al\u0131\u015fma ortam\u0131 olu\u015fturmay\u0131 ama\u00e7l\u0131yoruz.","url":"https:\/\/pintest.com.tr\/","telephone":"+905057458845","logo":{"@type":"ImageObject","url":"https:\/\/pintest.com.tr\/wp-content\/uploads\/2023\/12\/Pintest-Logo-Ana.png","@id":"https:\/\/pintest.com.tr\/index.php\/termal-konfor-olcumu\/#organizationLogo","width":150,"height":113},"image":{"@id":"https:\/\/pintest.com.tr\/index.php\/termal-konfor-olcumu\/#organizationLogo"},"sameAs":["https:\/\/www.facebook.com\/profile.php?id=61572533822690","https:\/\/www.instagram.com\/pintest.uygunluk.degerlendirme\/","https:\/\/www.linkedin.com\/company\/101180367\/admin\/dashboard\/"]},{"@type":"WebPage","@id":"https:\/\/pintest.com.tr\/index.php\/termal-konfor-olcumu\/#webpage","url":"https:\/\/pintest.com.tr\/index.php\/termal-konfor-olcumu\/","name":"TERMAL KONFOR \u00d6L\u00c7\u00dcM\u00dc - Pintest M\u00fchendislik","description":"Termal konfor; nem, s\u0131cakl\u0131k, hava ak\u0131m h\u0131z\u0131, radyan \u0131s\u0131 gibi bile\u015fenleri bir arada bulunduran kavramd\u0131r. Termal konfor \u00f6l\u00e7\u00fcm\u00fc; end\u00fcstri alanlar\u0131nda ve personel \u00e7al\u0131\u015fmas\u0131na dayal\u0131 her t\u00fcrl\u00fc i\u015fyerlerinde ideal s\u0131cakl\u0131k ve nem ko\u015fullar\u0131n\u0131 g\u00f6steren \u00f6nemli parametrelerden biridir. \u00c7al\u0131\u015fma ortam\u0131nda termal konfor, \u00fcretim sonucunda \u00fcretilen \u00fcr\u00fcnlerin hassasiyeti nedeniyle ortam\u0131n belirli bir nem, s\u0131cakl\u0131kta bulunmas\u0131; \u00e7al\u0131\u015fanlar\u0131n giysi, metabolik","inLanguage":"tr-TR","isPartOf":{"@id":"https:\/\/pintest.com.tr\/#website"},"breadcrumb":{"@id":"https:\/\/pintest.com.tr\/index.php\/termal-konfor-olcumu\/#breadcrumblist"},"datePublished":"2023-12-29T17:58:58+03:00","dateModified":"2023-12-29T17:58:58+03:00"},{"@type":"WebSite","@id":"https:\/\/pintest.com.tr\/#website","url":"https:\/\/pintest.com.tr\/","name":"Pintest M\u00fchendislik","description":"Uygunluk De\u011ferlendirme Kurulu\u015fu","inLanguage":"tr-TR","publisher":{"@id":"https:\/\/pintest.com.tr\/#organization"}}]},"og:locale":"tr_TR","og:site_name":"Pintest M\u00fchendislik - Uygunluk De\u011ferlendirme Kurulu\u015fu","og:type":"article","og:title":"TERMAL KONFOR \u00d6L\u00c7\u00dcM\u00dc - Pintest M\u00fchendislik","og:description":"Termal konfor; nem, s\u0131cakl\u0131k, hava ak\u0131m h\u0131z\u0131, radyan \u0131s\u0131 gibi bile\u015fenleri bir arada bulunduran kavramd\u0131r. Termal konfor \u00f6l\u00e7\u00fcm\u00fc; end\u00fcstri alanlar\u0131nda ve personel \u00e7al\u0131\u015fmas\u0131na dayal\u0131 her t\u00fcrl\u00fc i\u015fyerlerinde ideal s\u0131cakl\u0131k ve nem ko\u015fullar\u0131n\u0131 g\u00f6steren \u00f6nemli parametrelerden biridir. \u00c7al\u0131\u015fma ortam\u0131nda termal konfor, \u00fcretim sonucunda \u00fcretilen \u00fcr\u00fcnlerin hassasiyeti nedeniyle ortam\u0131n belirli bir nem, s\u0131cakl\u0131kta bulunmas\u0131; \u00e7al\u0131\u015fanlar\u0131n giysi, metabolik","og:url":"https:\/\/pintest.com.tr\/index.php\/termal-konfor-olcumu\/","og:image":"https:\/\/pintest.com.tr\/wp-content\/uploads\/2023\/12\/cropped-Pintest-Favicon.webp","og:image:secure_url":"https:\/\/pintest.com.tr\/wp-content\/uploads\/2023\/12\/cropped-Pintest-Favicon.webp","og:image:width":512,"og:image:height":512,"article:published_time":"2023-12-29T14:58:58+00:00","article:modified_time":"2023-12-29T14:58:58+00:00","article:publisher":"https:\/\/www.facebook.com\/profile.php?id=61572533822690","twitter:card":"summary_large_image","twitter:title":"TERMAL KONFOR \u00d6L\u00c7\u00dcM\u00dc - Pintest M\u00fchendislik","twitter:description":"Termal konfor; nem, s\u0131cakl\u0131k, hava ak\u0131m h\u0131z\u0131, radyan \u0131s\u0131 gibi bile\u015fenleri bir arada bulunduran kavramd\u0131r. Termal konfor \u00f6l\u00e7\u00fcm\u00fc; end\u00fcstri alanlar\u0131nda ve personel \u00e7al\u0131\u015fmas\u0131na dayal\u0131 her t\u00fcrl\u00fc i\u015fyerlerinde ideal s\u0131cakl\u0131k ve nem ko\u015fullar\u0131n\u0131 g\u00f6steren \u00f6nemli parametrelerden biridir. \u00c7al\u0131\u015fma ortam\u0131nda termal konfor, \u00fcretim sonucunda \u00fcretilen \u00fcr\u00fcnlerin hassasiyeti nedeniyle ortam\u0131n belirli bir nem, s\u0131cakl\u0131kta bulunmas\u0131; \u00e7al\u0131\u015fanlar\u0131n giysi, metabolik","twitter:image":"https:\/\/pintest.com.tr\/wp-content\/uploads\/2023\/12\/cropped-Pintest-Favicon.webp"},"aioseo_meta_data":{"post_id":"1424","title":null,"description":null,"keywords":null,"keyphrases":null,"primary_term":null,"canonical_url":null,"og_title":null,"og_description":null,"og_object_type":"default","og_image_type":"default","og_image_url":null,"og_image_width":null,"og_image_height":null,"og_image_custom_url":null,"og_image_custom_fields":null,"og_video":null,"og_custom_url":null,"og_article_section":null,"og_article_tags":null,"twitter_use_og":false,"twitter_card":"default","twitter_image_type":"default","twitter_image_url":null,"twitter_image_custom_url":null,"twitter_image_custom_fields":null,"twitter_title":null,"twitter_description":null,"schema":{"blockGraphs":[],"customGraphs":[],"default":{"data":{"Article":[],"Course":[],"Dataset":[],"FAQPage":[],"Movie":[],"Person":[],"Product":[],"ProductReview":[],"Car":[],"Recipe":[],"Service":[],"SoftwareApplication":[],"WebPage":[]},"graphName":"","isEnabled":true},"graphs":[]},"schema_type":"default","schema_type_options":null,"pillar_content":false,"robots_default":true,"robots_noindex":false,"robots_noarchive":false,"robots_nosnippet":false,"robots_nofollow":false,"robots_noimageindex":false,"robots_noodp":false,"robots_notranslate":false,"robots_max_snippet":null,"robots_max_videopreview":null,"robots_max_imagepreview":"large","priority":null,"frequency":null,"local_seo":null,"seo_analyzer_scan_date":"2026-02-27 07:46:41","breadcrumb_settings":null,"limit_modified_date":false,"reviewed_by":null,"open_ai":null,"ai":null,"created":"2025-04-15 07:18:32","updated":"2026-02-27 09:19:35"},"aioseo_breadcrumb":"<div class=\"aioseo-breadcrumbs\"><span class=\"aioseo-breadcrumb\">\n\tPintest\n<\/span><span class=\"aioseo-breadcrumb-separator\">\u2192<\/span><span class=\"aioseo-breadcrumb\">\n\t<a href=\"https:\/\/pintest.com.tr\" title=\"Ana sayfa\">Ana sayfa<\/a>\n<\/span><span class=\"aioseo-breadcrumb-separator\">\u2192<\/span><span class=\"aioseo-breadcrumb\">\n\tTERMAL KONFOR \u00d6L\u00c7\u00dcM\u00dc\n<\/span><\/div>","aioseo_breadcrumb_json":[{"label":"Pintest","link":""},{"label":"Ana sayfa","link":"https:\/\/pintest.com.tr"},{"label":"TERMAL KONFOR \u00d6L\u00c7\u00dcM\u00dc","link":"https:\/\/pintest.com.tr\/index.php\/termal-konfor-olcumu\/"}],"_links":{"self":[{"href":"https:\/\/pintest.com.tr\/index.php\/wp-json\/wp\/v2\/pages\/1424","targetHints":{"allow":["GET"]}}],"collection":[{"href":"https:\/\/pintest.com.tr\/index.php\/wp-json\/wp\/v2\/pages"}],"about":[{"href":"https:\/\/pintest.com.tr\/index.php\/wp-json\/wp\/v2\/types\/page"}],"author":[{"embeddable":true,"href":"https:\/\/pintest.com.tr\/index.php\/wp-json\/wp\/v2\/users\/1"}],"replies":[{"embeddable":true,"href":"https:\/\/pintest.com.tr\/index.php\/wp-json\/wp\/v2\/comments?post=1424"}],"version-history":[{"count":1,"href":"https:\/\/pintest.com.tr\/index.php\/wp-json\/wp\/v2\/pages\/1424\/revisions"}],"predecessor-version":[{"id":1425,"href":"https:\/\/pintest.com.tr\/index.php\/wp-json\/wp\/v2\/pages\/1424\/revisions\/1425"}],"wp:attachment":[{"href":"https:\/\/pintest.com.tr\/index.php\/wp-json\/wp\/v2\/media?parent=1424"}],"curies":[{"name":"wp","href":"https:\/\/api.w.org\/{rel}","templated":true}]}}