{"id":1426,"date":"2023-12-29T17:59:37","date_gmt":"2023-12-29T14:59:37","guid":{"rendered":"https:\/\/pintest.com.tr\/?page_id=1426"},"modified":"2023-12-29T17:59:37","modified_gmt":"2023-12-29T14:59:37","slug":"titresim-olcumu","status":"publish","type":"page","link":"https:\/\/pintest.com.tr\/index.php\/titresim-olcumu\/","title":{"rendered":"T\u0130TRE\u015e\u0130M \u00d6L\u00c7\u00dcM\u00dc"},"content":{"rendered":"<div class=\"wpb-content-wrapper\"><p>[vc_row][vc_column][vc_column_text]Titre\u015fim, denge noktas\u0131 etraf\u0131nda sal\u0131n\u0131m sonucunda meydana gelmektedir. \u00c7al\u0131\u015fanlar i\u00e7in ciddi bir risk fakt\u00f6r\u00fc olu\u015fturmaktad\u0131r.<\/p>\n<p>Titre\u015fim \u00f6l\u00e7\u00fcm\u00fc iki kategoriye ayr\u0131lmaktad\u0131r;<\/p>\n<ol>\n<li><strong>EL-KOL T\u0130TRE\u015e\u0130M<\/strong><\/li>\n<\/ol>\n<p>\u00c7al\u0131\u015fma ortam\u0131nda en s\u0131k rastlanan titre\u015fim el-kol titre\u015fimidir. Elektrikli el aletleri, elle y\u00f6nlendirilen ekipmanlar el-kol titre\u015fimi olu\u015fturmaktad\u0131r.\u00a0 Titre\u015fimli el aleti kullanan \u00e7al\u0131\u015fanlarda bulant\u0131, so\u011fuk ter, kar\u0131ncalanma, uyku bozuklu\u011fu ya da elde uyu\u015fuklu\u011fu gibi bir\u00e7ok etkisi bulunmaktad\u0131r. Ta\u015f k\u0131rma makineleri, k\u00f6m\u00fcr ve madencilikte kullan\u0131lan \u00e7eki\u00e7ler, ormanc\u0131l\u0131kta kullan\u0131lan testereler, parlatma ve rende makineleri vb. aletleri kullanan \u00e7al\u0131\u015fanlarda g\u00f6zlemlenmektedir.<\/p>\n<p>El-kol titre\u015fimi i\u00e7in s\u0131n\u0131r de\u011ferler;<\/p>\n<p>8 saatlik \u00e7al\u0131\u015fma s\u00fcresi i\u00e7in g\u00fcnl\u00fck maruziyet eylem de\u011feri \u2013 2,5 m\/s<sup>2<\/sup><\/p>\n<p>8 saatlik \u00e7al\u0131\u015fma s\u00fcresi i\u00e7in g\u00fcnl\u00fck maruziyet \u00fcst s\u0131n\u0131r de\u011fer \u2013 5 m\/s<sup>2<\/sup><\/p>\n<p><sup>\u00a0<\/sup>[\/vc_column_text][\/vc_column][\/vc_row]<\/p>\n<\/div>","protected":false},"excerpt":{"rendered":"<p>[vc_row][vc_column][vc_column_text]Titre\u015fim, denge noktas\u0131 etraf\u0131nda sal\u0131n\u0131m sonucunda meydana gelmektedir. \u00c7al\u0131\u015fanlar i\u00e7in ciddi bir risk fakt\u00f6r\u00fc olu\u015fturmaktad\u0131r. Titre\u015fim \u00f6l\u00e7\u00fcm\u00fc iki kategoriye ayr\u0131lmaktad\u0131r; EL-KOL T\u0130TRE\u015e\u0130M \u00c7al\u0131\u015fma ortam\u0131nda en s\u0131k rastlanan titre\u015fim el-kol titre\u015fimidir. Elektrikli el aletleri, elle y\u00f6nlendirilen ekipmanlar el-kol titre\u015fimi olu\u015fturmaktad\u0131r.\u00a0 Titre\u015fimli el aleti kullanan \u00e7al\u0131\u015fanlarda bulant\u0131, so\u011fuk ter, kar\u0131ncalanma, uyku bozuklu\u011fu ya da elde uyu\u015fuklu\u011fu gibi [&hellip;]<\/p>\n","protected":false},"author":1,"featured_media":0,"parent":0,"menu_order":0,"comment_status":"closed","ping_status":"closed","template":"","meta":{"om_disable_all_campaigns":false,"_monsterinsights_skip_tracking":false,"_monsterinsights_sitenote_active":false,"_monsterinsights_sitenote_note":"","_monsterinsights_sitenote_category":0,"footnotes":""},"class_list":["post-1426","page","type-page","status-publish","hentry"],"aioseo_notices":[],"aioseo_head":"\n\t\t<!-- All in One SEO Pro 4.9.6.2 - aioseo.com -->\n\t<meta name=\"description\" content=\"Titre\u015fim, denge noktas\u0131 etraf\u0131nda sal\u0131n\u0131m sonucunda meydana gelmektedir. \u00c7al\u0131\u015fanlar i\u00e7in ciddi bir risk fakt\u00f6r\u00fc olu\u015fturmaktad\u0131r. Titre\u015fim \u00f6l\u00e7\u00fcm\u00fc iki kategoriye ayr\u0131lmaktad\u0131r; EL-KOL T\u0130TRE\u015e\u0130M \u00c7al\u0131\u015fma ortam\u0131nda en s\u0131k rastlanan titre\u015fim el-kol titre\u015fimidir. Elektrikli el aletleri, elle y\u00f6nlendirilen ekipmanlar el-kol titre\u015fimi olu\u015fturmaktad\u0131r. Titre\u015fimli el aleti kullanan \u00e7al\u0131\u015fanlarda bulant\u0131, so\u011fuk ter, kar\u0131ncalanma, uyku bozuklu\u011fu ya da elde uyu\u015fuklu\u011fu gibi\" \/>\n\t<meta name=\"robots\" content=\"max-image-preview:large\" \/>\n\t<meta name=\"google-site-verification\" content=\"Q4QTclIfGhhdyEzlAb1wftEv3qRfz1KW5mq8eV4NCpQ\" \/>\n\t<link rel=\"canonical\" href=\"https:\/\/pintest.com.tr\/index.php\/titresim-olcumu\/\" \/>\n\t<meta name=\"generator\" content=\"All in One SEO Pro (AIOSEO) 4.9.6.2\" \/>\n\t\t<meta property=\"og:locale\" content=\"tr_TR\" \/>\n\t\t<meta property=\"og:site_name\" content=\"Pintest M\u00fchendislik - Uygunluk De\u011ferlendirme Kurulu\u015fu\" \/>\n\t\t<meta property=\"og:type\" content=\"article\" \/>\n\t\t<meta property=\"og:title\" content=\"T\u0130TRE\u015e\u0130M \u00d6L\u00c7\u00dcM\u00dc - Pintest M\u00fchendislik\" \/>\n\t\t<meta property=\"og:description\" content=\"Titre\u015fim, denge noktas\u0131 etraf\u0131nda sal\u0131n\u0131m sonucunda meydana gelmektedir. \u00c7al\u0131\u015fanlar i\u00e7in ciddi bir risk fakt\u00f6r\u00fc olu\u015fturmaktad\u0131r. Titre\u015fim \u00f6l\u00e7\u00fcm\u00fc iki kategoriye ayr\u0131lmaktad\u0131r; EL-KOL T\u0130TRE\u015e\u0130M \u00c7al\u0131\u015fma ortam\u0131nda en s\u0131k rastlanan titre\u015fim el-kol titre\u015fimidir. Elektrikli el aletleri, elle y\u00f6nlendirilen ekipmanlar el-kol titre\u015fimi olu\u015fturmaktad\u0131r. Titre\u015fimli el aleti kullanan \u00e7al\u0131\u015fanlarda bulant\u0131, so\u011fuk ter, kar\u0131ncalanma, uyku bozuklu\u011fu ya da elde uyu\u015fuklu\u011fu gibi\" \/>\n\t\t<meta property=\"og:url\" content=\"https:\/\/pintest.com.tr\/index.php\/titresim-olcumu\/\" \/>\n\t\t<meta property=\"og:image\" content=\"https:\/\/pintest.com.tr\/wp-content\/uploads\/2023\/12\/cropped-Pintest-Favicon.webp\" \/>\n\t\t<meta property=\"og:image:secure_url\" content=\"https:\/\/pintest.com.tr\/wp-content\/uploads\/2023\/12\/cropped-Pintest-Favicon.webp\" \/>\n\t\t<meta property=\"og:image:width\" content=\"512\" \/>\n\t\t<meta property=\"og:image:height\" content=\"512\" \/>\n\t\t<meta property=\"article:published_time\" content=\"2023-12-29T14:59:37+00:00\" \/>\n\t\t<meta property=\"article:modified_time\" content=\"2023-12-29T14:59:37+00:00\" \/>\n\t\t<meta property=\"article:publisher\" content=\"https:\/\/www.facebook.com\/profile.php?id=61572533822690\" \/>\n\t\t<meta name=\"twitter:card\" content=\"summary_large_image\" \/>\n\t\t<meta name=\"twitter:title\" content=\"T\u0130TRE\u015e\u0130M \u00d6L\u00c7\u00dcM\u00dc - Pintest M\u00fchendislik\" \/>\n\t\t<meta name=\"twitter:description\" content=\"Titre\u015fim, denge noktas\u0131 etraf\u0131nda sal\u0131n\u0131m sonucunda meydana gelmektedir. \u00c7al\u0131\u015fanlar i\u00e7in ciddi bir risk fakt\u00f6r\u00fc olu\u015fturmaktad\u0131r. Titre\u015fim \u00f6l\u00e7\u00fcm\u00fc iki kategoriye ayr\u0131lmaktad\u0131r; EL-KOL T\u0130TRE\u015e\u0130M \u00c7al\u0131\u015fma ortam\u0131nda en s\u0131k rastlanan titre\u015fim el-kol titre\u015fimidir. Elektrikli el aletleri, elle y\u00f6nlendirilen ekipmanlar el-kol titre\u015fimi olu\u015fturmaktad\u0131r. Titre\u015fimli el aleti kullanan \u00e7al\u0131\u015fanlarda bulant\u0131, so\u011fuk ter, kar\u0131ncalanma, uyku bozuklu\u011fu ya da elde uyu\u015fuklu\u011fu gibi\" \/>\n\t\t<meta name=\"twitter:image\" content=\"https:\/\/pintest.com.tr\/wp-content\/uploads\/2023\/12\/cropped-Pintest-Favicon.webp\" \/>\n\t\t<script type=\"application\/ld+json\" class=\"aioseo-schema\">\n\t\t\t{\"@context\":\"https:\\\/\\\/schema.org\",\"@graph\":[{\"@type\":\"BreadcrumbList\",\"@id\":\"https:\\\/\\\/pintest.com.tr\\\/index.php\\\/titresim-olcumu\\\/#breadcrumblist\",\"itemListElement\":[{\"@type\":\"ListItem\",\"@id\":\"https:\\\/\\\/pintest.com.tr#listItem\",\"position\":2,\"name\":\"Ana sayfa\",\"item\":\"https:\\\/\\\/pintest.com.tr\",\"nextItem\":{\"@type\":\"ListItem\",\"@id\":\"https:\\\/\\\/pintest.com.tr\\\/index.php\\\/titresim-olcumu\\\/#listItem\",\"name\":\"T\\u0130TRE\\u015e\\u0130M \\u00d6L\\u00c7\\u00dcM\\u00dc\"},\"previousItem\":{\"@type\":\"ListItem\",\"@id\":\"#listItem\",\"name\":\"Pintest\"}},{\"@type\":\"ListItem\",\"@id\":\"https:\\\/\\\/pintest.com.tr\\\/index.php\\\/titresim-olcumu\\\/#listItem\",\"position\":3,\"name\":\"T\\u0130TRE\\u015e\\u0130M \\u00d6L\\u00c7\\u00dcM\\u00dc\",\"previousItem\":{\"@type\":\"ListItem\",\"@id\":\"https:\\\/\\\/pintest.com.tr#listItem\",\"name\":\"Ana sayfa\"}}]},{\"@type\":\"Organization\",\"@id\":\"https:\\\/\\\/pintest.com.tr\\\/#organization\",\"name\":\"Pintest M\\u00fchendislik P\\u0130NTEST M\\u00dcHEND\\u0130SL\\u0130K\",\"description\":\"Uygunluk De\\u011ferlendirme Kurulu\\u015fu Firmam\\u0131z, i\\u015f d\\u00fcnyas\\u0131na att\\u0131\\u011f\\u0131 ilk ad\\u0131mlarla i\\u015f sa\\u011fl\\u0131\\u011f\\u0131 ve g\\u00fcvenli\\u011fi alan\\u0131nda uzman kadrosuyla \\u00f6nemli bir yer edinmi\\u015ftir. \\u015eirketimiz faaliyette bulundu\\u011fu periyodik kontrol\\\/muayene, Akustik rapor, i\\u015f hijyeni ve \\u00e7evresel g\\u00fcr\\u00fclt\\u00fc \\u00f6l\\u00e7\\u00fcmleri sekt\\u00f6rde rol \\u00fcstlenmektedir. Pintest M\\u00fchendislik olarak, faaliyet g\\u00f6sterdi\\u011fimiz alanda deneyimli kadrolar\\u0131m\\u0131zla beraber kurdu\\u011fumuz g\\u00fcvenilir ili\\u015fkilerimiz \\u00e7er\\u00e7evesinde faaliyetlerimizi verimli bir \\u015fekilde y\\u00fcr\\u00fct\\u00fcyoruz. Tercih edilir olmam\\u0131zdaki en \\u00f6nemli etken donan\\u0131ml\\u0131 ve yetkin insan kayna\\u011f\\u0131m\\u0131zd\\u0131r. \\u0130nsan ya\\u015fam\\u0131n\\u0131n de\\u011ferini benimseyen ve bu do\\u011frultuda sekt\\u00f6rlerde gerekli kontrol ve analizleri ger\\u00e7ekle\\u015ftirerek sa\\u011fl\\u0131kl\\u0131 ve g\\u00fcvenilir \\u00e7al\\u0131\\u015fma ortam\\u0131 olu\\u015fturmay\\u0131 ama\\u00e7l\\u0131yoruz.\",\"url\":\"https:\\\/\\\/pintest.com.tr\\\/\",\"telephone\":\"+905057458845\",\"logo\":{\"@type\":\"ImageObject\",\"url\":\"https:\\\/\\\/pintest.com.tr\\\/wp-content\\\/uploads\\\/2023\\\/12\\\/Pintest-Logo-Ana.png\",\"@id\":\"https:\\\/\\\/pintest.com.tr\\\/index.php\\\/titresim-olcumu\\\/#organizationLogo\",\"width\":150,\"height\":113},\"image\":{\"@id\":\"https:\\\/\\\/pintest.com.tr\\\/index.php\\\/titresim-olcumu\\\/#organizationLogo\"},\"sameAs\":[\"https:\\\/\\\/www.facebook.com\\\/profile.php?id=61572533822690\",\"https:\\\/\\\/www.instagram.com\\\/pintest.uygunluk.degerlendirme\\\/\",\"https:\\\/\\\/www.linkedin.com\\\/company\\\/101180367\\\/admin\\\/dashboard\\\/\"]},{\"@type\":\"WebPage\",\"@id\":\"https:\\\/\\\/pintest.com.tr\\\/index.php\\\/titresim-olcumu\\\/#webpage\",\"url\":\"https:\\\/\\\/pintest.com.tr\\\/index.php\\\/titresim-olcumu\\\/\",\"name\":\"T\\u0130TRE\\u015e\\u0130M \\u00d6L\\u00c7\\u00dcM\\u00dc - Pintest M\\u00fchendislik\",\"description\":\"Titre\\u015fim, denge noktas\\u0131 etraf\\u0131nda sal\\u0131n\\u0131m sonucunda meydana gelmektedir. \\u00c7al\\u0131\\u015fanlar i\\u00e7in ciddi bir risk fakt\\u00f6r\\u00fc olu\\u015fturmaktad\\u0131r. Titre\\u015fim \\u00f6l\\u00e7\\u00fcm\\u00fc iki kategoriye ayr\\u0131lmaktad\\u0131r; EL-KOL T\\u0130TRE\\u015e\\u0130M \\u00c7al\\u0131\\u015fma ortam\\u0131nda en s\\u0131k rastlanan titre\\u015fim el-kol titre\\u015fimidir. Elektrikli el aletleri, elle y\\u00f6nlendirilen ekipmanlar el-kol titre\\u015fimi olu\\u015fturmaktad\\u0131r. Titre\\u015fimli el aleti kullanan \\u00e7al\\u0131\\u015fanlarda bulant\\u0131, so\\u011fuk ter, kar\\u0131ncalanma, uyku bozuklu\\u011fu ya da elde uyu\\u015fuklu\\u011fu gibi\",\"inLanguage\":\"tr-TR\",\"isPartOf\":{\"@id\":\"https:\\\/\\\/pintest.com.tr\\\/#website\"},\"breadcrumb\":{\"@id\":\"https:\\\/\\\/pintest.com.tr\\\/index.php\\\/titresim-olcumu\\\/#breadcrumblist\"},\"datePublished\":\"2023-12-29T17:59:37+03:00\",\"dateModified\":\"2023-12-29T17:59:37+03:00\"},{\"@type\":\"WebSite\",\"@id\":\"https:\\\/\\\/pintest.com.tr\\\/#website\",\"url\":\"https:\\\/\\\/pintest.com.tr\\\/\",\"name\":\"Pintest M\\u00fchendislik\",\"description\":\"Uygunluk De\\u011ferlendirme Kurulu\\u015fu\",\"inLanguage\":\"tr-TR\",\"publisher\":{\"@id\":\"https:\\\/\\\/pintest.com.tr\\\/#organization\"}}]}\n\t\t<\/script>\n\t\t<!-- All in One SEO Pro -->\r\n\t\t<title>T\u0130TRE\u015e\u0130M \u00d6L\u00c7\u00dcM\u00dc - Pintest M\u00fchendislik<\/title>\n\n","aioseo_head_json":{"title":"T\u0130TRE\u015e\u0130M \u00d6L\u00c7\u00dcM\u00dc - Pintest M\u00fchendislik","description":"Titre\u015fim, denge noktas\u0131 etraf\u0131nda sal\u0131n\u0131m sonucunda meydana gelmektedir. \u00c7al\u0131\u015fanlar i\u00e7in ciddi bir risk fakt\u00f6r\u00fc olu\u015fturmaktad\u0131r. Titre\u015fim \u00f6l\u00e7\u00fcm\u00fc iki kategoriye ayr\u0131lmaktad\u0131r; EL-KOL T\u0130TRE\u015e\u0130M \u00c7al\u0131\u015fma ortam\u0131nda en s\u0131k rastlanan titre\u015fim el-kol titre\u015fimidir. Elektrikli el aletleri, elle y\u00f6nlendirilen ekipmanlar el-kol titre\u015fimi olu\u015fturmaktad\u0131r. Titre\u015fimli el aleti kullanan \u00e7al\u0131\u015fanlarda bulant\u0131, so\u011fuk ter, kar\u0131ncalanma, uyku bozuklu\u011fu ya da elde uyu\u015fuklu\u011fu gibi","canonical_url":"https:\/\/pintest.com.tr\/index.php\/titresim-olcumu\/","robots":"max-image-preview:large","keywords":"","webmasterTools":{"google-site-verification":"Q4QTclIfGhhdyEzlAb1wftEv3qRfz1KW5mq8eV4NCpQ","miscellaneous":""},"schema":{"@context":"https:\/\/schema.org","@graph":[{"@type":"BreadcrumbList","@id":"https:\/\/pintest.com.tr\/index.php\/titresim-olcumu\/#breadcrumblist","itemListElement":[{"@type":"ListItem","@id":"https:\/\/pintest.com.tr#listItem","position":2,"name":"Ana sayfa","item":"https:\/\/pintest.com.tr","nextItem":{"@type":"ListItem","@id":"https:\/\/pintest.com.tr\/index.php\/titresim-olcumu\/#listItem","name":"T\u0130TRE\u015e\u0130M \u00d6L\u00c7\u00dcM\u00dc"},"previousItem":{"@type":"ListItem","@id":"#listItem","name":"Pintest"}},{"@type":"ListItem","@id":"https:\/\/pintest.com.tr\/index.php\/titresim-olcumu\/#listItem","position":3,"name":"T\u0130TRE\u015e\u0130M \u00d6L\u00c7\u00dcM\u00dc","previousItem":{"@type":"ListItem","@id":"https:\/\/pintest.com.tr#listItem","name":"Ana sayfa"}}]},{"@type":"Organization","@id":"https:\/\/pintest.com.tr\/#organization","name":"Pintest M\u00fchendislik P\u0130NTEST M\u00dcHEND\u0130SL\u0130K","description":"Uygunluk De\u011ferlendirme Kurulu\u015fu Firmam\u0131z, i\u015f d\u00fcnyas\u0131na att\u0131\u011f\u0131 ilk ad\u0131mlarla i\u015f sa\u011fl\u0131\u011f\u0131 ve g\u00fcvenli\u011fi alan\u0131nda uzman kadrosuyla \u00f6nemli bir yer edinmi\u015ftir. \u015eirketimiz faaliyette bulundu\u011fu periyodik kontrol\/muayene, Akustik rapor, i\u015f hijyeni ve \u00e7evresel g\u00fcr\u00fclt\u00fc \u00f6l\u00e7\u00fcmleri sekt\u00f6rde rol \u00fcstlenmektedir. Pintest M\u00fchendislik olarak, faaliyet g\u00f6sterdi\u011fimiz alanda deneyimli kadrolar\u0131m\u0131zla beraber kurdu\u011fumuz g\u00fcvenilir ili\u015fkilerimiz \u00e7er\u00e7evesinde faaliyetlerimizi verimli bir \u015fekilde y\u00fcr\u00fct\u00fcyoruz. Tercih edilir olmam\u0131zdaki en \u00f6nemli etken donan\u0131ml\u0131 ve yetkin insan kayna\u011f\u0131m\u0131zd\u0131r. \u0130nsan ya\u015fam\u0131n\u0131n de\u011ferini benimseyen ve bu do\u011frultuda sekt\u00f6rlerde gerekli kontrol ve analizleri ger\u00e7ekle\u015ftirerek sa\u011fl\u0131kl\u0131 ve g\u00fcvenilir \u00e7al\u0131\u015fma ortam\u0131 olu\u015fturmay\u0131 ama\u00e7l\u0131yoruz.","url":"https:\/\/pintest.com.tr\/","telephone":"+905057458845","logo":{"@type":"ImageObject","url":"https:\/\/pintest.com.tr\/wp-content\/uploads\/2023\/12\/Pintest-Logo-Ana.png","@id":"https:\/\/pintest.com.tr\/index.php\/titresim-olcumu\/#organizationLogo","width":150,"height":113},"image":{"@id":"https:\/\/pintest.com.tr\/index.php\/titresim-olcumu\/#organizationLogo"},"sameAs":["https:\/\/www.facebook.com\/profile.php?id=61572533822690","https:\/\/www.instagram.com\/pintest.uygunluk.degerlendirme\/","https:\/\/www.linkedin.com\/company\/101180367\/admin\/dashboard\/"]},{"@type":"WebPage","@id":"https:\/\/pintest.com.tr\/index.php\/titresim-olcumu\/#webpage","url":"https:\/\/pintest.com.tr\/index.php\/titresim-olcumu\/","name":"T\u0130TRE\u015e\u0130M \u00d6L\u00c7\u00dcM\u00dc - Pintest M\u00fchendislik","description":"Titre\u015fim, denge noktas\u0131 etraf\u0131nda sal\u0131n\u0131m sonucunda meydana gelmektedir. \u00c7al\u0131\u015fanlar i\u00e7in ciddi bir risk fakt\u00f6r\u00fc olu\u015fturmaktad\u0131r. Titre\u015fim \u00f6l\u00e7\u00fcm\u00fc iki kategoriye ayr\u0131lmaktad\u0131r; EL-KOL T\u0130TRE\u015e\u0130M \u00c7al\u0131\u015fma ortam\u0131nda en s\u0131k rastlanan titre\u015fim el-kol titre\u015fimidir. Elektrikli el aletleri, elle y\u00f6nlendirilen ekipmanlar el-kol titre\u015fimi olu\u015fturmaktad\u0131r. Titre\u015fimli el aleti kullanan \u00e7al\u0131\u015fanlarda bulant\u0131, so\u011fuk ter, kar\u0131ncalanma, uyku bozuklu\u011fu ya da elde uyu\u015fuklu\u011fu gibi","inLanguage":"tr-TR","isPartOf":{"@id":"https:\/\/pintest.com.tr\/#website"},"breadcrumb":{"@id":"https:\/\/pintest.com.tr\/index.php\/titresim-olcumu\/#breadcrumblist"},"datePublished":"2023-12-29T17:59:37+03:00","dateModified":"2023-12-29T17:59:37+03:00"},{"@type":"WebSite","@id":"https:\/\/pintest.com.tr\/#website","url":"https:\/\/pintest.com.tr\/","name":"Pintest M\u00fchendislik","description":"Uygunluk De\u011ferlendirme Kurulu\u015fu","inLanguage":"tr-TR","publisher":{"@id":"https:\/\/pintest.com.tr\/#organization"}}]},"og:locale":"tr_TR","og:site_name":"Pintest M\u00fchendislik - Uygunluk De\u011ferlendirme Kurulu\u015fu","og:type":"article","og:title":"T\u0130TRE\u015e\u0130M \u00d6L\u00c7\u00dcM\u00dc - Pintest M\u00fchendislik","og:description":"Titre\u015fim, denge noktas\u0131 etraf\u0131nda sal\u0131n\u0131m sonucunda meydana gelmektedir. \u00c7al\u0131\u015fanlar i\u00e7in ciddi bir risk fakt\u00f6r\u00fc olu\u015fturmaktad\u0131r. Titre\u015fim \u00f6l\u00e7\u00fcm\u00fc iki kategoriye ayr\u0131lmaktad\u0131r; EL-KOL T\u0130TRE\u015e\u0130M \u00c7al\u0131\u015fma ortam\u0131nda en s\u0131k rastlanan titre\u015fim el-kol titre\u015fimidir. Elektrikli el aletleri, elle y\u00f6nlendirilen ekipmanlar el-kol titre\u015fimi olu\u015fturmaktad\u0131r. Titre\u015fimli el aleti kullanan \u00e7al\u0131\u015fanlarda bulant\u0131, so\u011fuk ter, kar\u0131ncalanma, uyku bozuklu\u011fu ya da elde uyu\u015fuklu\u011fu gibi","og:url":"https:\/\/pintest.com.tr\/index.php\/titresim-olcumu\/","og:image":"https:\/\/pintest.com.tr\/wp-content\/uploads\/2023\/12\/cropped-Pintest-Favicon.webp","og:image:secure_url":"https:\/\/pintest.com.tr\/wp-content\/uploads\/2023\/12\/cropped-Pintest-Favicon.webp","og:image:width":512,"og:image:height":512,"article:published_time":"2023-12-29T14:59:37+00:00","article:modified_time":"2023-12-29T14:59:37+00:00","article:publisher":"https:\/\/www.facebook.com\/profile.php?id=61572533822690","twitter:card":"summary_large_image","twitter:title":"T\u0130TRE\u015e\u0130M \u00d6L\u00c7\u00dcM\u00dc - Pintest M\u00fchendislik","twitter:description":"Titre\u015fim, denge noktas\u0131 etraf\u0131nda sal\u0131n\u0131m sonucunda meydana gelmektedir. \u00c7al\u0131\u015fanlar i\u00e7in ciddi bir risk fakt\u00f6r\u00fc olu\u015fturmaktad\u0131r. Titre\u015fim \u00f6l\u00e7\u00fcm\u00fc iki kategoriye ayr\u0131lmaktad\u0131r; EL-KOL T\u0130TRE\u015e\u0130M \u00c7al\u0131\u015fma ortam\u0131nda en s\u0131k rastlanan titre\u015fim el-kol titre\u015fimidir. Elektrikli el aletleri, elle y\u00f6nlendirilen ekipmanlar el-kol titre\u015fimi olu\u015fturmaktad\u0131r. Titre\u015fimli el aleti kullanan \u00e7al\u0131\u015fanlarda bulant\u0131, so\u011fuk ter, kar\u0131ncalanma, uyku bozuklu\u011fu ya da elde uyu\u015fuklu\u011fu gibi","twitter:image":"https:\/\/pintest.com.tr\/wp-content\/uploads\/2023\/12\/cropped-Pintest-Favicon.webp"},"aioseo_meta_data":{"post_id":"1426","title":null,"description":null,"keywords":null,"keyphrases":null,"primary_term":null,"canonical_url":null,"og_title":null,"og_description":null,"og_object_type":"default","og_image_type":"default","og_image_url":null,"og_image_width":null,"og_image_height":null,"og_image_custom_url":null,"og_image_custom_fields":null,"og_video":null,"og_custom_url":null,"og_article_section":null,"og_article_tags":null,"twitter_use_og":false,"twitter_card":"default","twitter_image_type":"default","twitter_image_url":null,"twitter_image_custom_url":null,"twitter_image_custom_fields":null,"twitter_title":null,"twitter_description":null,"schema":{"blockGraphs":[],"customGraphs":[],"default":{"data":{"Article":[],"Course":[],"Dataset":[],"FAQPage":[],"Movie":[],"Person":[],"Product":[],"ProductReview":[],"Car":[],"Recipe":[],"Service":[],"SoftwareApplication":[],"WebPage":[]},"graphName":"","isEnabled":true},"graphs":[]},"schema_type":"default","schema_type_options":null,"pillar_content":false,"robots_default":true,"robots_noindex":false,"robots_noarchive":false,"robots_nosnippet":false,"robots_nofollow":false,"robots_noimageindex":false,"robots_noodp":false,"robots_notranslate":false,"robots_max_snippet":null,"robots_max_videopreview":null,"robots_max_imagepreview":"large","priority":null,"frequency":null,"local_seo":null,"seo_analyzer_scan_date":"2026-02-27 07:47:47","breadcrumb_settings":null,"limit_modified_date":false,"reviewed_by":null,"open_ai":null,"ai":null,"created":"2025-04-15 07:18:32","updated":"2026-02-27 09:20:37"},"aioseo_breadcrumb":"<div class=\"aioseo-breadcrumbs\"><span class=\"aioseo-breadcrumb\">\n\tPintest\n<\/span><span class=\"aioseo-breadcrumb-separator\">\u2192<\/span><span class=\"aioseo-breadcrumb\">\n\t<a href=\"https:\/\/pintest.com.tr\" title=\"Ana sayfa\">Ana sayfa<\/a>\n<\/span><span class=\"aioseo-breadcrumb-separator\">\u2192<\/span><span class=\"aioseo-breadcrumb\">\n\tT\u0130TRE\u015e\u0130M \u00d6L\u00c7\u00dcM\u00dc\n<\/span><\/div>","aioseo_breadcrumb_json":[{"label":"Pintest","link":""},{"label":"Ana sayfa","link":"https:\/\/pintest.com.tr"},{"label":"T\u0130TRE\u015e\u0130M \u00d6L\u00c7\u00dcM\u00dc","link":"https:\/\/pintest.com.tr\/index.php\/titresim-olcumu\/"}],"_links":{"self":[{"href":"https:\/\/pintest.com.tr\/index.php\/wp-json\/wp\/v2\/pages\/1426","targetHints":{"allow":["GET"]}}],"collection":[{"href":"https:\/\/pintest.com.tr\/index.php\/wp-json\/wp\/v2\/pages"}],"about":[{"href":"https:\/\/pintest.com.tr\/index.php\/wp-json\/wp\/v2\/types\/page"}],"author":[{"embeddable":true,"href":"https:\/\/pintest.com.tr\/index.php\/wp-json\/wp\/v2\/users\/1"}],"replies":[{"embeddable":true,"href":"https:\/\/pintest.com.tr\/index.php\/wp-json\/wp\/v2\/comments?post=1426"}],"version-history":[{"count":1,"href":"https:\/\/pintest.com.tr\/index.php\/wp-json\/wp\/v2\/pages\/1426\/revisions"}],"predecessor-version":[{"id":1427,"href":"https:\/\/pintest.com.tr\/index.php\/wp-json\/wp\/v2\/pages\/1426\/revisions\/1427"}],"wp:attachment":[{"href":"https:\/\/pintest.com.tr\/index.php\/wp-json\/wp\/v2\/media?parent=1426"}],"curies":[{"name":"wp","href":"https:\/\/api.w.org\/{rel}","templated":true}]}}