{"id":1438,"date":"2023-12-29T18:07:57","date_gmt":"2023-12-29T15:07:57","guid":{"rendered":"https:\/\/pintest.com.tr\/?page_id=1438"},"modified":"2023-12-29T18:07:57","modified_gmt":"2023-12-29T15:07:57","slug":"ucucu-organik-bilesik-voc-olcumu","status":"publish","type":"page","link":"https:\/\/pintest.com.tr\/index.php\/ucucu-organik-bilesik-voc-olcumu\/","title":{"rendered":"U\u00c7UCU ORGAN\u0130K B\u0130LE\u015e\u0130K (VOC) \u00d6L\u00c7\u00dcM\u00dc"},"content":{"rendered":"<div class=\"wpb-content-wrapper\"><p>[vc_row][vc_column][vc_column_text]U\u00e7ucu organik bile\u015fikler, oda s\u0131cakl\u0131\u011f\u0131nda y\u00fcksek buhar bas\u0131nc\u0131na sahip olan ve i\u015fyerlerinde yayg\u0131n olarak kullan\u0131lan organik bile\u015fiklerdir. Nefes ald\u0131\u011f\u0131m\u0131z havada en \u00e7ok u\u00e7ucu organik bile\u015fiklere rastlan\u0131lmaktad\u0131r. \u0130nsanlar\u0131n zaman\u0131n\u0131n b\u00fcy\u00fck \u00e7o\u011funlu\u011funu i\u015fyerlerinde ge\u00e7irdi\u011fi g\u00f6z \u00f6n\u00fcne al\u0131nd\u0131\u011f\u0131nda \u00e7al\u0131\u015fma alanlar\u0131nda sa\u011fl\u0131kl\u0131 bir hava kalitesinin olu\u015fturulmas\u0131 olduk\u00e7a \u00f6nemlidir.<\/p>\n<p>U\u00e7ucu organik bile\u015fikler insan sa\u011fl\u0131\u011f\u0131na ve \u00e7evreye zarar verebilme potansiyeline sahip kimyasallard\u0131r.<\/p>\n<p>\u0130\u015fyerlerindeki baz\u0131 VOC i\u00e7eri\u011fine sahip maddeler;<\/p>\n<ul>\n<li>Boyalar, vernikler ve leke gidericiler<\/li>\n<li>Temizlik maddeleri<\/li>\n<li>Yak\u0131tlar<\/li>\n<li>S\u0131zd\u0131rmazl\u0131k malzemeleri ve kaplamalar gibi<\/li>\n<\/ul>\n<p>\u00c7al\u0131\u015fma alanlar\u0131nda VOC de\u011ferleri kontrol edilmez ise a\u015fa\u011f\u0131da belirtilen sa\u011fl\u0131k sorunlar\u0131na yol a\u00e7abilmektedir;<\/p>\n<ul>\n<li>Cilt tahri\u015fleri<\/li>\n<li>Mide bulant\u0131s\u0131<\/li>\n<li>Ba\u015f d\u00f6nmesi<\/li>\n<li>Y\u00fcksek maruziyet sonucunda merkezi sinir sistemi ve akci\u011ferlere zarar verebilmektedir.<\/li>\n<\/ul>\n<p>VOC \u00f6l\u00e7\u00fcm\u00fc yukar\u0131da belirtilen rahats\u0131zl\u0131klardan kaynakl\u0131 olarak baz\u0131 sekt\u00f6rlerde \u00f6l\u00e7\u00fcm\u00fcn\u00fcn yap\u0131lmas\u0131 olduk\u00e7a \u00f6nemlidir.\u00a0 Sekt\u00f6rler aras\u0131nda; boya, kimya, metal, plastik end\u00fcstrileri \u00f6rnek olarak g\u00f6sterilebilir.<\/p>\n<p>Riski azaltman\u0131n en uygun yolu daha d\u00fc\u015f\u00fck toksisiteye sahip ve d\u00fc\u015f\u00fck buhar bas\u0131nc\u0131na sahip kimyasal\u0131n se\u00e7ilmesidir. \u00d6rne\u011fin solvent se\u00e7erken benzen i\u00e7ermeyen ve yava\u015f\u00e7a buharla\u015fan maddelere bak\u0131lmal\u0131d\u0131r.<\/p>\n<p>Boyalar temizleyiciler gibi maddeler uyguland\u0131ktan sonra dahi VOC yaymaya devam edebilmektedir. Bu nedenle daha d\u00fc\u015f\u00fck toksisiteye sahip kimyasal se\u00e7ilmesinin yan\u0131nda binan\u0131n sa\u011fl\u0131kl\u0131 bir havaland\u0131rmaya sahip olmas\u0131 VOC maruziyetini m\u00fcmk\u00fcn oldu\u011funca azaltmaktad\u0131r.<\/p>\n<p>\u00d6l\u00e7\u00fcmlerin sonu\u00e7lar\u0131, Kimyasal maddelerle \u00c7al\u0131\u015fmalarda Sa\u011fl\u0131k ve G\u00fcvenlik \u00d6nlemleri Hakk\u0131nda Y\u00f6netmelik ve uluslararas\u0131 standartlar g\u00f6z \u00f6n\u00fcne al\u0131narak de\u011ferlendirilmektedir.[\/vc_column_text][\/vc_column][\/vc_row]<\/p>\n<\/div>","protected":false},"excerpt":{"rendered":"<p>[vc_row][vc_column][vc_column_text]U\u00e7ucu organik bile\u015fikler, oda s\u0131cakl\u0131\u011f\u0131nda y\u00fcksek buhar bas\u0131nc\u0131na sahip olan ve i\u015fyerlerinde yayg\u0131n olarak kullan\u0131lan organik bile\u015fiklerdir. Nefes ald\u0131\u011f\u0131m\u0131z havada en \u00e7ok u\u00e7ucu organik bile\u015fiklere rastlan\u0131lmaktad\u0131r. \u0130nsanlar\u0131n zaman\u0131n\u0131n b\u00fcy\u00fck \u00e7o\u011funlu\u011funu i\u015fyerlerinde ge\u00e7irdi\u011fi g\u00f6z \u00f6n\u00fcne al\u0131nd\u0131\u011f\u0131nda \u00e7al\u0131\u015fma alanlar\u0131nda sa\u011fl\u0131kl\u0131 bir hava kalitesinin olu\u015fturulmas\u0131 olduk\u00e7a \u00f6nemlidir. U\u00e7ucu organik bile\u015fikler insan sa\u011fl\u0131\u011f\u0131na ve \u00e7evreye zarar verebilme potansiyeline sahip [&hellip;]<\/p>\n","protected":false},"author":1,"featured_media":0,"parent":0,"menu_order":0,"comment_status":"closed","ping_status":"closed","template":"","meta":{"om_disable_all_campaigns":false,"_monsterinsights_skip_tracking":false,"_monsterinsights_sitenote_active":false,"_monsterinsights_sitenote_note":"","_monsterinsights_sitenote_category":0,"footnotes":""},"class_list":["post-1438","page","type-page","status-publish","hentry"],"aioseo_notices":[],"aioseo_head":"\n\t\t<!-- All in One SEO Pro 4.9.6.2 - aioseo.com -->\n\t<meta name=\"description\" content=\"U\u00e7ucu organik bile\u015fikler, oda s\u0131cakl\u0131\u011f\u0131nda y\u00fcksek buhar bas\u0131nc\u0131na sahip olan ve i\u015fyerlerinde yayg\u0131n olarak kullan\u0131lan organik bile\u015fiklerdir. Nefes ald\u0131\u011f\u0131m\u0131z havada en \u00e7ok u\u00e7ucu organik bile\u015fiklere rastlan\u0131lmaktad\u0131r. \u0130nsanlar\u0131n zaman\u0131n\u0131n b\u00fcy\u00fck \u00e7o\u011funlu\u011funu i\u015fyerlerinde ge\u00e7irdi\u011fi g\u00f6z \u00f6n\u00fcne al\u0131nd\u0131\u011f\u0131nda \u00e7al\u0131\u015fma alanlar\u0131nda sa\u011fl\u0131kl\u0131 bir hava kalitesinin olu\u015fturulmas\u0131 olduk\u00e7a \u00f6nemlidir. U\u00e7ucu organik bile\u015fikler insan sa\u011fl\u0131\u011f\u0131na ve \u00e7evreye zarar verebilme potansiyeline sahip\" \/>\n\t<meta name=\"robots\" content=\"max-image-preview:large\" \/>\n\t<meta name=\"google-site-verification\" content=\"Q4QTclIfGhhdyEzlAb1wftEv3qRfz1KW5mq8eV4NCpQ\" \/>\n\t<link rel=\"canonical\" href=\"https:\/\/pintest.com.tr\/index.php\/ucucu-organik-bilesik-voc-olcumu\/\" \/>\n\t<meta name=\"generator\" content=\"All in One SEO Pro (AIOSEO) 4.9.6.2\" \/>\n\t\t<meta property=\"og:locale\" content=\"tr_TR\" \/>\n\t\t<meta property=\"og:site_name\" content=\"Pintest M\u00fchendislik - Uygunluk De\u011ferlendirme Kurulu\u015fu\" \/>\n\t\t<meta property=\"og:type\" content=\"article\" \/>\n\t\t<meta property=\"og:title\" content=\"U\u00c7UCU ORGAN\u0130K B\u0130LE\u015e\u0130K (VOC) \u00d6L\u00c7\u00dcM\u00dc - Pintest M\u00fchendislik\" \/>\n\t\t<meta property=\"og:description\" content=\"U\u00e7ucu organik bile\u015fikler, oda s\u0131cakl\u0131\u011f\u0131nda y\u00fcksek buhar bas\u0131nc\u0131na sahip olan ve i\u015fyerlerinde yayg\u0131n olarak kullan\u0131lan organik bile\u015fiklerdir. Nefes ald\u0131\u011f\u0131m\u0131z havada en \u00e7ok u\u00e7ucu organik bile\u015fiklere rastlan\u0131lmaktad\u0131r. \u0130nsanlar\u0131n zaman\u0131n\u0131n b\u00fcy\u00fck \u00e7o\u011funlu\u011funu i\u015fyerlerinde ge\u00e7irdi\u011fi g\u00f6z \u00f6n\u00fcne al\u0131nd\u0131\u011f\u0131nda \u00e7al\u0131\u015fma alanlar\u0131nda sa\u011fl\u0131kl\u0131 bir hava kalitesinin olu\u015fturulmas\u0131 olduk\u00e7a \u00f6nemlidir. U\u00e7ucu organik bile\u015fikler insan sa\u011fl\u0131\u011f\u0131na ve \u00e7evreye zarar verebilme potansiyeline sahip\" \/>\n\t\t<meta property=\"og:url\" content=\"https:\/\/pintest.com.tr\/index.php\/ucucu-organik-bilesik-voc-olcumu\/\" \/>\n\t\t<meta property=\"og:image\" content=\"https:\/\/pintest.com.tr\/wp-content\/uploads\/2023\/12\/cropped-Pintest-Favicon.webp\" \/>\n\t\t<meta property=\"og:image:secure_url\" content=\"https:\/\/pintest.com.tr\/wp-content\/uploads\/2023\/12\/cropped-Pintest-Favicon.webp\" \/>\n\t\t<meta property=\"og:image:width\" content=\"512\" \/>\n\t\t<meta property=\"og:image:height\" content=\"512\" \/>\n\t\t<meta property=\"article:published_time\" content=\"2023-12-29T15:07:57+00:00\" \/>\n\t\t<meta property=\"article:modified_time\" content=\"2023-12-29T15:07:57+00:00\" \/>\n\t\t<meta property=\"article:publisher\" content=\"https:\/\/www.facebook.com\/profile.php?id=61572533822690\" \/>\n\t\t<meta name=\"twitter:card\" content=\"summary_large_image\" \/>\n\t\t<meta name=\"twitter:title\" content=\"U\u00c7UCU ORGAN\u0130K B\u0130LE\u015e\u0130K (VOC) \u00d6L\u00c7\u00dcM\u00dc - Pintest M\u00fchendislik\" \/>\n\t\t<meta name=\"twitter:description\" content=\"U\u00e7ucu organik bile\u015fikler, oda s\u0131cakl\u0131\u011f\u0131nda y\u00fcksek buhar bas\u0131nc\u0131na sahip olan ve i\u015fyerlerinde yayg\u0131n olarak kullan\u0131lan organik bile\u015fiklerdir. Nefes ald\u0131\u011f\u0131m\u0131z havada en \u00e7ok u\u00e7ucu organik bile\u015fiklere rastlan\u0131lmaktad\u0131r. \u0130nsanlar\u0131n zaman\u0131n\u0131n b\u00fcy\u00fck \u00e7o\u011funlu\u011funu i\u015fyerlerinde ge\u00e7irdi\u011fi g\u00f6z \u00f6n\u00fcne al\u0131nd\u0131\u011f\u0131nda \u00e7al\u0131\u015fma alanlar\u0131nda sa\u011fl\u0131kl\u0131 bir hava kalitesinin olu\u015fturulmas\u0131 olduk\u00e7a \u00f6nemlidir. U\u00e7ucu organik bile\u015fikler insan sa\u011fl\u0131\u011f\u0131na ve \u00e7evreye zarar verebilme potansiyeline sahip\" \/>\n\t\t<meta name=\"twitter:image\" content=\"https:\/\/pintest.com.tr\/wp-content\/uploads\/2023\/12\/cropped-Pintest-Favicon.webp\" \/>\n\t\t<script type=\"application\/ld+json\" class=\"aioseo-schema\">\n\t\t\t{\"@context\":\"https:\\\/\\\/schema.org\",\"@graph\":[{\"@type\":\"BreadcrumbList\",\"@id\":\"https:\\\/\\\/pintest.com.tr\\\/index.php\\\/ucucu-organik-bilesik-voc-olcumu\\\/#breadcrumblist\",\"itemListElement\":[{\"@type\":\"ListItem\",\"@id\":\"https:\\\/\\\/pintest.com.tr#listItem\",\"position\":2,\"name\":\"Ana sayfa\",\"item\":\"https:\\\/\\\/pintest.com.tr\",\"nextItem\":{\"@type\":\"ListItem\",\"@id\":\"https:\\\/\\\/pintest.com.tr\\\/index.php\\\/ucucu-organik-bilesik-voc-olcumu\\\/#listItem\",\"name\":\"U\\u00c7UCU ORGAN\\u0130K B\\u0130LE\\u015e\\u0130K (VOC) \\u00d6L\\u00c7\\u00dcM\\u00dc\"},\"previousItem\":{\"@type\":\"ListItem\",\"@id\":\"#listItem\",\"name\":\"Pintest\"}},{\"@type\":\"ListItem\",\"@id\":\"https:\\\/\\\/pintest.com.tr\\\/index.php\\\/ucucu-organik-bilesik-voc-olcumu\\\/#listItem\",\"position\":3,\"name\":\"U\\u00c7UCU ORGAN\\u0130K B\\u0130LE\\u015e\\u0130K (VOC) \\u00d6L\\u00c7\\u00dcM\\u00dc\",\"previousItem\":{\"@type\":\"ListItem\",\"@id\":\"https:\\\/\\\/pintest.com.tr#listItem\",\"name\":\"Ana sayfa\"}}]},{\"@type\":\"Organization\",\"@id\":\"https:\\\/\\\/pintest.com.tr\\\/#organization\",\"name\":\"Pintest M\\u00fchendislik P\\u0130NTEST M\\u00dcHEND\\u0130SL\\u0130K\",\"description\":\"Uygunluk De\\u011ferlendirme Kurulu\\u015fu Firmam\\u0131z, i\\u015f d\\u00fcnyas\\u0131na att\\u0131\\u011f\\u0131 ilk ad\\u0131mlarla i\\u015f sa\\u011fl\\u0131\\u011f\\u0131 ve g\\u00fcvenli\\u011fi alan\\u0131nda uzman kadrosuyla \\u00f6nemli bir yer edinmi\\u015ftir. \\u015eirketimiz faaliyette bulundu\\u011fu periyodik kontrol\\\/muayene, Akustik rapor, i\\u015f hijyeni ve \\u00e7evresel g\\u00fcr\\u00fclt\\u00fc \\u00f6l\\u00e7\\u00fcmleri sekt\\u00f6rde rol \\u00fcstlenmektedir. Pintest M\\u00fchendislik olarak, faaliyet g\\u00f6sterdi\\u011fimiz alanda deneyimli kadrolar\\u0131m\\u0131zla beraber kurdu\\u011fumuz g\\u00fcvenilir ili\\u015fkilerimiz \\u00e7er\\u00e7evesinde faaliyetlerimizi verimli bir \\u015fekilde y\\u00fcr\\u00fct\\u00fcyoruz. Tercih edilir olmam\\u0131zdaki en \\u00f6nemli etken donan\\u0131ml\\u0131 ve yetkin insan kayna\\u011f\\u0131m\\u0131zd\\u0131r. \\u0130nsan ya\\u015fam\\u0131n\\u0131n de\\u011ferini benimseyen ve bu do\\u011frultuda sekt\\u00f6rlerde gerekli kontrol ve analizleri ger\\u00e7ekle\\u015ftirerek sa\\u011fl\\u0131kl\\u0131 ve g\\u00fcvenilir \\u00e7al\\u0131\\u015fma ortam\\u0131 olu\\u015fturmay\\u0131 ama\\u00e7l\\u0131yoruz.\",\"url\":\"https:\\\/\\\/pintest.com.tr\\\/\",\"telephone\":\"+905057458845\",\"logo\":{\"@type\":\"ImageObject\",\"url\":\"https:\\\/\\\/pintest.com.tr\\\/wp-content\\\/uploads\\\/2023\\\/12\\\/Pintest-Logo-Ana.png\",\"@id\":\"https:\\\/\\\/pintest.com.tr\\\/index.php\\\/ucucu-organik-bilesik-voc-olcumu\\\/#organizationLogo\",\"width\":150,\"height\":113},\"image\":{\"@id\":\"https:\\\/\\\/pintest.com.tr\\\/index.php\\\/ucucu-organik-bilesik-voc-olcumu\\\/#organizationLogo\"},\"sameAs\":[\"https:\\\/\\\/www.facebook.com\\\/profile.php?id=61572533822690\",\"https:\\\/\\\/www.instagram.com\\\/pintest.uygunluk.degerlendirme\\\/\",\"https:\\\/\\\/www.linkedin.com\\\/company\\\/101180367\\\/admin\\\/dashboard\\\/\"]},{\"@type\":\"WebPage\",\"@id\":\"https:\\\/\\\/pintest.com.tr\\\/index.php\\\/ucucu-organik-bilesik-voc-olcumu\\\/#webpage\",\"url\":\"https:\\\/\\\/pintest.com.tr\\\/index.php\\\/ucucu-organik-bilesik-voc-olcumu\\\/\",\"name\":\"U\\u00c7UCU ORGAN\\u0130K B\\u0130LE\\u015e\\u0130K (VOC) \\u00d6L\\u00c7\\u00dcM\\u00dc - Pintest M\\u00fchendislik\",\"description\":\"U\\u00e7ucu organik bile\\u015fikler, oda s\\u0131cakl\\u0131\\u011f\\u0131nda y\\u00fcksek buhar bas\\u0131nc\\u0131na sahip olan ve i\\u015fyerlerinde yayg\\u0131n olarak kullan\\u0131lan organik bile\\u015fiklerdir. Nefes ald\\u0131\\u011f\\u0131m\\u0131z havada en \\u00e7ok u\\u00e7ucu organik bile\\u015fiklere rastlan\\u0131lmaktad\\u0131r. \\u0130nsanlar\\u0131n zaman\\u0131n\\u0131n b\\u00fcy\\u00fck \\u00e7o\\u011funlu\\u011funu i\\u015fyerlerinde ge\\u00e7irdi\\u011fi g\\u00f6z \\u00f6n\\u00fcne al\\u0131nd\\u0131\\u011f\\u0131nda \\u00e7al\\u0131\\u015fma alanlar\\u0131nda sa\\u011fl\\u0131kl\\u0131 bir hava kalitesinin olu\\u015fturulmas\\u0131 olduk\\u00e7a \\u00f6nemlidir. U\\u00e7ucu organik bile\\u015fikler insan sa\\u011fl\\u0131\\u011f\\u0131na ve \\u00e7evreye zarar verebilme potansiyeline sahip\",\"inLanguage\":\"tr-TR\",\"isPartOf\":{\"@id\":\"https:\\\/\\\/pintest.com.tr\\\/#website\"},\"breadcrumb\":{\"@id\":\"https:\\\/\\\/pintest.com.tr\\\/index.php\\\/ucucu-organik-bilesik-voc-olcumu\\\/#breadcrumblist\"},\"datePublished\":\"2023-12-29T18:07:57+03:00\",\"dateModified\":\"2023-12-29T18:07:57+03:00\"},{\"@type\":\"WebSite\",\"@id\":\"https:\\\/\\\/pintest.com.tr\\\/#website\",\"url\":\"https:\\\/\\\/pintest.com.tr\\\/\",\"name\":\"Pintest M\\u00fchendislik\",\"description\":\"Uygunluk De\\u011ferlendirme Kurulu\\u015fu\",\"inLanguage\":\"tr-TR\",\"publisher\":{\"@id\":\"https:\\\/\\\/pintest.com.tr\\\/#organization\"}}]}\n\t\t<\/script>\n\t\t<!-- All in One SEO Pro -->\r\n\t\t<title>U\u00c7UCU ORGAN\u0130K B\u0130LE\u015e\u0130K (VOC) \u00d6L\u00c7\u00dcM\u00dc - Pintest M\u00fchendislik<\/title>\n\n","aioseo_head_json":{"title":"U\u00c7UCU ORGAN\u0130K B\u0130LE\u015e\u0130K (VOC) \u00d6L\u00c7\u00dcM\u00dc - Pintest M\u00fchendislik","description":"U\u00e7ucu organik bile\u015fikler, oda s\u0131cakl\u0131\u011f\u0131nda y\u00fcksek buhar bas\u0131nc\u0131na sahip olan ve i\u015fyerlerinde yayg\u0131n olarak kullan\u0131lan organik bile\u015fiklerdir. Nefes ald\u0131\u011f\u0131m\u0131z havada en \u00e7ok u\u00e7ucu organik bile\u015fiklere rastlan\u0131lmaktad\u0131r. \u0130nsanlar\u0131n zaman\u0131n\u0131n b\u00fcy\u00fck \u00e7o\u011funlu\u011funu i\u015fyerlerinde ge\u00e7irdi\u011fi g\u00f6z \u00f6n\u00fcne al\u0131nd\u0131\u011f\u0131nda \u00e7al\u0131\u015fma alanlar\u0131nda sa\u011fl\u0131kl\u0131 bir hava kalitesinin olu\u015fturulmas\u0131 olduk\u00e7a \u00f6nemlidir. U\u00e7ucu organik bile\u015fikler insan sa\u011fl\u0131\u011f\u0131na ve \u00e7evreye zarar verebilme potansiyeline sahip","canonical_url":"https:\/\/pintest.com.tr\/index.php\/ucucu-organik-bilesik-voc-olcumu\/","robots":"max-image-preview:large","keywords":"","webmasterTools":{"google-site-verification":"Q4QTclIfGhhdyEzlAb1wftEv3qRfz1KW5mq8eV4NCpQ","miscellaneous":""},"schema":{"@context":"https:\/\/schema.org","@graph":[{"@type":"BreadcrumbList","@id":"https:\/\/pintest.com.tr\/index.php\/ucucu-organik-bilesik-voc-olcumu\/#breadcrumblist","itemListElement":[{"@type":"ListItem","@id":"https:\/\/pintest.com.tr#listItem","position":2,"name":"Ana sayfa","item":"https:\/\/pintest.com.tr","nextItem":{"@type":"ListItem","@id":"https:\/\/pintest.com.tr\/index.php\/ucucu-organik-bilesik-voc-olcumu\/#listItem","name":"U\u00c7UCU ORGAN\u0130K B\u0130LE\u015e\u0130K (VOC) \u00d6L\u00c7\u00dcM\u00dc"},"previousItem":{"@type":"ListItem","@id":"#listItem","name":"Pintest"}},{"@type":"ListItem","@id":"https:\/\/pintest.com.tr\/index.php\/ucucu-organik-bilesik-voc-olcumu\/#listItem","position":3,"name":"U\u00c7UCU ORGAN\u0130K B\u0130LE\u015e\u0130K (VOC) \u00d6L\u00c7\u00dcM\u00dc","previousItem":{"@type":"ListItem","@id":"https:\/\/pintest.com.tr#listItem","name":"Ana sayfa"}}]},{"@type":"Organization","@id":"https:\/\/pintest.com.tr\/#organization","name":"Pintest M\u00fchendislik P\u0130NTEST M\u00dcHEND\u0130SL\u0130K","description":"Uygunluk De\u011ferlendirme Kurulu\u015fu Firmam\u0131z, i\u015f d\u00fcnyas\u0131na att\u0131\u011f\u0131 ilk ad\u0131mlarla i\u015f sa\u011fl\u0131\u011f\u0131 ve g\u00fcvenli\u011fi alan\u0131nda uzman kadrosuyla \u00f6nemli bir yer edinmi\u015ftir. \u015eirketimiz faaliyette bulundu\u011fu periyodik kontrol\/muayene, Akustik rapor, i\u015f hijyeni ve \u00e7evresel g\u00fcr\u00fclt\u00fc \u00f6l\u00e7\u00fcmleri sekt\u00f6rde rol \u00fcstlenmektedir. Pintest M\u00fchendislik olarak, faaliyet g\u00f6sterdi\u011fimiz alanda deneyimli kadrolar\u0131m\u0131zla beraber kurdu\u011fumuz g\u00fcvenilir ili\u015fkilerimiz \u00e7er\u00e7evesinde faaliyetlerimizi verimli bir \u015fekilde y\u00fcr\u00fct\u00fcyoruz. Tercih edilir olmam\u0131zdaki en \u00f6nemli etken donan\u0131ml\u0131 ve yetkin insan kayna\u011f\u0131m\u0131zd\u0131r. \u0130nsan ya\u015fam\u0131n\u0131n de\u011ferini benimseyen ve bu do\u011frultuda sekt\u00f6rlerde gerekli kontrol ve analizleri ger\u00e7ekle\u015ftirerek sa\u011fl\u0131kl\u0131 ve g\u00fcvenilir \u00e7al\u0131\u015fma ortam\u0131 olu\u015fturmay\u0131 ama\u00e7l\u0131yoruz.","url":"https:\/\/pintest.com.tr\/","telephone":"+905057458845","logo":{"@type":"ImageObject","url":"https:\/\/pintest.com.tr\/wp-content\/uploads\/2023\/12\/Pintest-Logo-Ana.png","@id":"https:\/\/pintest.com.tr\/index.php\/ucucu-organik-bilesik-voc-olcumu\/#organizationLogo","width":150,"height":113},"image":{"@id":"https:\/\/pintest.com.tr\/index.php\/ucucu-organik-bilesik-voc-olcumu\/#organizationLogo"},"sameAs":["https:\/\/www.facebook.com\/profile.php?id=61572533822690","https:\/\/www.instagram.com\/pintest.uygunluk.degerlendirme\/","https:\/\/www.linkedin.com\/company\/101180367\/admin\/dashboard\/"]},{"@type":"WebPage","@id":"https:\/\/pintest.com.tr\/index.php\/ucucu-organik-bilesik-voc-olcumu\/#webpage","url":"https:\/\/pintest.com.tr\/index.php\/ucucu-organik-bilesik-voc-olcumu\/","name":"U\u00c7UCU ORGAN\u0130K B\u0130LE\u015e\u0130K (VOC) \u00d6L\u00c7\u00dcM\u00dc - Pintest M\u00fchendislik","description":"U\u00e7ucu organik bile\u015fikler, oda s\u0131cakl\u0131\u011f\u0131nda y\u00fcksek buhar bas\u0131nc\u0131na sahip olan ve i\u015fyerlerinde yayg\u0131n olarak kullan\u0131lan organik bile\u015fiklerdir. Nefes ald\u0131\u011f\u0131m\u0131z havada en \u00e7ok u\u00e7ucu organik bile\u015fiklere rastlan\u0131lmaktad\u0131r. \u0130nsanlar\u0131n zaman\u0131n\u0131n b\u00fcy\u00fck \u00e7o\u011funlu\u011funu i\u015fyerlerinde ge\u00e7irdi\u011fi g\u00f6z \u00f6n\u00fcne al\u0131nd\u0131\u011f\u0131nda \u00e7al\u0131\u015fma alanlar\u0131nda sa\u011fl\u0131kl\u0131 bir hava kalitesinin olu\u015fturulmas\u0131 olduk\u00e7a \u00f6nemlidir. U\u00e7ucu organik bile\u015fikler insan sa\u011fl\u0131\u011f\u0131na ve \u00e7evreye zarar verebilme potansiyeline sahip","inLanguage":"tr-TR","isPartOf":{"@id":"https:\/\/pintest.com.tr\/#website"},"breadcrumb":{"@id":"https:\/\/pintest.com.tr\/index.php\/ucucu-organik-bilesik-voc-olcumu\/#breadcrumblist"},"datePublished":"2023-12-29T18:07:57+03:00","dateModified":"2023-12-29T18:07:57+03:00"},{"@type":"WebSite","@id":"https:\/\/pintest.com.tr\/#website","url":"https:\/\/pintest.com.tr\/","name":"Pintest M\u00fchendislik","description":"Uygunluk De\u011ferlendirme Kurulu\u015fu","inLanguage":"tr-TR","publisher":{"@id":"https:\/\/pintest.com.tr\/#organization"}}]},"og:locale":"tr_TR","og:site_name":"Pintest M\u00fchendislik - Uygunluk De\u011ferlendirme Kurulu\u015fu","og:type":"article","og:title":"U\u00c7UCU ORGAN\u0130K B\u0130LE\u015e\u0130K (VOC) \u00d6L\u00c7\u00dcM\u00dc - Pintest M\u00fchendislik","og:description":"U\u00e7ucu organik bile\u015fikler, oda s\u0131cakl\u0131\u011f\u0131nda y\u00fcksek buhar bas\u0131nc\u0131na sahip olan ve i\u015fyerlerinde yayg\u0131n olarak kullan\u0131lan organik bile\u015fiklerdir. Nefes ald\u0131\u011f\u0131m\u0131z havada en \u00e7ok u\u00e7ucu organik bile\u015fiklere rastlan\u0131lmaktad\u0131r. \u0130nsanlar\u0131n zaman\u0131n\u0131n b\u00fcy\u00fck \u00e7o\u011funlu\u011funu i\u015fyerlerinde ge\u00e7irdi\u011fi g\u00f6z \u00f6n\u00fcne al\u0131nd\u0131\u011f\u0131nda \u00e7al\u0131\u015fma alanlar\u0131nda sa\u011fl\u0131kl\u0131 bir hava kalitesinin olu\u015fturulmas\u0131 olduk\u00e7a \u00f6nemlidir. U\u00e7ucu organik bile\u015fikler insan sa\u011fl\u0131\u011f\u0131na ve \u00e7evreye zarar verebilme potansiyeline sahip","og:url":"https:\/\/pintest.com.tr\/index.php\/ucucu-organik-bilesik-voc-olcumu\/","og:image":"https:\/\/pintest.com.tr\/wp-content\/uploads\/2023\/12\/cropped-Pintest-Favicon.webp","og:image:secure_url":"https:\/\/pintest.com.tr\/wp-content\/uploads\/2023\/12\/cropped-Pintest-Favicon.webp","og:image:width":512,"og:image:height":512,"article:published_time":"2023-12-29T15:07:57+00:00","article:modified_time":"2023-12-29T15:07:57+00:00","article:publisher":"https:\/\/www.facebook.com\/profile.php?id=61572533822690","twitter:card":"summary_large_image","twitter:title":"U\u00c7UCU ORGAN\u0130K B\u0130LE\u015e\u0130K (VOC) \u00d6L\u00c7\u00dcM\u00dc - Pintest M\u00fchendislik","twitter:description":"U\u00e7ucu organik bile\u015fikler, oda s\u0131cakl\u0131\u011f\u0131nda y\u00fcksek buhar bas\u0131nc\u0131na sahip olan ve i\u015fyerlerinde yayg\u0131n olarak kullan\u0131lan organik bile\u015fiklerdir. Nefes ald\u0131\u011f\u0131m\u0131z havada en \u00e7ok u\u00e7ucu organik bile\u015fiklere rastlan\u0131lmaktad\u0131r. \u0130nsanlar\u0131n zaman\u0131n\u0131n b\u00fcy\u00fck \u00e7o\u011funlu\u011funu i\u015fyerlerinde ge\u00e7irdi\u011fi g\u00f6z \u00f6n\u00fcne al\u0131nd\u0131\u011f\u0131nda \u00e7al\u0131\u015fma alanlar\u0131nda sa\u011fl\u0131kl\u0131 bir hava kalitesinin olu\u015fturulmas\u0131 olduk\u00e7a \u00f6nemlidir. U\u00e7ucu organik bile\u015fikler insan sa\u011fl\u0131\u011f\u0131na ve \u00e7evreye zarar verebilme potansiyeline sahip","twitter:image":"https:\/\/pintest.com.tr\/wp-content\/uploads\/2023\/12\/cropped-Pintest-Favicon.webp"},"aioseo_meta_data":{"post_id":"1438","title":null,"description":null,"keywords":null,"keyphrases":null,"primary_term":null,"canonical_url":null,"og_title":null,"og_description":null,"og_object_type":"default","og_image_type":"default","og_image_url":null,"og_image_width":null,"og_image_height":null,"og_image_custom_url":null,"og_image_custom_fields":null,"og_video":null,"og_custom_url":null,"og_article_section":null,"og_article_tags":null,"twitter_use_og":false,"twitter_card":"default","twitter_image_type":"default","twitter_image_url":null,"twitter_image_custom_url":null,"twitter_image_custom_fields":null,"twitter_title":null,"twitter_description":null,"schema":{"blockGraphs":[],"customGraphs":[],"default":{"data":{"Article":[],"Course":[],"Dataset":[],"FAQPage":[],"Movie":[],"Person":[],"Product":[],"ProductReview":[],"Car":[],"Recipe":[],"Service":[],"SoftwareApplication":[],"WebPage":[]},"graphName":"","isEnabled":true},"graphs":[]},"schema_type":"default","schema_type_options":null,"pillar_content":false,"robots_default":true,"robots_noindex":false,"robots_noarchive":false,"robots_nosnippet":false,"robots_nofollow":false,"robots_noimageindex":false,"robots_noodp":false,"robots_notranslate":false,"robots_max_snippet":null,"robots_max_videopreview":null,"robots_max_imagepreview":"large","priority":null,"frequency":null,"local_seo":null,"seo_analyzer_scan_date":"2026-02-27 07:47:50","breadcrumb_settings":null,"limit_modified_date":false,"reviewed_by":null,"open_ai":null,"ai":null,"created":"2025-04-15 07:18:32","updated":"2026-02-27 09:20:37"},"aioseo_breadcrumb":"<div class=\"aioseo-breadcrumbs\"><span class=\"aioseo-breadcrumb\">\n\tPintest\n<\/span><span class=\"aioseo-breadcrumb-separator\">\u2192<\/span><span class=\"aioseo-breadcrumb\">\n\t<a href=\"https:\/\/pintest.com.tr\" title=\"Ana sayfa\">Ana sayfa<\/a>\n<\/span><span class=\"aioseo-breadcrumb-separator\">\u2192<\/span><span class=\"aioseo-breadcrumb\">\n\tU\u00c7UCU ORGAN\u0130K B\u0130LE\u015e\u0130K (VOC) \u00d6L\u00c7\u00dcM\u00dc\n<\/span><\/div>","aioseo_breadcrumb_json":[{"label":"Pintest","link":""},{"label":"Ana sayfa","link":"https:\/\/pintest.com.tr"},{"label":"U\u00c7UCU ORGAN\u0130K B\u0130LE\u015e\u0130K (VOC) \u00d6L\u00c7\u00dcM\u00dc","link":"https:\/\/pintest.com.tr\/index.php\/ucucu-organik-bilesik-voc-olcumu\/"}],"_links":{"self":[{"href":"https:\/\/pintest.com.tr\/index.php\/wp-json\/wp\/v2\/pages\/1438","targetHints":{"allow":["GET"]}}],"collection":[{"href":"https:\/\/pintest.com.tr\/index.php\/wp-json\/wp\/v2\/pages"}],"about":[{"href":"https:\/\/pintest.com.tr\/index.php\/wp-json\/wp\/v2\/types\/page"}],"author":[{"embeddable":true,"href":"https:\/\/pintest.com.tr\/index.php\/wp-json\/wp\/v2\/users\/1"}],"replies":[{"embeddable":true,"href":"https:\/\/pintest.com.tr\/index.php\/wp-json\/wp\/v2\/comments?post=1438"}],"version-history":[{"count":1,"href":"https:\/\/pintest.com.tr\/index.php\/wp-json\/wp\/v2\/pages\/1438\/revisions"}],"predecessor-version":[{"id":1439,"href":"https:\/\/pintest.com.tr\/index.php\/wp-json\/wp\/v2\/pages\/1438\/revisions\/1439"}],"wp:attachment":[{"href":"https:\/\/pintest.com.tr\/index.php\/wp-json\/wp\/v2\/media?parent=1438"}],"curies":[{"name":"wp","href":"https:\/\/api.w.org\/{rel}","templated":true}]}}