{"id":1456,"date":"2023-12-29T18:23:48","date_gmt":"2023-12-29T15:23:48","guid":{"rendered":"https:\/\/pintest.com.tr\/?page_id=1456"},"modified":"2023-12-29T18:23:48","modified_gmt":"2023-12-29T15:23:48","slug":"ulasim-kaynaklari-icin-cevresel-gurultu-olcumu","status":"publish","type":"page","link":"https:\/\/pintest.com.tr\/index.php\/ulasim-kaynaklari-icin-cevresel-gurultu-olcumu\/","title":{"rendered":"ULA\u015eIM KAYNAKLARI \u0130\u00c7\u0130N \u00c7EVRESEL G\u00dcR\u00dcLT\u00dc \u00d6L\u00c7\u00dcM\u00dc"},"content":{"rendered":"<div class=\"wpb-content-wrapper\"><p>[vc_row][vc_column][vc_column_text]G\u00fcn\u00fcm\u00fczde kentlerde g\u00fcr\u00fclt\u00fcn\u00fcn olu\u015fmas\u0131n\u0131n ana kayna\u011f\u0131n\u0131 ula\u015f\u0131m olu\u015fturmaktad\u0131r. Ula\u015f\u0131mdan kaynakl\u0131 g\u00fcr\u00fclt\u00fcn\u00fcn sebepleri \u00e7o\u011funlukla karayolu, demiryolu, havayolu ve deniz ara\u00e7 trafi\u011fidir. \u00d6zellikle de trafik probleminin kentlerde yo\u011fun olmas\u0131nda kaynakl\u0131 olarak karayolu g\u00fcr\u00fclt\u00fcs\u00fc g\u00fcr\u00fclt\u00fcden etkilenme bak\u0131m\u0131ndan b\u00fcy\u00fck sorun te\u015fkil etmektedir. Rayl\u0131 sistemlerde ara\u00e7lar\u0131n ve yard\u0131mc\u0131 ekipmanlar\u0131n \u00e7al\u0131\u015fmas\u0131ndan dolay\u0131 ya da ara\u00e7 tekerlerinin ray ile temas\u0131ndan kaynakl\u0131 g\u00fcr\u00fclt\u00fc olu\u015fmaktad\u0131r.<\/p>\n<p>Bu do\u011frultuda ula\u015f\u0131m kaynaklar\u0131 \u00c7EVRESEL G\u00dcR\u00dcLT\u00dc KONTROL Y\u00d6NETMEL\u0130\u011e\u0130 kapsam\u0131nda;<\/p>\n<ul>\n<li>Ula\u015f\u0131m kaynaklar\u0131ndan yay\u0131lan g\u00fcr\u00fclt\u00fc d\u00fczeyinin EK-2\u2019 de bulunan kriterleri sa\u011flamas\u0131 gerekmektedir.<\/li>\n<li>Motorlu ta\u015f\u0131tlar\u0131n korna ve egzozlar\u0131nda yer alan g\u00fcr\u00fclt\u00fc azalt\u0131m ekipman\u0131 \u00fczerinde de\u011fi\u015fiklik yap\u0131lamamakta ve \u00e7al\u0131\u015fmaz hale getirilememektedir.<\/li>\n<li>Motorlu ta\u015f\u0131tlar\u0131n \u00fczerinde veya i\u00e7inde; korna veya ses \u00e7\u0131karan cihazlar zorunlu haller d\u0131\u015f\u0131nda g\u00fcr\u00fclt\u00fc rahats\u0131zl\u0131\u011f\u0131na neden olacak \u015fekilde \u00e7al\u0131namaz.<\/li>\n<\/ul>\n<p>[\/vc_column_text][\/vc_column][\/vc_row]<\/p>\n<\/div>","protected":false},"excerpt":{"rendered":"<p>[vc_row][vc_column][vc_column_text]G\u00fcn\u00fcm\u00fczde kentlerde g\u00fcr\u00fclt\u00fcn\u00fcn olu\u015fmas\u0131n\u0131n ana kayna\u011f\u0131n\u0131 ula\u015f\u0131m olu\u015fturmaktad\u0131r. Ula\u015f\u0131mdan kaynakl\u0131 g\u00fcr\u00fclt\u00fcn\u00fcn sebepleri \u00e7o\u011funlukla karayolu, demiryolu, havayolu ve deniz ara\u00e7 trafi\u011fidir. \u00d6zellikle de trafik probleminin kentlerde yo\u011fun olmas\u0131nda kaynakl\u0131 olarak karayolu g\u00fcr\u00fclt\u00fcs\u00fc g\u00fcr\u00fclt\u00fcden etkilenme bak\u0131m\u0131ndan b\u00fcy\u00fck sorun te\u015fkil etmektedir. Rayl\u0131 sistemlerde ara\u00e7lar\u0131n ve yard\u0131mc\u0131 ekipmanlar\u0131n \u00e7al\u0131\u015fmas\u0131ndan dolay\u0131 ya da ara\u00e7 tekerlerinin ray ile temas\u0131ndan kaynakl\u0131 g\u00fcr\u00fclt\u00fc [&hellip;]<\/p>\n","protected":false},"author":1,"featured_media":0,"parent":0,"menu_order":0,"comment_status":"closed","ping_status":"closed","template":"","meta":{"om_disable_all_campaigns":false,"_monsterinsights_skip_tracking":false,"_monsterinsights_sitenote_active":false,"_monsterinsights_sitenote_note":"","_monsterinsights_sitenote_category":0,"footnotes":""},"class_list":["post-1456","page","type-page","status-publish","hentry"],"aioseo_notices":[],"aioseo_head":"\n\t\t<!-- All in One SEO Pro 4.9.6.2 - aioseo.com -->\n\t<meta name=\"description\" content=\"G\u00fcn\u00fcm\u00fczde kentlerde g\u00fcr\u00fclt\u00fcn\u00fcn olu\u015fmas\u0131n\u0131n ana kayna\u011f\u0131n\u0131 ula\u015f\u0131m olu\u015fturmaktad\u0131r. Ula\u015f\u0131mdan kaynakl\u0131 g\u00fcr\u00fclt\u00fcn\u00fcn sebepleri \u00e7o\u011funlukla karayolu, demiryolu, havayolu ve deniz ara\u00e7 trafi\u011fidir. \u00d6zellikle de trafik probleminin kentlerde yo\u011fun olmas\u0131nda kaynakl\u0131 olarak karayolu g\u00fcr\u00fclt\u00fcs\u00fc g\u00fcr\u00fclt\u00fcden etkilenme bak\u0131m\u0131ndan b\u00fcy\u00fck sorun te\u015fkil etmektedir. Rayl\u0131 sistemlerde ara\u00e7lar\u0131n ve yard\u0131mc\u0131 ekipmanlar\u0131n \u00e7al\u0131\u015fmas\u0131ndan dolay\u0131 ya da ara\u00e7 tekerlerinin ray ile temas\u0131ndan kaynakl\u0131 g\u00fcr\u00fclt\u00fc\" \/>\n\t<meta name=\"robots\" content=\"max-image-preview:large\" \/>\n\t<meta name=\"google-site-verification\" content=\"Q4QTclIfGhhdyEzlAb1wftEv3qRfz1KW5mq8eV4NCpQ\" \/>\n\t<link rel=\"canonical\" href=\"https:\/\/pintest.com.tr\/index.php\/ulasim-kaynaklari-icin-cevresel-gurultu-olcumu\/\" \/>\n\t<meta name=\"generator\" content=\"All in One SEO Pro (AIOSEO) 4.9.6.2\" \/>\n\t\t<meta property=\"og:locale\" content=\"tr_TR\" \/>\n\t\t<meta property=\"og:site_name\" content=\"Pintest M\u00fchendislik - Uygunluk De\u011ferlendirme Kurulu\u015fu\" \/>\n\t\t<meta property=\"og:type\" content=\"article\" \/>\n\t\t<meta property=\"og:title\" content=\"ULA\u015eIM KAYNAKLARI \u0130\u00c7\u0130N \u00c7EVRESEL G\u00dcR\u00dcLT\u00dc \u00d6L\u00c7\u00dcM\u00dc - Pintest M\u00fchendislik\" \/>\n\t\t<meta property=\"og:description\" content=\"G\u00fcn\u00fcm\u00fczde kentlerde g\u00fcr\u00fclt\u00fcn\u00fcn olu\u015fmas\u0131n\u0131n ana kayna\u011f\u0131n\u0131 ula\u015f\u0131m olu\u015fturmaktad\u0131r. Ula\u015f\u0131mdan kaynakl\u0131 g\u00fcr\u00fclt\u00fcn\u00fcn sebepleri \u00e7o\u011funlukla karayolu, demiryolu, havayolu ve deniz ara\u00e7 trafi\u011fidir. \u00d6zellikle de trafik probleminin kentlerde yo\u011fun olmas\u0131nda kaynakl\u0131 olarak karayolu g\u00fcr\u00fclt\u00fcs\u00fc g\u00fcr\u00fclt\u00fcden etkilenme bak\u0131m\u0131ndan b\u00fcy\u00fck sorun te\u015fkil etmektedir. Rayl\u0131 sistemlerde ara\u00e7lar\u0131n ve yard\u0131mc\u0131 ekipmanlar\u0131n \u00e7al\u0131\u015fmas\u0131ndan dolay\u0131 ya da ara\u00e7 tekerlerinin ray ile temas\u0131ndan kaynakl\u0131 g\u00fcr\u00fclt\u00fc\" \/>\n\t\t<meta property=\"og:url\" content=\"https:\/\/pintest.com.tr\/index.php\/ulasim-kaynaklari-icin-cevresel-gurultu-olcumu\/\" \/>\n\t\t<meta property=\"og:image\" content=\"https:\/\/pintest.com.tr\/wp-content\/uploads\/2023\/12\/cropped-Pintest-Favicon.webp\" \/>\n\t\t<meta property=\"og:image:secure_url\" content=\"https:\/\/pintest.com.tr\/wp-content\/uploads\/2023\/12\/cropped-Pintest-Favicon.webp\" \/>\n\t\t<meta property=\"og:image:width\" content=\"512\" \/>\n\t\t<meta property=\"og:image:height\" content=\"512\" \/>\n\t\t<meta property=\"article:published_time\" content=\"2023-12-29T15:23:48+00:00\" \/>\n\t\t<meta property=\"article:modified_time\" content=\"2023-12-29T15:23:48+00:00\" \/>\n\t\t<meta property=\"article:publisher\" content=\"https:\/\/www.facebook.com\/profile.php?id=61572533822690\" \/>\n\t\t<meta name=\"twitter:card\" content=\"summary_large_image\" \/>\n\t\t<meta name=\"twitter:title\" content=\"ULA\u015eIM KAYNAKLARI \u0130\u00c7\u0130N \u00c7EVRESEL G\u00dcR\u00dcLT\u00dc \u00d6L\u00c7\u00dcM\u00dc - Pintest M\u00fchendislik\" \/>\n\t\t<meta name=\"twitter:description\" content=\"G\u00fcn\u00fcm\u00fczde kentlerde g\u00fcr\u00fclt\u00fcn\u00fcn olu\u015fmas\u0131n\u0131n ana kayna\u011f\u0131n\u0131 ula\u015f\u0131m olu\u015fturmaktad\u0131r. Ula\u015f\u0131mdan kaynakl\u0131 g\u00fcr\u00fclt\u00fcn\u00fcn sebepleri \u00e7o\u011funlukla karayolu, demiryolu, havayolu ve deniz ara\u00e7 trafi\u011fidir. \u00d6zellikle de trafik probleminin kentlerde yo\u011fun olmas\u0131nda kaynakl\u0131 olarak karayolu g\u00fcr\u00fclt\u00fcs\u00fc g\u00fcr\u00fclt\u00fcden etkilenme bak\u0131m\u0131ndan b\u00fcy\u00fck sorun te\u015fkil etmektedir. Rayl\u0131 sistemlerde ara\u00e7lar\u0131n ve yard\u0131mc\u0131 ekipmanlar\u0131n \u00e7al\u0131\u015fmas\u0131ndan dolay\u0131 ya da ara\u00e7 tekerlerinin ray ile temas\u0131ndan kaynakl\u0131 g\u00fcr\u00fclt\u00fc\" \/>\n\t\t<meta name=\"twitter:image\" content=\"https:\/\/pintest.com.tr\/wp-content\/uploads\/2023\/12\/cropped-Pintest-Favicon.webp\" \/>\n\t\t<script type=\"application\/ld+json\" class=\"aioseo-schema\">\n\t\t\t{\"@context\":\"https:\\\/\\\/schema.org\",\"@graph\":[{\"@type\":\"BreadcrumbList\",\"@id\":\"https:\\\/\\\/pintest.com.tr\\\/index.php\\\/ulasim-kaynaklari-icin-cevresel-gurultu-olcumu\\\/#breadcrumblist\",\"itemListElement\":[{\"@type\":\"ListItem\",\"@id\":\"https:\\\/\\\/pintest.com.tr#listItem\",\"position\":2,\"name\":\"Ana sayfa\",\"item\":\"https:\\\/\\\/pintest.com.tr\",\"nextItem\":{\"@type\":\"ListItem\",\"@id\":\"https:\\\/\\\/pintest.com.tr\\\/index.php\\\/ulasim-kaynaklari-icin-cevresel-gurultu-olcumu\\\/#listItem\",\"name\":\"ULA\\u015eIM KAYNAKLARI \\u0130\\u00c7\\u0130N \\u00c7EVRESEL G\\u00dcR\\u00dcLT\\u00dc \\u00d6L\\u00c7\\u00dcM\\u00dc\"},\"previousItem\":{\"@type\":\"ListItem\",\"@id\":\"#listItem\",\"name\":\"Pintest\"}},{\"@type\":\"ListItem\",\"@id\":\"https:\\\/\\\/pintest.com.tr\\\/index.php\\\/ulasim-kaynaklari-icin-cevresel-gurultu-olcumu\\\/#listItem\",\"position\":3,\"name\":\"ULA\\u015eIM KAYNAKLARI \\u0130\\u00c7\\u0130N \\u00c7EVRESEL G\\u00dcR\\u00dcLT\\u00dc \\u00d6L\\u00c7\\u00dcM\\u00dc\",\"previousItem\":{\"@type\":\"ListItem\",\"@id\":\"https:\\\/\\\/pintest.com.tr#listItem\",\"name\":\"Ana sayfa\"}}]},{\"@type\":\"Organization\",\"@id\":\"https:\\\/\\\/pintest.com.tr\\\/#organization\",\"name\":\"Pintest M\\u00fchendislik P\\u0130NTEST M\\u00dcHEND\\u0130SL\\u0130K\",\"description\":\"Uygunluk De\\u011ferlendirme Kurulu\\u015fu Firmam\\u0131z, i\\u015f d\\u00fcnyas\\u0131na att\\u0131\\u011f\\u0131 ilk ad\\u0131mlarla i\\u015f sa\\u011fl\\u0131\\u011f\\u0131 ve g\\u00fcvenli\\u011fi alan\\u0131nda uzman kadrosuyla \\u00f6nemli bir yer edinmi\\u015ftir. \\u015eirketimiz faaliyette bulundu\\u011fu periyodik kontrol\\\/muayene, Akustik rapor, i\\u015f hijyeni ve \\u00e7evresel g\\u00fcr\\u00fclt\\u00fc \\u00f6l\\u00e7\\u00fcmleri sekt\\u00f6rde rol \\u00fcstlenmektedir. Pintest M\\u00fchendislik olarak, faaliyet g\\u00f6sterdi\\u011fimiz alanda deneyimli kadrolar\\u0131m\\u0131zla beraber kurdu\\u011fumuz g\\u00fcvenilir ili\\u015fkilerimiz \\u00e7er\\u00e7evesinde faaliyetlerimizi verimli bir \\u015fekilde y\\u00fcr\\u00fct\\u00fcyoruz. Tercih edilir olmam\\u0131zdaki en \\u00f6nemli etken donan\\u0131ml\\u0131 ve yetkin insan kayna\\u011f\\u0131m\\u0131zd\\u0131r. \\u0130nsan ya\\u015fam\\u0131n\\u0131n de\\u011ferini benimseyen ve bu do\\u011frultuda sekt\\u00f6rlerde gerekli kontrol ve analizleri ger\\u00e7ekle\\u015ftirerek sa\\u011fl\\u0131kl\\u0131 ve g\\u00fcvenilir \\u00e7al\\u0131\\u015fma ortam\\u0131 olu\\u015fturmay\\u0131 ama\\u00e7l\\u0131yoruz.\",\"url\":\"https:\\\/\\\/pintest.com.tr\\\/\",\"telephone\":\"+905057458845\",\"logo\":{\"@type\":\"ImageObject\",\"url\":\"https:\\\/\\\/pintest.com.tr\\\/wp-content\\\/uploads\\\/2023\\\/12\\\/Pintest-Logo-Ana.png\",\"@id\":\"https:\\\/\\\/pintest.com.tr\\\/index.php\\\/ulasim-kaynaklari-icin-cevresel-gurultu-olcumu\\\/#organizationLogo\",\"width\":150,\"height\":113},\"image\":{\"@id\":\"https:\\\/\\\/pintest.com.tr\\\/index.php\\\/ulasim-kaynaklari-icin-cevresel-gurultu-olcumu\\\/#organizationLogo\"},\"sameAs\":[\"https:\\\/\\\/www.facebook.com\\\/profile.php?id=61572533822690\",\"https:\\\/\\\/www.instagram.com\\\/pintest.uygunluk.degerlendirme\\\/\",\"https:\\\/\\\/www.linkedin.com\\\/company\\\/101180367\\\/admin\\\/dashboard\\\/\"]},{\"@type\":\"WebPage\",\"@id\":\"https:\\\/\\\/pintest.com.tr\\\/index.php\\\/ulasim-kaynaklari-icin-cevresel-gurultu-olcumu\\\/#webpage\",\"url\":\"https:\\\/\\\/pintest.com.tr\\\/index.php\\\/ulasim-kaynaklari-icin-cevresel-gurultu-olcumu\\\/\",\"name\":\"ULA\\u015eIM KAYNAKLARI \\u0130\\u00c7\\u0130N \\u00c7EVRESEL G\\u00dcR\\u00dcLT\\u00dc \\u00d6L\\u00c7\\u00dcM\\u00dc - Pintest M\\u00fchendislik\",\"description\":\"G\\u00fcn\\u00fcm\\u00fczde kentlerde g\\u00fcr\\u00fclt\\u00fcn\\u00fcn olu\\u015fmas\\u0131n\\u0131n ana kayna\\u011f\\u0131n\\u0131 ula\\u015f\\u0131m olu\\u015fturmaktad\\u0131r. Ula\\u015f\\u0131mdan kaynakl\\u0131 g\\u00fcr\\u00fclt\\u00fcn\\u00fcn sebepleri \\u00e7o\\u011funlukla karayolu, demiryolu, havayolu ve deniz ara\\u00e7 trafi\\u011fidir. \\u00d6zellikle de trafik probleminin kentlerde yo\\u011fun olmas\\u0131nda kaynakl\\u0131 olarak karayolu g\\u00fcr\\u00fclt\\u00fcs\\u00fc g\\u00fcr\\u00fclt\\u00fcden etkilenme bak\\u0131m\\u0131ndan b\\u00fcy\\u00fck sorun te\\u015fkil etmektedir. Rayl\\u0131 sistemlerde ara\\u00e7lar\\u0131n ve yard\\u0131mc\\u0131 ekipmanlar\\u0131n \\u00e7al\\u0131\\u015fmas\\u0131ndan dolay\\u0131 ya da ara\\u00e7 tekerlerinin ray ile temas\\u0131ndan kaynakl\\u0131 g\\u00fcr\\u00fclt\\u00fc\",\"inLanguage\":\"tr-TR\",\"isPartOf\":{\"@id\":\"https:\\\/\\\/pintest.com.tr\\\/#website\"},\"breadcrumb\":{\"@id\":\"https:\\\/\\\/pintest.com.tr\\\/index.php\\\/ulasim-kaynaklari-icin-cevresel-gurultu-olcumu\\\/#breadcrumblist\"},\"datePublished\":\"2023-12-29T18:23:48+03:00\",\"dateModified\":\"2023-12-29T18:23:48+03:00\"},{\"@type\":\"WebSite\",\"@id\":\"https:\\\/\\\/pintest.com.tr\\\/#website\",\"url\":\"https:\\\/\\\/pintest.com.tr\\\/\",\"name\":\"Pintest M\\u00fchendislik\",\"description\":\"Uygunluk De\\u011ferlendirme Kurulu\\u015fu\",\"inLanguage\":\"tr-TR\",\"publisher\":{\"@id\":\"https:\\\/\\\/pintest.com.tr\\\/#organization\"}}]}\n\t\t<\/script>\n\t\t<!-- All in One SEO Pro -->\r\n\t\t<title>ULA\u015eIM KAYNAKLARI \u0130\u00c7\u0130N \u00c7EVRESEL G\u00dcR\u00dcLT\u00dc \u00d6L\u00c7\u00dcM\u00dc - Pintest M\u00fchendislik<\/title>\n\n","aioseo_head_json":{"title":"ULA\u015eIM KAYNAKLARI \u0130\u00c7\u0130N \u00c7EVRESEL G\u00dcR\u00dcLT\u00dc \u00d6L\u00c7\u00dcM\u00dc - Pintest M\u00fchendislik","description":"G\u00fcn\u00fcm\u00fczde kentlerde g\u00fcr\u00fclt\u00fcn\u00fcn olu\u015fmas\u0131n\u0131n ana kayna\u011f\u0131n\u0131 ula\u015f\u0131m olu\u015fturmaktad\u0131r. Ula\u015f\u0131mdan kaynakl\u0131 g\u00fcr\u00fclt\u00fcn\u00fcn sebepleri \u00e7o\u011funlukla karayolu, demiryolu, havayolu ve deniz ara\u00e7 trafi\u011fidir. \u00d6zellikle de trafik probleminin kentlerde yo\u011fun olmas\u0131nda kaynakl\u0131 olarak karayolu g\u00fcr\u00fclt\u00fcs\u00fc g\u00fcr\u00fclt\u00fcden etkilenme bak\u0131m\u0131ndan b\u00fcy\u00fck sorun te\u015fkil etmektedir. Rayl\u0131 sistemlerde ara\u00e7lar\u0131n ve yard\u0131mc\u0131 ekipmanlar\u0131n \u00e7al\u0131\u015fmas\u0131ndan dolay\u0131 ya da ara\u00e7 tekerlerinin ray ile temas\u0131ndan kaynakl\u0131 g\u00fcr\u00fclt\u00fc","canonical_url":"https:\/\/pintest.com.tr\/index.php\/ulasim-kaynaklari-icin-cevresel-gurultu-olcumu\/","robots":"max-image-preview:large","keywords":"","webmasterTools":{"google-site-verification":"Q4QTclIfGhhdyEzlAb1wftEv3qRfz1KW5mq8eV4NCpQ","miscellaneous":""},"schema":{"@context":"https:\/\/schema.org","@graph":[{"@type":"BreadcrumbList","@id":"https:\/\/pintest.com.tr\/index.php\/ulasim-kaynaklari-icin-cevresel-gurultu-olcumu\/#breadcrumblist","itemListElement":[{"@type":"ListItem","@id":"https:\/\/pintest.com.tr#listItem","position":2,"name":"Ana sayfa","item":"https:\/\/pintest.com.tr","nextItem":{"@type":"ListItem","@id":"https:\/\/pintest.com.tr\/index.php\/ulasim-kaynaklari-icin-cevresel-gurultu-olcumu\/#listItem","name":"ULA\u015eIM KAYNAKLARI \u0130\u00c7\u0130N \u00c7EVRESEL G\u00dcR\u00dcLT\u00dc \u00d6L\u00c7\u00dcM\u00dc"},"previousItem":{"@type":"ListItem","@id":"#listItem","name":"Pintest"}},{"@type":"ListItem","@id":"https:\/\/pintest.com.tr\/index.php\/ulasim-kaynaklari-icin-cevresel-gurultu-olcumu\/#listItem","position":3,"name":"ULA\u015eIM KAYNAKLARI \u0130\u00c7\u0130N \u00c7EVRESEL G\u00dcR\u00dcLT\u00dc \u00d6L\u00c7\u00dcM\u00dc","previousItem":{"@type":"ListItem","@id":"https:\/\/pintest.com.tr#listItem","name":"Ana sayfa"}}]},{"@type":"Organization","@id":"https:\/\/pintest.com.tr\/#organization","name":"Pintest M\u00fchendislik P\u0130NTEST M\u00dcHEND\u0130SL\u0130K","description":"Uygunluk De\u011ferlendirme Kurulu\u015fu Firmam\u0131z, i\u015f d\u00fcnyas\u0131na att\u0131\u011f\u0131 ilk ad\u0131mlarla i\u015f sa\u011fl\u0131\u011f\u0131 ve g\u00fcvenli\u011fi alan\u0131nda uzman kadrosuyla \u00f6nemli bir yer edinmi\u015ftir. \u015eirketimiz faaliyette bulundu\u011fu periyodik kontrol\/muayene, Akustik rapor, i\u015f hijyeni ve \u00e7evresel g\u00fcr\u00fclt\u00fc \u00f6l\u00e7\u00fcmleri sekt\u00f6rde rol \u00fcstlenmektedir. Pintest M\u00fchendislik olarak, faaliyet g\u00f6sterdi\u011fimiz alanda deneyimli kadrolar\u0131m\u0131zla beraber kurdu\u011fumuz g\u00fcvenilir ili\u015fkilerimiz \u00e7er\u00e7evesinde faaliyetlerimizi verimli bir \u015fekilde y\u00fcr\u00fct\u00fcyoruz. Tercih edilir olmam\u0131zdaki en \u00f6nemli etken donan\u0131ml\u0131 ve yetkin insan kayna\u011f\u0131m\u0131zd\u0131r. \u0130nsan ya\u015fam\u0131n\u0131n de\u011ferini benimseyen ve bu do\u011frultuda sekt\u00f6rlerde gerekli kontrol ve analizleri ger\u00e7ekle\u015ftirerek sa\u011fl\u0131kl\u0131 ve g\u00fcvenilir \u00e7al\u0131\u015fma ortam\u0131 olu\u015fturmay\u0131 ama\u00e7l\u0131yoruz.","url":"https:\/\/pintest.com.tr\/","telephone":"+905057458845","logo":{"@type":"ImageObject","url":"https:\/\/pintest.com.tr\/wp-content\/uploads\/2023\/12\/Pintest-Logo-Ana.png","@id":"https:\/\/pintest.com.tr\/index.php\/ulasim-kaynaklari-icin-cevresel-gurultu-olcumu\/#organizationLogo","width":150,"height":113},"image":{"@id":"https:\/\/pintest.com.tr\/index.php\/ulasim-kaynaklari-icin-cevresel-gurultu-olcumu\/#organizationLogo"},"sameAs":["https:\/\/www.facebook.com\/profile.php?id=61572533822690","https:\/\/www.instagram.com\/pintest.uygunluk.degerlendirme\/","https:\/\/www.linkedin.com\/company\/101180367\/admin\/dashboard\/"]},{"@type":"WebPage","@id":"https:\/\/pintest.com.tr\/index.php\/ulasim-kaynaklari-icin-cevresel-gurultu-olcumu\/#webpage","url":"https:\/\/pintest.com.tr\/index.php\/ulasim-kaynaklari-icin-cevresel-gurultu-olcumu\/","name":"ULA\u015eIM KAYNAKLARI \u0130\u00c7\u0130N \u00c7EVRESEL G\u00dcR\u00dcLT\u00dc \u00d6L\u00c7\u00dcM\u00dc - Pintest M\u00fchendislik","description":"G\u00fcn\u00fcm\u00fczde kentlerde g\u00fcr\u00fclt\u00fcn\u00fcn olu\u015fmas\u0131n\u0131n ana kayna\u011f\u0131n\u0131 ula\u015f\u0131m olu\u015fturmaktad\u0131r. Ula\u015f\u0131mdan kaynakl\u0131 g\u00fcr\u00fclt\u00fcn\u00fcn sebepleri \u00e7o\u011funlukla karayolu, demiryolu, havayolu ve deniz ara\u00e7 trafi\u011fidir. \u00d6zellikle de trafik probleminin kentlerde yo\u011fun olmas\u0131nda kaynakl\u0131 olarak karayolu g\u00fcr\u00fclt\u00fcs\u00fc g\u00fcr\u00fclt\u00fcden etkilenme bak\u0131m\u0131ndan b\u00fcy\u00fck sorun te\u015fkil etmektedir. Rayl\u0131 sistemlerde ara\u00e7lar\u0131n ve yard\u0131mc\u0131 ekipmanlar\u0131n \u00e7al\u0131\u015fmas\u0131ndan dolay\u0131 ya da ara\u00e7 tekerlerinin ray ile temas\u0131ndan kaynakl\u0131 g\u00fcr\u00fclt\u00fc","inLanguage":"tr-TR","isPartOf":{"@id":"https:\/\/pintest.com.tr\/#website"},"breadcrumb":{"@id":"https:\/\/pintest.com.tr\/index.php\/ulasim-kaynaklari-icin-cevresel-gurultu-olcumu\/#breadcrumblist"},"datePublished":"2023-12-29T18:23:48+03:00","dateModified":"2023-12-29T18:23:48+03:00"},{"@type":"WebSite","@id":"https:\/\/pintest.com.tr\/#website","url":"https:\/\/pintest.com.tr\/","name":"Pintest M\u00fchendislik","description":"Uygunluk De\u011ferlendirme Kurulu\u015fu","inLanguage":"tr-TR","publisher":{"@id":"https:\/\/pintest.com.tr\/#organization"}}]},"og:locale":"tr_TR","og:site_name":"Pintest M\u00fchendislik - Uygunluk De\u011ferlendirme Kurulu\u015fu","og:type":"article","og:title":"ULA\u015eIM KAYNAKLARI \u0130\u00c7\u0130N \u00c7EVRESEL G\u00dcR\u00dcLT\u00dc \u00d6L\u00c7\u00dcM\u00dc - Pintest M\u00fchendislik","og:description":"G\u00fcn\u00fcm\u00fczde kentlerde g\u00fcr\u00fclt\u00fcn\u00fcn olu\u015fmas\u0131n\u0131n ana kayna\u011f\u0131n\u0131 ula\u015f\u0131m olu\u015fturmaktad\u0131r. Ula\u015f\u0131mdan kaynakl\u0131 g\u00fcr\u00fclt\u00fcn\u00fcn sebepleri \u00e7o\u011funlukla karayolu, demiryolu, havayolu ve deniz ara\u00e7 trafi\u011fidir. \u00d6zellikle de trafik probleminin kentlerde yo\u011fun olmas\u0131nda kaynakl\u0131 olarak karayolu g\u00fcr\u00fclt\u00fcs\u00fc g\u00fcr\u00fclt\u00fcden etkilenme bak\u0131m\u0131ndan b\u00fcy\u00fck sorun te\u015fkil etmektedir. Rayl\u0131 sistemlerde ara\u00e7lar\u0131n ve yard\u0131mc\u0131 ekipmanlar\u0131n \u00e7al\u0131\u015fmas\u0131ndan dolay\u0131 ya da ara\u00e7 tekerlerinin ray ile temas\u0131ndan kaynakl\u0131 g\u00fcr\u00fclt\u00fc","og:url":"https:\/\/pintest.com.tr\/index.php\/ulasim-kaynaklari-icin-cevresel-gurultu-olcumu\/","og:image":"https:\/\/pintest.com.tr\/wp-content\/uploads\/2023\/12\/cropped-Pintest-Favicon.webp","og:image:secure_url":"https:\/\/pintest.com.tr\/wp-content\/uploads\/2023\/12\/cropped-Pintest-Favicon.webp","og:image:width":512,"og:image:height":512,"article:published_time":"2023-12-29T15:23:48+00:00","article:modified_time":"2023-12-29T15:23:48+00:00","article:publisher":"https:\/\/www.facebook.com\/profile.php?id=61572533822690","twitter:card":"summary_large_image","twitter:title":"ULA\u015eIM KAYNAKLARI \u0130\u00c7\u0130N \u00c7EVRESEL G\u00dcR\u00dcLT\u00dc \u00d6L\u00c7\u00dcM\u00dc - Pintest M\u00fchendislik","twitter:description":"G\u00fcn\u00fcm\u00fczde kentlerde g\u00fcr\u00fclt\u00fcn\u00fcn olu\u015fmas\u0131n\u0131n ana kayna\u011f\u0131n\u0131 ula\u015f\u0131m olu\u015fturmaktad\u0131r. Ula\u015f\u0131mdan kaynakl\u0131 g\u00fcr\u00fclt\u00fcn\u00fcn sebepleri \u00e7o\u011funlukla karayolu, demiryolu, havayolu ve deniz ara\u00e7 trafi\u011fidir. \u00d6zellikle de trafik probleminin kentlerde yo\u011fun olmas\u0131nda kaynakl\u0131 olarak karayolu g\u00fcr\u00fclt\u00fcs\u00fc g\u00fcr\u00fclt\u00fcden etkilenme bak\u0131m\u0131ndan b\u00fcy\u00fck sorun te\u015fkil etmektedir. Rayl\u0131 sistemlerde ara\u00e7lar\u0131n ve yard\u0131mc\u0131 ekipmanlar\u0131n \u00e7al\u0131\u015fmas\u0131ndan dolay\u0131 ya da ara\u00e7 tekerlerinin ray ile temas\u0131ndan kaynakl\u0131 g\u00fcr\u00fclt\u00fc","twitter:image":"https:\/\/pintest.com.tr\/wp-content\/uploads\/2023\/12\/cropped-Pintest-Favicon.webp"},"aioseo_meta_data":{"post_id":"1456","title":null,"description":null,"keywords":null,"keyphrases":null,"primary_term":null,"canonical_url":null,"og_title":null,"og_description":null,"og_object_type":"default","og_image_type":"default","og_image_url":null,"og_image_width":null,"og_image_height":null,"og_image_custom_url":null,"og_image_custom_fields":null,"og_video":null,"og_custom_url":null,"og_article_section":null,"og_article_tags":null,"twitter_use_og":false,"twitter_card":"default","twitter_image_type":"default","twitter_image_url":null,"twitter_image_custom_url":null,"twitter_image_custom_fields":null,"twitter_title":null,"twitter_description":null,"schema":{"blockGraphs":[],"customGraphs":[],"default":{"data":{"Article":[],"Course":[],"Dataset":[],"FAQPage":[],"Movie":[],"Person":[],"Product":[],"ProductReview":[],"Car":[],"Recipe":[],"Service":[],"SoftwareApplication":[],"WebPage":[]},"graphName":"","isEnabled":true},"graphs":[]},"schema_type":"default","schema_type_options":null,"pillar_content":false,"robots_default":true,"robots_noindex":false,"robots_noarchive":false,"robots_nosnippet":false,"robots_nofollow":false,"robots_noimageindex":false,"robots_noodp":false,"robots_notranslate":false,"robots_max_snippet":null,"robots_max_videopreview":null,"robots_max_imagepreview":"large","priority":null,"frequency":null,"local_seo":null,"seo_analyzer_scan_date":"2026-02-27 07:49:16","breadcrumb_settings":null,"limit_modified_date":false,"reviewed_by":null,"open_ai":null,"ai":null,"created":"2025-04-15 07:19:32","updated":"2026-02-27 09:20:37"},"aioseo_breadcrumb":"<div class=\"aioseo-breadcrumbs\"><span class=\"aioseo-breadcrumb\">\n\tPintest\n<\/span><span class=\"aioseo-breadcrumb-separator\">\u2192<\/span><span class=\"aioseo-breadcrumb\">\n\t<a href=\"https:\/\/pintest.com.tr\" title=\"Ana sayfa\">Ana sayfa<\/a>\n<\/span><span class=\"aioseo-breadcrumb-separator\">\u2192<\/span><span class=\"aioseo-breadcrumb\">\n\tULA\u015eIM KAYNAKLARI \u0130\u00c7\u0130N \u00c7EVRESEL G\u00dcR\u00dcLT\u00dc \u00d6L\u00c7\u00dcM\u00dc\n<\/span><\/div>","aioseo_breadcrumb_json":[{"label":"Pintest","link":""},{"label":"Ana sayfa","link":"https:\/\/pintest.com.tr"},{"label":"ULA\u015eIM KAYNAKLARI \u0130\u00c7\u0130N \u00c7EVRESEL G\u00dcR\u00dcLT\u00dc \u00d6L\u00c7\u00dcM\u00dc","link":"https:\/\/pintest.com.tr\/index.php\/ulasim-kaynaklari-icin-cevresel-gurultu-olcumu\/"}],"_links":{"self":[{"href":"https:\/\/pintest.com.tr\/index.php\/wp-json\/wp\/v2\/pages\/1456","targetHints":{"allow":["GET"]}}],"collection":[{"href":"https:\/\/pintest.com.tr\/index.php\/wp-json\/wp\/v2\/pages"}],"about":[{"href":"https:\/\/pintest.com.tr\/index.php\/wp-json\/wp\/v2\/types\/page"}],"author":[{"embeddable":true,"href":"https:\/\/pintest.com.tr\/index.php\/wp-json\/wp\/v2\/users\/1"}],"replies":[{"embeddable":true,"href":"https:\/\/pintest.com.tr\/index.php\/wp-json\/wp\/v2\/comments?post=1456"}],"version-history":[{"count":1,"href":"https:\/\/pintest.com.tr\/index.php\/wp-json\/wp\/v2\/pages\/1456\/revisions"}],"predecessor-version":[{"id":1457,"href":"https:\/\/pintest.com.tr\/index.php\/wp-json\/wp\/v2\/pages\/1456\/revisions\/1457"}],"wp:attachment":[{"href":"https:\/\/pintest.com.tr\/index.php\/wp-json\/wp\/v2\/media?parent=1456"}],"curies":[{"name":"wp","href":"https:\/\/api.w.org\/{rel}","templated":true}]}}