{"id":1458,"date":"2023-12-29T18:24:08","date_gmt":"2023-12-29T15:24:08","guid":{"rendered":"https:\/\/pintest.com.tr\/?page_id=1458"},"modified":"2023-12-29T18:24:08","modified_gmt":"2023-12-29T15:24:08","slug":"santiye-alanlari-icin-cevresel-gurultu-olcumu","status":"publish","type":"page","link":"https:\/\/pintest.com.tr\/index.php\/santiye-alanlari-icin-cevresel-gurultu-olcumu\/","title":{"rendered":"\u015eANT\u0130YE ALANLARI \u0130\u00c7\u0130N \u00c7EVRESEL G\u00dcR\u00dcLT\u00dc \u00d6L\u00c7\u00dcM\u00dc"},"content":{"rendered":"<div class=\"wpb-content-wrapper\"><p>[vc_row][vc_column][vc_column_text]N\u00fcfusun artmas\u0131, in\u015faat faaliyetlerinin h\u0131zlanmas\u0131n\u0131 da yan\u0131nda getirmi\u015ftir. Ancak in\u015faat sekt\u00f6r\u00fcn\u00fcn geli\u015fmesine ba\u011fl\u0131 olarak g\u00fcr\u00fclt\u00fc sorunu ortaya \u00e7\u0131km\u0131\u015ft\u0131r. Temel in\u015faat\u0131, kaz\u0131 i\u015fleri, beton atma i\u015flemleri gibi s\u00fcre\u00e7lerden kaynakl\u0131 in\u015faat alanlar\u0131nda g\u00fcr\u00fclt\u00fc ortaya \u00e7\u0131kmaktad\u0131r. \u015eantiye alanlar\u0131nda gerekli s\u0131n\u0131rlamalar\u0131 getirmek ve \u00f6nlem almak ad\u0131na \u00c7EVRESEL G\u00dcR\u00dcLT\u00dc KONTROL Y\u00d6NETMEL\u0130\u011e\u0130 yay\u0131mlanm\u0131\u015ft\u0131r ve y\u00f6netmelik kapsam\u0131nda a\u015fa\u011f\u0131daki kriterler belirlenmi\u015ftir;<\/p>\n<ul>\n<li>Yerle\u015fim alan\u0131nda bulunan \u015fantiye faaliyetleri Ek-2\u2019de bulunan kriterleri sa\u011flamal\u0131d\u0131r.<\/li>\n<li>\u015eantiye faaliyetlerinden kaynakl\u0131 yay\u0131lan g\u00fcr\u00fclt\u00fcy\u00fc kontrol etmek ad\u0131na azalt\u0131m tedbirleri uygulanmal\u0131d\u0131r.<\/li>\n<li>Turistik alanlarda ve tatil beldelerinde ger\u00e7ekle\u015ftirilen \u015fantiye faaliyetlerinden kaynakl\u0131 \u00e7evresel g\u00fcr\u00fclt\u00fc y\u00f6netimine ili\u015fkin ilave tedbirler ilgili idare taraf\u0131ndan belirlenmektedir.<\/li>\n<\/ul>\n<p>[\/vc_column_text][\/vc_column][\/vc_row]<\/p>\n<\/div>","protected":false},"excerpt":{"rendered":"<p>[vc_row][vc_column][vc_column_text]N\u00fcfusun artmas\u0131, in\u015faat faaliyetlerinin h\u0131zlanmas\u0131n\u0131 da yan\u0131nda getirmi\u015ftir. Ancak in\u015faat sekt\u00f6r\u00fcn\u00fcn geli\u015fmesine ba\u011fl\u0131 olarak g\u00fcr\u00fclt\u00fc sorunu ortaya \u00e7\u0131km\u0131\u015ft\u0131r. Temel in\u015faat\u0131, kaz\u0131 i\u015fleri, beton atma i\u015flemleri gibi s\u00fcre\u00e7lerden kaynakl\u0131 in\u015faat alanlar\u0131nda g\u00fcr\u00fclt\u00fc ortaya \u00e7\u0131kmaktad\u0131r. \u015eantiye alanlar\u0131nda gerekli s\u0131n\u0131rlamalar\u0131 getirmek ve \u00f6nlem almak ad\u0131na \u00c7EVRESEL G\u00dcR\u00dcLT\u00dc KONTROL Y\u00d6NETMEL\u0130\u011e\u0130 yay\u0131mlanm\u0131\u015ft\u0131r ve y\u00f6netmelik kapsam\u0131nda a\u015fa\u011f\u0131daki kriterler belirlenmi\u015ftir; Yerle\u015fim alan\u0131nda [&hellip;]<\/p>\n","protected":false},"author":1,"featured_media":0,"parent":0,"menu_order":0,"comment_status":"closed","ping_status":"closed","template":"","meta":{"om_disable_all_campaigns":false,"_monsterinsights_skip_tracking":false,"_monsterinsights_sitenote_active":false,"_monsterinsights_sitenote_note":"","_monsterinsights_sitenote_category":0,"footnotes":""},"class_list":["post-1458","page","type-page","status-publish","hentry"],"aioseo_notices":[],"aioseo_head":"\n\t\t<!-- All in One SEO Pro 4.9.6.2 - aioseo.com -->\n\t<meta name=\"description\" content=\"N\u00fcfusun artmas\u0131, in\u015faat faaliyetlerinin h\u0131zlanmas\u0131n\u0131 da yan\u0131nda getirmi\u015ftir. Ancak in\u015faat sekt\u00f6r\u00fcn\u00fcn geli\u015fmesine ba\u011fl\u0131 olarak g\u00fcr\u00fclt\u00fc sorunu ortaya \u00e7\u0131km\u0131\u015ft\u0131r. Temel in\u015faat\u0131, kaz\u0131 i\u015fleri, beton atma i\u015flemleri gibi s\u00fcre\u00e7lerden kaynakl\u0131 in\u015faat alanlar\u0131nda g\u00fcr\u00fclt\u00fc ortaya \u00e7\u0131kmaktad\u0131r. \u015eantiye alanlar\u0131nda gerekli s\u0131n\u0131rlamalar\u0131 getirmek ve \u00f6nlem almak ad\u0131na \u00c7EVRESEL G\u00dcR\u00dcLT\u00dc KONTROL Y\u00d6NETMEL\u0130\u011e\u0130 yay\u0131mlanm\u0131\u015ft\u0131r ve y\u00f6netmelik kapsam\u0131nda a\u015fa\u011f\u0131daki kriterler belirlenmi\u015ftir; Yerle\u015fim alan\u0131nda\" \/>\n\t<meta name=\"robots\" content=\"max-image-preview:large\" \/>\n\t<meta name=\"google-site-verification\" content=\"Q4QTclIfGhhdyEzlAb1wftEv3qRfz1KW5mq8eV4NCpQ\" \/>\n\t<link rel=\"canonical\" href=\"https:\/\/pintest.com.tr\/index.php\/santiye-alanlari-icin-cevresel-gurultu-olcumu\/\" \/>\n\t<meta name=\"generator\" content=\"All in One SEO Pro (AIOSEO) 4.9.6.2\" \/>\n\t\t<meta property=\"og:locale\" content=\"tr_TR\" \/>\n\t\t<meta property=\"og:site_name\" content=\"Pintest M\u00fchendislik - Uygunluk De\u011ferlendirme Kurulu\u015fu\" \/>\n\t\t<meta property=\"og:type\" content=\"article\" \/>\n\t\t<meta property=\"og:title\" content=\"\u015eANT\u0130YE ALANLARI \u0130\u00c7\u0130N \u00c7EVRESEL G\u00dcR\u00dcLT\u00dc \u00d6L\u00c7\u00dcM\u00dc - Pintest M\u00fchendislik\" \/>\n\t\t<meta property=\"og:description\" content=\"N\u00fcfusun artmas\u0131, in\u015faat faaliyetlerinin h\u0131zlanmas\u0131n\u0131 da yan\u0131nda getirmi\u015ftir. Ancak in\u015faat sekt\u00f6r\u00fcn\u00fcn geli\u015fmesine ba\u011fl\u0131 olarak g\u00fcr\u00fclt\u00fc sorunu ortaya \u00e7\u0131km\u0131\u015ft\u0131r. Temel in\u015faat\u0131, kaz\u0131 i\u015fleri, beton atma i\u015flemleri gibi s\u00fcre\u00e7lerden kaynakl\u0131 in\u015faat alanlar\u0131nda g\u00fcr\u00fclt\u00fc ortaya \u00e7\u0131kmaktad\u0131r. \u015eantiye alanlar\u0131nda gerekli s\u0131n\u0131rlamalar\u0131 getirmek ve \u00f6nlem almak ad\u0131na \u00c7EVRESEL G\u00dcR\u00dcLT\u00dc KONTROL Y\u00d6NETMEL\u0130\u011e\u0130 yay\u0131mlanm\u0131\u015ft\u0131r ve y\u00f6netmelik kapsam\u0131nda a\u015fa\u011f\u0131daki kriterler belirlenmi\u015ftir; Yerle\u015fim alan\u0131nda\" \/>\n\t\t<meta property=\"og:url\" content=\"https:\/\/pintest.com.tr\/index.php\/santiye-alanlari-icin-cevresel-gurultu-olcumu\/\" \/>\n\t\t<meta property=\"og:image\" content=\"https:\/\/pintest.com.tr\/wp-content\/uploads\/2023\/12\/cropped-Pintest-Favicon.webp\" \/>\n\t\t<meta property=\"og:image:secure_url\" content=\"https:\/\/pintest.com.tr\/wp-content\/uploads\/2023\/12\/cropped-Pintest-Favicon.webp\" \/>\n\t\t<meta property=\"og:image:width\" content=\"512\" \/>\n\t\t<meta property=\"og:image:height\" content=\"512\" \/>\n\t\t<meta property=\"article:published_time\" content=\"2023-12-29T15:24:08+00:00\" \/>\n\t\t<meta property=\"article:modified_time\" content=\"2023-12-29T15:24:08+00:00\" \/>\n\t\t<meta property=\"article:publisher\" content=\"https:\/\/www.facebook.com\/profile.php?id=61572533822690\" \/>\n\t\t<meta name=\"twitter:card\" content=\"summary_large_image\" \/>\n\t\t<meta name=\"twitter:title\" content=\"\u015eANT\u0130YE ALANLARI \u0130\u00c7\u0130N \u00c7EVRESEL G\u00dcR\u00dcLT\u00dc \u00d6L\u00c7\u00dcM\u00dc - Pintest M\u00fchendislik\" \/>\n\t\t<meta name=\"twitter:description\" content=\"N\u00fcfusun artmas\u0131, in\u015faat faaliyetlerinin h\u0131zlanmas\u0131n\u0131 da yan\u0131nda getirmi\u015ftir. Ancak in\u015faat sekt\u00f6r\u00fcn\u00fcn geli\u015fmesine ba\u011fl\u0131 olarak g\u00fcr\u00fclt\u00fc sorunu ortaya \u00e7\u0131km\u0131\u015ft\u0131r. Temel in\u015faat\u0131, kaz\u0131 i\u015fleri, beton atma i\u015flemleri gibi s\u00fcre\u00e7lerden kaynakl\u0131 in\u015faat alanlar\u0131nda g\u00fcr\u00fclt\u00fc ortaya \u00e7\u0131kmaktad\u0131r. \u015eantiye alanlar\u0131nda gerekli s\u0131n\u0131rlamalar\u0131 getirmek ve \u00f6nlem almak ad\u0131na \u00c7EVRESEL G\u00dcR\u00dcLT\u00dc KONTROL Y\u00d6NETMEL\u0130\u011e\u0130 yay\u0131mlanm\u0131\u015ft\u0131r ve y\u00f6netmelik kapsam\u0131nda a\u015fa\u011f\u0131daki kriterler belirlenmi\u015ftir; Yerle\u015fim alan\u0131nda\" \/>\n\t\t<meta name=\"twitter:image\" content=\"https:\/\/pintest.com.tr\/wp-content\/uploads\/2023\/12\/cropped-Pintest-Favicon.webp\" \/>\n\t\t<script type=\"application\/ld+json\" class=\"aioseo-schema\">\n\t\t\t{\"@context\":\"https:\\\/\\\/schema.org\",\"@graph\":[{\"@type\":\"BreadcrumbList\",\"@id\":\"https:\\\/\\\/pintest.com.tr\\\/index.php\\\/santiye-alanlari-icin-cevresel-gurultu-olcumu\\\/#breadcrumblist\",\"itemListElement\":[{\"@type\":\"ListItem\",\"@id\":\"https:\\\/\\\/pintest.com.tr#listItem\",\"position\":2,\"name\":\"Ana sayfa\",\"item\":\"https:\\\/\\\/pintest.com.tr\",\"nextItem\":{\"@type\":\"ListItem\",\"@id\":\"https:\\\/\\\/pintest.com.tr\\\/index.php\\\/santiye-alanlari-icin-cevresel-gurultu-olcumu\\\/#listItem\",\"name\":\"\\u015eANT\\u0130YE ALANLARI \\u0130\\u00c7\\u0130N \\u00c7EVRESEL G\\u00dcR\\u00dcLT\\u00dc \\u00d6L\\u00c7\\u00dcM\\u00dc\"},\"previousItem\":{\"@type\":\"ListItem\",\"@id\":\"#listItem\",\"name\":\"Pintest\"}},{\"@type\":\"ListItem\",\"@id\":\"https:\\\/\\\/pintest.com.tr\\\/index.php\\\/santiye-alanlari-icin-cevresel-gurultu-olcumu\\\/#listItem\",\"position\":3,\"name\":\"\\u015eANT\\u0130YE ALANLARI \\u0130\\u00c7\\u0130N \\u00c7EVRESEL G\\u00dcR\\u00dcLT\\u00dc \\u00d6L\\u00c7\\u00dcM\\u00dc\",\"previousItem\":{\"@type\":\"ListItem\",\"@id\":\"https:\\\/\\\/pintest.com.tr#listItem\",\"name\":\"Ana sayfa\"}}]},{\"@type\":\"Organization\",\"@id\":\"https:\\\/\\\/pintest.com.tr\\\/#organization\",\"name\":\"Pintest M\\u00fchendislik P\\u0130NTEST M\\u00dcHEND\\u0130SL\\u0130K\",\"description\":\"Uygunluk De\\u011ferlendirme Kurulu\\u015fu Firmam\\u0131z, i\\u015f d\\u00fcnyas\\u0131na att\\u0131\\u011f\\u0131 ilk ad\\u0131mlarla i\\u015f sa\\u011fl\\u0131\\u011f\\u0131 ve g\\u00fcvenli\\u011fi alan\\u0131nda uzman kadrosuyla \\u00f6nemli bir yer edinmi\\u015ftir. \\u015eirketimiz faaliyette bulundu\\u011fu periyodik kontrol\\\/muayene, Akustik rapor, i\\u015f hijyeni ve \\u00e7evresel g\\u00fcr\\u00fclt\\u00fc \\u00f6l\\u00e7\\u00fcmleri sekt\\u00f6rde rol \\u00fcstlenmektedir. Pintest M\\u00fchendislik olarak, faaliyet g\\u00f6sterdi\\u011fimiz alanda deneyimli kadrolar\\u0131m\\u0131zla beraber kurdu\\u011fumuz g\\u00fcvenilir ili\\u015fkilerimiz \\u00e7er\\u00e7evesinde faaliyetlerimizi verimli bir \\u015fekilde y\\u00fcr\\u00fct\\u00fcyoruz. Tercih edilir olmam\\u0131zdaki en \\u00f6nemli etken donan\\u0131ml\\u0131 ve yetkin insan kayna\\u011f\\u0131m\\u0131zd\\u0131r. \\u0130nsan ya\\u015fam\\u0131n\\u0131n de\\u011ferini benimseyen ve bu do\\u011frultuda sekt\\u00f6rlerde gerekli kontrol ve analizleri ger\\u00e7ekle\\u015ftirerek sa\\u011fl\\u0131kl\\u0131 ve g\\u00fcvenilir \\u00e7al\\u0131\\u015fma ortam\\u0131 olu\\u015fturmay\\u0131 ama\\u00e7l\\u0131yoruz.\",\"url\":\"https:\\\/\\\/pintest.com.tr\\\/\",\"telephone\":\"+905057458845\",\"logo\":{\"@type\":\"ImageObject\",\"url\":\"https:\\\/\\\/pintest.com.tr\\\/wp-content\\\/uploads\\\/2023\\\/12\\\/Pintest-Logo-Ana.png\",\"@id\":\"https:\\\/\\\/pintest.com.tr\\\/index.php\\\/santiye-alanlari-icin-cevresel-gurultu-olcumu\\\/#organizationLogo\",\"width\":150,\"height\":113},\"image\":{\"@id\":\"https:\\\/\\\/pintest.com.tr\\\/index.php\\\/santiye-alanlari-icin-cevresel-gurultu-olcumu\\\/#organizationLogo\"},\"sameAs\":[\"https:\\\/\\\/www.facebook.com\\\/profile.php?id=61572533822690\",\"https:\\\/\\\/www.instagram.com\\\/pintest.uygunluk.degerlendirme\\\/\",\"https:\\\/\\\/www.linkedin.com\\\/company\\\/101180367\\\/admin\\\/dashboard\\\/\"]},{\"@type\":\"WebPage\",\"@id\":\"https:\\\/\\\/pintest.com.tr\\\/index.php\\\/santiye-alanlari-icin-cevresel-gurultu-olcumu\\\/#webpage\",\"url\":\"https:\\\/\\\/pintest.com.tr\\\/index.php\\\/santiye-alanlari-icin-cevresel-gurultu-olcumu\\\/\",\"name\":\"\\u015eANT\\u0130YE ALANLARI \\u0130\\u00c7\\u0130N \\u00c7EVRESEL G\\u00dcR\\u00dcLT\\u00dc \\u00d6L\\u00c7\\u00dcM\\u00dc - Pintest M\\u00fchendislik\",\"description\":\"N\\u00fcfusun artmas\\u0131, in\\u015faat faaliyetlerinin h\\u0131zlanmas\\u0131n\\u0131 da yan\\u0131nda getirmi\\u015ftir. Ancak in\\u015faat sekt\\u00f6r\\u00fcn\\u00fcn geli\\u015fmesine ba\\u011fl\\u0131 olarak g\\u00fcr\\u00fclt\\u00fc sorunu ortaya \\u00e7\\u0131km\\u0131\\u015ft\\u0131r. Temel in\\u015faat\\u0131, kaz\\u0131 i\\u015fleri, beton atma i\\u015flemleri gibi s\\u00fcre\\u00e7lerden kaynakl\\u0131 in\\u015faat alanlar\\u0131nda g\\u00fcr\\u00fclt\\u00fc ortaya \\u00e7\\u0131kmaktad\\u0131r. \\u015eantiye alanlar\\u0131nda gerekli s\\u0131n\\u0131rlamalar\\u0131 getirmek ve \\u00f6nlem almak ad\\u0131na \\u00c7EVRESEL G\\u00dcR\\u00dcLT\\u00dc KONTROL Y\\u00d6NETMEL\\u0130\\u011e\\u0130 yay\\u0131mlanm\\u0131\\u015ft\\u0131r ve y\\u00f6netmelik kapsam\\u0131nda a\\u015fa\\u011f\\u0131daki kriterler belirlenmi\\u015ftir; Yerle\\u015fim alan\\u0131nda\",\"inLanguage\":\"tr-TR\",\"isPartOf\":{\"@id\":\"https:\\\/\\\/pintest.com.tr\\\/#website\"},\"breadcrumb\":{\"@id\":\"https:\\\/\\\/pintest.com.tr\\\/index.php\\\/santiye-alanlari-icin-cevresel-gurultu-olcumu\\\/#breadcrumblist\"},\"datePublished\":\"2023-12-29T18:24:08+03:00\",\"dateModified\":\"2023-12-29T18:24:08+03:00\"},{\"@type\":\"WebSite\",\"@id\":\"https:\\\/\\\/pintest.com.tr\\\/#website\",\"url\":\"https:\\\/\\\/pintest.com.tr\\\/\",\"name\":\"Pintest M\\u00fchendislik\",\"description\":\"Uygunluk De\\u011ferlendirme Kurulu\\u015fu\",\"inLanguage\":\"tr-TR\",\"publisher\":{\"@id\":\"https:\\\/\\\/pintest.com.tr\\\/#organization\"}}]}\n\t\t<\/script>\n\t\t<!-- All in One SEO Pro -->\r\n\t\t<title>\u015eANT\u0130YE ALANLARI \u0130\u00c7\u0130N \u00c7EVRESEL G\u00dcR\u00dcLT\u00dc \u00d6L\u00c7\u00dcM\u00dc - Pintest M\u00fchendislik<\/title>\n\n","aioseo_head_json":{"title":"\u015eANT\u0130YE ALANLARI \u0130\u00c7\u0130N \u00c7EVRESEL G\u00dcR\u00dcLT\u00dc \u00d6L\u00c7\u00dcM\u00dc - Pintest M\u00fchendislik","description":"N\u00fcfusun artmas\u0131, in\u015faat faaliyetlerinin h\u0131zlanmas\u0131n\u0131 da yan\u0131nda getirmi\u015ftir. Ancak in\u015faat sekt\u00f6r\u00fcn\u00fcn geli\u015fmesine ba\u011fl\u0131 olarak g\u00fcr\u00fclt\u00fc sorunu ortaya \u00e7\u0131km\u0131\u015ft\u0131r. Temel in\u015faat\u0131, kaz\u0131 i\u015fleri, beton atma i\u015flemleri gibi s\u00fcre\u00e7lerden kaynakl\u0131 in\u015faat alanlar\u0131nda g\u00fcr\u00fclt\u00fc ortaya \u00e7\u0131kmaktad\u0131r. \u015eantiye alanlar\u0131nda gerekli s\u0131n\u0131rlamalar\u0131 getirmek ve \u00f6nlem almak ad\u0131na \u00c7EVRESEL G\u00dcR\u00dcLT\u00dc KONTROL Y\u00d6NETMEL\u0130\u011e\u0130 yay\u0131mlanm\u0131\u015ft\u0131r ve y\u00f6netmelik kapsam\u0131nda a\u015fa\u011f\u0131daki kriterler belirlenmi\u015ftir; Yerle\u015fim alan\u0131nda","canonical_url":"https:\/\/pintest.com.tr\/index.php\/santiye-alanlari-icin-cevresel-gurultu-olcumu\/","robots":"max-image-preview:large","keywords":"","webmasterTools":{"google-site-verification":"Q4QTclIfGhhdyEzlAb1wftEv3qRfz1KW5mq8eV4NCpQ","miscellaneous":""},"schema":{"@context":"https:\/\/schema.org","@graph":[{"@type":"BreadcrumbList","@id":"https:\/\/pintest.com.tr\/index.php\/santiye-alanlari-icin-cevresel-gurultu-olcumu\/#breadcrumblist","itemListElement":[{"@type":"ListItem","@id":"https:\/\/pintest.com.tr#listItem","position":2,"name":"Ana sayfa","item":"https:\/\/pintest.com.tr","nextItem":{"@type":"ListItem","@id":"https:\/\/pintest.com.tr\/index.php\/santiye-alanlari-icin-cevresel-gurultu-olcumu\/#listItem","name":"\u015eANT\u0130YE ALANLARI \u0130\u00c7\u0130N \u00c7EVRESEL G\u00dcR\u00dcLT\u00dc \u00d6L\u00c7\u00dcM\u00dc"},"previousItem":{"@type":"ListItem","@id":"#listItem","name":"Pintest"}},{"@type":"ListItem","@id":"https:\/\/pintest.com.tr\/index.php\/santiye-alanlari-icin-cevresel-gurultu-olcumu\/#listItem","position":3,"name":"\u015eANT\u0130YE ALANLARI \u0130\u00c7\u0130N \u00c7EVRESEL G\u00dcR\u00dcLT\u00dc \u00d6L\u00c7\u00dcM\u00dc","previousItem":{"@type":"ListItem","@id":"https:\/\/pintest.com.tr#listItem","name":"Ana sayfa"}}]},{"@type":"Organization","@id":"https:\/\/pintest.com.tr\/#organization","name":"Pintest M\u00fchendislik P\u0130NTEST M\u00dcHEND\u0130SL\u0130K","description":"Uygunluk De\u011ferlendirme Kurulu\u015fu Firmam\u0131z, i\u015f d\u00fcnyas\u0131na att\u0131\u011f\u0131 ilk ad\u0131mlarla i\u015f sa\u011fl\u0131\u011f\u0131 ve g\u00fcvenli\u011fi alan\u0131nda uzman kadrosuyla \u00f6nemli bir yer edinmi\u015ftir. \u015eirketimiz faaliyette bulundu\u011fu periyodik kontrol\/muayene, Akustik rapor, i\u015f hijyeni ve \u00e7evresel g\u00fcr\u00fclt\u00fc \u00f6l\u00e7\u00fcmleri sekt\u00f6rde rol \u00fcstlenmektedir. Pintest M\u00fchendislik olarak, faaliyet g\u00f6sterdi\u011fimiz alanda deneyimli kadrolar\u0131m\u0131zla beraber kurdu\u011fumuz g\u00fcvenilir ili\u015fkilerimiz \u00e7er\u00e7evesinde faaliyetlerimizi verimli bir \u015fekilde y\u00fcr\u00fct\u00fcyoruz. Tercih edilir olmam\u0131zdaki en \u00f6nemli etken donan\u0131ml\u0131 ve yetkin insan kayna\u011f\u0131m\u0131zd\u0131r. \u0130nsan ya\u015fam\u0131n\u0131n de\u011ferini benimseyen ve bu do\u011frultuda sekt\u00f6rlerde gerekli kontrol ve analizleri ger\u00e7ekle\u015ftirerek sa\u011fl\u0131kl\u0131 ve g\u00fcvenilir \u00e7al\u0131\u015fma ortam\u0131 olu\u015fturmay\u0131 ama\u00e7l\u0131yoruz.","url":"https:\/\/pintest.com.tr\/","telephone":"+905057458845","logo":{"@type":"ImageObject","url":"https:\/\/pintest.com.tr\/wp-content\/uploads\/2023\/12\/Pintest-Logo-Ana.png","@id":"https:\/\/pintest.com.tr\/index.php\/santiye-alanlari-icin-cevresel-gurultu-olcumu\/#organizationLogo","width":150,"height":113},"image":{"@id":"https:\/\/pintest.com.tr\/index.php\/santiye-alanlari-icin-cevresel-gurultu-olcumu\/#organizationLogo"},"sameAs":["https:\/\/www.facebook.com\/profile.php?id=61572533822690","https:\/\/www.instagram.com\/pintest.uygunluk.degerlendirme\/","https:\/\/www.linkedin.com\/company\/101180367\/admin\/dashboard\/"]},{"@type":"WebPage","@id":"https:\/\/pintest.com.tr\/index.php\/santiye-alanlari-icin-cevresel-gurultu-olcumu\/#webpage","url":"https:\/\/pintest.com.tr\/index.php\/santiye-alanlari-icin-cevresel-gurultu-olcumu\/","name":"\u015eANT\u0130YE ALANLARI \u0130\u00c7\u0130N \u00c7EVRESEL G\u00dcR\u00dcLT\u00dc \u00d6L\u00c7\u00dcM\u00dc - Pintest M\u00fchendislik","description":"N\u00fcfusun artmas\u0131, in\u015faat faaliyetlerinin h\u0131zlanmas\u0131n\u0131 da yan\u0131nda getirmi\u015ftir. Ancak in\u015faat sekt\u00f6r\u00fcn\u00fcn geli\u015fmesine ba\u011fl\u0131 olarak g\u00fcr\u00fclt\u00fc sorunu ortaya \u00e7\u0131km\u0131\u015ft\u0131r. Temel in\u015faat\u0131, kaz\u0131 i\u015fleri, beton atma i\u015flemleri gibi s\u00fcre\u00e7lerden kaynakl\u0131 in\u015faat alanlar\u0131nda g\u00fcr\u00fclt\u00fc ortaya \u00e7\u0131kmaktad\u0131r. \u015eantiye alanlar\u0131nda gerekli s\u0131n\u0131rlamalar\u0131 getirmek ve \u00f6nlem almak ad\u0131na \u00c7EVRESEL G\u00dcR\u00dcLT\u00dc KONTROL Y\u00d6NETMEL\u0130\u011e\u0130 yay\u0131mlanm\u0131\u015ft\u0131r ve y\u00f6netmelik kapsam\u0131nda a\u015fa\u011f\u0131daki kriterler belirlenmi\u015ftir; Yerle\u015fim alan\u0131nda","inLanguage":"tr-TR","isPartOf":{"@id":"https:\/\/pintest.com.tr\/#website"},"breadcrumb":{"@id":"https:\/\/pintest.com.tr\/index.php\/santiye-alanlari-icin-cevresel-gurultu-olcumu\/#breadcrumblist"},"datePublished":"2023-12-29T18:24:08+03:00","dateModified":"2023-12-29T18:24:08+03:00"},{"@type":"WebSite","@id":"https:\/\/pintest.com.tr\/#website","url":"https:\/\/pintest.com.tr\/","name":"Pintest M\u00fchendislik","description":"Uygunluk De\u011ferlendirme Kurulu\u015fu","inLanguage":"tr-TR","publisher":{"@id":"https:\/\/pintest.com.tr\/#organization"}}]},"og:locale":"tr_TR","og:site_name":"Pintest M\u00fchendislik - Uygunluk De\u011ferlendirme Kurulu\u015fu","og:type":"article","og:title":"\u015eANT\u0130YE ALANLARI \u0130\u00c7\u0130N \u00c7EVRESEL G\u00dcR\u00dcLT\u00dc \u00d6L\u00c7\u00dcM\u00dc - Pintest M\u00fchendislik","og:description":"N\u00fcfusun artmas\u0131, in\u015faat faaliyetlerinin h\u0131zlanmas\u0131n\u0131 da yan\u0131nda getirmi\u015ftir. Ancak in\u015faat sekt\u00f6r\u00fcn\u00fcn geli\u015fmesine ba\u011fl\u0131 olarak g\u00fcr\u00fclt\u00fc sorunu ortaya \u00e7\u0131km\u0131\u015ft\u0131r. Temel in\u015faat\u0131, kaz\u0131 i\u015fleri, beton atma i\u015flemleri gibi s\u00fcre\u00e7lerden kaynakl\u0131 in\u015faat alanlar\u0131nda g\u00fcr\u00fclt\u00fc ortaya \u00e7\u0131kmaktad\u0131r. \u015eantiye alanlar\u0131nda gerekli s\u0131n\u0131rlamalar\u0131 getirmek ve \u00f6nlem almak ad\u0131na \u00c7EVRESEL G\u00dcR\u00dcLT\u00dc KONTROL Y\u00d6NETMEL\u0130\u011e\u0130 yay\u0131mlanm\u0131\u015ft\u0131r ve y\u00f6netmelik kapsam\u0131nda a\u015fa\u011f\u0131daki kriterler belirlenmi\u015ftir; Yerle\u015fim alan\u0131nda","og:url":"https:\/\/pintest.com.tr\/index.php\/santiye-alanlari-icin-cevresel-gurultu-olcumu\/","og:image":"https:\/\/pintest.com.tr\/wp-content\/uploads\/2023\/12\/cropped-Pintest-Favicon.webp","og:image:secure_url":"https:\/\/pintest.com.tr\/wp-content\/uploads\/2023\/12\/cropped-Pintest-Favicon.webp","og:image:width":512,"og:image:height":512,"article:published_time":"2023-12-29T15:24:08+00:00","article:modified_time":"2023-12-29T15:24:08+00:00","article:publisher":"https:\/\/www.facebook.com\/profile.php?id=61572533822690","twitter:card":"summary_large_image","twitter:title":"\u015eANT\u0130YE ALANLARI \u0130\u00c7\u0130N \u00c7EVRESEL G\u00dcR\u00dcLT\u00dc \u00d6L\u00c7\u00dcM\u00dc - Pintest M\u00fchendislik","twitter:description":"N\u00fcfusun artmas\u0131, in\u015faat faaliyetlerinin h\u0131zlanmas\u0131n\u0131 da yan\u0131nda getirmi\u015ftir. Ancak in\u015faat sekt\u00f6r\u00fcn\u00fcn geli\u015fmesine ba\u011fl\u0131 olarak g\u00fcr\u00fclt\u00fc sorunu ortaya \u00e7\u0131km\u0131\u015ft\u0131r. Temel in\u015faat\u0131, kaz\u0131 i\u015fleri, beton atma i\u015flemleri gibi s\u00fcre\u00e7lerden kaynakl\u0131 in\u015faat alanlar\u0131nda g\u00fcr\u00fclt\u00fc ortaya \u00e7\u0131kmaktad\u0131r. \u015eantiye alanlar\u0131nda gerekli s\u0131n\u0131rlamalar\u0131 getirmek ve \u00f6nlem almak ad\u0131na \u00c7EVRESEL G\u00dcR\u00dcLT\u00dc KONTROL Y\u00d6NETMEL\u0130\u011e\u0130 yay\u0131mlanm\u0131\u015ft\u0131r ve y\u00f6netmelik kapsam\u0131nda a\u015fa\u011f\u0131daki kriterler belirlenmi\u015ftir; Yerle\u015fim alan\u0131nda","twitter:image":"https:\/\/pintest.com.tr\/wp-content\/uploads\/2023\/12\/cropped-Pintest-Favicon.webp"},"aioseo_meta_data":{"post_id":"1458","title":null,"description":null,"keywords":null,"keyphrases":null,"primary_term":null,"canonical_url":null,"og_title":null,"og_description":null,"og_object_type":"default","og_image_type":"default","og_image_url":null,"og_image_width":null,"og_image_height":null,"og_image_custom_url":null,"og_image_custom_fields":null,"og_video":null,"og_custom_url":null,"og_article_section":null,"og_article_tags":null,"twitter_use_og":false,"twitter_card":"default","twitter_image_type":"default","twitter_image_url":null,"twitter_image_custom_url":null,"twitter_image_custom_fields":null,"twitter_title":null,"twitter_description":null,"schema":{"blockGraphs":[],"customGraphs":[],"default":{"data":{"Article":[],"Course":[],"Dataset":[],"FAQPage":[],"Movie":[],"Person":[],"Product":[],"ProductReview":[],"Car":[],"Recipe":[],"Service":[],"SoftwareApplication":[],"WebPage":[]},"graphName":"","isEnabled":true},"graphs":[]},"schema_type":"default","schema_type_options":null,"pillar_content":false,"robots_default":true,"robots_noindex":false,"robots_noarchive":false,"robots_nosnippet":false,"robots_nofollow":false,"robots_noimageindex":false,"robots_noodp":false,"robots_notranslate":false,"robots_max_snippet":null,"robots_max_videopreview":null,"robots_max_imagepreview":"large","priority":null,"frequency":null,"local_seo":null,"seo_analyzer_scan_date":"2026-02-27 07:46:36","breadcrumb_settings":null,"limit_modified_date":false,"reviewed_by":null,"open_ai":null,"ai":null,"created":"2025-04-15 07:19:32","updated":"2026-02-27 09:20:37"},"aioseo_breadcrumb":"<div class=\"aioseo-breadcrumbs\"><span class=\"aioseo-breadcrumb\">\n\tPintest\n<\/span><span class=\"aioseo-breadcrumb-separator\">\u2192<\/span><span class=\"aioseo-breadcrumb\">\n\t<a href=\"https:\/\/pintest.com.tr\" title=\"Ana sayfa\">Ana sayfa<\/a>\n<\/span><span class=\"aioseo-breadcrumb-separator\">\u2192<\/span><span class=\"aioseo-breadcrumb\">\n\t\u015eANT\u0130YE ALANLARI \u0130\u00c7\u0130N \u00c7EVRESEL G\u00dcR\u00dcLT\u00dc \u00d6L\u00c7\u00dcM\u00dc\n<\/span><\/div>","aioseo_breadcrumb_json":[{"label":"Pintest","link":""},{"label":"Ana sayfa","link":"https:\/\/pintest.com.tr"},{"label":"\u015eANT\u0130YE ALANLARI \u0130\u00c7\u0130N \u00c7EVRESEL G\u00dcR\u00dcLT\u00dc \u00d6L\u00c7\u00dcM\u00dc","link":"https:\/\/pintest.com.tr\/index.php\/santiye-alanlari-icin-cevresel-gurultu-olcumu\/"}],"_links":{"self":[{"href":"https:\/\/pintest.com.tr\/index.php\/wp-json\/wp\/v2\/pages\/1458","targetHints":{"allow":["GET"]}}],"collection":[{"href":"https:\/\/pintest.com.tr\/index.php\/wp-json\/wp\/v2\/pages"}],"about":[{"href":"https:\/\/pintest.com.tr\/index.php\/wp-json\/wp\/v2\/types\/page"}],"author":[{"embeddable":true,"href":"https:\/\/pintest.com.tr\/index.php\/wp-json\/wp\/v2\/users\/1"}],"replies":[{"embeddable":true,"href":"https:\/\/pintest.com.tr\/index.php\/wp-json\/wp\/v2\/comments?post=1458"}],"version-history":[{"count":1,"href":"https:\/\/pintest.com.tr\/index.php\/wp-json\/wp\/v2\/pages\/1458\/revisions"}],"predecessor-version":[{"id":1459,"href":"https:\/\/pintest.com.tr\/index.php\/wp-json\/wp\/v2\/pages\/1458\/revisions\/1459"}],"wp:attachment":[{"href":"https:\/\/pintest.com.tr\/index.php\/wp-json\/wp\/v2\/media?parent=1458"}],"curies":[{"name":"wp","href":"https:\/\/api.w.org\/{rel}","templated":true}]}}