{"id":1466,"date":"2023-12-29T18:45:24","date_gmt":"2023-12-29T15:45:24","guid":{"rendered":"https:\/\/pintest.com.tr\/?page_id=1466"},"modified":"2026-04-21T14:33:54","modified_gmt":"2026-04-21T11:33:54","slug":"kalite-politikamiz-2","status":"publish","type":"page","link":"https:\/\/pintest.com.tr\/index.php\/kalite-politikamiz-2\/","title":{"rendered":"KAL\u0130TE POL\u0130T\u0130KAMIZ"},"content":{"rendered":"<p><strong>KAL\u0130TE POL\u0130T\u0130KAMIZ<\/strong><\/p>\n<p><strong>\u00a0<\/strong><\/p>\n<p>Pintest M\u00fchendislik olarak misyonumuz \u00e7er\u00e7evesinde m\u00fc\u015fterilerimizin kalite beklentilerini a\u015fan hizmet vermekteyiz.<\/p>\n<p>Bu do\u011frultuda benimsenmi\u015f kalite politikam\u0131z;<\/p>\n<p>Periyodik Muayene ve \u0130\u015f Hijyeni \u00d6l\u00e7\u00fcm hizmetlerimizi \u00fcst d\u00fczeyde mesleki ve teknik uygulamalarla y\u00fcr\u00fcterek y\u00fcksek kalitede hizmet vermeyi,<\/p>\n<p>Y\u00fcr\u00fctmekte oldu\u011fumuz Kalite Y\u00f6netim Sistemi\u2019ni TS EN ISO\/IEC 17020:2012 ve TS EN ISO\/IEC 17025:2017 standard\u0131na ve T\u00dcRKAK rehberlerine uygun olarak s\u00fcrekli uygulamay\u0131, geli\u015ftirmeyi ve etkinli\u011fini iyile\u015ftirmeyi,<\/p>\n<p>Hizmet sa\u011flarken ulusal ve uluslararas\u0131 d\u00fczeyde kabul g\u00f6rm\u00fc\u015f, bilimsel yay\u0131nlarda tan\u0131mlanm\u0131\u015f, g\u00fcncel metotlar\u0131 kullanmak,<\/p>\n<p>M\u00fc\u015fterilerimizin taleplerini do\u011fru anlayarak kalitesi y\u00fcksek etkili \u00e7\u00f6z\u00fcmler sunmak,<\/p>\n<p>Taahh\u00fct edilen s\u00fcre i\u00e7erisinde tarafs\u0131z, g\u00fcvenilir ve kusursuz hizmet vermek,<\/p>\n<p>M\u00fc\u015fterilerimizle \u015feffaf ve g\u00fcvenilir bir ili\u015fki kurarak \u00e7al\u0131\u015fma sistemi olu\u015fturmak ve ili\u015fkilerimizi bu y\u00f6nde geli\u015ftirmek,<\/p>\n<p>\u00c7al\u0131\u015fanlar\u0131m\u0131z\u0131n geli\u015fimini destekleyen e\u011fitim programlar\u0131yla \u00e7al\u0131\u015fan memnuniyetini sa\u011flamak,<\/p>\n<p>Kalite hedeflerimize ula\u015fmak amac\u0131yla kalite anlay\u0131\u015f\u0131m\u0131z\u0131n s\u00fcreklili\u011fini sa\u011flamak ve sekt\u00f6rde \u00f6rnek bir firma olmak.<\/p>\n<p>&nbsp;<\/p>\n","protected":false},"excerpt":{"rendered":"<p>KAL\u0130TE POL\u0130T\u0130KAMIZ \u00a0 Pintest M\u00fchendislik olarak misyonumuz \u00e7er\u00e7evesinde m\u00fc\u015fterilerimizin kalite beklentilerini a\u015fan hizmet vermekteyiz. Bu do\u011frultuda benimsenmi\u015f kalite politikam\u0131z; Periyodik Muayene ve \u0130\u015f Hijyeni \u00d6l\u00e7\u00fcm hizmetlerimizi \u00fcst d\u00fczeyde mesleki ve teknik uygulamalarla y\u00fcr\u00fcterek y\u00fcksek kalitede hizmet vermeyi, Y\u00fcr\u00fctmekte oldu\u011fumuz Kalite Y\u00f6netim Sistemi\u2019ni TS EN ISO\/IEC 17020:2012 ve TS EN ISO\/IEC 17025:2017 standard\u0131na ve T\u00dcRKAK rehberlerine [&hellip;]<\/p>\n","protected":false},"author":1,"featured_media":0,"parent":0,"menu_order":0,"comment_status":"closed","ping_status":"closed","template":"","meta":{"om_disable_all_campaigns":false,"_monsterinsights_skip_tracking":false,"_monsterinsights_sitenote_active":false,"_monsterinsights_sitenote_note":"","_monsterinsights_sitenote_category":0,"footnotes":""},"class_list":["post-1466","page","type-page","status-publish","hentry"],"aioseo_notices":[],"aioseo_head":"\n\t\t<!-- All in One SEO Pro 4.9.6.2 - aioseo.com -->\n\t<meta name=\"description\" content=\"KAL\u0130TE POL\u0130T\u0130KAMIZ Pintest M\u00fchendislik olarak misyonumuz \u00e7er\u00e7evesinde m\u00fc\u015fterilerimizin kalite beklentilerini a\u015fan hizmet vermekteyiz. Bu do\u011frultuda benimsenmi\u015f kalite politikam\u0131z; Periyodik Muayene ve \u0130\u015f Hijyeni \u00d6l\u00e7\u00fcm hizmetlerimizi \u00fcst d\u00fczeyde mesleki ve teknik uygulamalarla y\u00fcr\u00fcterek y\u00fcksek kalitede hizmet vermeyi, Y\u00fcr\u00fctmekte oldu\u011fumuz Kalite Y\u00f6netim Sistemi\u2019ni TS EN ISO\/IEC 17020:2012 ve TS EN ISO\/IEC 17025:2017 standard\u0131na ve T\u00dcRKAK rehberlerine\" \/>\n\t<meta name=\"robots\" content=\"max-image-preview:large\" \/>\n\t<meta name=\"google-site-verification\" content=\"Q4QTclIfGhhdyEzlAb1wftEv3qRfz1KW5mq8eV4NCpQ\" \/>\n\t<link rel=\"canonical\" href=\"https:\/\/pintest.com.tr\/index.php\/kalite-politikamiz-2\/\" \/>\n\t<meta name=\"generator\" content=\"All in One SEO Pro (AIOSEO) 4.9.6.2\" \/>\n\t\t<meta property=\"og:locale\" content=\"tr_TR\" \/>\n\t\t<meta property=\"og:site_name\" content=\"Pintest M\u00fchendislik - Uygunluk De\u011ferlendirme Kurulu\u015fu\" \/>\n\t\t<meta property=\"og:type\" content=\"article\" \/>\n\t\t<meta property=\"og:title\" content=\"KAL\u0130TE POL\u0130T\u0130KAMIZ - Pintest M\u00fchendislik\" \/>\n\t\t<meta property=\"og:description\" content=\"KAL\u0130TE POL\u0130T\u0130KAMIZ Pintest M\u00fchendislik olarak misyonumuz \u00e7er\u00e7evesinde m\u00fc\u015fterilerimizin kalite beklentilerini a\u015fan hizmet vermekteyiz. Bu do\u011frultuda benimsenmi\u015f kalite politikam\u0131z; Periyodik Muayene ve \u0130\u015f Hijyeni \u00d6l\u00e7\u00fcm hizmetlerimizi \u00fcst d\u00fczeyde mesleki ve teknik uygulamalarla y\u00fcr\u00fcterek y\u00fcksek kalitede hizmet vermeyi, Y\u00fcr\u00fctmekte oldu\u011fumuz Kalite Y\u00f6netim Sistemi\u2019ni TS EN ISO\/IEC 17020:2012 ve TS EN ISO\/IEC 17025:2017 standard\u0131na ve T\u00dcRKAK rehberlerine\" \/>\n\t\t<meta property=\"og:url\" content=\"https:\/\/pintest.com.tr\/index.php\/kalite-politikamiz-2\/\" \/>\n\t\t<meta property=\"og:image\" content=\"https:\/\/pintest.com.tr\/wp-content\/uploads\/2023\/12\/cropped-Pintest-Favicon.webp\" \/>\n\t\t<meta property=\"og:image:secure_url\" content=\"https:\/\/pintest.com.tr\/wp-content\/uploads\/2023\/12\/cropped-Pintest-Favicon.webp\" \/>\n\t\t<meta property=\"og:image:width\" content=\"512\" \/>\n\t\t<meta property=\"og:image:height\" content=\"512\" \/>\n\t\t<meta property=\"article:published_time\" content=\"2023-12-29T15:45:24+00:00\" \/>\n\t\t<meta property=\"article:modified_time\" content=\"2026-04-21T11:33:54+00:00\" \/>\n\t\t<meta property=\"article:publisher\" content=\"https:\/\/www.facebook.com\/profile.php?id=61572533822690\" \/>\n\t\t<meta name=\"twitter:card\" content=\"summary_large_image\" \/>\n\t\t<meta name=\"twitter:title\" content=\"KAL\u0130TE POL\u0130T\u0130KAMIZ - Pintest M\u00fchendislik\" \/>\n\t\t<meta name=\"twitter:description\" content=\"KAL\u0130TE POL\u0130T\u0130KAMIZ Pintest M\u00fchendislik olarak misyonumuz \u00e7er\u00e7evesinde m\u00fc\u015fterilerimizin kalite beklentilerini a\u015fan hizmet vermekteyiz. Bu do\u011frultuda benimsenmi\u015f kalite politikam\u0131z; Periyodik Muayene ve \u0130\u015f Hijyeni \u00d6l\u00e7\u00fcm hizmetlerimizi \u00fcst d\u00fczeyde mesleki ve teknik uygulamalarla y\u00fcr\u00fcterek y\u00fcksek kalitede hizmet vermeyi, Y\u00fcr\u00fctmekte oldu\u011fumuz Kalite Y\u00f6netim Sistemi\u2019ni TS EN ISO\/IEC 17020:2012 ve TS EN ISO\/IEC 17025:2017 standard\u0131na ve T\u00dcRKAK rehberlerine\" \/>\n\t\t<meta name=\"twitter:image\" content=\"https:\/\/pintest.com.tr\/wp-content\/uploads\/2023\/12\/cropped-Pintest-Favicon.webp\" \/>\n\t\t<script type=\"application\/ld+json\" class=\"aioseo-schema\">\n\t\t\t{\"@context\":\"https:\\\/\\\/schema.org\",\"@graph\":[{\"@type\":\"BreadcrumbList\",\"@id\":\"https:\\\/\\\/pintest.com.tr\\\/index.php\\\/kalite-politikamiz-2\\\/#breadcrumblist\",\"itemListElement\":[{\"@type\":\"ListItem\",\"@id\":\"https:\\\/\\\/pintest.com.tr#listItem\",\"position\":2,\"name\":\"Ana sayfa\",\"item\":\"https:\\\/\\\/pintest.com.tr\",\"nextItem\":{\"@type\":\"ListItem\",\"@id\":\"https:\\\/\\\/pintest.com.tr\\\/index.php\\\/kalite-politikamiz-2\\\/#listItem\",\"name\":\"KAL\\u0130TE POL\\u0130T\\u0130KAMIZ\"},\"previousItem\":{\"@type\":\"ListItem\",\"@id\":\"#listItem\",\"name\":\"Pintest\"}},{\"@type\":\"ListItem\",\"@id\":\"https:\\\/\\\/pintest.com.tr\\\/index.php\\\/kalite-politikamiz-2\\\/#listItem\",\"position\":3,\"name\":\"KAL\\u0130TE POL\\u0130T\\u0130KAMIZ\",\"previousItem\":{\"@type\":\"ListItem\",\"@id\":\"https:\\\/\\\/pintest.com.tr#listItem\",\"name\":\"Ana sayfa\"}}]},{\"@type\":\"Organization\",\"@id\":\"https:\\\/\\\/pintest.com.tr\\\/#organization\",\"name\":\"Pintest M\\u00fchendislik P\\u0130NTEST M\\u00dcHEND\\u0130SL\\u0130K\",\"description\":\"Uygunluk De\\u011ferlendirme Kurulu\\u015fu Firmam\\u0131z, i\\u015f d\\u00fcnyas\\u0131na att\\u0131\\u011f\\u0131 ilk ad\\u0131mlarla i\\u015f sa\\u011fl\\u0131\\u011f\\u0131 ve g\\u00fcvenli\\u011fi alan\\u0131nda uzman kadrosuyla \\u00f6nemli bir yer edinmi\\u015ftir. \\u015eirketimiz faaliyette bulundu\\u011fu periyodik kontrol\\\/muayene, Akustik rapor, i\\u015f hijyeni ve \\u00e7evresel g\\u00fcr\\u00fclt\\u00fc \\u00f6l\\u00e7\\u00fcmleri sekt\\u00f6rde rol \\u00fcstlenmektedir. Pintest M\\u00fchendislik olarak, faaliyet g\\u00f6sterdi\\u011fimiz alanda deneyimli kadrolar\\u0131m\\u0131zla beraber kurdu\\u011fumuz g\\u00fcvenilir ili\\u015fkilerimiz \\u00e7er\\u00e7evesinde faaliyetlerimizi verimli bir \\u015fekilde y\\u00fcr\\u00fct\\u00fcyoruz. Tercih edilir olmam\\u0131zdaki en \\u00f6nemli etken donan\\u0131ml\\u0131 ve yetkin insan kayna\\u011f\\u0131m\\u0131zd\\u0131r. \\u0130nsan ya\\u015fam\\u0131n\\u0131n de\\u011ferini benimseyen ve bu do\\u011frultuda sekt\\u00f6rlerde gerekli kontrol ve analizleri ger\\u00e7ekle\\u015ftirerek sa\\u011fl\\u0131kl\\u0131 ve g\\u00fcvenilir \\u00e7al\\u0131\\u015fma ortam\\u0131 olu\\u015fturmay\\u0131 ama\\u00e7l\\u0131yoruz.\",\"url\":\"https:\\\/\\\/pintest.com.tr\\\/\",\"telephone\":\"+905057458845\",\"logo\":{\"@type\":\"ImageObject\",\"url\":\"https:\\\/\\\/pintest.com.tr\\\/wp-content\\\/uploads\\\/2023\\\/12\\\/Pintest-Logo-Ana.png\",\"@id\":\"https:\\\/\\\/pintest.com.tr\\\/index.php\\\/kalite-politikamiz-2\\\/#organizationLogo\",\"width\":150,\"height\":113},\"image\":{\"@id\":\"https:\\\/\\\/pintest.com.tr\\\/index.php\\\/kalite-politikamiz-2\\\/#organizationLogo\"},\"sameAs\":[\"https:\\\/\\\/www.facebook.com\\\/profile.php?id=61572533822690\",\"https:\\\/\\\/www.instagram.com\\\/pintest.uygunluk.degerlendirme\\\/\",\"https:\\\/\\\/www.linkedin.com\\\/company\\\/101180367\\\/admin\\\/dashboard\\\/\"]},{\"@type\":\"WebPage\",\"@id\":\"https:\\\/\\\/pintest.com.tr\\\/index.php\\\/kalite-politikamiz-2\\\/#webpage\",\"url\":\"https:\\\/\\\/pintest.com.tr\\\/index.php\\\/kalite-politikamiz-2\\\/\",\"name\":\"KAL\\u0130TE POL\\u0130T\\u0130KAMIZ - Pintest M\\u00fchendislik\",\"description\":\"KAL\\u0130TE POL\\u0130T\\u0130KAMIZ Pintest M\\u00fchendislik olarak misyonumuz \\u00e7er\\u00e7evesinde m\\u00fc\\u015fterilerimizin kalite beklentilerini a\\u015fan hizmet vermekteyiz. Bu do\\u011frultuda benimsenmi\\u015f kalite politikam\\u0131z; Periyodik Muayene ve \\u0130\\u015f Hijyeni \\u00d6l\\u00e7\\u00fcm hizmetlerimizi \\u00fcst d\\u00fczeyde mesleki ve teknik uygulamalarla y\\u00fcr\\u00fcterek y\\u00fcksek kalitede hizmet vermeyi, Y\\u00fcr\\u00fctmekte oldu\\u011fumuz Kalite Y\\u00f6netim Sistemi\\u2019ni TS EN ISO\\\/IEC 17020:2012 ve TS EN ISO\\\/IEC 17025:2017 standard\\u0131na ve T\\u00dcRKAK rehberlerine\",\"inLanguage\":\"tr-TR\",\"isPartOf\":{\"@id\":\"https:\\\/\\\/pintest.com.tr\\\/#website\"},\"breadcrumb\":{\"@id\":\"https:\\\/\\\/pintest.com.tr\\\/index.php\\\/kalite-politikamiz-2\\\/#breadcrumblist\"},\"datePublished\":\"2023-12-29T18:45:24+03:00\",\"dateModified\":\"2026-04-21T14:33:54+03:00\"},{\"@type\":\"WebSite\",\"@id\":\"https:\\\/\\\/pintest.com.tr\\\/#website\",\"url\":\"https:\\\/\\\/pintest.com.tr\\\/\",\"name\":\"Pintest M\\u00fchendislik\",\"description\":\"Uygunluk De\\u011ferlendirme Kurulu\\u015fu\",\"inLanguage\":\"tr-TR\",\"publisher\":{\"@id\":\"https:\\\/\\\/pintest.com.tr\\\/#organization\"}}]}\n\t\t<\/script>\n\t\t<!-- All in One SEO Pro -->\r\n\t\t<title>KAL\u0130TE POL\u0130T\u0130KAMIZ - Pintest M\u00fchendislik<\/title>\n\n","aioseo_head_json":{"title":"KAL\u0130TE POL\u0130T\u0130KAMIZ - Pintest M\u00fchendislik","description":"KAL\u0130TE POL\u0130T\u0130KAMIZ Pintest M\u00fchendislik olarak misyonumuz \u00e7er\u00e7evesinde m\u00fc\u015fterilerimizin kalite beklentilerini a\u015fan hizmet vermekteyiz. Bu do\u011frultuda benimsenmi\u015f kalite politikam\u0131z; Periyodik Muayene ve \u0130\u015f Hijyeni \u00d6l\u00e7\u00fcm hizmetlerimizi \u00fcst d\u00fczeyde mesleki ve teknik uygulamalarla y\u00fcr\u00fcterek y\u00fcksek kalitede hizmet vermeyi, Y\u00fcr\u00fctmekte oldu\u011fumuz Kalite Y\u00f6netim Sistemi\u2019ni TS EN ISO\/IEC 17020:2012 ve TS EN ISO\/IEC 17025:2017 standard\u0131na ve T\u00dcRKAK rehberlerine","canonical_url":"https:\/\/pintest.com.tr\/index.php\/kalite-politikamiz-2\/","robots":"max-image-preview:large","keywords":"","webmasterTools":{"google-site-verification":"Q4QTclIfGhhdyEzlAb1wftEv3qRfz1KW5mq8eV4NCpQ","miscellaneous":""},"schema":{"@context":"https:\/\/schema.org","@graph":[{"@type":"BreadcrumbList","@id":"https:\/\/pintest.com.tr\/index.php\/kalite-politikamiz-2\/#breadcrumblist","itemListElement":[{"@type":"ListItem","@id":"https:\/\/pintest.com.tr#listItem","position":2,"name":"Ana sayfa","item":"https:\/\/pintest.com.tr","nextItem":{"@type":"ListItem","@id":"https:\/\/pintest.com.tr\/index.php\/kalite-politikamiz-2\/#listItem","name":"KAL\u0130TE POL\u0130T\u0130KAMIZ"},"previousItem":{"@type":"ListItem","@id":"#listItem","name":"Pintest"}},{"@type":"ListItem","@id":"https:\/\/pintest.com.tr\/index.php\/kalite-politikamiz-2\/#listItem","position":3,"name":"KAL\u0130TE POL\u0130T\u0130KAMIZ","previousItem":{"@type":"ListItem","@id":"https:\/\/pintest.com.tr#listItem","name":"Ana sayfa"}}]},{"@type":"Organization","@id":"https:\/\/pintest.com.tr\/#organization","name":"Pintest M\u00fchendislik P\u0130NTEST M\u00dcHEND\u0130SL\u0130K","description":"Uygunluk De\u011ferlendirme Kurulu\u015fu Firmam\u0131z, i\u015f d\u00fcnyas\u0131na att\u0131\u011f\u0131 ilk ad\u0131mlarla i\u015f sa\u011fl\u0131\u011f\u0131 ve g\u00fcvenli\u011fi alan\u0131nda uzman kadrosuyla \u00f6nemli bir yer edinmi\u015ftir. \u015eirketimiz faaliyette bulundu\u011fu periyodik kontrol\/muayene, Akustik rapor, i\u015f hijyeni ve \u00e7evresel g\u00fcr\u00fclt\u00fc \u00f6l\u00e7\u00fcmleri sekt\u00f6rde rol \u00fcstlenmektedir. Pintest M\u00fchendislik olarak, faaliyet g\u00f6sterdi\u011fimiz alanda deneyimli kadrolar\u0131m\u0131zla beraber kurdu\u011fumuz g\u00fcvenilir ili\u015fkilerimiz \u00e7er\u00e7evesinde faaliyetlerimizi verimli bir \u015fekilde y\u00fcr\u00fct\u00fcyoruz. Tercih edilir olmam\u0131zdaki en \u00f6nemli etken donan\u0131ml\u0131 ve yetkin insan kayna\u011f\u0131m\u0131zd\u0131r. \u0130nsan ya\u015fam\u0131n\u0131n de\u011ferini benimseyen ve bu do\u011frultuda sekt\u00f6rlerde gerekli kontrol ve analizleri ger\u00e7ekle\u015ftirerek sa\u011fl\u0131kl\u0131 ve g\u00fcvenilir \u00e7al\u0131\u015fma ortam\u0131 olu\u015fturmay\u0131 ama\u00e7l\u0131yoruz.","url":"https:\/\/pintest.com.tr\/","telephone":"+905057458845","logo":{"@type":"ImageObject","url":"https:\/\/pintest.com.tr\/wp-content\/uploads\/2023\/12\/Pintest-Logo-Ana.png","@id":"https:\/\/pintest.com.tr\/index.php\/kalite-politikamiz-2\/#organizationLogo","width":150,"height":113},"image":{"@id":"https:\/\/pintest.com.tr\/index.php\/kalite-politikamiz-2\/#organizationLogo"},"sameAs":["https:\/\/www.facebook.com\/profile.php?id=61572533822690","https:\/\/www.instagram.com\/pintest.uygunluk.degerlendirme\/","https:\/\/www.linkedin.com\/company\/101180367\/admin\/dashboard\/"]},{"@type":"WebPage","@id":"https:\/\/pintest.com.tr\/index.php\/kalite-politikamiz-2\/#webpage","url":"https:\/\/pintest.com.tr\/index.php\/kalite-politikamiz-2\/","name":"KAL\u0130TE POL\u0130T\u0130KAMIZ - Pintest M\u00fchendislik","description":"KAL\u0130TE POL\u0130T\u0130KAMIZ Pintest M\u00fchendislik olarak misyonumuz \u00e7er\u00e7evesinde m\u00fc\u015fterilerimizin kalite beklentilerini a\u015fan hizmet vermekteyiz. Bu do\u011frultuda benimsenmi\u015f kalite politikam\u0131z; Periyodik Muayene ve \u0130\u015f Hijyeni \u00d6l\u00e7\u00fcm hizmetlerimizi \u00fcst d\u00fczeyde mesleki ve teknik uygulamalarla y\u00fcr\u00fcterek y\u00fcksek kalitede hizmet vermeyi, Y\u00fcr\u00fctmekte oldu\u011fumuz Kalite Y\u00f6netim Sistemi\u2019ni TS EN ISO\/IEC 17020:2012 ve TS EN ISO\/IEC 17025:2017 standard\u0131na ve T\u00dcRKAK rehberlerine","inLanguage":"tr-TR","isPartOf":{"@id":"https:\/\/pintest.com.tr\/#website"},"breadcrumb":{"@id":"https:\/\/pintest.com.tr\/index.php\/kalite-politikamiz-2\/#breadcrumblist"},"datePublished":"2023-12-29T18:45:24+03:00","dateModified":"2026-04-21T14:33:54+03:00"},{"@type":"WebSite","@id":"https:\/\/pintest.com.tr\/#website","url":"https:\/\/pintest.com.tr\/","name":"Pintest M\u00fchendislik","description":"Uygunluk De\u011ferlendirme Kurulu\u015fu","inLanguage":"tr-TR","publisher":{"@id":"https:\/\/pintest.com.tr\/#organization"}}]},"og:locale":"tr_TR","og:site_name":"Pintest M\u00fchendislik - Uygunluk De\u011ferlendirme Kurulu\u015fu","og:type":"article","og:title":"KAL\u0130TE POL\u0130T\u0130KAMIZ - Pintest M\u00fchendislik","og:description":"KAL\u0130TE POL\u0130T\u0130KAMIZ Pintest M\u00fchendislik olarak misyonumuz \u00e7er\u00e7evesinde m\u00fc\u015fterilerimizin kalite beklentilerini a\u015fan hizmet vermekteyiz. Bu do\u011frultuda benimsenmi\u015f kalite politikam\u0131z; Periyodik Muayene ve \u0130\u015f Hijyeni \u00d6l\u00e7\u00fcm hizmetlerimizi \u00fcst d\u00fczeyde mesleki ve teknik uygulamalarla y\u00fcr\u00fcterek y\u00fcksek kalitede hizmet vermeyi, Y\u00fcr\u00fctmekte oldu\u011fumuz Kalite Y\u00f6netim Sistemi\u2019ni TS EN ISO\/IEC 17020:2012 ve TS EN ISO\/IEC 17025:2017 standard\u0131na ve T\u00dcRKAK rehberlerine","og:url":"https:\/\/pintest.com.tr\/index.php\/kalite-politikamiz-2\/","og:image":"https:\/\/pintest.com.tr\/wp-content\/uploads\/2023\/12\/cropped-Pintest-Favicon.webp","og:image:secure_url":"https:\/\/pintest.com.tr\/wp-content\/uploads\/2023\/12\/cropped-Pintest-Favicon.webp","og:image:width":512,"og:image:height":512,"article:published_time":"2023-12-29T15:45:24+00:00","article:modified_time":"2026-04-21T11:33:54+00:00","article:publisher":"https:\/\/www.facebook.com\/profile.php?id=61572533822690","twitter:card":"summary_large_image","twitter:title":"KAL\u0130TE POL\u0130T\u0130KAMIZ - Pintest M\u00fchendislik","twitter:description":"KAL\u0130TE POL\u0130T\u0130KAMIZ Pintest M\u00fchendislik olarak misyonumuz \u00e7er\u00e7evesinde m\u00fc\u015fterilerimizin kalite beklentilerini a\u015fan hizmet vermekteyiz. Bu do\u011frultuda benimsenmi\u015f kalite politikam\u0131z; Periyodik Muayene ve \u0130\u015f Hijyeni \u00d6l\u00e7\u00fcm hizmetlerimizi \u00fcst d\u00fczeyde mesleki ve teknik uygulamalarla y\u00fcr\u00fcterek y\u00fcksek kalitede hizmet vermeyi, Y\u00fcr\u00fctmekte oldu\u011fumuz Kalite Y\u00f6netim Sistemi\u2019ni TS EN ISO\/IEC 17020:2012 ve TS EN ISO\/IEC 17025:2017 standard\u0131na ve T\u00dcRKAK rehberlerine","twitter:image":"https:\/\/pintest.com.tr\/wp-content\/uploads\/2023\/12\/cropped-Pintest-Favicon.webp"},"aioseo_meta_data":{"post_id":"1466","title":null,"description":null,"keywords":null,"keyphrases":{"focus":{"keyphrase":"","score":0,"analysis":{"keyphraseInTitle":{"score":0,"maxScore":9,"error":1}}},"additional":[]},"primary_term":null,"canonical_url":null,"og_title":null,"og_description":null,"og_object_type":"default","og_image_type":"default","og_image_url":null,"og_image_width":null,"og_image_height":null,"og_image_custom_url":null,"og_image_custom_fields":null,"og_video":"","og_custom_url":null,"og_article_section":null,"og_article_tags":null,"twitter_use_og":false,"twitter_card":"default","twitter_image_type":"default","twitter_image_url":null,"twitter_image_custom_url":null,"twitter_image_custom_fields":null,"twitter_title":null,"twitter_description":null,"schema":{"blockGraphs":[],"customGraphs":[],"default":{"data":{"Article":[],"Course":[],"Dataset":[],"FAQPage":[],"Movie":[],"Person":[],"Product":[],"ProductReview":[],"Car":[],"Recipe":[],"Service":[],"SoftwareApplication":[],"WebPage":[]},"graphName":"WebPage","isEnabled":true},"graphs":[]},"schema_type":"default","schema_type_options":null,"pillar_content":false,"robots_default":true,"robots_noindex":false,"robots_noarchive":false,"robots_nosnippet":false,"robots_nofollow":false,"robots_noimageindex":false,"robots_noodp":false,"robots_notranslate":false,"robots_max_snippet":"-1","robots_max_videopreview":"-1","robots_max_imagepreview":"large","priority":null,"frequency":"default","local_seo":null,"seo_analyzer_scan_date":"2026-04-21 22:44:38","breadcrumb_settings":null,"limit_modified_date":false,"reviewed_by":null,"open_ai":null,"ai":{"faqs":[],"keyPoints":[],"schemas":[],"titles":[],"descriptions":[],"socialPosts":{"email":[],"linkedin":[],"twitter":[],"facebook":[],"instagram":[]}},"created":"2025-04-15 07:19:32","updated":"2026-04-22 10:11:50"},"aioseo_breadcrumb":"<div class=\"aioseo-breadcrumbs\"><span class=\"aioseo-breadcrumb\">\n\tPintest\n<\/span><span class=\"aioseo-breadcrumb-separator\">\u2192<\/span><span class=\"aioseo-breadcrumb\">\n\t<a href=\"https:\/\/pintest.com.tr\" title=\"Ana sayfa\">Ana sayfa<\/a>\n<\/span><span class=\"aioseo-breadcrumb-separator\">\u2192<\/span><span class=\"aioseo-breadcrumb\">\n\tKAL\u0130TE POL\u0130T\u0130KAMIZ\n<\/span><\/div>","aioseo_breadcrumb_json":[{"label":"Pintest","link":""},{"label":"Ana sayfa","link":"https:\/\/pintest.com.tr"},{"label":"KAL\u0130TE POL\u0130T\u0130KAMIZ","link":"https:\/\/pintest.com.tr\/index.php\/kalite-politikamiz-2\/"}],"_links":{"self":[{"href":"https:\/\/pintest.com.tr\/index.php\/wp-json\/wp\/v2\/pages\/1466","targetHints":{"allow":["GET"]}}],"collection":[{"href":"https:\/\/pintest.com.tr\/index.php\/wp-json\/wp\/v2\/pages"}],"about":[{"href":"https:\/\/pintest.com.tr\/index.php\/wp-json\/wp\/v2\/types\/page"}],"author":[{"embeddable":true,"href":"https:\/\/pintest.com.tr\/index.php\/wp-json\/wp\/v2\/users\/1"}],"replies":[{"embeddable":true,"href":"https:\/\/pintest.com.tr\/index.php\/wp-json\/wp\/v2\/comments?post=1466"}],"version-history":[{"count":4,"href":"https:\/\/pintest.com.tr\/index.php\/wp-json\/wp\/v2\/pages\/1466\/revisions"}],"predecessor-version":[{"id":1898,"href":"https:\/\/pintest.com.tr\/index.php\/wp-json\/wp\/v2\/pages\/1466\/revisions\/1898"}],"wp:attachment":[{"href":"https:\/\/pintest.com.tr\/index.php\/wp-json\/wp\/v2\/media?parent=1466"}],"curies":[{"name":"wp","href":"https:\/\/api.w.org\/{rel}","templated":true}]}}