{"id":1487,"date":"2023-12-29T19:12:15","date_gmt":"2023-12-29T16:12:15","guid":{"rendered":"https:\/\/pintest.com.tr\/?page_id=1487"},"modified":"2026-03-03T13:04:57","modified_gmt":"2026-03-03T10:04:57","slug":"basincli-ekipmanlar-yonetmeligi-2","status":"publish","type":"page","link":"https:\/\/pintest.com.tr\/index.php\/basincli-ekipmanlar-yonetmeligi-2\/","title":{"rendered":"BASIN\u00c7LI EK\u0130PMANLAR Y\u00d6NETMEL\u0130\u011e\u0130"},"content":{"rendered":"<div class=\"wpb-content-wrapper\"><p>[vc_row][vc_column][vc_raw_html]JTNDaWZyYW1lJTIwc3JjJTNEJTIyaHR0cHMlM0ElMkYlMkZwaW50ZXN0LmNvbS50ciUyRndwLWNvbnRlbnQlMkZ1cGxvYWRzJTJGMjAyMyUyRjEyJTJGQkFTSU5DTEktRUtJUE1BTkxBUi1ZT05FVE1FTElHSS5wZGYlMjIlMjB3aWR0aCUzRCUyMjE0MDAlMjIlMjBoZWlnaHQlM0QlMjIyMDAwJTIyJTIwZnJhbWVib3JkZXIlM0QlMjIwJTIyJTIwbWFyZ2luaGVpZ2h0JTNEJTIyMCUyMiUyMG1hcmdpbndpZHRoJTNEJTIyMCUyMiUzRVklQzMlQkNrbGVuaXlvciVFMiU4MCVBNiUzQyUyRmlmcmFtZSUzRQ==[\/vc_raw_html][\/vc_column][\/vc_row]<\/p>\n<\/div>","protected":false},"excerpt":{"rendered":"<p>[vc_row][vc_column][vc_raw_html]JTNDaWZyYW1lJTIwc3JjJTNEJTIyaHR0cHMlM0ElMkYlMkZwaW50ZXN0LmNvbS50ciUyRndwLWNvbnRlbnQlMkZ1cGxvYWRzJTJGMjAyMyUyRjEyJTJGQkFTSU5DTEktRUtJUE1BTkxBUi1ZT05FVE1FTElHSS5wZGYlMjIlMjB3aWR0aCUzRCUyMjE0MDAlMjIlMjBoZWlnaHQlM0QlMjIyMDAwJTIyJTIwZnJhbWVib3JkZXIlM0QlMjIwJTIyJTIwbWFyZ2luaGVpZ2h0JTNEJTIyMCUyMiUyMG1hcmdpbndpZHRoJTNEJTIyMCUyMiUzRVklQzMlQkNrbGVuaXlvciVFMiU4MCVBNiUzQyUyRmlmcmFtZSUzRQ==[\/vc_raw_html][\/vc_column][\/vc_row]<\/p>\n","protected":false},"author":1,"featured_media":0,"parent":0,"menu_order":0,"comment_status":"closed","ping_status":"closed","template":"page-templates\/template-fullwidth.php","meta":{"om_disable_all_campaigns":false,"_monsterinsights_skip_tracking":false,"_monsterinsights_sitenote_active":false,"_monsterinsights_sitenote_note":"","_monsterinsights_sitenote_category":0,"footnotes":""},"class_list":["post-1487","page","type-page","status-publish","hentry"],"aioseo_notices":[],"aioseo_head":"\n\t\t<!-- All in One SEO Pro 4.9.6.2 - aioseo.com -->\n\t<meta name=\"description\" content=\"Y\u00fckleniyor\u2026 HAVA TANKI- KOMPRES\u00d6R- BUHAR KAZANI - KALOR\u0130FER KAZANI\" \/>\n\t<meta name=\"robots\" content=\"max-image-preview:large\" \/>\n\t<meta name=\"google-site-verification\" content=\"Q4QTclIfGhhdyEzlAb1wftEv3qRfz1KW5mq8eV4NCpQ\" \/>\n\t<link rel=\"canonical\" href=\"https:\/\/pintest.com.tr\/index.php\/basincli-ekipmanlar-yonetmeligi-2\/\" \/>\n\t<meta name=\"generator\" content=\"All in One SEO Pro (AIOSEO) 4.9.6.2\" \/>\n\t\t<meta property=\"og:locale\" content=\"tr_TR\" \/>\n\t\t<meta property=\"og:site_name\" content=\"Pintest M\u00fchendislik - Uygunluk De\u011ferlendirme Kurulu\u015fu\" \/>\n\t\t<meta property=\"og:type\" content=\"article\" \/>\n\t\t<meta property=\"og:title\" content=\"BASIN\u00c7LI EK\u0130PMANLAR Y\u00d6NETMEL\u0130\u011e\u0130 - Pintest M\u00fchendislik HAVA TANKI- KOMPRES\u00d6R- BUHAR KAZANI - KALOR\u0130FER KAZANI\" \/>\n\t\t<meta property=\"og:description\" content=\"Y\u00fckleniyor\u2026 HAVA TANKI- KOMPRES\u00d6R- BUHAR KAZANI - KALOR\u0130FER KAZANI\" \/>\n\t\t<meta property=\"og:url\" content=\"https:\/\/pintest.com.tr\/index.php\/basincli-ekipmanlar-yonetmeligi-2\/\" \/>\n\t\t<meta property=\"og:image\" content=\"https:\/\/pintest.com.tr\/wp-content\/uploads\/2023\/12\/cropped-Pintest-Favicon.webp\" \/>\n\t\t<meta property=\"og:image:secure_url\" content=\"https:\/\/pintest.com.tr\/wp-content\/uploads\/2023\/12\/cropped-Pintest-Favicon.webp\" \/>\n\t\t<meta property=\"og:image:width\" content=\"512\" \/>\n\t\t<meta property=\"og:image:height\" content=\"512\" \/>\n\t\t<meta property=\"article:published_time\" content=\"2023-12-29T16:12:15+00:00\" \/>\n\t\t<meta property=\"article:modified_time\" content=\"2026-03-03T10:04:57+00:00\" \/>\n\t\t<meta property=\"article:publisher\" content=\"https:\/\/www.facebook.com\/profile.php?id=61572533822690\" \/>\n\t\t<meta name=\"twitter:card\" content=\"summary_large_image\" \/>\n\t\t<meta name=\"twitter:title\" content=\"BASIN\u00c7LI EK\u0130PMANLAR Y\u00d6NETMEL\u0130\u011e\u0130 - Pintest M\u00fchendislik HAVA TANKI- KOMPRES\u00d6R- BUHAR KAZANI - KALOR\u0130FER KAZANI\" \/>\n\t\t<meta name=\"twitter:description\" content=\"Y\u00fckleniyor\u2026 HAVA TANKI- KOMPRES\u00d6R- BUHAR KAZANI - KALOR\u0130FER KAZANI\" \/>\n\t\t<meta name=\"twitter:image\" content=\"https:\/\/pintest.com.tr\/wp-content\/uploads\/2023\/12\/cropped-Pintest-Favicon.webp\" \/>\n\t\t<script type=\"application\/ld+json\" class=\"aioseo-schema\">\n\t\t\t{\"@context\":\"https:\\\/\\\/schema.org\",\"@graph\":[{\"@type\":\"BreadcrumbList\",\"@id\":\"https:\\\/\\\/pintest.com.tr\\\/index.php\\\/basincli-ekipmanlar-yonetmeligi-2\\\/#breadcrumblist\",\"itemListElement\":[{\"@type\":\"ListItem\",\"@id\":\"https:\\\/\\\/pintest.com.tr#listItem\",\"position\":2,\"name\":\"Ana sayfa\",\"item\":\"https:\\\/\\\/pintest.com.tr\",\"nextItem\":{\"@type\":\"ListItem\",\"@id\":\"https:\\\/\\\/pintest.com.tr\\\/index.php\\\/basincli-ekipmanlar-yonetmeligi-2\\\/#listItem\",\"name\":\"BASIN\\u00c7LI EK\\u0130PMANLAR Y\\u00d6NETMEL\\u0130\\u011e\\u0130\"},\"previousItem\":{\"@type\":\"ListItem\",\"@id\":\"#listItem\",\"name\":\"Pintest\"}},{\"@type\":\"ListItem\",\"@id\":\"https:\\\/\\\/pintest.com.tr\\\/index.php\\\/basincli-ekipmanlar-yonetmeligi-2\\\/#listItem\",\"position\":3,\"name\":\"BASIN\\u00c7LI EK\\u0130PMANLAR Y\\u00d6NETMEL\\u0130\\u011e\\u0130\",\"previousItem\":{\"@type\":\"ListItem\",\"@id\":\"https:\\\/\\\/pintest.com.tr#listItem\",\"name\":\"Ana sayfa\"}}]},{\"@type\":\"Organization\",\"@id\":\"https:\\\/\\\/pintest.com.tr\\\/#organization\",\"name\":\"Pintest M\\u00fchendislik P\\u0130NTEST M\\u00dcHEND\\u0130SL\\u0130K\",\"description\":\"Uygunluk De\\u011ferlendirme Kurulu\\u015fu Firmam\\u0131z, i\\u015f d\\u00fcnyas\\u0131na att\\u0131\\u011f\\u0131 ilk ad\\u0131mlarla i\\u015f sa\\u011fl\\u0131\\u011f\\u0131 ve g\\u00fcvenli\\u011fi alan\\u0131nda uzman kadrosuyla \\u00f6nemli bir yer edinmi\\u015ftir. \\u015eirketimiz faaliyette bulundu\\u011fu periyodik kontrol\\\/muayene, Akustik rapor, i\\u015f hijyeni ve \\u00e7evresel g\\u00fcr\\u00fclt\\u00fc \\u00f6l\\u00e7\\u00fcmleri sekt\\u00f6rde rol \\u00fcstlenmektedir. Pintest M\\u00fchendislik olarak, faaliyet g\\u00f6sterdi\\u011fimiz alanda deneyimli kadrolar\\u0131m\\u0131zla beraber kurdu\\u011fumuz g\\u00fcvenilir ili\\u015fkilerimiz \\u00e7er\\u00e7evesinde faaliyetlerimizi verimli bir \\u015fekilde y\\u00fcr\\u00fct\\u00fcyoruz. Tercih edilir olmam\\u0131zdaki en \\u00f6nemli etken donan\\u0131ml\\u0131 ve yetkin insan kayna\\u011f\\u0131m\\u0131zd\\u0131r. \\u0130nsan ya\\u015fam\\u0131n\\u0131n de\\u011ferini benimseyen ve bu do\\u011frultuda sekt\\u00f6rlerde gerekli kontrol ve analizleri ger\\u00e7ekle\\u015ftirerek sa\\u011fl\\u0131kl\\u0131 ve g\\u00fcvenilir \\u00e7al\\u0131\\u015fma ortam\\u0131 olu\\u015fturmay\\u0131 ama\\u00e7l\\u0131yoruz.\",\"url\":\"https:\\\/\\\/pintest.com.tr\\\/\",\"telephone\":\"+905057458845\",\"logo\":{\"@type\":\"ImageObject\",\"url\":\"https:\\\/\\\/pintest.com.tr\\\/wp-content\\\/uploads\\\/2023\\\/12\\\/Pintest-Logo-Ana.png\",\"@id\":\"https:\\\/\\\/pintest.com.tr\\\/index.php\\\/basincli-ekipmanlar-yonetmeligi-2\\\/#organizationLogo\",\"width\":150,\"height\":113},\"image\":{\"@id\":\"https:\\\/\\\/pintest.com.tr\\\/index.php\\\/basincli-ekipmanlar-yonetmeligi-2\\\/#organizationLogo\"},\"sameAs\":[\"https:\\\/\\\/www.facebook.com\\\/profile.php?id=61572533822690\",\"https:\\\/\\\/www.instagram.com\\\/pintest.uygunluk.degerlendirme\\\/\",\"https:\\\/\\\/www.linkedin.com\\\/company\\\/101180367\\\/admin\\\/dashboard\\\/\"]},{\"@type\":\"WebPage\",\"@id\":\"https:\\\/\\\/pintest.com.tr\\\/index.php\\\/basincli-ekipmanlar-yonetmeligi-2\\\/#webpage\",\"url\":\"https:\\\/\\\/pintest.com.tr\\\/index.php\\\/basincli-ekipmanlar-yonetmeligi-2\\\/\",\"name\":\"BASIN\\u00c7LI EK\\u0130PMANLAR Y\\u00d6NETMEL\\u0130\\u011e\\u0130 - Pintest M\\u00fchendislik HAVA TANKI- KOMPRES\\u00d6R- BUHAR KAZANI - KALOR\\u0130FER KAZANI\",\"description\":\"Y\\u00fckleniyor\\u2026 HAVA TANKI- KOMPRES\\u00d6R- BUHAR KAZANI - KALOR\\u0130FER KAZANI\",\"inLanguage\":\"tr-TR\",\"isPartOf\":{\"@id\":\"https:\\\/\\\/pintest.com.tr\\\/#website\"},\"breadcrumb\":{\"@id\":\"https:\\\/\\\/pintest.com.tr\\\/index.php\\\/basincli-ekipmanlar-yonetmeligi-2\\\/#breadcrumblist\"},\"datePublished\":\"2023-12-29T19:12:15+03:00\",\"dateModified\":\"2026-03-03T13:04:57+03:00\"},{\"@type\":\"WebSite\",\"@id\":\"https:\\\/\\\/pintest.com.tr\\\/#website\",\"url\":\"https:\\\/\\\/pintest.com.tr\\\/\",\"name\":\"Pintest M\\u00fchendislik\",\"description\":\"Uygunluk De\\u011ferlendirme Kurulu\\u015fu\",\"inLanguage\":\"tr-TR\",\"publisher\":{\"@id\":\"https:\\\/\\\/pintest.com.tr\\\/#organization\"}}]}\n\t\t<\/script>\n\t\t<!-- All in One SEO Pro -->\r\n\t\t<title>BASIN\u00c7LI EK\u0130PMANLAR Y\u00d6NETMEL\u0130\u011e\u0130 - Pintest M\u00fchendislik HAVA TANKI- KOMPRES\u00d6R- BUHAR KAZANI - KALOR\u0130FER KAZANI<\/title>\n\n","aioseo_head_json":{"title":"BASIN\u00c7LI EK\u0130PMANLAR Y\u00d6NETMEL\u0130\u011e\u0130 - Pintest M\u00fchendislik HAVA TANKI- KOMPRES\u00d6R- BUHAR KAZANI - KALOR\u0130FER KAZANI","description":"Y\u00fckleniyor\u2026 HAVA TANKI- KOMPRES\u00d6R- BUHAR KAZANI - KALOR\u0130FER KAZANI","canonical_url":"https:\/\/pintest.com.tr\/index.php\/basincli-ekipmanlar-yonetmeligi-2\/","robots":"max-image-preview:large","keywords":"","webmasterTools":{"google-site-verification":"Q4QTclIfGhhdyEzlAb1wftEv3qRfz1KW5mq8eV4NCpQ","miscellaneous":""},"schema":{"@context":"https:\/\/schema.org","@graph":[{"@type":"BreadcrumbList","@id":"https:\/\/pintest.com.tr\/index.php\/basincli-ekipmanlar-yonetmeligi-2\/#breadcrumblist","itemListElement":[{"@type":"ListItem","@id":"https:\/\/pintest.com.tr#listItem","position":2,"name":"Ana sayfa","item":"https:\/\/pintest.com.tr","nextItem":{"@type":"ListItem","@id":"https:\/\/pintest.com.tr\/index.php\/basincli-ekipmanlar-yonetmeligi-2\/#listItem","name":"BASIN\u00c7LI EK\u0130PMANLAR Y\u00d6NETMEL\u0130\u011e\u0130"},"previousItem":{"@type":"ListItem","@id":"#listItem","name":"Pintest"}},{"@type":"ListItem","@id":"https:\/\/pintest.com.tr\/index.php\/basincli-ekipmanlar-yonetmeligi-2\/#listItem","position":3,"name":"BASIN\u00c7LI EK\u0130PMANLAR Y\u00d6NETMEL\u0130\u011e\u0130","previousItem":{"@type":"ListItem","@id":"https:\/\/pintest.com.tr#listItem","name":"Ana sayfa"}}]},{"@type":"Organization","@id":"https:\/\/pintest.com.tr\/#organization","name":"Pintest M\u00fchendislik P\u0130NTEST M\u00dcHEND\u0130SL\u0130K","description":"Uygunluk De\u011ferlendirme Kurulu\u015fu Firmam\u0131z, i\u015f d\u00fcnyas\u0131na att\u0131\u011f\u0131 ilk ad\u0131mlarla i\u015f sa\u011fl\u0131\u011f\u0131 ve g\u00fcvenli\u011fi alan\u0131nda uzman kadrosuyla \u00f6nemli bir yer edinmi\u015ftir. \u015eirketimiz faaliyette bulundu\u011fu periyodik kontrol\/muayene, Akustik rapor, i\u015f hijyeni ve \u00e7evresel g\u00fcr\u00fclt\u00fc \u00f6l\u00e7\u00fcmleri sekt\u00f6rde rol \u00fcstlenmektedir. Pintest M\u00fchendislik olarak, faaliyet g\u00f6sterdi\u011fimiz alanda deneyimli kadrolar\u0131m\u0131zla beraber kurdu\u011fumuz g\u00fcvenilir ili\u015fkilerimiz \u00e7er\u00e7evesinde faaliyetlerimizi verimli bir \u015fekilde y\u00fcr\u00fct\u00fcyoruz. Tercih edilir olmam\u0131zdaki en \u00f6nemli etken donan\u0131ml\u0131 ve yetkin insan kayna\u011f\u0131m\u0131zd\u0131r. \u0130nsan ya\u015fam\u0131n\u0131n de\u011ferini benimseyen ve bu do\u011frultuda sekt\u00f6rlerde gerekli kontrol ve analizleri ger\u00e7ekle\u015ftirerek sa\u011fl\u0131kl\u0131 ve g\u00fcvenilir \u00e7al\u0131\u015fma ortam\u0131 olu\u015fturmay\u0131 ama\u00e7l\u0131yoruz.","url":"https:\/\/pintest.com.tr\/","telephone":"+905057458845","logo":{"@type":"ImageObject","url":"https:\/\/pintest.com.tr\/wp-content\/uploads\/2023\/12\/Pintest-Logo-Ana.png","@id":"https:\/\/pintest.com.tr\/index.php\/basincli-ekipmanlar-yonetmeligi-2\/#organizationLogo","width":150,"height":113},"image":{"@id":"https:\/\/pintest.com.tr\/index.php\/basincli-ekipmanlar-yonetmeligi-2\/#organizationLogo"},"sameAs":["https:\/\/www.facebook.com\/profile.php?id=61572533822690","https:\/\/www.instagram.com\/pintest.uygunluk.degerlendirme\/","https:\/\/www.linkedin.com\/company\/101180367\/admin\/dashboard\/"]},{"@type":"WebPage","@id":"https:\/\/pintest.com.tr\/index.php\/basincli-ekipmanlar-yonetmeligi-2\/#webpage","url":"https:\/\/pintest.com.tr\/index.php\/basincli-ekipmanlar-yonetmeligi-2\/","name":"BASIN\u00c7LI EK\u0130PMANLAR Y\u00d6NETMEL\u0130\u011e\u0130 - Pintest M\u00fchendislik HAVA TANKI- KOMPRES\u00d6R- BUHAR KAZANI - KALOR\u0130FER KAZANI","description":"Y\u00fckleniyor\u2026 HAVA TANKI- KOMPRES\u00d6R- BUHAR KAZANI - KALOR\u0130FER KAZANI","inLanguage":"tr-TR","isPartOf":{"@id":"https:\/\/pintest.com.tr\/#website"},"breadcrumb":{"@id":"https:\/\/pintest.com.tr\/index.php\/basincli-ekipmanlar-yonetmeligi-2\/#breadcrumblist"},"datePublished":"2023-12-29T19:12:15+03:00","dateModified":"2026-03-03T13:04:57+03:00"},{"@type":"WebSite","@id":"https:\/\/pintest.com.tr\/#website","url":"https:\/\/pintest.com.tr\/","name":"Pintest M\u00fchendislik","description":"Uygunluk De\u011ferlendirme Kurulu\u015fu","inLanguage":"tr-TR","publisher":{"@id":"https:\/\/pintest.com.tr\/#organization"}}]},"og:locale":"tr_TR","og:site_name":"Pintest M\u00fchendislik - Uygunluk De\u011ferlendirme Kurulu\u015fu","og:type":"article","og:title":"BASIN\u00c7LI EK\u0130PMANLAR Y\u00d6NETMEL\u0130\u011e\u0130 - Pintest M\u00fchendislik HAVA TANKI- KOMPRES\u00d6R- BUHAR KAZANI - KALOR\u0130FER KAZANI","og:description":"Y\u00fckleniyor\u2026 HAVA TANKI- KOMPRES\u00d6R- BUHAR KAZANI - KALOR\u0130FER KAZANI","og:url":"https:\/\/pintest.com.tr\/index.php\/basincli-ekipmanlar-yonetmeligi-2\/","og:image":"https:\/\/pintest.com.tr\/wp-content\/uploads\/2023\/12\/cropped-Pintest-Favicon.webp","og:image:secure_url":"https:\/\/pintest.com.tr\/wp-content\/uploads\/2023\/12\/cropped-Pintest-Favicon.webp","og:image:width":512,"og:image:height":512,"article:published_time":"2023-12-29T16:12:15+00:00","article:modified_time":"2026-03-03T10:04:57+00:00","article:publisher":"https:\/\/www.facebook.com\/profile.php?id=61572533822690","twitter:card":"summary_large_image","twitter:title":"BASIN\u00c7LI EK\u0130PMANLAR Y\u00d6NETMEL\u0130\u011e\u0130 - Pintest M\u00fchendislik HAVA TANKI- KOMPRES\u00d6R- BUHAR KAZANI - KALOR\u0130FER KAZANI","twitter:description":"Y\u00fckleniyor\u2026 HAVA TANKI- KOMPRES\u00d6R- BUHAR KAZANI - KALOR\u0130FER KAZANI","twitter:image":"https:\/\/pintest.com.tr\/wp-content\/uploads\/2023\/12\/cropped-Pintest-Favicon.webp"},"aioseo_meta_data":{"post_id":"1487","title":"#post_title #separator_sa #site_title HAVA TANKI- KOMPRES\u00d6R- BUHAR KAZANI - KALOR\u0130FER KAZANI","description":"#post_content HAVA TANKI- KOMPRES\u00d6R- BUHAR KAZANI - KALOR\u0130FER KAZANI","keywords":null,"keyphrases":{"focus":{"keyphrase":"HAVA TANKI","score":62,"analysis":{"keyphraseInTitle":{"score":9,"maxScore":9,"error":0},"keyphraseInDescription":{"score":9,"maxScore":9,"error":0},"keyphraseLength":{"score":9,"maxScore":9,"error":0,"length":2},"keyphraseInURL":{"score":1,"maxScore":5,"error":1},"keyphraseInIntroduction":{"score":3,"maxScore":9,"error":1},"keyphraseInSubHeadings":[],"keyphraseInImageAlt":[],"keywordDensity":{"score":0,"type":"low","maxScore":9,"error":1}}},"additional":[{"keyphrase":"KOMPRES\u00d6R","score":58,"analysis":{"keyphraseInDescription":{"score":9,"maxScore":9,"error":0},"keyphraseLength":{"score":9,"maxScore":9,"error":0,"length":2},"keyphraseInIntroduction":{"score":3,"maxScore":9,"error":1},"keyphraseInImageAlt":[],"keywordDensity":{"score":0,"type":"low","maxScore":9,"error":1}}},{"keyphrase":"KAZAN","score":42,"analysis":{"keyphraseInDescription":{"score":3,"maxScore":9,"error":1},"keyphraseLength":{"score":9,"maxScore":9,"error":0,"length":1},"keyphraseInIntroduction":{"score":3,"maxScore":9,"error":1},"keyphraseInImageAlt":[],"keywordDensity":{"score":0,"type":"low","maxScore":9,"error":1}}}]},"primary_term":null,"canonical_url":null,"og_title":null,"og_description":null,"og_object_type":"default","og_image_type":"default","og_image_url":null,"og_image_width":null,"og_image_height":null,"og_image_custom_url":null,"og_image_custom_fields":null,"og_video":"","og_custom_url":null,"og_article_section":null,"og_article_tags":null,"twitter_use_og":false,"twitter_card":"default","twitter_image_type":"default","twitter_image_url":null,"twitter_image_custom_url":null,"twitter_image_custom_fields":null,"twitter_title":null,"twitter_description":null,"schema":{"blockGraphs":[],"customGraphs":[],"default":{"data":{"Article":[],"Course":[],"Dataset":[],"FAQPage":[],"Movie":[],"Person":[],"Product":[],"ProductReview":[],"Car":[],"Recipe":[],"Service":[],"SoftwareApplication":[],"WebPage":[]},"graphName":"WebPage","isEnabled":true},"graphs":[]},"schema_type":"default","schema_type_options":null,"pillar_content":false,"robots_default":true,"robots_noindex":false,"robots_noarchive":false,"robots_nosnippet":false,"robots_nofollow":false,"robots_noimageindex":false,"robots_noodp":false,"robots_notranslate":false,"robots_max_snippet":"-1","robots_max_videopreview":"-1","robots_max_imagepreview":"large","priority":null,"frequency":"default","local_seo":null,"seo_analyzer_scan_date":"2026-03-03 10:45:29","breadcrumb_settings":null,"limit_modified_date":false,"reviewed_by":"0","open_ai":null,"ai":{"faqs":[],"keyPoints":[],"titles":[],"descriptions":[],"socialPosts":{"email":[],"linkedin":[],"twitter":[],"facebook":[],"instagram":[]}},"created":"2025-04-15 07:22:20","updated":"2026-03-03 10:45:29"},"aioseo_breadcrumb":"<div class=\"aioseo-breadcrumbs\"><span class=\"aioseo-breadcrumb\">\n\tPintest\n<\/span><span class=\"aioseo-breadcrumb-separator\">\u2192<\/span><span class=\"aioseo-breadcrumb\">\n\t<a href=\"https:\/\/pintest.com.tr\" title=\"Ana sayfa\">Ana sayfa<\/a>\n<\/span><span class=\"aioseo-breadcrumb-separator\">\u2192<\/span><span class=\"aioseo-breadcrumb\">\n\tBASIN\u00c7LI EK\u0130PMANLAR Y\u00d6NETMEL\u0130\u011e\u0130\n<\/span><\/div>","aioseo_breadcrumb_json":[{"label":"Pintest","link":""},{"label":"Ana sayfa","link":"https:\/\/pintest.com.tr"},{"label":"BASIN\u00c7LI EK\u0130PMANLAR Y\u00d6NETMEL\u0130\u011e\u0130","link":"https:\/\/pintest.com.tr\/index.php\/basincli-ekipmanlar-yonetmeligi-2\/"}],"_links":{"self":[{"href":"https:\/\/pintest.com.tr\/index.php\/wp-json\/wp\/v2\/pages\/1487","targetHints":{"allow":["GET"]}}],"collection":[{"href":"https:\/\/pintest.com.tr\/index.php\/wp-json\/wp\/v2\/pages"}],"about":[{"href":"https:\/\/pintest.com.tr\/index.php\/wp-json\/wp\/v2\/types\/page"}],"author":[{"embeddable":true,"href":"https:\/\/pintest.com.tr\/index.php\/wp-json\/wp\/v2\/users\/1"}],"replies":[{"embeddable":true,"href":"https:\/\/pintest.com.tr\/index.php\/wp-json\/wp\/v2\/comments?post=1487"}],"version-history":[{"count":3,"href":"https:\/\/pintest.com.tr\/index.php\/wp-json\/wp\/v2\/pages\/1487\/revisions"}],"predecessor-version":[{"id":1893,"href":"https:\/\/pintest.com.tr\/index.php\/wp-json\/wp\/v2\/pages\/1487\/revisions\/1893"}],"wp:attachment":[{"href":"https:\/\/pintest.com.tr\/index.php\/wp-json\/wp\/v2\/media?parent=1487"}],"curies":[{"name":"wp","href":"https:\/\/api.w.org\/{rel}","templated":true}]}}