{"id":1520,"date":"2023-12-29T20:13:30","date_gmt":"2023-12-29T17:13:30","guid":{"rendered":"https:\/\/pintest.com.tr\/?page_id=1520"},"modified":"2024-01-30T13:15:43","modified_gmt":"2024-01-30T10:15:43","slug":"teklif-al","status":"publish","type":"page","link":"https:\/\/pintest.com.tr\/index.php\/teklif-al\/","title":{"rendered":"TEKL\u0130F AL"},"content":{"rendered":"<div class=\"wpb-content-wrapper\"><p>[vc_row][vc_column]\n<div class=\"wpcf7 no-js\" id=\"wpcf7-f1519-o1\" lang=\"tr-TR\" dir=\"ltr\" data-wpcf7-id=\"1519\">\n<div class=\"screen-reader-response\"><p role=\"status\" aria-live=\"polite\" aria-atomic=\"true\"><\/p> <ul><\/ul><\/div>\n<form action=\"\/index.php\/wp-json\/wp\/v2\/pages\/1520#wpcf7-f1519-o1\" method=\"post\" class=\"wpcf7-form init\" aria-label=\"\u0130leti\u015fim Formu\" novalidate=\"novalidate\" data-status=\"init\">\n<fieldset class=\"hidden-fields-container\"><input type=\"hidden\" name=\"_wpcf7\" value=\"1519\" \/><input type=\"hidden\" name=\"_wpcf7_version\" value=\"6.1\" \/><input type=\"hidden\" name=\"_wpcf7_locale\" value=\"tr_TR\" \/><input type=\"hidden\" name=\"_wpcf7_unit_tag\" value=\"wpcf7-f1519-o1\" \/><input type=\"hidden\" name=\"_wpcf7_container_post\" value=\"0\" \/><input type=\"hidden\" name=\"_wpcf7_posted_data_hash\" value=\"\" \/>\n<\/fieldset>\n<p><label><strong> Ad\u0131n\u0131z Soyad\u0131n\u0131z <\/strong>Yetkili Ki\u015fi(gerekli)<br \/>\n<span class=\"wpcf7-form-control-wrap\" data-name=\"your-name\"><input size=\"40\" maxlength=\"400\" class=\"wpcf7-form-control wpcf7-text wpcf7-validates-as-required\" aria-required=\"true\" aria-invalid=\"false\" value=\"\" type=\"text\" name=\"your-name\" \/><\/span> <\/label>\n<\/p>\n<p><label><strong> Firma Ad\u0131<\/strong> (gerekli)<br \/>\n<span class=\"wpcf7-form-control-wrap\" data-name=\"text-666\"><input size=\"40\" maxlength=\"400\" class=\"wpcf7-form-control wpcf7-text wpcf7-validates-as-required\" aria-required=\"true\" aria-invalid=\"false\" value=\"\" type=\"text\" name=\"text-666\" \/><\/span> <\/label>\n<\/p>\n<p><label><strong> E-posta adresiniz <\/strong>(gerekli)<br \/>\n<span class=\"wpcf7-form-control-wrap\" data-name=\"your-email\"><input size=\"40\" maxlength=\"400\" class=\"wpcf7-form-control wpcf7-email wpcf7-validates-as-required wpcf7-text wpcf7-validates-as-email\" aria-required=\"true\" aria-invalid=\"false\" value=\"\" type=\"email\" name=\"your-email\" \/><\/span> <\/label>\n<\/p>\n<p><label> <strong>Telefon Numaran\u0131z<\/strong><br \/>\n<span class=\"wpcf7-form-control-wrap\" data-name=\"tel-76\"><input size=\"40\" maxlength=\"400\" class=\"wpcf7-form-control wpcf7-tel wpcf7-text wpcf7-validates-as-tel\" aria-invalid=\"false\" value=\"\" type=\"tel\" name=\"tel-76\" \/><\/span> <\/label>\n<\/p>\n<p><strong> Almak \u0130stedi\u011finiz Hizmet\/Hizmetler<\/strong><br \/>\n<span class=\"wpcf7-form-control-wrap\" data-name=\"hizmet\"><span class=\"wpcf7-form-control wpcf7-checkbox wpcf7-validates-as-required\"><span class=\"wpcf7-list-item first\"><input type=\"checkbox\" name=\"hizmet[]\" value=\"ELEKTR\u0130K KONTROL VE \u00d6L\u00c7\u00dcMLER\u0130\" \/><span class=\"wpcf7-list-item-label\">ELEKTR\u0130K KONTROL VE \u00d6L\u00c7\u00dcMLER\u0130<\/span><\/span><span class=\"wpcf7-list-item\"><input type=\"checkbox\" name=\"hizmet[]\" value=\"KALDIRMA VE \u0130LETME EK\u0130PMANLARI\" \/><span class=\"wpcf7-list-item-label\">KALDIRMA VE \u0130LETME EK\u0130PMANLARI<\/span><\/span><span class=\"wpcf7-list-item\"><input type=\"checkbox\" name=\"hizmet[]\" value=\"BASIN\u00c7LI KAPLAR VE TES\u0130SATLAR\" \/><span class=\"wpcf7-list-item-label\">BASIN\u00c7LI KAPLAR VE TES\u0130SATLAR<\/span><\/span><span class=\"wpcf7-list-item\"><input type=\"checkbox\" name=\"hizmet[]\" value=\"\u0130\u015e MAK\u0130NELER\u0130N\u0130N PER\u0130YOD\u0130K MUAYENES\u0130\" \/><span class=\"wpcf7-list-item-label\">\u0130\u015e MAK\u0130NELER\u0130N\u0130N PER\u0130YOD\u0130K MUAYENES\u0130<\/span><\/span><span class=\"wpcf7-list-item\"><input type=\"checkbox\" name=\"hizmet[]\" value=\"MEKAN\u0130K TES\u0130SAT KONTROLLER\u0130\" \/><span class=\"wpcf7-list-item-label\">MEKAN\u0130K TES\u0130SAT KONTROLLER\u0130<\/span><\/span><span class=\"wpcf7-list-item\"><input type=\"checkbox\" name=\"hizmet[]\" value=\"RAF, MAK\u0130NE VE TEZGAH KONTROLLER\u0130\" \/><span class=\"wpcf7-list-item-label\">RAF, MAK\u0130NE VE TEZGAH KONTROLLER\u0130<\/span><\/span><span class=\"wpcf7-list-item\"><input type=\"checkbox\" name=\"hizmet[]\" value=\"\u0130\u015e H\u0130JYEN\u0130-ORTAM \u00d6L\u00c7\u00dcM\u00dc\" \/><span class=\"wpcf7-list-item-label\">\u0130\u015e H\u0130JYEN\u0130-ORTAM \u00d6L\u00c7\u00dcM\u00dc<\/span><\/span><span class=\"wpcf7-list-item\"><input type=\"checkbox\" name=\"hizmet[]\" value=\"\u00c7EVRESEL G\u00dcR\u00dcLT\u00dc \u00d6L\u00c7\u00dcM\u00dc\" \/><span class=\"wpcf7-list-item-label\">\u00c7EVRESEL G\u00dcR\u00dcLT\u00dc \u00d6L\u00c7\u00dcM\u00dc<\/span><\/span><span class=\"wpcf7-list-item last\"><input type=\"checkbox\" name=\"hizmet[]\" value=\"\u0130\u00c7ME SUYU ANAL\u0130Z\u0130\" \/><span class=\"wpcf7-list-item-label\">\u0130\u00c7ME SUYU ANAL\u0130Z\u0130<\/span><\/span><\/span><\/span>\n<\/p>\n<p><label><strong> \u0130letiniz<\/strong><br \/>\n<span class=\"wpcf7-form-control-wrap\" data-name=\"your-message\"><textarea cols=\"40\" rows=\"10\" maxlength=\"2000\" class=\"wpcf7-form-control wpcf7-textarea\" aria-invalid=\"false\" name=\"your-message\"><\/textarea><\/span> <\/label>\n<\/p>\n<p><input class=\"wpcf7-form-control wpcf7-submit has-spinner\" type=\"submit\" value=\"G\u00f6nder\" \/>\n<\/p><div class=\"wpcf7-response-output\" aria-hidden=\"true\"><\/div>\n<\/form>\n<\/div>\n[\/vc_column][\/vc_row][vc_row][vc_column][vc_raw_html]JTNDaGVhZCUzRSUwQSUyMCUyMCUyMCUyMCUzQ3N0eWxlJTNFJTBBJTBBJTIwJTIwJTIwJTIwJTIwJTIwJTIwJTIwLndwY2Y3LWxpc3QtaXRlbSUyMCU3QiUwQSUyMCUyMCUyMCUyMCUyMCUyMCUyMCUyMCUyMCUyMCUyMCUyMGRpc3BsYXklM0ElMjBibG9jayUyMWltcG9ydGFudCUzQiUwQSUyMCUyMCUyMCUyMCUyMCUyMCUyMCUyMCU3RCUwQSUwQSUyMCUyMCUyMCUyMCUzQyUyRnN0eWxlJTNFJTBBJTNDJTJGaGVhZCUzRQ==[\/vc_raw_html][\/vc_column][\/vc_row]<\/p>\n<\/div>","protected":false},"excerpt":{"rendered":"<p>[vc_row][vc_column][\/vc_column][\/vc_row][vc_row][vc_column][vc_raw_html]JTNDaGVhZCUzRSUwQSUyMCUyMCUyMCUyMCUzQ3N0eWxlJTNFJTBBJTBBJTIwJTIwJTIwJTIwJTIwJTIwJTIwJTIwLndwY2Y3LWxpc3QtaXRlbSUyMCU3QiUwQSUyMCUyMCUyMCUyMCUyMCUyMCUyMCUyMCUyMCUyMCUyMCUyMGRpc3BsYXklM0ElMjBibG9jayUyMWltcG9ydGFudCUzQiUwQSUyMCUyMCUyMCUyMCUyMCUyMCUyMCUyMCU3RCUwQSUwQSUyMCUyMCUyMCUyMCUzQyUyRnN0eWxlJTNFJTBBJTNDJTJGaGVhZCUzRQ==[\/vc_raw_html][\/vc_column][\/vc_row]<\/p>\n","protected":false},"author":1,"featured_media":0,"parent":0,"menu_order":0,"comment_status":"closed","ping_status":"closed","template":"","meta":{"om_disable_all_campaigns":false,"_monsterinsights_skip_tracking":false,"_monsterinsights_sitenote_active":false,"_monsterinsights_sitenote_note":"","_monsterinsights_sitenote_category":0,"footnotes":""},"class_list":["post-1520","page","type-page","status-publish","hentry"],"aioseo_notices":[],"aioseo_head":"\n\t\t<!-- All in One SEO Pro 4.9.6 - aioseo.com -->\n\t<meta name=\"description\" content=\"Ad\u0131n\u0131z Soyad\u0131n\u0131z Yetkili Ki\u015fi(gerekli) Firma Ad\u0131 (gerekli) E-posta adresiniz (gerekli) Telefon Numaran\u0131z Almak \u0130stedi\u011finiz Hizmet\/Hizmetler ELEKTR\u0130K KONTROL VE \u00d6L\u00c7\u00dcMLER\u0130KALDIRMA VE \u0130LETME EK\u0130PMANLARIBASIN\u00c7LI KAPLAR VE TES\u0130SATLAR\u0130\u015e MAK\u0130NELER\u0130N\u0130N PER\u0130YOD\u0130K MUAYENES\u0130MEKAN\u0130K TES\u0130SAT KONTROLLER\u0130RAF, MAK\u0130NE VE TEZGAH KONTROLLER\u0130\u0130\u015e H\u0130JYEN\u0130-ORTAM \u00d6L\u00c7\u00dcM\u00dc\u00c7EVRESEL G\u00dcR\u00dcLT\u00dc \u00d6L\u00c7\u00dcM\u00dc\u0130\u00c7ME SUYU ANAL\u0130Z\u0130 \u0130letiniz\" \/>\n\t<meta name=\"robots\" content=\"max-image-preview:large\" \/>\n\t<meta name=\"google-site-verification\" content=\"Q4QTclIfGhhdyEzlAb1wftEv3qRfz1KW5mq8eV4NCpQ\" \/>\n\t<link rel=\"canonical\" href=\"https:\/\/pintest.com.tr\/index.php\/teklif-al\/\" \/>\n\t<meta name=\"generator\" content=\"All in One SEO Pro (AIOSEO) 4.9.6\" \/>\n\t\t<meta property=\"og:locale\" content=\"tr_TR\" \/>\n\t\t<meta property=\"og:site_name\" content=\"Pintest M\u00fchendislik - Uygunluk De\u011ferlendirme Kurulu\u015fu\" \/>\n\t\t<meta property=\"og:type\" content=\"article\" \/>\n\t\t<meta property=\"og:title\" content=\"TEKL\u0130F AL - Pintest M\u00fchendislik\" \/>\n\t\t<meta property=\"og:description\" content=\"Ad\u0131n\u0131z Soyad\u0131n\u0131z Yetkili Ki\u015fi(gerekli) Firma Ad\u0131 (gerekli) E-posta adresiniz (gerekli) Telefon Numaran\u0131z Almak \u0130stedi\u011finiz Hizmet\/Hizmetler ELEKTR\u0130K KONTROL VE \u00d6L\u00c7\u00dcMLER\u0130KALDIRMA VE \u0130LETME EK\u0130PMANLARIBASIN\u00c7LI KAPLAR VE TES\u0130SATLAR\u0130\u015e MAK\u0130NELER\u0130N\u0130N PER\u0130YOD\u0130K MUAYENES\u0130MEKAN\u0130K TES\u0130SAT KONTROLLER\u0130RAF, MAK\u0130NE VE TEZGAH KONTROLLER\u0130\u0130\u015e H\u0130JYEN\u0130-ORTAM \u00d6L\u00c7\u00dcM\u00dc\u00c7EVRESEL G\u00dcR\u00dcLT\u00dc \u00d6L\u00c7\u00dcM\u00dc\u0130\u00c7ME SUYU ANAL\u0130Z\u0130 \u0130letiniz\" \/>\n\t\t<meta property=\"og:url\" content=\"https:\/\/pintest.com.tr\/index.php\/teklif-al\/\" \/>\n\t\t<meta property=\"og:image\" content=\"https:\/\/pintest.com.tr\/wp-content\/uploads\/2023\/12\/cropped-Pintest-Favicon.webp\" \/>\n\t\t<meta property=\"og:image:secure_url\" content=\"https:\/\/pintest.com.tr\/wp-content\/uploads\/2023\/12\/cropped-Pintest-Favicon.webp\" \/>\n\t\t<meta property=\"og:image:width\" content=\"512\" \/>\n\t\t<meta property=\"og:image:height\" content=\"512\" \/>\n\t\t<meta property=\"article:published_time\" content=\"2023-12-29T17:13:30+00:00\" \/>\n\t\t<meta property=\"article:modified_time\" content=\"2024-01-30T10:15:43+00:00\" \/>\n\t\t<meta property=\"article:publisher\" content=\"https:\/\/www.facebook.com\/profile.php?id=61572533822690\" \/>\n\t\t<meta name=\"twitter:card\" content=\"summary_large_image\" \/>\n\t\t<meta name=\"twitter:title\" content=\"TEKL\u0130F AL - Pintest M\u00fchendislik\" \/>\n\t\t<meta name=\"twitter:description\" content=\"Ad\u0131n\u0131z Soyad\u0131n\u0131z Yetkili Ki\u015fi(gerekli) Firma Ad\u0131 (gerekli) E-posta adresiniz (gerekli) Telefon Numaran\u0131z Almak \u0130stedi\u011finiz Hizmet\/Hizmetler ELEKTR\u0130K KONTROL VE \u00d6L\u00c7\u00dcMLER\u0130KALDIRMA VE \u0130LETME EK\u0130PMANLARIBASIN\u00c7LI KAPLAR VE TES\u0130SATLAR\u0130\u015e MAK\u0130NELER\u0130N\u0130N PER\u0130YOD\u0130K MUAYENES\u0130MEKAN\u0130K TES\u0130SAT KONTROLLER\u0130RAF, MAK\u0130NE VE TEZGAH KONTROLLER\u0130\u0130\u015e H\u0130JYEN\u0130-ORTAM \u00d6L\u00c7\u00dcM\u00dc\u00c7EVRESEL G\u00dcR\u00dcLT\u00dc \u00d6L\u00c7\u00dcM\u00dc\u0130\u00c7ME SUYU ANAL\u0130Z\u0130 \u0130letiniz\" \/>\n\t\t<meta name=\"twitter:image\" content=\"https:\/\/pintest.com.tr\/wp-content\/uploads\/2023\/12\/cropped-Pintest-Favicon.webp\" \/>\n\t\t<script type=\"application\/ld+json\" class=\"aioseo-schema\">\n\t\t\t{\"@context\":\"https:\\\/\\\/schema.org\",\"@graph\":[{\"@type\":\"BreadcrumbList\",\"@id\":\"https:\\\/\\\/pintest.com.tr\\\/index.php\\\/teklif-al\\\/#breadcrumblist\",\"itemListElement\":[{\"@type\":\"ListItem\",\"@id\":\"https:\\\/\\\/pintest.com.tr#listItem\",\"position\":2,\"name\":\"Ana sayfa\",\"item\":\"https:\\\/\\\/pintest.com.tr\",\"nextItem\":{\"@type\":\"ListItem\",\"@id\":\"https:\\\/\\\/pintest.com.tr\\\/index.php\\\/teklif-al\\\/#listItem\",\"name\":\"TEKL\\u0130F AL\"},\"previousItem\":{\"@type\":\"ListItem\",\"@id\":\"#listItem\",\"name\":\"Pintest\"}},{\"@type\":\"ListItem\",\"@id\":\"https:\\\/\\\/pintest.com.tr\\\/index.php\\\/teklif-al\\\/#listItem\",\"position\":3,\"name\":\"TEKL\\u0130F AL\",\"previousItem\":{\"@type\":\"ListItem\",\"@id\":\"https:\\\/\\\/pintest.com.tr#listItem\",\"name\":\"Ana sayfa\"}}]},{\"@type\":\"Organization\",\"@id\":\"https:\\\/\\\/pintest.com.tr\\\/#organization\",\"name\":\"Pintest M\\u00fchendislik P\\u0130NTEST M\\u00dcHEND\\u0130SL\\u0130K\",\"description\":\"Uygunluk De\\u011ferlendirme Kurulu\\u015fu Firmam\\u0131z, i\\u015f d\\u00fcnyas\\u0131na att\\u0131\\u011f\\u0131 ilk ad\\u0131mlarla i\\u015f sa\\u011fl\\u0131\\u011f\\u0131 ve g\\u00fcvenli\\u011fi alan\\u0131nda uzman kadrosuyla \\u00f6nemli bir yer edinmi\\u015ftir. \\u015eirketimiz faaliyette bulundu\\u011fu periyodik kontrol\\\/muayene, Akustik rapor, i\\u015f hijyeni ve \\u00e7evresel g\\u00fcr\\u00fclt\\u00fc \\u00f6l\\u00e7\\u00fcmleri sekt\\u00f6rde rol \\u00fcstlenmektedir. Pintest M\\u00fchendislik olarak, faaliyet g\\u00f6sterdi\\u011fimiz alanda deneyimli kadrolar\\u0131m\\u0131zla beraber kurdu\\u011fumuz g\\u00fcvenilir ili\\u015fkilerimiz \\u00e7er\\u00e7evesinde faaliyetlerimizi verimli bir \\u015fekilde y\\u00fcr\\u00fct\\u00fcyoruz. Tercih edilir olmam\\u0131zdaki en \\u00f6nemli etken donan\\u0131ml\\u0131 ve yetkin insan kayna\\u011f\\u0131m\\u0131zd\\u0131r. \\u0130nsan ya\\u015fam\\u0131n\\u0131n de\\u011ferini benimseyen ve bu do\\u011frultuda sekt\\u00f6rlerde gerekli kontrol ve analizleri ger\\u00e7ekle\\u015ftirerek sa\\u011fl\\u0131kl\\u0131 ve g\\u00fcvenilir \\u00e7al\\u0131\\u015fma ortam\\u0131 olu\\u015fturmay\\u0131 ama\\u00e7l\\u0131yoruz.\",\"url\":\"https:\\\/\\\/pintest.com.tr\\\/\",\"telephone\":\"+905057458845\",\"logo\":{\"@type\":\"ImageObject\",\"url\":\"https:\\\/\\\/pintest.com.tr\\\/wp-content\\\/uploads\\\/2023\\\/12\\\/Pintest-Logo-Ana.png\",\"@id\":\"https:\\\/\\\/pintest.com.tr\\\/index.php\\\/teklif-al\\\/#organizationLogo\",\"width\":150,\"height\":113},\"image\":{\"@id\":\"https:\\\/\\\/pintest.com.tr\\\/index.php\\\/teklif-al\\\/#organizationLogo\"},\"sameAs\":[\"https:\\\/\\\/www.facebook.com\\\/profile.php?id=61572533822690\",\"https:\\\/\\\/www.instagram.com\\\/pintest.uygunluk.degerlendirme\\\/\",\"https:\\\/\\\/www.linkedin.com\\\/company\\\/101180367\\\/admin\\\/dashboard\\\/\"]},{\"@type\":\"WebPage\",\"@id\":\"https:\\\/\\\/pintest.com.tr\\\/index.php\\\/teklif-al\\\/#webpage\",\"url\":\"https:\\\/\\\/pintest.com.tr\\\/index.php\\\/teklif-al\\\/\",\"name\":\"TEKL\\u0130F AL - Pintest M\\u00fchendislik\",\"description\":\"Ad\\u0131n\\u0131z Soyad\\u0131n\\u0131z Yetkili Ki\\u015fi(gerekli) Firma Ad\\u0131 (gerekli) E-posta adresiniz (gerekli) Telefon Numaran\\u0131z Almak \\u0130stedi\\u011finiz Hizmet\\\/Hizmetler ELEKTR\\u0130K KONTROL VE \\u00d6L\\u00c7\\u00dcMLER\\u0130KALDIRMA VE \\u0130LETME EK\\u0130PMANLARIBASIN\\u00c7LI KAPLAR VE TES\\u0130SATLAR\\u0130\\u015e MAK\\u0130NELER\\u0130N\\u0130N PER\\u0130YOD\\u0130K MUAYENES\\u0130MEKAN\\u0130K TES\\u0130SAT KONTROLLER\\u0130RAF, MAK\\u0130NE VE TEZGAH KONTROLLER\\u0130\\u0130\\u015e H\\u0130JYEN\\u0130-ORTAM \\u00d6L\\u00c7\\u00dcM\\u00dc\\u00c7EVRESEL G\\u00dcR\\u00dcLT\\u00dc \\u00d6L\\u00c7\\u00dcM\\u00dc\\u0130\\u00c7ME SUYU ANAL\\u0130Z\\u0130 \\u0130letiniz\",\"inLanguage\":\"tr-TR\",\"isPartOf\":{\"@id\":\"https:\\\/\\\/pintest.com.tr\\\/#website\"},\"breadcrumb\":{\"@id\":\"https:\\\/\\\/pintest.com.tr\\\/index.php\\\/teklif-al\\\/#breadcrumblist\"},\"datePublished\":\"2023-12-29T20:13:30+03:00\",\"dateModified\":\"2024-01-30T13:15:43+03:00\"},{\"@type\":\"WebSite\",\"@id\":\"https:\\\/\\\/pintest.com.tr\\\/#website\",\"url\":\"https:\\\/\\\/pintest.com.tr\\\/\",\"name\":\"Pintest M\\u00fchendislik\",\"description\":\"Uygunluk De\\u011ferlendirme Kurulu\\u015fu\",\"inLanguage\":\"tr-TR\",\"publisher\":{\"@id\":\"https:\\\/\\\/pintest.com.tr\\\/#organization\"}}]}\n\t\t<\/script>\n\t\t<!-- All in One SEO Pro -->\r\n\t\t<title>TEKL\u0130F AL - Pintest M\u00fchendislik<\/title>\n\n","aioseo_head_json":{"title":"TEKL\u0130F AL - Pintest M\u00fchendislik","description":"Ad\u0131n\u0131z Soyad\u0131n\u0131z Yetkili Ki\u015fi(gerekli) Firma Ad\u0131 (gerekli) E-posta adresiniz (gerekli) Telefon Numaran\u0131z Almak \u0130stedi\u011finiz Hizmet\/Hizmetler ELEKTR\u0130K KONTROL VE \u00d6L\u00c7\u00dcMLER\u0130KALDIRMA VE \u0130LETME EK\u0130PMANLARIBASIN\u00c7LI KAPLAR VE TES\u0130SATLAR\u0130\u015e MAK\u0130NELER\u0130N\u0130N PER\u0130YOD\u0130K MUAYENES\u0130MEKAN\u0130K TES\u0130SAT KONTROLLER\u0130RAF, MAK\u0130NE VE TEZGAH KONTROLLER\u0130\u0130\u015e H\u0130JYEN\u0130-ORTAM \u00d6L\u00c7\u00dcM\u00dc\u00c7EVRESEL G\u00dcR\u00dcLT\u00dc \u00d6L\u00c7\u00dcM\u00dc\u0130\u00c7ME SUYU ANAL\u0130Z\u0130 \u0130letiniz","canonical_url":"https:\/\/pintest.com.tr\/index.php\/teklif-al\/","robots":"max-image-preview:large","keywords":"","webmasterTools":{"google-site-verification":"Q4QTclIfGhhdyEzlAb1wftEv3qRfz1KW5mq8eV4NCpQ","miscellaneous":""},"schema":{"@context":"https:\/\/schema.org","@graph":[{"@type":"BreadcrumbList","@id":"https:\/\/pintest.com.tr\/index.php\/teklif-al\/#breadcrumblist","itemListElement":[{"@type":"ListItem","@id":"https:\/\/pintest.com.tr#listItem","position":2,"name":"Ana sayfa","item":"https:\/\/pintest.com.tr","nextItem":{"@type":"ListItem","@id":"https:\/\/pintest.com.tr\/index.php\/teklif-al\/#listItem","name":"TEKL\u0130F AL"},"previousItem":{"@type":"ListItem","@id":"#listItem","name":"Pintest"}},{"@type":"ListItem","@id":"https:\/\/pintest.com.tr\/index.php\/teklif-al\/#listItem","position":3,"name":"TEKL\u0130F AL","previousItem":{"@type":"ListItem","@id":"https:\/\/pintest.com.tr#listItem","name":"Ana sayfa"}}]},{"@type":"Organization","@id":"https:\/\/pintest.com.tr\/#organization","name":"Pintest M\u00fchendislik P\u0130NTEST M\u00dcHEND\u0130SL\u0130K","description":"Uygunluk De\u011ferlendirme Kurulu\u015fu Firmam\u0131z, i\u015f d\u00fcnyas\u0131na att\u0131\u011f\u0131 ilk ad\u0131mlarla i\u015f sa\u011fl\u0131\u011f\u0131 ve g\u00fcvenli\u011fi alan\u0131nda uzman kadrosuyla \u00f6nemli bir yer edinmi\u015ftir. \u015eirketimiz faaliyette bulundu\u011fu periyodik kontrol\/muayene, Akustik rapor, i\u015f hijyeni ve \u00e7evresel g\u00fcr\u00fclt\u00fc \u00f6l\u00e7\u00fcmleri sekt\u00f6rde rol \u00fcstlenmektedir. Pintest M\u00fchendislik olarak, faaliyet g\u00f6sterdi\u011fimiz alanda deneyimli kadrolar\u0131m\u0131zla beraber kurdu\u011fumuz g\u00fcvenilir ili\u015fkilerimiz \u00e7er\u00e7evesinde faaliyetlerimizi verimli bir \u015fekilde y\u00fcr\u00fct\u00fcyoruz. Tercih edilir olmam\u0131zdaki en \u00f6nemli etken donan\u0131ml\u0131 ve yetkin insan kayna\u011f\u0131m\u0131zd\u0131r. \u0130nsan ya\u015fam\u0131n\u0131n de\u011ferini benimseyen ve bu do\u011frultuda sekt\u00f6rlerde gerekli kontrol ve analizleri ger\u00e7ekle\u015ftirerek sa\u011fl\u0131kl\u0131 ve g\u00fcvenilir \u00e7al\u0131\u015fma ortam\u0131 olu\u015fturmay\u0131 ama\u00e7l\u0131yoruz.","url":"https:\/\/pintest.com.tr\/","telephone":"+905057458845","logo":{"@type":"ImageObject","url":"https:\/\/pintest.com.tr\/wp-content\/uploads\/2023\/12\/Pintest-Logo-Ana.png","@id":"https:\/\/pintest.com.tr\/index.php\/teklif-al\/#organizationLogo","width":150,"height":113},"image":{"@id":"https:\/\/pintest.com.tr\/index.php\/teklif-al\/#organizationLogo"},"sameAs":["https:\/\/www.facebook.com\/profile.php?id=61572533822690","https:\/\/www.instagram.com\/pintest.uygunluk.degerlendirme\/","https:\/\/www.linkedin.com\/company\/101180367\/admin\/dashboard\/"]},{"@type":"WebPage","@id":"https:\/\/pintest.com.tr\/index.php\/teklif-al\/#webpage","url":"https:\/\/pintest.com.tr\/index.php\/teklif-al\/","name":"TEKL\u0130F AL - Pintest M\u00fchendislik","description":"Ad\u0131n\u0131z Soyad\u0131n\u0131z Yetkili Ki\u015fi(gerekli) Firma Ad\u0131 (gerekli) E-posta adresiniz (gerekli) Telefon Numaran\u0131z Almak \u0130stedi\u011finiz Hizmet\/Hizmetler ELEKTR\u0130K KONTROL VE \u00d6L\u00c7\u00dcMLER\u0130KALDIRMA VE \u0130LETME EK\u0130PMANLARIBASIN\u00c7LI KAPLAR VE TES\u0130SATLAR\u0130\u015e MAK\u0130NELER\u0130N\u0130N PER\u0130YOD\u0130K MUAYENES\u0130MEKAN\u0130K TES\u0130SAT KONTROLLER\u0130RAF, MAK\u0130NE VE TEZGAH KONTROLLER\u0130\u0130\u015e H\u0130JYEN\u0130-ORTAM \u00d6L\u00c7\u00dcM\u00dc\u00c7EVRESEL G\u00dcR\u00dcLT\u00dc \u00d6L\u00c7\u00dcM\u00dc\u0130\u00c7ME SUYU ANAL\u0130Z\u0130 \u0130letiniz","inLanguage":"tr-TR","isPartOf":{"@id":"https:\/\/pintest.com.tr\/#website"},"breadcrumb":{"@id":"https:\/\/pintest.com.tr\/index.php\/teklif-al\/#breadcrumblist"},"datePublished":"2023-12-29T20:13:30+03:00","dateModified":"2024-01-30T13:15:43+03:00"},{"@type":"WebSite","@id":"https:\/\/pintest.com.tr\/#website","url":"https:\/\/pintest.com.tr\/","name":"Pintest M\u00fchendislik","description":"Uygunluk De\u011ferlendirme Kurulu\u015fu","inLanguage":"tr-TR","publisher":{"@id":"https:\/\/pintest.com.tr\/#organization"}}]},"og:locale":"tr_TR","og:site_name":"Pintest M\u00fchendislik - Uygunluk De\u011ferlendirme Kurulu\u015fu","og:type":"article","og:title":"TEKL\u0130F AL - Pintest M\u00fchendislik","og:description":"Ad\u0131n\u0131z Soyad\u0131n\u0131z Yetkili Ki\u015fi(gerekli) Firma Ad\u0131 (gerekli) E-posta adresiniz (gerekli) Telefon Numaran\u0131z Almak \u0130stedi\u011finiz Hizmet\/Hizmetler ELEKTR\u0130K KONTROL VE \u00d6L\u00c7\u00dcMLER\u0130KALDIRMA VE \u0130LETME EK\u0130PMANLARIBASIN\u00c7LI KAPLAR VE TES\u0130SATLAR\u0130\u015e MAK\u0130NELER\u0130N\u0130N PER\u0130YOD\u0130K MUAYENES\u0130MEKAN\u0130K TES\u0130SAT KONTROLLER\u0130RAF, MAK\u0130NE VE TEZGAH KONTROLLER\u0130\u0130\u015e H\u0130JYEN\u0130-ORTAM \u00d6L\u00c7\u00dcM\u00dc\u00c7EVRESEL G\u00dcR\u00dcLT\u00dc \u00d6L\u00c7\u00dcM\u00dc\u0130\u00c7ME SUYU ANAL\u0130Z\u0130 \u0130letiniz","og:url":"https:\/\/pintest.com.tr\/index.php\/teklif-al\/","og:image":"https:\/\/pintest.com.tr\/wp-content\/uploads\/2023\/12\/cropped-Pintest-Favicon.webp","og:image:secure_url":"https:\/\/pintest.com.tr\/wp-content\/uploads\/2023\/12\/cropped-Pintest-Favicon.webp","og:image:width":512,"og:image:height":512,"article:published_time":"2023-12-29T17:13:30+00:00","article:modified_time":"2024-01-30T10:15:43+00:00","article:publisher":"https:\/\/www.facebook.com\/profile.php?id=61572533822690","twitter:card":"summary_large_image","twitter:title":"TEKL\u0130F AL - Pintest M\u00fchendislik","twitter:description":"Ad\u0131n\u0131z Soyad\u0131n\u0131z Yetkili Ki\u015fi(gerekli) Firma Ad\u0131 (gerekli) E-posta adresiniz (gerekli) Telefon Numaran\u0131z Almak \u0130stedi\u011finiz Hizmet\/Hizmetler ELEKTR\u0130K KONTROL VE \u00d6L\u00c7\u00dcMLER\u0130KALDIRMA VE \u0130LETME EK\u0130PMANLARIBASIN\u00c7LI KAPLAR VE TES\u0130SATLAR\u0130\u015e MAK\u0130NELER\u0130N\u0130N PER\u0130YOD\u0130K MUAYENES\u0130MEKAN\u0130K TES\u0130SAT KONTROLLER\u0130RAF, MAK\u0130NE VE TEZGAH KONTROLLER\u0130\u0130\u015e H\u0130JYEN\u0130-ORTAM \u00d6L\u00c7\u00dcM\u00dc\u00c7EVRESEL G\u00dcR\u00dcLT\u00dc \u00d6L\u00c7\u00dcM\u00dc\u0130\u00c7ME SUYU ANAL\u0130Z\u0130 \u0130letiniz","twitter:image":"https:\/\/pintest.com.tr\/wp-content\/uploads\/2023\/12\/cropped-Pintest-Favicon.webp"},"aioseo_meta_data":{"post_id":"1520","title":null,"description":null,"keywords":null,"keyphrases":null,"primary_term":null,"canonical_url":null,"og_title":null,"og_description":null,"og_object_type":"default","og_image_type":"default","og_image_url":null,"og_image_width":null,"og_image_height":null,"og_image_custom_url":null,"og_image_custom_fields":null,"og_video":null,"og_custom_url":null,"og_article_section":null,"og_article_tags":null,"twitter_use_og":false,"twitter_card":"default","twitter_image_type":"default","twitter_image_url":null,"twitter_image_custom_url":null,"twitter_image_custom_fields":null,"twitter_title":null,"twitter_description":null,"schema":{"blockGraphs":[],"customGraphs":[],"default":{"data":{"Article":[],"Course":[],"Dataset":[],"FAQPage":[],"Movie":[],"Person":[],"Product":[],"ProductReview":[],"Car":[],"Recipe":[],"Service":[],"SoftwareApplication":[],"WebPage":[]},"graphName":"","isEnabled":true},"graphs":[]},"schema_type":"default","schema_type_options":null,"pillar_content":false,"robots_default":true,"robots_noindex":false,"robots_noarchive":false,"robots_nosnippet":false,"robots_nofollow":false,"robots_noimageindex":false,"robots_noodp":false,"robots_notranslate":false,"robots_max_snippet":null,"robots_max_videopreview":null,"robots_max_imagepreview":"large","priority":null,"frequency":null,"local_seo":null,"seo_analyzer_scan_date":"2026-02-27 07:42:57","breadcrumb_settings":null,"limit_modified_date":false,"reviewed_by":null,"open_ai":null,"ai":null,"created":"2025-04-15 07:22:20","updated":"2026-02-27 09:20:38"},"aioseo_breadcrumb":"<div class=\"aioseo-breadcrumbs\"><span class=\"aioseo-breadcrumb\">\n\tPintest\n<\/span><span class=\"aioseo-breadcrumb-separator\">\u2192<\/span><span class=\"aioseo-breadcrumb\">\n\t<a href=\"https:\/\/pintest.com.tr\" title=\"Ana sayfa\">Ana sayfa<\/a>\n<\/span><span class=\"aioseo-breadcrumb-separator\">\u2192<\/span><span class=\"aioseo-breadcrumb\">\n\tTEKL\u0130F AL\n<\/span><\/div>","aioseo_breadcrumb_json":[{"label":"Pintest","link":""},{"label":"Ana sayfa","link":"https:\/\/pintest.com.tr"},{"label":"TEKL\u0130F AL","link":"https:\/\/pintest.com.tr\/index.php\/teklif-al\/"}],"_links":{"self":[{"href":"https:\/\/pintest.com.tr\/index.php\/wp-json\/wp\/v2\/pages\/1520","targetHints":{"allow":["GET"]}}],"collection":[{"href":"https:\/\/pintest.com.tr\/index.php\/wp-json\/wp\/v2\/pages"}],"about":[{"href":"https:\/\/pintest.com.tr\/index.php\/wp-json\/wp\/v2\/types\/page"}],"author":[{"embeddable":true,"href":"https:\/\/pintest.com.tr\/index.php\/wp-json\/wp\/v2\/users\/1"}],"replies":[{"embeddable":true,"href":"https:\/\/pintest.com.tr\/index.php\/wp-json\/wp\/v2\/comments?post=1520"}],"version-history":[{"count":3,"href":"https:\/\/pintest.com.tr\/index.php\/wp-json\/wp\/v2\/pages\/1520\/revisions"}],"predecessor-version":[{"id":1621,"href":"https:\/\/pintest.com.tr\/index.php\/wp-json\/wp\/v2\/pages\/1520\/revisions\/1621"}],"wp:attachment":[{"href":"https:\/\/pintest.com.tr\/index.php\/wp-json\/wp\/v2\/media?parent=1520"}],"curies":[{"name":"wp","href":"https:\/\/api.w.org\/{rel}","templated":true}]}}