{"id":256,"date":"2015-07-27T04:50:39","date_gmt":"2015-07-27T04:50:39","guid":{"rendered":"http:\/\/demo.oceanthemes.net\/archilight\/?page_id=256"},"modified":"2024-04-25T15:55:53","modified_gmt":"2024-04-25T12:55:53","slug":"iletisim","status":"publish","type":"page","link":"https:\/\/pintest.com.tr\/index.php\/iletisim\/","title":{"rendered":"\u0130leti\u015fim"},"content":{"rendered":"<div class=\"wpb-content-wrapper\"><p>[vc_row fullwidth=&#8221;yes&#8221;][vc_column]   \t\n   \t<!-- Element: OT Google Map --> \t \n    <div id=\"gmap-69f0b0763ec72\" style=\"height: 500px;\"><\/div>\n\t\t\n\t<script type=\"text\/javascript\">\t\n\t\t(function($) { \"use strict\"\n\t\t    $(document).ready(function(){\n\t\t     \n\t\t        var locations = [\n\t\t\t\t\t['<div class=\"infobox\"><span><span><\/div>', 41.077610653283315, 28.795903516274112, 2]\n\t\t        ];\n\t\t\t\n\t\t\t\tvar map = new google.maps.Map(document.getElementById('gmap-69f0b0763ec72'), {\n\t\t\t\t  \tzoom: 12,\n\t\t\t\t\tscrollwheel: false,\n\t\t\t\t\tnavigationControl: true,\n\t\t\t\t\tmapTypeControl: false,\n\t\t\t\t\tscaleControl: false,\n\t\t\t\t\tdraggable: true,\t\t\t\n\t\t\t\t\tstyles: \n\t\t\t\t\t\t[{\n\t\t\t\t\t        \"featureType\": \"road.highway\",\n\t\t\t\t\t        \"elementType\": \"labels\",\n\t\t\t\t\t        \"stylers\": [\n\t\t\t\t\t            {\n\t\t\t\t\t                \"hue\": \"#ffffff\"\n\t\t\t\t\t            },\n\t\t\t\t\t            {\n\t\t\t\t\t                \"saturation\": -100\n\t\t\t\t\t            },\n\t\t\t\t\t            {\n\t\t\t\t\t                \"lightness\": 100\n\t\t\t\t\t            },\n\t\t\t\t\t            {\n\t\t\t\t\t                \"visibility\": \"off\"\n\t\t\t\t\t            }\n\t\t\t\t\t        ]\n\t\t\t\t\t    },\n\t\t\t\t\t    {\n\t\t\t\t\t        \"featureType\": \"landscape.natural\",\n\t\t\t\t\t        \"elementType\": \"all\",\n\t\t\t\t\t        \"stylers\": [\n\t\t\t\t\t            {\n\t\t\t\t\t                \"hue\": \"#ffffff\"\n\t\t\t\t\t            },\n\t\t\t\t\t            {\n\t\t\t\t\t                \"saturation\": -100\n\t\t\t\t\t            },\n\t\t\t\t\t            {\n\t\t\t\t\t                \"lightness\": 100\n\t\t\t\t\t            },\n\t\t\t\t\t            {\n\t\t\t\t\t                \"visibility\": \"on\"\n\t\t\t\t\t            }\n\t\t\t\t\t        ]\n\t\t\t\t\t    },\n\t\t\t\t\t    {\n\t\t\t\t\t        \"featureType\": \"road\",\n\t\t\t\t\t        \"elementType\": \"all\",\n\t\t\t\t\t        \"stylers\": [\n\t\t\t\t\t            {\n\t\t\t\t\t                \"hue\": \"#ffe94f\"\n\t\t\t\t\t            },\n\t\t\t\t\t            {\n\t\t\t\t\t                \"saturation\": 100\n\t\t\t\t\t            },\n\t\t\t\t\t            {\n\t\t\t\t\t                \"lightness\": 4\n\t\t\t\t\t            },\n\t\t\t\t\t            {\n\t\t\t\t\t                \"visibility\": \"on\"\n\t\t\t\t\t            }\n\t\t\t\t\t        ]\n\t\t\t\t\t    },\n\t\t\t\t\t    {\n\t\t\t\t\t        \"featureType\": \"road.highway\",\n\t\t\t\t\t        \"elementType\": \"geometry\",\n\t\t\t\t\t        \"stylers\": [\n\t\t\t\t\t            {\n\t\t\t\t\t                \"hue\": \"#ffe94f\"\n\t\t\t\t\t            },\n\t\t\t\t\t            {\n\t\t\t\t\t                \"saturation\": 100\n\t\t\t\t\t            },\n\t\t\t\t\t            {\n\t\t\t\t\t                \"lightness\": 4\n\t\t\t\t\t            },\n\t\t\t\t\t            {\n\t\t\t\t\t                \"visibility\": \"on\"\n\t\t\t\t\t            }\n\t\t\t\t\t        ]\n\t\t\t\t\t    },\n\t\t\t\t\t    {\n\t\t\t\t\t        \"featureType\": \"water\",\n\t\t\t\t\t        \"elementType\": \"geometry\",\n\t\t\t\t\t        \"stylers\": [\n\t\t\t\t\t            {\n\t\t\t\t\t                \"hue\": \"#333333\"\n\t\t\t\t\t            },\n\t\t\t\t\t            {\n\t\t\t\t\t                \"saturation\": -100\n\t\t\t\t\t            },\n\t\t\t\t\t            {\n\t\t\t\t\t                \"lightness\": -74\n\t\t\t\t\t            },\n\t\t\t\t\t            {\n\t\t\t\t\t                \"visibility\": \"off\"\n\t\t\t\t\t            }\n\t\t\t\t\t        ]\n\t\t\t\t\t    }],\n\t\t\t\t\tcenter: new google.maps.LatLng(41.077610653283315, 28.795903516274112),\n\t\t\t\t  mapTypeId: google.maps.MapTypeId.ROADMAP\n\t\t\t\t});\n\t\t\t\n\t\t\t\tvar infowindow = new google.maps.InfoWindow();\n\t\t\t\n\t\t\t\tvar marker, i;\n\t\t\t\n\t\t\t\tfor (i = 0; i < locations.length; i++) {  \n\t\t\t\t\tmarker = new google.maps.Marker({ \n\t\t\t\t\t\tposition: new google.maps.LatLng(locations[i][1], locations[i][2]), \n\t\t\t\t\t\tmap: map ,\n\t\t\t\t\t\ticon: 'https:\/\/pintest.com.tr\/wp-content\/uploads\/2015\/07\/map-marker.png',\n\t\t\t\t\t\ttitle: ''\n\t\t\t\t\t});\n\t\t\t\t  \tgoogle.maps.event.addListener(marker, (function(marker, i) {\n\t\t\t\t\t\treturn function() {\n\t\t\t\t\t\t\tinfowindow.setContent(locations[i][0]);\n\t\t\t\t\t\t\tinfowindow.open(map, marker);\n\t\t\t\t\t\t}\n\t\t\t\t  \t})(marker, i));\n\t\t\t\t}\n\t\t        \n\t\t    });\n\n\t\t})(jQuery);   \t\n\t<\/script>\n[\/vc_column][\/vc_row][vc_row css=&#8221;.vc_custom_1438577300524{padding-bottom: 90px !important;}&#8221;][vc_column width=&#8221;2\/3&#8243; animate=&#8221;fadeinleft&#8221; wap_class=&#8221;wow fadeInUp&#8221;]\n\t<!-- Element: OT Heading --> \t \n\t<h3 class=\"ot_custom_heading  \" style=\"\" >\u0130LET\u0130\u015e\u0130M FORMU<\/h3>\t\n[vc_empty_space height=&#8221;10px&#8221;]\n<div class=\"wpcf7 no-js\" id=\"wpcf7-f283-o1\" lang=\"en-US\" dir=\"ltr\" data-wpcf7-id=\"283\">\n<div class=\"screen-reader-response\"><p role=\"status\" aria-live=\"polite\" aria-atomic=\"true\"><\/p> <ul><\/ul><\/div>\n<form action=\"\/index.php\/wp-json\/wp\/v2\/pages\/256#wpcf7-f283-o1\" method=\"post\" class=\"wpcf7-form init\" aria-label=\"Contact form\" novalidate=\"novalidate\" data-status=\"init\">\n<fieldset class=\"hidden-fields-container\"><input type=\"hidden\" name=\"_wpcf7\" value=\"283\" \/><input type=\"hidden\" name=\"_wpcf7_version\" value=\"6.1\" \/><input type=\"hidden\" name=\"_wpcf7_locale\" value=\"en_US\" \/><input type=\"hidden\" name=\"_wpcf7_unit_tag\" value=\"wpcf7-f283-o1\" \/><input type=\"hidden\" name=\"_wpcf7_container_post\" value=\"0\" \/><input type=\"hidden\" name=\"_wpcf7_posted_data_hash\" value=\"\" \/>\n<\/fieldset>\n<div class=\"row\">\n\t<div class=\"col-md-4\">\n\t\t<div>\n\t\t\t<p><span class=\"wpcf7-form-control-wrap\" data-name=\"your-name\"><input size=\"40\" maxlength=\"400\" class=\"wpcf7-form-control wpcf7-text wpcf7-validates-as-required\" aria-required=\"true\" aria-invalid=\"false\" placeholder=\"\u0130sminiz\" value=\"\" type=\"text\" name=\"your-name\" \/><\/span>\n\t\t\t<\/p>\n\t\t<\/div>\n\t\t<div>\n\t\t\t<p><span class=\"wpcf7-form-control-wrap\" data-name=\"email-453\"><input size=\"40\" maxlength=\"400\" class=\"wpcf7-form-control wpcf7-email wpcf7-validates-as-required wpcf7-text wpcf7-validates-as-email\" aria-required=\"true\" aria-invalid=\"false\" placeholder=\"Email Adresiniz\" value=\"\" type=\"email\" name=\"email-453\" \/><\/span>\n\t\t\t<\/p>\n\t\t<\/div>\n\t\t<div>\n\t\t\t<p><span class=\"wpcf7-form-control-wrap\" data-name=\"tel-565\"><input size=\"40\" maxlength=\"400\" class=\"wpcf7-form-control wpcf7-tel wpcf7-validates-as-required wpcf7-text wpcf7-validates-as-tel\" aria-required=\"true\" aria-invalid=\"false\" placeholder=\"GSM Numaran\u0131z\" value=\"\" type=\"tel\" name=\"tel-565\" \/><\/span>\n\t\t\t<\/p>\n\t\t<\/div>\n\t<\/div>\n\t<div class=\"col-md-8\">\n\t\t<div>\n\t\t\t<p><span class=\"wpcf7-form-control-wrap\" data-name=\"message\"><textarea cols=\"40\" rows=\"10\" maxlength=\"2000\" class=\"wpcf7-form-control wpcf7-textarea wpcf7-validates-as-required\" aria-required=\"true\" aria-invalid=\"false\" placeholder=\"Mesaj\u0131n\u0131z\" name=\"message\"><\/textarea><\/span>\n\t\t\t<\/p>\n\t\t<\/div>\n\t<\/div>\n\t<div class=\"col-md-12\">\n\t\t<p id=\"submit\"><input class=\"wpcf7-form-control wpcf7-submit has-spinner btn btn-line\" type=\"submit\" value=\"Formu G\u00f6nder\" \/>\n\t\t<\/p>\n\t<\/div>\n<\/div><div class=\"wpcf7-response-output\" aria-hidden=\"true\"><\/div>\n<\/form>\n<\/div>\n[\/vc_column][vc_column width=&#8221;1\/3&#8243; animate=&#8221;fadinright&#8221; wap_class=&#8221;wow fadeInUp&#8221;]\n\t<!-- Element: OT Heading --> \t \n\t<h3 class=\"ot_custom_heading  \" style=\"\" >\u0130LET\u0130\u015e\u0130M B\u0130LG\u0130LER\u0130M\u0130Z<\/h3>\t\n[vc_column_text]<\/p>\n<address>\n<div>\u0130OSB Mah. Bedrettin Dalan Bulvar\u0131 No:39 \u0130pkas \u0130\u015f Merkezi Ofis No:97 Ba\u015fak\u015fehir\/\u0130stanbul<\/div>\n<div><strong>Telefon:<\/strong><a href=\"tel:0212 945 88 45\">0212 945 88 45<\/a><\/div>\n<div><strong>GSM:<\/strong><a href=\"tel:0505 745 88 45\">0505 745 88 45<\/a><\/div>\n<div><strong>Fax:<\/strong>0212 945 88 45<\/div>\n<div><strong>Email:<\/strong><a href=\"mailto:info@pintest.com.tr\">info@pintest.com.tr<\/a><\/div>\n<div><strong>\u00c7al\u0131\u015fma Saatleri<\/strong>Pazartesi &#8211; Cuma 09:00 &#8211; 18:00<\/div>\n<\/address>\n<p>[\/vc_column_text][\/vc_column][\/vc_row]<\/p>\n<\/div>","protected":false},"excerpt":{"rendered":"<p>[vc_row fullwidth=&#8221;yes&#8221;][vc_column][\/vc_column][\/vc_row][vc_row css=&#8221;.vc_custom_1438577300524{padding-bottom: 90px !important;}&#8221;][vc_column width=&#8221;2\/3&#8243; animate=&#8221;fadeinleft&#8221; wap_class=&#8221;wow fadeInUp&#8221;][vc_empty_space height=&#8221;10px&#8221;][\/vc_column][vc_column width=&#8221;1\/3&#8243; animate=&#8221;fadinright&#8221; wap_class=&#8221;wow fadeInUp&#8221;][vc_column_text] \u0130OSB Mah. Bedrettin Dalan Bulvar\u0131 No:39 \u0130pkas \u0130\u015f Merkezi Ofis No:97 Ba\u015fak\u015fehir\/\u0130stanbul Telefon:0212 945 88 45 GSM:0505 745 88 45 Fax:0212 945 88 45 Email:info@pintest.com.tr \u00c7al\u0131\u015fma SaatleriPazartesi &#8211; Cuma 09:00 &#8211; 18:00 [\/vc_column_text][\/vc_column][\/vc_row]<\/p>\n","protected":false},"author":1,"featured_media":0,"parent":0,"menu_order":0,"comment_status":"open","ping_status":"open","template":"page-templates\/template-fullwidth.php","meta":{"om_disable_all_campaigns":false,"_monsterinsights_skip_tracking":false,"_monsterinsights_sitenote_active":false,"_monsterinsights_sitenote_note":"","_monsterinsights_sitenote_category":0,"footnotes":""},"class_list":["post-256","page","type-page","status-publish","hentry"],"aioseo_notices":[],"aioseo_head":"\n\t\t<!-- All in One SEO Pro 4.9.6.2 - aioseo.com -->\n\t<meta name=\"description\" content=\"\u0130LET\u0130\u015e\u0130M FORMU \u0130LET\u0130\u015e\u0130M B\u0130LG\u0130LER\u0130M\u0130Z \u0130OSB Mah. Bedrettin Dalan Bulvar\u0131 No:39 \u0130pkas \u0130\u015f Merkezi Ofis No:97 Ba\u015fak\u015fehir\/\u0130stanbul Telefon:0212 945 88 45 GSM:0505 745 88 45 Fax:0212 945 88 45 Email:info@pintest.com.tr \u00c7al\u0131\u015fma SaatleriPazartesi \u2013 Cuma 09:00 \u2013 18:00\" \/>\n\t<meta name=\"robots\" content=\"max-image-preview:large\" \/>\n\t<meta name=\"google-site-verification\" content=\"Q4QTclIfGhhdyEzlAb1wftEv3qRfz1KW5mq8eV4NCpQ\" \/>\n\t<link rel=\"canonical\" href=\"https:\/\/pintest.com.tr\/index.php\/iletisim\/\" \/>\n\t<meta name=\"generator\" content=\"All in One SEO Pro (AIOSEO) 4.9.6.2\" \/>\n\t\t<meta property=\"og:locale\" content=\"tr_TR\" \/>\n\t\t<meta property=\"og:site_name\" content=\"Pintest M\u00fchendislik - Uygunluk De\u011ferlendirme Kurulu\u015fu\" \/>\n\t\t<meta property=\"og:type\" content=\"article\" \/>\n\t\t<meta property=\"og:title\" content=\"\u0130leti\u015fim - Pintest M\u00fchendislik\" \/>\n\t\t<meta property=\"og:description\" content=\"\u0130LET\u0130\u015e\u0130M FORMU \u0130LET\u0130\u015e\u0130M B\u0130LG\u0130LER\u0130M\u0130Z \u0130OSB Mah. Bedrettin Dalan Bulvar\u0131 No:39 \u0130pkas \u0130\u015f Merkezi Ofis No:97 Ba\u015fak\u015fehir\/\u0130stanbul Telefon:0212 945 88 45 GSM:0505 745 88 45 Fax:0212 945 88 45 Email:info@pintest.com.tr \u00c7al\u0131\u015fma SaatleriPazartesi \u2013 Cuma 09:00 \u2013 18:00\" \/>\n\t\t<meta property=\"og:url\" content=\"https:\/\/pintest.com.tr\/index.php\/iletisim\/\" \/>\n\t\t<meta property=\"og:image\" content=\"https:\/\/pintest.com.tr\/wp-content\/uploads\/2023\/12\/cropped-Pintest-Favicon.webp\" \/>\n\t\t<meta property=\"og:image:secure_url\" content=\"https:\/\/pintest.com.tr\/wp-content\/uploads\/2023\/12\/cropped-Pintest-Favicon.webp\" \/>\n\t\t<meta property=\"og:image:width\" content=\"512\" \/>\n\t\t<meta property=\"og:image:height\" content=\"512\" \/>\n\t\t<meta property=\"article:published_time\" content=\"2015-07-27T04:50:39+00:00\" \/>\n\t\t<meta property=\"article:modified_time\" content=\"2024-04-25T12:55:53+00:00\" \/>\n\t\t<meta property=\"article:publisher\" content=\"https:\/\/www.facebook.com\/profile.php?id=61572533822690\" \/>\n\t\t<meta name=\"twitter:card\" content=\"summary_large_image\" \/>\n\t\t<meta name=\"twitter:title\" content=\"\u0130leti\u015fim - Pintest M\u00fchendislik\" \/>\n\t\t<meta name=\"twitter:description\" content=\"\u0130LET\u0130\u015e\u0130M FORMU \u0130LET\u0130\u015e\u0130M B\u0130LG\u0130LER\u0130M\u0130Z \u0130OSB Mah. Bedrettin Dalan Bulvar\u0131 No:39 \u0130pkas \u0130\u015f Merkezi Ofis No:97 Ba\u015fak\u015fehir\/\u0130stanbul Telefon:0212 945 88 45 GSM:0505 745 88 45 Fax:0212 945 88 45 Email:info@pintest.com.tr \u00c7al\u0131\u015fma SaatleriPazartesi \u2013 Cuma 09:00 \u2013 18:00\" \/>\n\t\t<meta name=\"twitter:image\" content=\"https:\/\/pintest.com.tr\/wp-content\/uploads\/2023\/12\/cropped-Pintest-Favicon.webp\" \/>\n\t\t<script type=\"application\/ld+json\" class=\"aioseo-schema\">\n\t\t\t{\"@context\":\"https:\\\/\\\/schema.org\",\"@graph\":[{\"@type\":\"BreadcrumbList\",\"@id\":\"https:\\\/\\\/pintest.com.tr\\\/index.php\\\/iletisim\\\/#breadcrumblist\",\"itemListElement\":[{\"@type\":\"ListItem\",\"@id\":\"https:\\\/\\\/pintest.com.tr#listItem\",\"position\":2,\"name\":\"Ana sayfa\",\"item\":\"https:\\\/\\\/pintest.com.tr\",\"nextItem\":{\"@type\":\"ListItem\",\"@id\":\"https:\\\/\\\/pintest.com.tr\\\/index.php\\\/iletisim\\\/#listItem\",\"name\":\"\\u0130leti\\u015fim\"},\"previousItem\":{\"@type\":\"ListItem\",\"@id\":\"#listItem\",\"name\":\"Pintest\"}},{\"@type\":\"ListItem\",\"@id\":\"https:\\\/\\\/pintest.com.tr\\\/index.php\\\/iletisim\\\/#listItem\",\"position\":3,\"name\":\"\\u0130leti\\u015fim\",\"previousItem\":{\"@type\":\"ListItem\",\"@id\":\"https:\\\/\\\/pintest.com.tr#listItem\",\"name\":\"Ana sayfa\"}}]},{\"@type\":\"Organization\",\"@id\":\"https:\\\/\\\/pintest.com.tr\\\/#organization\",\"name\":\"Pintest M\\u00fchendislik P\\u0130NTEST M\\u00dcHEND\\u0130SL\\u0130K\",\"description\":\"Uygunluk De\\u011ferlendirme Kurulu\\u015fu Firmam\\u0131z, i\\u015f d\\u00fcnyas\\u0131na att\\u0131\\u011f\\u0131 ilk ad\\u0131mlarla i\\u015f sa\\u011fl\\u0131\\u011f\\u0131 ve g\\u00fcvenli\\u011fi alan\\u0131nda uzman kadrosuyla \\u00f6nemli bir yer edinmi\\u015ftir. \\u015eirketimiz faaliyette bulundu\\u011fu periyodik kontrol\\\/muayene, Akustik rapor, i\\u015f hijyeni ve \\u00e7evresel g\\u00fcr\\u00fclt\\u00fc \\u00f6l\\u00e7\\u00fcmleri sekt\\u00f6rde rol \\u00fcstlenmektedir. Pintest M\\u00fchendislik olarak, faaliyet g\\u00f6sterdi\\u011fimiz alanda deneyimli kadrolar\\u0131m\\u0131zla beraber kurdu\\u011fumuz g\\u00fcvenilir ili\\u015fkilerimiz \\u00e7er\\u00e7evesinde faaliyetlerimizi verimli bir \\u015fekilde y\\u00fcr\\u00fct\\u00fcyoruz. Tercih edilir olmam\\u0131zdaki en \\u00f6nemli etken donan\\u0131ml\\u0131 ve yetkin insan kayna\\u011f\\u0131m\\u0131zd\\u0131r. \\u0130nsan ya\\u015fam\\u0131n\\u0131n de\\u011ferini benimseyen ve bu do\\u011frultuda sekt\\u00f6rlerde gerekli kontrol ve analizleri ger\\u00e7ekle\\u015ftirerek sa\\u011fl\\u0131kl\\u0131 ve g\\u00fcvenilir \\u00e7al\\u0131\\u015fma ortam\\u0131 olu\\u015fturmay\\u0131 ama\\u00e7l\\u0131yoruz.\",\"url\":\"https:\\\/\\\/pintest.com.tr\\\/\",\"telephone\":\"+905057458845\",\"logo\":{\"@type\":\"ImageObject\",\"url\":\"https:\\\/\\\/pintest.com.tr\\\/wp-content\\\/uploads\\\/2023\\\/12\\\/Pintest-Logo-Ana.png\",\"@id\":\"https:\\\/\\\/pintest.com.tr\\\/index.php\\\/iletisim\\\/#organizationLogo\",\"width\":150,\"height\":113},\"image\":{\"@id\":\"https:\\\/\\\/pintest.com.tr\\\/index.php\\\/iletisim\\\/#organizationLogo\"},\"sameAs\":[\"https:\\\/\\\/www.facebook.com\\\/profile.php?id=61572533822690\",\"https:\\\/\\\/www.instagram.com\\\/pintest.uygunluk.degerlendirme\\\/\",\"https:\\\/\\\/www.linkedin.com\\\/company\\\/101180367\\\/admin\\\/dashboard\\\/\"]},{\"@type\":\"WebPage\",\"@id\":\"https:\\\/\\\/pintest.com.tr\\\/index.php\\\/iletisim\\\/#webpage\",\"url\":\"https:\\\/\\\/pintest.com.tr\\\/index.php\\\/iletisim\\\/\",\"name\":\"\\u0130leti\\u015fim - Pintest M\\u00fchendislik\",\"description\":\"\\u0130LET\\u0130\\u015e\\u0130M FORMU \\u0130LET\\u0130\\u015e\\u0130M B\\u0130LG\\u0130LER\\u0130M\\u0130Z \\u0130OSB Mah. Bedrettin Dalan Bulvar\\u0131 No:39 \\u0130pkas \\u0130\\u015f Merkezi Ofis No:97 Ba\\u015fak\\u015fehir\\\/\\u0130stanbul Telefon:0212 945 88 45 GSM:0505 745 88 45 Fax:0212 945 88 45 Email:info@pintest.com.tr \\u00c7al\\u0131\\u015fma SaatleriPazartesi \\u2013 Cuma 09:00 \\u2013 18:00\",\"inLanguage\":\"tr-TR\",\"isPartOf\":{\"@id\":\"https:\\\/\\\/pintest.com.tr\\\/#website\"},\"breadcrumb\":{\"@id\":\"https:\\\/\\\/pintest.com.tr\\\/index.php\\\/iletisim\\\/#breadcrumblist\"},\"datePublished\":\"2015-07-27T04:50:39+03:00\",\"dateModified\":\"2024-04-25T15:55:53+03:00\"},{\"@type\":\"WebSite\",\"@id\":\"https:\\\/\\\/pintest.com.tr\\\/#website\",\"url\":\"https:\\\/\\\/pintest.com.tr\\\/\",\"name\":\"Pintest M\\u00fchendislik\",\"description\":\"Uygunluk De\\u011ferlendirme Kurulu\\u015fu\",\"inLanguage\":\"tr-TR\",\"publisher\":{\"@id\":\"https:\\\/\\\/pintest.com.tr\\\/#organization\"}}]}\n\t\t<\/script>\n\t\t<!-- All in One SEO Pro -->\r\n\t\t<title>\u0130leti\u015fim - Pintest M\u00fchendislik<\/title>\n\n","aioseo_head_json":{"title":"\u0130leti\u015fim - Pintest M\u00fchendislik","description":"\u0130LET\u0130\u015e\u0130M FORMU \u0130LET\u0130\u015e\u0130M B\u0130LG\u0130LER\u0130M\u0130Z \u0130OSB Mah. Bedrettin Dalan Bulvar\u0131 No:39 \u0130pkas \u0130\u015f Merkezi Ofis No:97 Ba\u015fak\u015fehir\/\u0130stanbul Telefon:0212 945 88 45 GSM:0505 745 88 45 Fax:0212 945 88 45 Email:info@pintest.com.tr \u00c7al\u0131\u015fma SaatleriPazartesi \u2013 Cuma 09:00 \u2013 18:00","canonical_url":"https:\/\/pintest.com.tr\/index.php\/iletisim\/","robots":"max-image-preview:large","keywords":"","webmasterTools":{"google-site-verification":"Q4QTclIfGhhdyEzlAb1wftEv3qRfz1KW5mq8eV4NCpQ","miscellaneous":""},"schema":{"@context":"https:\/\/schema.org","@graph":[{"@type":"BreadcrumbList","@id":"https:\/\/pintest.com.tr\/index.php\/iletisim\/#breadcrumblist","itemListElement":[{"@type":"ListItem","@id":"https:\/\/pintest.com.tr#listItem","position":2,"name":"Ana sayfa","item":"https:\/\/pintest.com.tr","nextItem":{"@type":"ListItem","@id":"https:\/\/pintest.com.tr\/index.php\/iletisim\/#listItem","name":"\u0130leti\u015fim"},"previousItem":{"@type":"ListItem","@id":"#listItem","name":"Pintest"}},{"@type":"ListItem","@id":"https:\/\/pintest.com.tr\/index.php\/iletisim\/#listItem","position":3,"name":"\u0130leti\u015fim","previousItem":{"@type":"ListItem","@id":"https:\/\/pintest.com.tr#listItem","name":"Ana sayfa"}}]},{"@type":"Organization","@id":"https:\/\/pintest.com.tr\/#organization","name":"Pintest M\u00fchendislik P\u0130NTEST M\u00dcHEND\u0130SL\u0130K","description":"Uygunluk De\u011ferlendirme Kurulu\u015fu Firmam\u0131z, i\u015f d\u00fcnyas\u0131na att\u0131\u011f\u0131 ilk ad\u0131mlarla i\u015f sa\u011fl\u0131\u011f\u0131 ve g\u00fcvenli\u011fi alan\u0131nda uzman kadrosuyla \u00f6nemli bir yer edinmi\u015ftir. \u015eirketimiz faaliyette bulundu\u011fu periyodik kontrol\/muayene, Akustik rapor, i\u015f hijyeni ve \u00e7evresel g\u00fcr\u00fclt\u00fc \u00f6l\u00e7\u00fcmleri sekt\u00f6rde rol \u00fcstlenmektedir. Pintest M\u00fchendislik olarak, faaliyet g\u00f6sterdi\u011fimiz alanda deneyimli kadrolar\u0131m\u0131zla beraber kurdu\u011fumuz g\u00fcvenilir ili\u015fkilerimiz \u00e7er\u00e7evesinde faaliyetlerimizi verimli bir \u015fekilde y\u00fcr\u00fct\u00fcyoruz. Tercih edilir olmam\u0131zdaki en \u00f6nemli etken donan\u0131ml\u0131 ve yetkin insan kayna\u011f\u0131m\u0131zd\u0131r. \u0130nsan ya\u015fam\u0131n\u0131n de\u011ferini benimseyen ve bu do\u011frultuda sekt\u00f6rlerde gerekli kontrol ve analizleri ger\u00e7ekle\u015ftirerek sa\u011fl\u0131kl\u0131 ve g\u00fcvenilir \u00e7al\u0131\u015fma ortam\u0131 olu\u015fturmay\u0131 ama\u00e7l\u0131yoruz.","url":"https:\/\/pintest.com.tr\/","telephone":"+905057458845","logo":{"@type":"ImageObject","url":"https:\/\/pintest.com.tr\/wp-content\/uploads\/2023\/12\/Pintest-Logo-Ana.png","@id":"https:\/\/pintest.com.tr\/index.php\/iletisim\/#organizationLogo","width":150,"height":113},"image":{"@id":"https:\/\/pintest.com.tr\/index.php\/iletisim\/#organizationLogo"},"sameAs":["https:\/\/www.facebook.com\/profile.php?id=61572533822690","https:\/\/www.instagram.com\/pintest.uygunluk.degerlendirme\/","https:\/\/www.linkedin.com\/company\/101180367\/admin\/dashboard\/"]},{"@type":"WebPage","@id":"https:\/\/pintest.com.tr\/index.php\/iletisim\/#webpage","url":"https:\/\/pintest.com.tr\/index.php\/iletisim\/","name":"\u0130leti\u015fim - Pintest M\u00fchendislik","description":"\u0130LET\u0130\u015e\u0130M FORMU \u0130LET\u0130\u015e\u0130M B\u0130LG\u0130LER\u0130M\u0130Z \u0130OSB Mah. Bedrettin Dalan Bulvar\u0131 No:39 \u0130pkas \u0130\u015f Merkezi Ofis No:97 Ba\u015fak\u015fehir\/\u0130stanbul Telefon:0212 945 88 45 GSM:0505 745 88 45 Fax:0212 945 88 45 Email:info@pintest.com.tr \u00c7al\u0131\u015fma SaatleriPazartesi \u2013 Cuma 09:00 \u2013 18:00","inLanguage":"tr-TR","isPartOf":{"@id":"https:\/\/pintest.com.tr\/#website"},"breadcrumb":{"@id":"https:\/\/pintest.com.tr\/index.php\/iletisim\/#breadcrumblist"},"datePublished":"2015-07-27T04:50:39+03:00","dateModified":"2024-04-25T15:55:53+03:00"},{"@type":"WebSite","@id":"https:\/\/pintest.com.tr\/#website","url":"https:\/\/pintest.com.tr\/","name":"Pintest M\u00fchendislik","description":"Uygunluk De\u011ferlendirme Kurulu\u015fu","inLanguage":"tr-TR","publisher":{"@id":"https:\/\/pintest.com.tr\/#organization"}}]},"og:locale":"tr_TR","og:site_name":"Pintest M\u00fchendislik - Uygunluk De\u011ferlendirme Kurulu\u015fu","og:type":"article","og:title":"\u0130leti\u015fim - Pintest M\u00fchendislik","og:description":"\u0130LET\u0130\u015e\u0130M FORMU \u0130LET\u0130\u015e\u0130M B\u0130LG\u0130LER\u0130M\u0130Z \u0130OSB Mah. Bedrettin Dalan Bulvar\u0131 No:39 \u0130pkas \u0130\u015f Merkezi Ofis No:97 Ba\u015fak\u015fehir\/\u0130stanbul Telefon:0212 945 88 45 GSM:0505 745 88 45 Fax:0212 945 88 45 Email:info@pintest.com.tr \u00c7al\u0131\u015fma SaatleriPazartesi \u2013 Cuma 09:00 \u2013 18:00","og:url":"https:\/\/pintest.com.tr\/index.php\/iletisim\/","og:image":"https:\/\/pintest.com.tr\/wp-content\/uploads\/2023\/12\/cropped-Pintest-Favicon.webp","og:image:secure_url":"https:\/\/pintest.com.tr\/wp-content\/uploads\/2023\/12\/cropped-Pintest-Favicon.webp","og:image:width":512,"og:image:height":512,"article:published_time":"2015-07-27T04:50:39+00:00","article:modified_time":"2024-04-25T12:55:53+00:00","article:publisher":"https:\/\/www.facebook.com\/profile.php?id=61572533822690","twitter:card":"summary_large_image","twitter:title":"\u0130leti\u015fim - Pintest M\u00fchendislik","twitter:description":"\u0130LET\u0130\u015e\u0130M FORMU \u0130LET\u0130\u015e\u0130M B\u0130LG\u0130LER\u0130M\u0130Z \u0130OSB Mah. Bedrettin Dalan Bulvar\u0131 No:39 \u0130pkas \u0130\u015f Merkezi Ofis No:97 Ba\u015fak\u015fehir\/\u0130stanbul Telefon:0212 945 88 45 GSM:0505 745 88 45 Fax:0212 945 88 45 Email:info@pintest.com.tr \u00c7al\u0131\u015fma SaatleriPazartesi \u2013 Cuma 09:00 \u2013 18:00","twitter:image":"https:\/\/pintest.com.tr\/wp-content\/uploads\/2023\/12\/cropped-Pintest-Favicon.webp"},"aioseo_meta_data":{"post_id":"256","title":null,"description":null,"keywords":null,"keyphrases":null,"primary_term":null,"canonical_url":null,"og_title":null,"og_description":null,"og_object_type":"default","og_image_type":"default","og_image_url":null,"og_image_width":null,"og_image_height":null,"og_image_custom_url":null,"og_image_custom_fields":null,"og_video":null,"og_custom_url":null,"og_article_section":null,"og_article_tags":null,"twitter_use_og":false,"twitter_card":"default","twitter_image_type":"default","twitter_image_url":null,"twitter_image_custom_url":null,"twitter_image_custom_fields":null,"twitter_title":null,"twitter_description":null,"schema":{"blockGraphs":[],"customGraphs":[],"default":{"data":{"Article":[],"Course":[],"Dataset":[],"FAQPage":[],"Movie":[],"Person":[],"Product":[],"ProductReview":[],"Car":[],"Recipe":[],"Service":[],"SoftwareApplication":[],"WebPage":[]},"graphName":"","isEnabled":true},"graphs":[]},"schema_type":"default","schema_type_options":null,"pillar_content":false,"robots_default":true,"robots_noindex":false,"robots_noarchive":false,"robots_nosnippet":false,"robots_nofollow":false,"robots_noimageindex":false,"robots_noodp":false,"robots_notranslate":false,"robots_max_snippet":null,"robots_max_videopreview":null,"robots_max_imagepreview":"large","priority":null,"frequency":null,"local_seo":null,"seo_analyzer_scan_date":"2026-02-27 07:57:17","breadcrumb_settings":null,"limit_modified_date":false,"reviewed_by":null,"open_ai":null,"ai":null,"created":"2025-04-15 07:08:56","updated":"2026-02-27 09:13:35"},"aioseo_breadcrumb":"<div class=\"aioseo-breadcrumbs\"><span class=\"aioseo-breadcrumb\">\n\tPintest\n<\/span><span class=\"aioseo-breadcrumb-separator\">\u2192<\/span><span class=\"aioseo-breadcrumb\">\n\t<a href=\"https:\/\/pintest.com.tr\" title=\"Ana sayfa\">Ana sayfa<\/a>\n<\/span><span class=\"aioseo-breadcrumb-separator\">\u2192<\/span><span class=\"aioseo-breadcrumb\">\n\t\u0130leti\u015fim\n<\/span><\/div>","aioseo_breadcrumb_json":[{"label":"Pintest","link":""},{"label":"Ana sayfa","link":"https:\/\/pintest.com.tr"},{"label":"\u0130leti\u015fim","link":"https:\/\/pintest.com.tr\/index.php\/iletisim\/"}],"_links":{"self":[{"href":"https:\/\/pintest.com.tr\/index.php\/wp-json\/wp\/v2\/pages\/256","targetHints":{"allow":["GET"]}}],"collection":[{"href":"https:\/\/pintest.com.tr\/index.php\/wp-json\/wp\/v2\/pages"}],"about":[{"href":"https:\/\/pintest.com.tr\/index.php\/wp-json\/wp\/v2\/types\/page"}],"author":[{"embeddable":true,"href":"https:\/\/pintest.com.tr\/index.php\/wp-json\/wp\/v2\/users\/1"}],"replies":[{"embeddable":true,"href":"https:\/\/pintest.com.tr\/index.php\/wp-json\/wp\/v2\/comments?post=256"}],"version-history":[{"count":12,"href":"https:\/\/pintest.com.tr\/index.php\/wp-json\/wp\/v2\/pages\/256\/revisions"}],"predecessor-version":[{"id":1625,"href":"https:\/\/pintest.com.tr\/index.php\/wp-json\/wp\/v2\/pages\/256\/revisions\/1625"}],"wp:attachment":[{"href":"https:\/\/pintest.com.tr\/index.php\/wp-json\/wp\/v2\/media?parent=256"}],"curies":[{"name":"wp","href":"https:\/\/api.w.org\/{rel}","templated":true}]}}