{"id":855,"date":"2015-11-03T04:12:34","date_gmt":"2015-11-03T04:12:34","guid":{"rendered":"http:\/\/demo.oceanthemes.net\/archilight\/?page_id=855"},"modified":"2015-11-03T04:12:34","modified_gmt":"2015-11-03T04:12:34","slug":"gallery-3-cols","status":"publish","type":"page","link":"https:\/\/pintest.com.tr\/index.php\/gallery-3-cols\/","title":{"rendered":"Gallery 3 cols"},"content":{"rendered":"<div class=\"wpb-content-wrapper\"><p>[vc_row][vc_column]       \n\t<!-- Element: OT Portfolio Gallery 2 --> \n\t<div class=\"projects-grid-wrapper\">\n\t\t<div class=\"container\">\n\t        <!-- portfolio filter begin -->\n\t        <div class=\"row\">\n\t            <div class=\"col-md-12 text-center\">\n\t                <ul class=\"project_filters wow fadeInUp\" data-wow-delay=\"0s\">\n\t                \t<li><a href=\"#\" data-filter=\"*\" class=\"selected\">All Designs<\/a><\/li>                   \n\t                    \t\t\t\t\t\t\t\t\t\t\t\t\t\t\t<li><a href=\"#\" data-filter=\".category-21\">Elektriksel \u00d6l\u00e7\u00fcmler<\/a><\/li>\n\t\t\t\t            \t\t\t\t\t\t\t\t<li><a href=\"#\" data-filter=\".category-23\">\u0130\u00e7me Suyu Analizleri<\/a><\/li>\n\t\t\t\t            \t\t\t\t\t\t\t\t<li><a href=\"#\" data-filter=\".category-20\">Mekanik \u00d6l\u00e7\u00fcmler<\/a><\/li>\n\t\t\t\t            \t\t\t\t\t\t\t\t<li><a href=\"#\" data-filter=\".category-22\">Ortam \u00d6l\u00e7\u00fcmleri<\/a><\/li>\n\t\t\t\t            \t\t\t\t    \t                   \n\t                <\/ul>\n\t            <\/div>\n\t        <\/div>\n\t        <!-- portfolio filter close -->\n\t    <\/div>\n\n\t    <div class=\"row projects-grid gallery-popup-link overlay_s1 wow fadeInUp\" data-wow-delay=\".3s\">\t\n\t    \t<div class=\"project-item-sizer col-md-4\"><\/div>\n\t                     \n\t        <!-- gallery item -->\n\t        <div class=\"project-item col-md-4 category-22 \">\n\t        \t<div class=\"projects-box\">\n\t\t\t\t\t<div class=\"projects-thumbnail\">\n\t\t\t\t\t\t<img loading=\"lazy\" decoding=\"async\" width=\"480\" height=\"320\" src=\"https:\/\/pintest.com.tr\/wp-content\/uploads\/2023\/12\/i.webp\" class=\"attachment-thumb-portfolio size-thumb-portfolio wp-post-image\" alt=\"\" srcset=\"https:\/\/pintest.com.tr\/wp-content\/uploads\/2023\/12\/i.webp 480w, https:\/\/pintest.com.tr\/wp-content\/uploads\/2023\/12\/i-300x200.webp 300w\" sizes=\"auto, (max-width: 480px) 100vw, 480px\" title=\"i\" \/>\t\t\t\t\t<\/div>\t\t\t\t\t\t\t\n\t\t\t\t\t<a  title=\"Kompres\u00f6r \u00d6l\u00e7\u00fcm\u00fc\" href=\"https:\/\/pintest.com.tr\/wp-content\/uploads\/2023\/12\/i.webp\">\n\t\t\t\t\t\t<span class=\"project-overlay\">\n\t\t\t\t\t\t\t<span class=\"project-name id-color\">Kompres\u00f6r \u00d6l\u00e7\u00fcm\u00fc<\/span>\t\n\t\t\t\t\t\t<\/span>\n\t\t\t\t\t<\/a>\t\n\t\t\t\t<\/div>\n\t        <\/div>\n\t        <!-- close gallery item -->\n\t                    \n\t        <!-- gallery item -->\n\t        <div class=\"project-item col-md-4 category-23 \">\n\t        \t<div class=\"projects-box\">\n\t\t\t\t\t<div class=\"projects-thumbnail\">\n\t\t\t\t\t\t<img loading=\"lazy\" decoding=\"async\" width=\"480\" height=\"320\" src=\"https:\/\/pintest.com.tr\/wp-content\/uploads\/2023\/12\/kopmresor-3.jpg\" class=\"attachment-thumb-portfolio size-thumb-portfolio wp-post-image\" alt=\"\" srcset=\"https:\/\/pintest.com.tr\/wp-content\/uploads\/2023\/12\/kopmresor-3.jpg 480w, https:\/\/pintest.com.tr\/wp-content\/uploads\/2023\/12\/kopmresor-3-300x200.jpg 300w\" sizes=\"auto, (max-width: 480px) 100vw, 480px\" title=\"kopmres\u00f6r-3\" \/>\t\t\t\t\t<\/div>\t\t\t\t\t\t\t\n\t\t\t\t\t<a  title=\"Kompres\u00f6r \u00d6l\u00e7\u00fcm\u00fc\" href=\"https:\/\/pintest.com.tr\/wp-content\/uploads\/2023\/12\/kopmresor-3.jpg\">\n\t\t\t\t\t\t<span class=\"project-overlay\">\n\t\t\t\t\t\t\t<span class=\"project-name id-color\">Kompres\u00f6r \u00d6l\u00e7\u00fcm\u00fc<\/span>\t\n\t\t\t\t\t\t<\/span>\n\t\t\t\t\t<\/a>\t\n\t\t\t\t<\/div>\n\t        <\/div>\n\t        <!-- close gallery item -->\n\t                    \n\t        <!-- gallery item -->\n\t        <div class=\"project-item col-md-4 category-21 category-23 category-20 category-22 \">\n\t        \t<div class=\"projects-box\">\n\t\t\t\t\t<div class=\"projects-thumbnail\">\n\t\t\t\t\t\t<img loading=\"lazy\" decoding=\"async\" width=\"480\" height=\"320\" src=\"https:\/\/pintest.com.tr\/wp-content\/uploads\/2015\/07\/kopmresor-2-1.webp\" class=\"attachment-thumb-portfolio size-thumb-portfolio wp-post-image\" alt=\"\" srcset=\"https:\/\/pintest.com.tr\/wp-content\/uploads\/2015\/07\/kopmresor-2-1.webp 480w, https:\/\/pintest.com.tr\/wp-content\/uploads\/2015\/07\/kopmresor-2-1-300x200.webp 300w\" sizes=\"auto, (max-width: 480px) 100vw, 480px\" title=\"kopmres\u00f6r-2\" \/>\t\t\t\t\t<\/div>\t\t\t\t\t\t\t\n\t\t\t\t\t<a  title=\"Kompres\u00f6r \u00d6l\u00e7\u00fcm\u00fc\" href=\"https:\/\/pintest.com.tr\/wp-content\/uploads\/2015\/07\/kopmresor-2-1.webp\">\n\t\t\t\t\t\t<span class=\"project-overlay\">\n\t\t\t\t\t\t\t<span class=\"project-name id-color\">Kompres\u00f6r \u00d6l\u00e7\u00fcm\u00fc<\/span>\t\n\t\t\t\t\t\t<\/span>\n\t\t\t\t\t<\/a>\t\n\t\t\t\t<\/div>\n\t        <\/div>\n\t        <!-- close gallery item -->\n\t       \t    <\/div>\n\t<\/div>\n  \n[\/vc_column][\/vc_row][vc_row fullwidth=&#8221;yes&#8221; el_class=&#8221;call-to-action bg-color text-center&#8221; css=&#8221;.vc_custom_1442204572844{padding-top: 60px !important;padding-bottom: 60px !important;}&#8221;][vc_column]\t\t\t\n\t<!-- Element: OT Button --> \n\t\t\t<a href=\"http:\/\/demo.archiwp.com\/side-navigation-light\/contact\/\" target=\"_self\" class=\"btn btn-line-black btn-big  \">Get Quotation<\/a>\n\t    \n[\/vc_column][\/vc_row]<\/p>\n<\/div>","protected":false},"excerpt":{"rendered":"<p>[vc_row][vc_column][\/vc_column][\/vc_row][vc_row fullwidth=&#8221;yes&#8221; el_class=&#8221;call-to-action bg-color text-center&#8221; css=&#8221;.vc_custom_1442204572844{padding-top: 60px !important;padding-bottom: 60px !important;}&#8221;][vc_column][\/vc_column][\/vc_row]<\/p>\n","protected":false},"author":1,"featured_media":0,"parent":0,"menu_order":0,"comment_status":"open","ping_status":"open","template":"page-templates\/template-fullwidth.php","meta":{"om_disable_all_campaigns":false,"_monsterinsights_skip_tracking":false,"_monsterinsights_sitenote_active":false,"_monsterinsights_sitenote_note":"","_monsterinsights_sitenote_category":0,"footnotes":""},"class_list":["post-855","page","type-page","status-publish","hentry"],"aioseo_notices":[],"aioseo_head":"\n\t\t<!-- All in One SEO Pro 4.9.5.2 - aioseo.com -->\n\t<meta name=\"description\" content=\"Kompres\u00f6r \u00d6l\u00e7\u00fcm\u00fc KategoriMekanik Periyodik Kontrol Kompres\u00f6r \u00f6l\u00e7\u00fcm\u00fc Hizmet Detaylar\u0131 Kompres\u00f6r \u00f6l\u00e7\u00fcm\u00fc\" \/>\n\t<meta name=\"robots\" content=\"max-image-preview:large\" \/>\n\t<meta name=\"google-site-verification\" content=\"Q4QTclIfGhhdyEzlAb1wftEv3qRfz1KW5mq8eV4NCpQ\" \/>\n\t<link rel=\"canonical\" href=\"https:\/\/pintest.com.tr\/index.php\/portfolio\/eco-green-interior\/\" \/>\n\t<meta name=\"generator\" content=\"All in One SEO Pro (AIOSEO) 4.9.5.2\" \/>\n\t\t<meta property=\"og:locale\" content=\"tr_TR\" \/>\n\t\t<meta property=\"og:site_name\" content=\"Pintest M\u00fchendislik - Uygunluk De\u011ferlendirme Kurulu\u015fu\" \/>\n\t\t<meta property=\"og:type\" content=\"article\" \/>\n\t\t<meta property=\"og:title\" content=\"Kompres\u00f6r \u00d6l\u00e7\u00fcm\u00fc - Pintest M\u00fchendislik\" \/>\n\t\t<meta property=\"og:description\" content=\"Kompres\u00f6r \u00d6l\u00e7\u00fcm\u00fc KategoriMekanik Periyodik Kontrol Kompres\u00f6r \u00f6l\u00e7\u00fcm\u00fc Hizmet Detaylar\u0131 Kompres\u00f6r \u00f6l\u00e7\u00fcm\u00fc\" \/>\n\t\t<meta property=\"og:url\" content=\"https:\/\/pintest.com.tr\/index.php\/portfolio\/eco-green-interior\/\" \/>\n\t\t<meta property=\"og:image\" content=\"https:\/\/pintest.com.tr\/wp-content\/uploads\/2023\/12\/cropped-Pintest-Favicon.webp\" \/>\n\t\t<meta property=\"og:image:secure_url\" content=\"https:\/\/pintest.com.tr\/wp-content\/uploads\/2023\/12\/cropped-Pintest-Favicon.webp\" \/>\n\t\t<meta property=\"og:image:width\" content=\"512\" \/>\n\t\t<meta property=\"og:image:height\" content=\"512\" \/>\n\t\t<meta property=\"article:published_time\" content=\"2015-07-12T06:32:44+00:00\" \/>\n\t\t<meta property=\"article:modified_time\" content=\"2025-10-15T07:19:31+00:00\" \/>\n\t\t<meta property=\"article:publisher\" content=\"https:\/\/www.facebook.com\/profile.php?id=61572533822690\" \/>\n\t\t<meta name=\"twitter:card\" content=\"summary_large_image\" \/>\n\t\t<meta name=\"twitter:title\" content=\"Kompres\u00f6r \u00d6l\u00e7\u00fcm\u00fc - Pintest M\u00fchendislik\" \/>\n\t\t<meta name=\"twitter:description\" content=\"Kompres\u00f6r \u00d6l\u00e7\u00fcm\u00fc KategoriMekanik Periyodik Kontrol Kompres\u00f6r \u00f6l\u00e7\u00fcm\u00fc Hizmet Detaylar\u0131 Kompres\u00f6r \u00f6l\u00e7\u00fcm\u00fc\" \/>\n\t\t<meta name=\"twitter:image\" content=\"https:\/\/pintest.com.tr\/wp-content\/uploads\/2023\/12\/cropped-Pintest-Favicon.webp\" \/>\n\t\t<script type=\"application\/ld+json\" class=\"aioseo-schema\">\n\t\t\t{\"@context\":\"https:\\\/\\\/schema.org\",\"@graph\":[{\"@type\":\"BreadcrumbList\",\"@id\":\"https:\\\/\\\/pintest.com.tr\\\/index.php\\\/portfolio\\\/eco-green-interior\\\/#breadcrumblist\",\"itemListElement\":[{\"@type\":\"ListItem\",\"@id\":\"https:\\\/\\\/pintest.com.tr#listItem\",\"position\":2,\"name\":\"Ana sayfa\",\"item\":\"https:\\\/\\\/pintest.com.tr\",\"nextItem\":{\"@type\":\"ListItem\",\"@id\":\"https:\\\/\\\/pintest.com.tr\\\/index.php\\\/gallery-3-cols\\\/#listItem\",\"name\":\"Gallery 3 cols\"},\"previousItem\":{\"@type\":\"ListItem\",\"@id\":\"#listItem\",\"name\":\"Pintest\"}},{\"@type\":\"ListItem\",\"@id\":\"https:\\\/\\\/pintest.com.tr\\\/index.php\\\/gallery-3-cols\\\/#listItem\",\"position\":3,\"name\":\"Gallery 3 cols\",\"previousItem\":{\"@type\":\"ListItem\",\"@id\":\"https:\\\/\\\/pintest.com.tr#listItem\",\"name\":\"Ana sayfa\"}}]},{\"@type\":\"Organization\",\"@id\":\"https:\\\/\\\/pintest.com.tr\\\/#organization\",\"name\":\"Pintest M\\u00fchendislik P\\u0130NTEST M\\u00dcHEND\\u0130SL\\u0130K\",\"description\":\"Uygunluk De\\u011ferlendirme Kurulu\\u015fu Firmam\\u0131z, i\\u015f d\\u00fcnyas\\u0131na att\\u0131\\u011f\\u0131 ilk ad\\u0131mlarla i\\u015f sa\\u011fl\\u0131\\u011f\\u0131 ve g\\u00fcvenli\\u011fi alan\\u0131nda uzman kadrosuyla \\u00f6nemli bir yer edinmi\\u015ftir. \\u015eirketimiz faaliyette bulundu\\u011fu periyodik kontrol\\\/muayene, Akustik rapor, i\\u015f hijyeni ve \\u00e7evresel g\\u00fcr\\u00fclt\\u00fc \\u00f6l\\u00e7\\u00fcmleri sekt\\u00f6rde rol \\u00fcstlenmektedir. Pintest M\\u00fchendislik olarak, faaliyet g\\u00f6sterdi\\u011fimiz alanda deneyimli kadrolar\\u0131m\\u0131zla beraber kurdu\\u011fumuz g\\u00fcvenilir ili\\u015fkilerimiz \\u00e7er\\u00e7evesinde faaliyetlerimizi verimli bir \\u015fekilde y\\u00fcr\\u00fct\\u00fcyoruz. Tercih edilir olmam\\u0131zdaki en \\u00f6nemli etken donan\\u0131ml\\u0131 ve yetkin insan kayna\\u011f\\u0131m\\u0131zd\\u0131r. \\u0130nsan ya\\u015fam\\u0131n\\u0131n de\\u011ferini benimseyen ve bu do\\u011frultuda sekt\\u00f6rlerde gerekli kontrol ve analizleri ger\\u00e7ekle\\u015ftirerek sa\\u011fl\\u0131kl\\u0131 ve g\\u00fcvenilir \\u00e7al\\u0131\\u015fma ortam\\u0131 olu\\u015fturmay\\u0131 ama\\u00e7l\\u0131yoruz.\",\"url\":\"https:\\\/\\\/pintest.com.tr\\\/\",\"telephone\":\"+905057458845\",\"logo\":{\"@type\":\"ImageObject\",\"url\":\"https:\\\/\\\/pintest.com.tr\\\/wp-content\\\/uploads\\\/2023\\\/12\\\/Pintest-Logo-Ana.png\",\"@id\":\"https:\\\/\\\/pintest.com.tr\\\/index.php\\\/portfolio\\\/eco-green-interior\\\/#organizationLogo\",\"width\":150,\"height\":113},\"image\":{\"@id\":\"https:\\\/\\\/pintest.com.tr\\\/index.php\\\/portfolio\\\/eco-green-interior\\\/#organizationLogo\"},\"sameAs\":[\"https:\\\/\\\/www.facebook.com\\\/profile.php?id=61572533822690\",\"https:\\\/\\\/www.instagram.com\\\/pintest.uygunluk.degerlendirme\\\/\",\"https:\\\/\\\/www.linkedin.com\\\/company\\\/101180367\\\/admin\\\/dashboard\\\/\"]},{\"@type\":\"WebPage\",\"@id\":\"https:\\\/\\\/pintest.com.tr\\\/index.php\\\/portfolio\\\/eco-green-interior\\\/#webpage\",\"url\":\"https:\\\/\\\/pintest.com.tr\\\/index.php\\\/portfolio\\\/eco-green-interior\\\/\",\"name\":\"Kompres\\u00f6r \\u00d6l\\u00e7\\u00fcm\\u00fc - Pintest M\\u00fchendislik\",\"description\":\"Kompres\\u00f6r \\u00d6l\\u00e7\\u00fcm\\u00fc KategoriMekanik Periyodik Kontrol Kompres\\u00f6r \\u00f6l\\u00e7\\u00fcm\\u00fc Hizmet Detaylar\\u0131 Kompres\\u00f6r \\u00f6l\\u00e7\\u00fcm\\u00fc\",\"inLanguage\":\"tr-TR\",\"isPartOf\":{\"@id\":\"https:\\\/\\\/pintest.com.tr\\\/#website\"},\"breadcrumb\":{\"@id\":\"https:\\\/\\\/pintest.com.tr\\\/index.php\\\/portfolio\\\/eco-green-interior\\\/#breadcrumblist\"},\"image\":{\"@type\":\"ImageObject\",\"url\":\"https:\\\/\\\/pintest.com.tr\\\/wp-content\\\/uploads\\\/2015\\\/07\\\/kopmresor-2-1.webp\",\"@id\":\"https:\\\/\\\/pintest.com.tr\\\/index.php\\\/portfolio\\\/eco-green-interior\\\/#mainImage\",\"width\":480,\"height\":320},\"primaryImageOfPage\":{\"@id\":\"https:\\\/\\\/pintest.com.tr\\\/index.php\\\/portfolio\\\/eco-green-interior\\\/#mainImage\"},\"datePublished\":\"2015-07-12T06:32:44+03:00\",\"dateModified\":\"2025-10-15T10:19:31+03:00\"},{\"@type\":\"WebSite\",\"@id\":\"https:\\\/\\\/pintest.com.tr\\\/#website\",\"url\":\"https:\\\/\\\/pintest.com.tr\\\/\",\"name\":\"Pintest M\\u00fchendislik\",\"description\":\"Uygunluk De\\u011ferlendirme Kurulu\\u015fu\",\"inLanguage\":\"tr-TR\",\"publisher\":{\"@id\":\"https:\\\/\\\/pintest.com.tr\\\/#organization\"}}]}\n\t\t<\/script>\n\t\t<!-- All in One SEO Pro -->\r\n\t\t<title>Kompres\u00f6r \u00d6l\u00e7\u00fcm\u00fc - Pintest M\u00fchendislik<\/title>\n\n","aioseo_head_json":{"title":"Kompres\u00f6r \u00d6l\u00e7\u00fcm\u00fc - Pintest M\u00fchendislik","description":"Kompres\u00f6r \u00d6l\u00e7\u00fcm\u00fc KategoriMekanik Periyodik Kontrol Kompres\u00f6r \u00f6l\u00e7\u00fcm\u00fc Hizmet Detaylar\u0131 Kompres\u00f6r \u00f6l\u00e7\u00fcm\u00fc","canonical_url":"https:\/\/pintest.com.tr\/index.php\/portfolio\/eco-green-interior\/","robots":"max-image-preview:large","keywords":"","webmasterTools":{"google-site-verification":"Q4QTclIfGhhdyEzlAb1wftEv3qRfz1KW5mq8eV4NCpQ","miscellaneous":""},"schema":{"@context":"https:\/\/schema.org","@graph":[{"@type":"BreadcrumbList","@id":"https:\/\/pintest.com.tr\/index.php\/portfolio\/eco-green-interior\/#breadcrumblist","itemListElement":[{"@type":"ListItem","@id":"https:\/\/pintest.com.tr#listItem","position":2,"name":"Ana sayfa","item":"https:\/\/pintest.com.tr","nextItem":{"@type":"ListItem","@id":"https:\/\/pintest.com.tr\/index.php\/gallery-3-cols\/#listItem","name":"Gallery 3 cols"},"previousItem":{"@type":"ListItem","@id":"#listItem","name":"Pintest"}},{"@type":"ListItem","@id":"https:\/\/pintest.com.tr\/index.php\/gallery-3-cols\/#listItem","position":3,"name":"Gallery 3 cols","previousItem":{"@type":"ListItem","@id":"https:\/\/pintest.com.tr#listItem","name":"Ana sayfa"}}]},{"@type":"Organization","@id":"https:\/\/pintest.com.tr\/#organization","name":"Pintest M\u00fchendislik P\u0130NTEST M\u00dcHEND\u0130SL\u0130K","description":"Uygunluk De\u011ferlendirme Kurulu\u015fu Firmam\u0131z, i\u015f d\u00fcnyas\u0131na att\u0131\u011f\u0131 ilk ad\u0131mlarla i\u015f sa\u011fl\u0131\u011f\u0131 ve g\u00fcvenli\u011fi alan\u0131nda uzman kadrosuyla \u00f6nemli bir yer edinmi\u015ftir. \u015eirketimiz faaliyette bulundu\u011fu periyodik kontrol\/muayene, Akustik rapor, i\u015f hijyeni ve \u00e7evresel g\u00fcr\u00fclt\u00fc \u00f6l\u00e7\u00fcmleri sekt\u00f6rde rol \u00fcstlenmektedir. Pintest M\u00fchendislik olarak, faaliyet g\u00f6sterdi\u011fimiz alanda deneyimli kadrolar\u0131m\u0131zla beraber kurdu\u011fumuz g\u00fcvenilir ili\u015fkilerimiz \u00e7er\u00e7evesinde faaliyetlerimizi verimli bir \u015fekilde y\u00fcr\u00fct\u00fcyoruz. Tercih edilir olmam\u0131zdaki en \u00f6nemli etken donan\u0131ml\u0131 ve yetkin insan kayna\u011f\u0131m\u0131zd\u0131r. \u0130nsan ya\u015fam\u0131n\u0131n de\u011ferini benimseyen ve bu do\u011frultuda sekt\u00f6rlerde gerekli kontrol ve analizleri ger\u00e7ekle\u015ftirerek sa\u011fl\u0131kl\u0131 ve g\u00fcvenilir \u00e7al\u0131\u015fma ortam\u0131 olu\u015fturmay\u0131 ama\u00e7l\u0131yoruz.","url":"https:\/\/pintest.com.tr\/","telephone":"+905057458845","logo":{"@type":"ImageObject","url":"https:\/\/pintest.com.tr\/wp-content\/uploads\/2023\/12\/Pintest-Logo-Ana.png","@id":"https:\/\/pintest.com.tr\/index.php\/portfolio\/eco-green-interior\/#organizationLogo","width":150,"height":113},"image":{"@id":"https:\/\/pintest.com.tr\/index.php\/portfolio\/eco-green-interior\/#organizationLogo"},"sameAs":["https:\/\/www.facebook.com\/profile.php?id=61572533822690","https:\/\/www.instagram.com\/pintest.uygunluk.degerlendirme\/","https:\/\/www.linkedin.com\/company\/101180367\/admin\/dashboard\/"]},{"@type":"WebPage","@id":"https:\/\/pintest.com.tr\/index.php\/portfolio\/eco-green-interior\/#webpage","url":"https:\/\/pintest.com.tr\/index.php\/portfolio\/eco-green-interior\/","name":"Kompres\u00f6r \u00d6l\u00e7\u00fcm\u00fc - Pintest M\u00fchendislik","description":"Kompres\u00f6r \u00d6l\u00e7\u00fcm\u00fc KategoriMekanik Periyodik Kontrol Kompres\u00f6r \u00f6l\u00e7\u00fcm\u00fc Hizmet Detaylar\u0131 Kompres\u00f6r \u00f6l\u00e7\u00fcm\u00fc","inLanguage":"tr-TR","isPartOf":{"@id":"https:\/\/pintest.com.tr\/#website"},"breadcrumb":{"@id":"https:\/\/pintest.com.tr\/index.php\/portfolio\/eco-green-interior\/#breadcrumblist"},"image":{"@type":"ImageObject","url":"https:\/\/pintest.com.tr\/wp-content\/uploads\/2015\/07\/kopmresor-2-1.webp","@id":"https:\/\/pintest.com.tr\/index.php\/portfolio\/eco-green-interior\/#mainImage","width":480,"height":320},"primaryImageOfPage":{"@id":"https:\/\/pintest.com.tr\/index.php\/portfolio\/eco-green-interior\/#mainImage"},"datePublished":"2015-07-12T06:32:44+03:00","dateModified":"2025-10-15T10:19:31+03:00"},{"@type":"WebSite","@id":"https:\/\/pintest.com.tr\/#website","url":"https:\/\/pintest.com.tr\/","name":"Pintest M\u00fchendislik","description":"Uygunluk De\u011ferlendirme Kurulu\u015fu","inLanguage":"tr-TR","publisher":{"@id":"https:\/\/pintest.com.tr\/#organization"}}]},"og:locale":"tr_TR","og:site_name":"Pintest M\u00fchendislik - Uygunluk De\u011ferlendirme Kurulu\u015fu","og:type":"article","og:title":"Kompres\u00f6r \u00d6l\u00e7\u00fcm\u00fc - Pintest M\u00fchendislik","og:description":"Kompres\u00f6r \u00d6l\u00e7\u00fcm\u00fc KategoriMekanik Periyodik Kontrol Kompres\u00f6r \u00f6l\u00e7\u00fcm\u00fc Hizmet Detaylar\u0131 Kompres\u00f6r \u00f6l\u00e7\u00fcm\u00fc","og:url":"https:\/\/pintest.com.tr\/index.php\/portfolio\/eco-green-interior\/","og:image":"https:\/\/pintest.com.tr\/wp-content\/uploads\/2023\/12\/cropped-Pintest-Favicon.webp","og:image:secure_url":"https:\/\/pintest.com.tr\/wp-content\/uploads\/2023\/12\/cropped-Pintest-Favicon.webp","og:image:width":512,"og:image:height":512,"article:published_time":"2015-07-12T06:32:44+00:00","article:modified_time":"2025-10-15T07:19:31+00:00","article:publisher":"https:\/\/www.facebook.com\/profile.php?id=61572533822690","twitter:card":"summary_large_image","twitter:title":"Kompres\u00f6r \u00d6l\u00e7\u00fcm\u00fc - Pintest M\u00fchendislik","twitter:description":"Kompres\u00f6r \u00d6l\u00e7\u00fcm\u00fc KategoriMekanik Periyodik Kontrol Kompres\u00f6r \u00f6l\u00e7\u00fcm\u00fc Hizmet Detaylar\u0131 Kompres\u00f6r \u00f6l\u00e7\u00fcm\u00fc","twitter:image":"https:\/\/pintest.com.tr\/wp-content\/uploads\/2023\/12\/cropped-Pintest-Favicon.webp"},"aioseo_meta_data":{"post_id":"855","title":null,"description":null,"keywords":null,"keyphrases":null,"primary_term":null,"canonical_url":null,"og_title":null,"og_description":null,"og_object_type":"default","og_image_type":"default","og_image_url":null,"og_image_width":null,"og_image_height":null,"og_image_custom_url":null,"og_image_custom_fields":null,"og_video":null,"og_custom_url":null,"og_article_section":null,"og_article_tags":null,"twitter_use_og":false,"twitter_card":"default","twitter_image_type":"default","twitter_image_url":null,"twitter_image_custom_url":null,"twitter_image_custom_fields":null,"twitter_title":null,"twitter_description":null,"schema":{"blockGraphs":[],"customGraphs":[],"default":{"data":{"Article":[],"Course":[],"Dataset":[],"FAQPage":[],"Movie":[],"Person":[],"Product":[],"ProductReview":[],"Car":[],"Recipe":[],"Service":[],"SoftwareApplication":[],"WebPage":[]},"graphName":"","isEnabled":true},"graphs":[]},"schema_type":"default","schema_type_options":null,"pillar_content":false,"robots_default":true,"robots_noindex":false,"robots_noarchive":false,"robots_nosnippet":false,"robots_nofollow":false,"robots_noimageindex":false,"robots_noodp":false,"robots_notranslate":false,"robots_max_snippet":null,"robots_max_videopreview":null,"robots_max_imagepreview":"large","priority":null,"frequency":null,"local_seo":null,"seo_analyzer_scan_date":"2026-02-27 07:59:28","breadcrumb_settings":null,"limit_modified_date":false,"reviewed_by":null,"open_ai":null,"ai":null,"created":"2025-04-15 07:09:32","updated":"2026-02-27 09:14:15"},"aioseo_breadcrumb":"<div class=\"aioseo-breadcrumbs\"><span class=\"aioseo-breadcrumb\">\n\tPintest\n<\/span><span class=\"aioseo-breadcrumb-separator\">\u2192<\/span><span class=\"aioseo-breadcrumb\">\n\t<a href=\"https:\/\/pintest.com.tr\" title=\"Ana sayfa\">Ana sayfa<\/a>\n<\/span><span class=\"aioseo-breadcrumb-separator\">\u2192<\/span><span class=\"aioseo-breadcrumb\">\n\tGallery 3 cols\n<\/span><\/div>","aioseo_breadcrumb_json":[{"label":"Pintest","link":""},{"label":"Ana sayfa","link":"https:\/\/pintest.com.tr"},{"label":"Gallery 3 cols","link":"https:\/\/pintest.com.tr\/index.php\/gallery-3-cols\/"}],"_links":{"self":[{"href":"https:\/\/pintest.com.tr\/index.php\/wp-json\/wp\/v2\/pages\/855","targetHints":{"allow":["GET"]}}],"collection":[{"href":"https:\/\/pintest.com.tr\/index.php\/wp-json\/wp\/v2\/pages"}],"about":[{"href":"https:\/\/pintest.com.tr\/index.php\/wp-json\/wp\/v2\/types\/page"}],"author":[{"embeddable":true,"href":"https:\/\/pintest.com.tr\/index.php\/wp-json\/wp\/v2\/users\/1"}],"replies":[{"embeddable":true,"href":"https:\/\/pintest.com.tr\/index.php\/wp-json\/wp\/v2\/comments?post=855"}],"version-history":[{"count":0,"href":"https:\/\/pintest.com.tr\/index.php\/wp-json\/wp\/v2\/pages\/855\/revisions"}],"wp:attachment":[{"href":"https:\/\/pintest.com.tr\/index.php\/wp-json\/wp\/v2\/media?parent=855"}],"curies":[{"name":"wp","href":"https:\/\/api.w.org\/{rel}","templated":true}]}}